{"id":35472,"date":"2020-12-16T09:37:12","date_gmt":"2020-12-16T09:37:12","guid":{"rendered":"https:\/\/shop.camac-harps.com\/?post_type=product&#038;p=35472"},"modified":"2024-11-07T15:02:23","modified_gmt":"2024-11-07T15:02:23","slug":"jeu-denrobages-de-pedales-pour-harpe-de-concert","status":"publish","type":"product","link":"https:\/\/shop.camac-harps.com\/fr\/produit\/jeu-denrobages-de-pedales-pour-harpe-de-concert\/","title":{"rendered":"Jeu d\u2019enrobages de p\u00e9dales pour harpe de concert"},"content":{"rendered":"<p style=\"text-align: justify;\">Le jeu comprend 7 enrobages pour p\u00e9dales, pr\u00eats \u00e0 \u00eatre install\u00e9s. Ils sont pr\u00e9-coll\u00e9s pour un p\u00e9dalier parfaitement silencieux.<\/p>\n<p>Installation : \u00e0 l\u2019aide d\u2019un gros tournevis plat, d\u00e9visser et enlever les embouts de p\u00e9dales en m\u00e9tal dor\u00e9, puis retirer les anciens enrobages. Installer les nouveaux enrobages en les faisant glisser sur les p\u00e9dales, puis remettre en place les embouts de p\u00e9dales en m\u00e9tal.<br \/>\nPositionnement : lorsque vous glissez l\u2019enrobage sur la p\u00e9dale, assurez-vous que le joint d\u2019assemblage est positionn\u00e9 vers l\u2019ext\u00e9rieur de l\u2019encoche.<\/p>\n<p style=\"text-align: justify;\">P\u00e9dales R\u00e9 Do Si : le joint est \u00e0 placer en position horaire \u00ab 10 h \u00bb.<br \/>\nP\u00e9dales Mi Fa Sol La : le joint est \u00e0 placer en position horaire \u00ab 2 h \u00bb.Les deux enrobages les plus longs correspondent aux p\u00e9dales ext\u00e9rieures R\u00e9 et La.<\/p>\n<p style=\"text-align: justify;\">Attention : l\u2019utilisation de ces enrobages de p\u00e9dales n\u2019est compatible qu\u2019avec les harpes Camac.<\/p>\n","protected":false},"excerpt":{"rendered":"<p>Le jeu comprend 7 enrobages pour p\u00e9dales, pr\u00eats \u00e0 \u00eatre install\u00e9s. Ils sont pr\u00e9-coll\u00e9s pour un p\u00e9dalier parfaitement silencieux. Installation : \u00e0 l\u2019aide d\u2019un gros tournevis plat, d\u00e9visser et enlever les embouts de p\u00e9dales en m\u00e9tal dor\u00e9, puis retirer les anciens enrobages. Installer les nouveaux enrobages en les faisant glisser sur les p\u00e9dales, puis remettre [&hellip;]<\/p>\n","protected":false},"featured_media":35480,"comment_status":"open","ping_status":"closed","template":"","meta":{"_acf_changed":false},"product_brand":[],"product_cat":[39,441],"product_tag":[],"class_list":{"0":"post-35472","1":"product","2":"type-product","3":"status-publish","4":"has-post-thumbnail","6":"product_cat-accessoires-housses","7":"product_cat-pieces-detachees-et-outillage","9":"first","10":"instock","11":"taxable","12":"shipping-taxable","13":"purchasable","14":"product-type-variable"},"acf":[],"yoast_head":"<title>Enrobages de p\u00e9dales pour harpe Camac - Boutique en ligne Camac<\/title>\n<meta name=\"description\" content=\"Jeu de 7 enrobages pour p\u00e9dales, pr\u00eats \u00e0 \u00eatre install\u00e9s | Options : cuir rouge, cuir vert.\" \/>\n<meta name=\"robots\" content=\"index, follow, max-snippet:-1, max-image-preview:large, max-video-preview:-1\" \/>\n<link rel=\"canonical\" href=\"https:\/\/shop.camac-harps.com\/fr\/produit\/jeu-denrobages-de-pedales-pour-harpe-de-concert\/\" \/>\n<meta property=\"og:locale\" content=\"fr_FR\" \/>\n<meta property=\"og:type\" content=\"article\" \/>\n<meta property=\"og:title\" content=\"Enrobages de p\u00e9dales pour harpe Camac - Boutique en ligne Camac\" \/>\n<meta property=\"og:description\" content=\"Jeu de 7 enrobages pour p\u00e9dales, pr\u00eats \u00e0 \u00eatre install\u00e9s | Options : cuir rouge, cuir vert.\" \/>\n<meta property=\"og:url\" content=\"https:\/\/shop.camac-harps.com\/fr\/produit\/jeu-denrobages-de-pedales-pour-harpe-de-concert\/\" \/>\n<meta property=\"og:site_name\" content=\"Camac Harps Shop\" \/>\n<meta property=\"article:modified_time\" content=\"2024-11-07T15:02:23+00:00\" \/>\n<meta property=\"og:image\" content=\"https:\/\/shop.camac-harps.com\/wp-content\/uploads\/sites\/25\/2020\/12\/feutrerouge.jpeg\" \/>\n\t<meta property=\"og:image:width\" content=\"1200\" \/>\n\t<meta property=\"og:image:height\" content=\"937\" \/>\n\t<meta property=\"og:image:type\" content=\"image\/jpeg\" \/>\n<meta name=\"twitter:card\" content=\"summary_large_image\" \/>\n<meta name=\"twitter:label1\" content=\"Dur\u00e9e de lecture estim\u00e9e\" \/>\n\t<meta name=\"twitter:data1\" content=\"1 minute\" \/>\n<script type=\"application\/ld+json\" class=\"yoast-schema-graph\">{\"@context\":\"https:\/\/schema.org\",\"@graph\":[{\"@type\":\"WebPage\",\"@id\":\"https:\/\/shop.camac-harps.com\/fr\/produit\/jeu-denrobages-de-pedales-pour-harpe-de-concert\/\",\"url\":\"https:\/\/shop.camac-harps.com\/fr\/produit\/jeu-denrobages-de-pedales-pour-harpe-de-concert\/\",\"name\":\"Enrobages de p\u00e9dales pour harpe Camac - Boutique en ligne Camac\",\"isPartOf\":{\"@id\":\"https:\/\/shop.camac-harps.com\/fr\/#website\"},\"primaryImageOfPage\":{\"@id\":\"https:\/\/shop.camac-harps.com\/fr\/produit\/jeu-denrobages-de-pedales-pour-harpe-de-concert\/#primaryimage\"},\"image\":{\"@id\":\"https:\/\/shop.camac-harps.com\/fr\/produit\/jeu-denrobages-de-pedales-pour-harpe-de-concert\/#primaryimage\"},\"thumbnailUrl\":\"https:\/\/shop.camac-harps.com\/wp-content\/uploads\/sites\/25\/2020\/12\/feutrerouge.jpeg\",\"datePublished\":\"2020-12-16T09:37:12+00:00\",\"dateModified\":\"2024-11-07T15:02:23+00:00\",\"description\":\"Jeu de 7 enrobages pour p\u00e9dales, pr\u00eats \u00e0 \u00eatre install\u00e9s | Options : cuir rouge, cuir vert.\",\"breadcrumb\":{\"@id\":\"https:\/\/shop.camac-harps.com\/fr\/produit\/jeu-denrobages-de-pedales-pour-harpe-de-concert\/#breadcrumb\"},\"inLanguage\":\"fr-FR\",\"potentialAction\":[{\"@type\":\"ReadAction\",\"target\":[\"https:\/\/shop.camac-harps.com\/fr\/produit\/jeu-denrobages-de-pedales-pour-harpe-de-concert\/\"]}]},{\"@type\":\"ImageObject\",\"inLanguage\":\"fr-FR\",\"@id\":\"https:\/\/shop.camac-harps.com\/fr\/produit\/jeu-denrobages-de-pedales-pour-harpe-de-concert\/#primaryimage\",\"url\":\"https:\/\/shop.camac-harps.com\/wp-content\/uploads\/sites\/25\/2020\/12\/feutrerouge.jpeg\",\"contentUrl\":\"https:\/\/shop.camac-harps.com\/wp-content\/uploads\/sites\/25\/2020\/12\/feutrerouge.jpeg\",\"width\":1200,\"height\":937,\"caption\":\"Feutre rouge\"},{\"@type\":\"BreadcrumbList\",\"@id\":\"https:\/\/shop.camac-harps.com\/fr\/produit\/jeu-denrobages-de-pedales-pour-harpe-de-concert\/#breadcrumb\",\"itemListElement\":[{\"@type\":\"ListItem\",\"position\":1,\"name\":\"Home\",\"item\":\"https:\/\/shop.camac-harps.com\/fr\/homepage\/\"},{\"@type\":\"ListItem\",\"position\":2,\"name\":\"Accueil\",\"item\":\"https:\/\/shop.camac-harps.com\/fr\/homepage\/\"},{\"@type\":\"ListItem\",\"position\":3,\"name\":\"Jeu d\u2019enrobages de p\u00e9dales pour harpe de concert\"}]},{\"@type\":\"WebSite\",\"@id\":\"https:\/\/shop.camac-harps.com\/fr\/#website\",\"url\":\"https:\/\/shop.camac-harps.com\/fr\/\",\"name\":\"Camac Harps Shop\",\"description\":\"\",\"potentialAction\":[{\"@type\":\"SearchAction\",\"target\":{\"@type\":\"EntryPoint\",\"urlTemplate\":\"https:\/\/shop.camac-harps.com\/fr\/?s={search_term_string}\"},\"query-input\":{\"@type\":\"PropertyValueSpecification\",\"valueRequired\":true,\"valueName\":\"search_term_string\"}}],\"inLanguage\":\"fr-FR\"}]}<\/script>","yoast_head_json":{"title":"Enrobages de p\u00e9dales pour harpe Camac - Boutique en ligne Camac","description":"Jeu de 7 enrobages pour p\u00e9dales, pr\u00eats \u00e0 \u00eatre install\u00e9s | Options : cuir rouge, cuir vert.","robots":{"index":"index","follow":"follow","max-snippet":"max-snippet:-1","max-image-preview":"max-image-preview:large","max-video-preview":"max-video-preview:-1"},"canonical":"https:\/\/shop.camac-harps.com\/fr\/produit\/jeu-denrobages-de-pedales-pour-harpe-de-concert\/","og_locale":"fr_FR","og_type":"article","og_title":"Enrobages de p\u00e9dales pour harpe Camac - Boutique en ligne Camac","og_description":"Jeu de 7 enrobages pour p\u00e9dales, pr\u00eats \u00e0 \u00eatre install\u00e9s | Options : cuir rouge, cuir vert.","og_url":"https:\/\/shop.camac-harps.com\/fr\/produit\/jeu-denrobages-de-pedales-pour-harpe-de-concert\/","og_site_name":"Camac Harps Shop","article_modified_time":"2024-11-07T15:02:23+00:00","og_image":[{"width":1200,"height":937,"url":"https:\/\/shop.camac-harps.com\/wp-content\/uploads\/sites\/25\/2020\/12\/feutrerouge.jpeg","type":"image\/jpeg"}],"twitter_card":"summary_large_image","twitter_misc":{"Dur\u00e9e de lecture estim\u00e9e":"1 minute"},"schema":{"@context":"https:\/\/schema.org","@graph":[{"@type":"WebPage","@id":"https:\/\/shop.camac-harps.com\/fr\/produit\/jeu-denrobages-de-pedales-pour-harpe-de-concert\/","url":"https:\/\/shop.camac-harps.com\/fr\/produit\/jeu-denrobages-de-pedales-pour-harpe-de-concert\/","name":"Enrobages de p\u00e9dales pour harpe Camac - Boutique en ligne Camac","isPartOf":{"@id":"https:\/\/shop.camac-harps.com\/fr\/#website"},"primaryImageOfPage":{"@id":"https:\/\/shop.camac-harps.com\/fr\/produit\/jeu-denrobages-de-pedales-pour-harpe-de-concert\/#primaryimage"},"image":{"@id":"https:\/\/shop.camac-harps.com\/fr\/produit\/jeu-denrobages-de-pedales-pour-harpe-de-concert\/#primaryimage"},"thumbnailUrl":"https:\/\/shop.camac-harps.com\/wp-content\/uploads\/sites\/25\/2020\/12\/feutrerouge.jpeg","datePublished":"2020-12-16T09:37:12+00:00","dateModified":"2024-11-07T15:02:23+00:00","description":"Jeu de 7 enrobages pour p\u00e9dales, pr\u00eats \u00e0 \u00eatre install\u00e9s | Options : cuir rouge, cuir vert.","breadcrumb":{"@id":"https:\/\/shop.camac-harps.com\/fr\/produit\/jeu-denrobages-de-pedales-pour-harpe-de-concert\/#breadcrumb"},"inLanguage":"fr-FR","potentialAction":[{"@type":"ReadAction","target":["https:\/\/shop.camac-harps.com\/fr\/produit\/jeu-denrobages-de-pedales-pour-harpe-de-concert\/"]}]},{"@type":"ImageObject","inLanguage":"fr-FR","@id":"https:\/\/shop.camac-harps.com\/fr\/produit\/jeu-denrobages-de-pedales-pour-harpe-de-concert\/#primaryimage","url":"https:\/\/shop.camac-harps.com\/wp-content\/uploads\/sites\/25\/2020\/12\/feutrerouge.jpeg","contentUrl":"https:\/\/shop.camac-harps.com\/wp-content\/uploads\/sites\/25\/2020\/12\/feutrerouge.jpeg","width":1200,"height":937,"caption":"Feutre rouge"},{"@type":"BreadcrumbList","@id":"https:\/\/shop.camac-harps.com\/fr\/produit\/jeu-denrobages-de-pedales-pour-harpe-de-concert\/#breadcrumb","itemListElement":[{"@type":"ListItem","position":1,"name":"Home","item":"https:\/\/shop.camac-harps.com\/fr\/homepage\/"},{"@type":"ListItem","position":2,"name":"Accueil","item":"https:\/\/shop.camac-harps.com\/fr\/homepage\/"},{"@type":"ListItem","position":3,"name":"Jeu d\u2019enrobages de p\u00e9dales pour harpe de concert"}]},{"@type":"WebSite","@id":"https:\/\/shop.camac-harps.com\/fr\/#website","url":"https:\/\/shop.camac-harps.com\/fr\/","name":"Camac Harps Shop","description":"","potentialAction":[{"@type":"SearchAction","target":{"@type":"EntryPoint","urlTemplate":"https:\/\/shop.camac-harps.com\/fr\/?s={search_term_string}"},"query-input":{"@type":"PropertyValueSpecification","valueRequired":true,"valueName":"search_term_string"}}],"inLanguage":"fr-FR"}]}},"_links":{"self":[{"href":"https:\/\/shop.camac-harps.com\/fr\/wp-json\/wp\/v2\/product\/35472","targetHints":{"allow":["GET"]}}],"collection":[{"href":"https:\/\/shop.camac-harps.com\/fr\/wp-json\/wp\/v2\/product"}],"about":[{"href":"https:\/\/shop.camac-harps.com\/fr\/wp-json\/wp\/v2\/types\/product"}],"replies":[{"embeddable":true,"href":"https:\/\/shop.camac-harps.com\/fr\/wp-json\/wp\/v2\/comments?post=35472"}],"wp:featuredmedia":[{"embeddable":true,"href":"https:\/\/shop.camac-harps.com\/fr\/wp-json\/wp\/v2\/media\/35480"}],"wp:attachment":[{"href":"https:\/\/shop.camac-harps.com\/fr\/wp-json\/wp\/v2\/media?parent=35472"}],"wp:term":[{"taxonomy":"product_brand","embeddable":true,"href":"https:\/\/shop.camac-harps.com\/fr\/wp-json\/wp\/v2\/product_brand?post=35472"},{"taxonomy":"product_cat","embeddable":true,"href":"https:\/\/shop.camac-harps.com\/fr\/wp-json\/wp\/v2\/product_cat?post=35472"},{"taxonomy":"product_tag","embeddable":true,"href":"https:\/\/shop.camac-harps.com\/fr\/wp-json\/wp\/v2\/product_tag?post=35472"}],"curies":[{"name":"wp","href":"https:\/\/api.w.org\/{rel}","templated":true}]}}