{"id":35757,"date":"2021-01-08T10:09:21","date_gmt":"2021-01-08T10:09:21","guid":{"rendered":"https:\/\/shop.camac-harps.com\/?post_type=product&#038;p=35757"},"modified":"2024-07-17T15:09:57","modified_gmt":"2024-07-17T15:09:57","slug":"krzyzanowska-justyna-et-leesik-kristina-woodlands","status":"publish","type":"product","link":"https:\/\/shop.camac-harps.com\/fr\/produit\/krzyzanowska-justyna-et-leesik-kristina-woodlands\/","title":{"rendered":"KRZYZANOWSKA Justyna et LEESIK Kristina : Woodlands"},"content":{"rendered":"<p>Cette superbe nouveaut\u00e9 de la sc\u00e8ne musicale traditionnelle, le premier album du duo <a href=\"https:\/\/woodlandsduo.com\/\">Woodlands<\/a>, est un beau m\u00e9lange tout en originalit\u00e9. Des \u00e9l\u00e9ments de jazz et de pop contribuent \u00e0 sa large palette \u00e9motionnelle et musicale, tout comme ce m\u00e9lange d\u2019arrangements traditionnels et de compositions originales. Pour en savoir plus, voir <a href=\"https:\/\/www.camac-harps.com\/blog\/fr\/alaune\/le-premier-album-de-woodlands-de-la-musique-traditionnelle-pour-noel\/\">le blog Camac<\/a>.\u00a0<\/p>\n","protected":false},"excerpt":{"rendered":"<p>Cette superbe nouveaut\u00e9 de la sc\u00e8ne musicale traditionnelle, le premier album du duo Woodlands, est un beau m\u00e9lange tout en originalit\u00e9. Des \u00e9l\u00e9ments de jazz et de pop contribuent \u00e0 sa large palette \u00e9motionnelle et musicale, tout comme ce m\u00e9lange d\u2019arrangements traditionnels et de compositions originales. Pour en savoir plus, voir le blog Camac.\u00a0<\/p>\n","protected":false},"featured_media":35758,"comment_status":"open","ping_status":"closed","template":"","meta":{"_acf_changed":false},"product_brand":[],"product_cat":[366,96],"product_tag":[],"class_list":{"0":"post-35757","1":"product","2":"type-product","3":"status-publish","4":"has-post-thumbnail","6":"product_cat-cd","7":"product_cat-cd-dvd-fr","9":"first","10":"instock","11":"taxable","12":"shipping-taxable","13":"purchasable","14":"product-type-simple"},"acf":[],"yoast_head":"<title>KRZYZANOWSKA Justyna et LEESIK Kristina : Woodlands - Camac Harps Shop<\/title>\n<meta name=\"robots\" content=\"index, follow, max-snippet:-1, max-image-preview:large, max-video-preview:-1\" \/>\n<link rel=\"canonical\" href=\"https:\/\/shop.camac-harps.com\/fr\/produit\/krzyzanowska-justyna-et-leesik-kristina-woodlands\/\" \/>\n<meta property=\"og:locale\" content=\"fr_FR\" \/>\n<meta property=\"og:type\" content=\"article\" \/>\n<meta property=\"og:title\" content=\"KRZYZANOWSKA Justyna et LEESIK Kristina : Woodlands - Camac Harps Shop\" \/>\n<meta property=\"og:description\" content=\"Cette superbe nouveaut\u00e9 de la sc\u00e8ne musicale traditionnelle, le premier album du duo Woodlands, est un beau m\u00e9lange tout en originalit\u00e9. Des \u00e9l\u00e9ments de jazz et de pop contribuent \u00e0 sa large palette \u00e9motionnelle et musicale, tout comme ce m\u00e9lange d\u2019arrangements traditionnels et de compositions originales. Pour en savoir plus, voir le blog Camac.\u00a0\" \/>\n<meta property=\"og:url\" content=\"https:\/\/shop.camac-harps.com\/fr\/produit\/krzyzanowska-justyna-et-leesik-kristina-woodlands\/\" \/>\n<meta property=\"og:site_name\" content=\"Camac Harps Shop\" \/>\n<meta property=\"article:modified_time\" content=\"2024-07-17T15:09:57+00:00\" \/>\n<meta property=\"og:image\" content=\"https:\/\/shop.camac-harps.com\/wp-content\/uploads\/sites\/25\/2021\/01\/cdkaja01.jpg\" \/>\n\t<meta property=\"og:image:width\" content=\"1602\" \/>\n\t<meta property=\"og:image:height\" content=\"1452\" \/>\n\t<meta property=\"og:image:type\" content=\"image\/jpeg\" \/>\n<meta name=\"twitter:card\" content=\"summary_large_image\" \/>\n<script type=\"application\/ld+json\" class=\"yoast-schema-graph\">{\"@context\":\"https:\/\/schema.org\",\"@graph\":[{\"@type\":\"WebPage\",\"@id\":\"https:\/\/shop.camac-harps.com\/fr\/produit\/krzyzanowska-justyna-et-leesik-kristina-woodlands\/\",\"url\":\"https:\/\/shop.camac-harps.com\/fr\/produit\/krzyzanowska-justyna-et-leesik-kristina-woodlands\/\",\"name\":\"KRZYZANOWSKA Justyna et LEESIK Kristina : Woodlands - Camac Harps Shop\",\"isPartOf\":{\"@id\":\"https:\/\/shop.camac-harps.com\/fr\/#website\"},\"primaryImageOfPage\":{\"@id\":\"https:\/\/shop.camac-harps.com\/fr\/produit\/krzyzanowska-justyna-et-leesik-kristina-woodlands\/#primaryimage\"},\"image\":{\"@id\":\"https:\/\/shop.camac-harps.com\/fr\/produit\/krzyzanowska-justyna-et-leesik-kristina-woodlands\/#primaryimage\"},\"thumbnailUrl\":\"https:\/\/shop.camac-harps.com\/wp-content\/uploads\/sites\/25\/2021\/01\/cdkaja01.jpg\",\"datePublished\":\"2021-01-08T10:09:21+00:00\",\"dateModified\":\"2024-07-17T15:09:57+00:00\",\"breadcrumb\":{\"@id\":\"https:\/\/shop.camac-harps.com\/fr\/produit\/krzyzanowska-justyna-et-leesik-kristina-woodlands\/#breadcrumb\"},\"inLanguage\":\"fr-FR\",\"potentialAction\":[{\"@type\":\"ReadAction\",\"target\":[\"https:\/\/shop.camac-harps.com\/fr\/produit\/krzyzanowska-justyna-et-leesik-kristina-woodlands\/\"]}]},{\"@type\":\"ImageObject\",\"inLanguage\":\"fr-FR\",\"@id\":\"https:\/\/shop.camac-harps.com\/fr\/produit\/krzyzanowska-justyna-et-leesik-kristina-woodlands\/#primaryimage\",\"url\":\"https:\/\/shop.camac-harps.com\/wp-content\/uploads\/sites\/25\/2021\/01\/cdkaja01.jpg\",\"contentUrl\":\"https:\/\/shop.camac-harps.com\/wp-content\/uploads\/sites\/25\/2021\/01\/cdkaja01.jpg\",\"width\":1602,\"height\":1452,\"caption\":\"Woodlands\"},{\"@type\":\"BreadcrumbList\",\"@id\":\"https:\/\/shop.camac-harps.com\/fr\/produit\/krzyzanowska-justyna-et-leesik-kristina-woodlands\/#breadcrumb\",\"itemListElement\":[{\"@type\":\"ListItem\",\"position\":1,\"name\":\"Home\",\"item\":\"https:\/\/shop.camac-harps.com\/fr\/homepage\/\"},{\"@type\":\"ListItem\",\"position\":2,\"name\":\"Accueil\",\"item\":\"https:\/\/shop.camac-harps.com\/fr\/homepage\/\"},{\"@type\":\"ListItem\",\"position\":3,\"name\":\"KRZYZANOWSKA Justyna et LEESIK Kristina : Woodlands\"}]},{\"@type\":\"WebSite\",\"@id\":\"https:\/\/shop.camac-harps.com\/fr\/#website\",\"url\":\"https:\/\/shop.camac-harps.com\/fr\/\",\"name\":\"Camac Harps Shop\",\"description\":\"\",\"potentialAction\":[{\"@type\":\"SearchAction\",\"target\":{\"@type\":\"EntryPoint\",\"urlTemplate\":\"https:\/\/shop.camac-harps.com\/fr\/?s={search_term_string}\"},\"query-input\":{\"@type\":\"PropertyValueSpecification\",\"valueRequired\":true,\"valueName\":\"search_term_string\"}}],\"inLanguage\":\"fr-FR\"}]}<\/script>","yoast_head_json":{"title":"KRZYZANOWSKA Justyna et LEESIK Kristina : Woodlands - Camac Harps Shop","robots":{"index":"index","follow":"follow","max-snippet":"max-snippet:-1","max-image-preview":"max-image-preview:large","max-video-preview":"max-video-preview:-1"},"canonical":"https:\/\/shop.camac-harps.com\/fr\/produit\/krzyzanowska-justyna-et-leesik-kristina-woodlands\/","og_locale":"fr_FR","og_type":"article","og_title":"KRZYZANOWSKA Justyna et LEESIK Kristina : Woodlands - Camac Harps Shop","og_description":"Cette superbe nouveaut\u00e9 de la sc\u00e8ne musicale traditionnelle, le premier album du duo Woodlands, est un beau m\u00e9lange tout en originalit\u00e9. Des \u00e9l\u00e9ments de jazz et de pop contribuent \u00e0 sa large palette \u00e9motionnelle et musicale, tout comme ce m\u00e9lange d\u2019arrangements traditionnels et de compositions originales. Pour en savoir plus, voir le blog Camac.\u00a0","og_url":"https:\/\/shop.camac-harps.com\/fr\/produit\/krzyzanowska-justyna-et-leesik-kristina-woodlands\/","og_site_name":"Camac Harps Shop","article_modified_time":"2024-07-17T15:09:57+00:00","og_image":[{"width":1602,"height":1452,"url":"https:\/\/shop.camac-harps.com\/wp-content\/uploads\/sites\/25\/2021\/01\/cdkaja01.jpg","type":"image\/jpeg"}],"twitter_card":"summary_large_image","schema":{"@context":"https:\/\/schema.org","@graph":[{"@type":"WebPage","@id":"https:\/\/shop.camac-harps.com\/fr\/produit\/krzyzanowska-justyna-et-leesik-kristina-woodlands\/","url":"https:\/\/shop.camac-harps.com\/fr\/produit\/krzyzanowska-justyna-et-leesik-kristina-woodlands\/","name":"KRZYZANOWSKA Justyna et LEESIK Kristina : Woodlands - Camac Harps Shop","isPartOf":{"@id":"https:\/\/shop.camac-harps.com\/fr\/#website"},"primaryImageOfPage":{"@id":"https:\/\/shop.camac-harps.com\/fr\/produit\/krzyzanowska-justyna-et-leesik-kristina-woodlands\/#primaryimage"},"image":{"@id":"https:\/\/shop.camac-harps.com\/fr\/produit\/krzyzanowska-justyna-et-leesik-kristina-woodlands\/#primaryimage"},"thumbnailUrl":"https:\/\/shop.camac-harps.com\/wp-content\/uploads\/sites\/25\/2021\/01\/cdkaja01.jpg","datePublished":"2021-01-08T10:09:21+00:00","dateModified":"2024-07-17T15:09:57+00:00","breadcrumb":{"@id":"https:\/\/shop.camac-harps.com\/fr\/produit\/krzyzanowska-justyna-et-leesik-kristina-woodlands\/#breadcrumb"},"inLanguage":"fr-FR","potentialAction":[{"@type":"ReadAction","target":["https:\/\/shop.camac-harps.com\/fr\/produit\/krzyzanowska-justyna-et-leesik-kristina-woodlands\/"]}]},{"@type":"ImageObject","inLanguage":"fr-FR","@id":"https:\/\/shop.camac-harps.com\/fr\/produit\/krzyzanowska-justyna-et-leesik-kristina-woodlands\/#primaryimage","url":"https:\/\/shop.camac-harps.com\/wp-content\/uploads\/sites\/25\/2021\/01\/cdkaja01.jpg","contentUrl":"https:\/\/shop.camac-harps.com\/wp-content\/uploads\/sites\/25\/2021\/01\/cdkaja01.jpg","width":1602,"height":1452,"caption":"Woodlands"},{"@type":"BreadcrumbList","@id":"https:\/\/shop.camac-harps.com\/fr\/produit\/krzyzanowska-justyna-et-leesik-kristina-woodlands\/#breadcrumb","itemListElement":[{"@type":"ListItem","position":1,"name":"Home","item":"https:\/\/shop.camac-harps.com\/fr\/homepage\/"},{"@type":"ListItem","position":2,"name":"Accueil","item":"https:\/\/shop.camac-harps.com\/fr\/homepage\/"},{"@type":"ListItem","position":3,"name":"KRZYZANOWSKA Justyna et LEESIK Kristina : Woodlands"}]},{"@type":"WebSite","@id":"https:\/\/shop.camac-harps.com\/fr\/#website","url":"https:\/\/shop.camac-harps.com\/fr\/","name":"Camac Harps Shop","description":"","potentialAction":[{"@type":"SearchAction","target":{"@type":"EntryPoint","urlTemplate":"https:\/\/shop.camac-harps.com\/fr\/?s={search_term_string}"},"query-input":{"@type":"PropertyValueSpecification","valueRequired":true,"valueName":"search_term_string"}}],"inLanguage":"fr-FR"}]}},"_links":{"self":[{"href":"https:\/\/shop.camac-harps.com\/fr\/wp-json\/wp\/v2\/product\/35757","targetHints":{"allow":["GET"]}}],"collection":[{"href":"https:\/\/shop.camac-harps.com\/fr\/wp-json\/wp\/v2\/product"}],"about":[{"href":"https:\/\/shop.camac-harps.com\/fr\/wp-json\/wp\/v2\/types\/product"}],"replies":[{"embeddable":true,"href":"https:\/\/shop.camac-harps.com\/fr\/wp-json\/wp\/v2\/comments?post=35757"}],"wp:featuredmedia":[{"embeddable":true,"href":"https:\/\/shop.camac-harps.com\/fr\/wp-json\/wp\/v2\/media\/35758"}],"wp:attachment":[{"href":"https:\/\/shop.camac-harps.com\/fr\/wp-json\/wp\/v2\/media?parent=35757"}],"wp:term":[{"taxonomy":"product_brand","embeddable":true,"href":"https:\/\/shop.camac-harps.com\/fr\/wp-json\/wp\/v2\/product_brand?post=35757"},{"taxonomy":"product_cat","embeddable":true,"href":"https:\/\/shop.camac-harps.com\/fr\/wp-json\/wp\/v2\/product_cat?post=35757"},{"taxonomy":"product_tag","embeddable":true,"href":"https:\/\/shop.camac-harps.com\/fr\/wp-json\/wp\/v2\/product_tag?post=35757"}],"curies":[{"name":"wp","href":"https:\/\/api.w.org\/{rel}","templated":true}]}}