{"id":35786,"date":"2021-01-09T20:32:11","date_gmt":"2021-01-09T20:32:11","guid":{"rendered":"https:\/\/shop.camac-harps.com\/?post_type=product&#038;p=35786"},"modified":"2024-12-03T16:43:38","modified_gmt":"2024-12-03T16:43:38","slug":"isabelle-frouvelle-l-anniversaire-de-gribouille-ref-elh18","status":"publish","type":"product","link":"https:\/\/shop.camac-harps.com\/fr\/produit\/isabelle-frouvelle-l-anniversaire-de-gribouille-ref-elh18\/","title":{"rendered":"Isabelle FROUVELLE\u00a0 : L&rsquo; anniversaire de Gribouille &#8211; Ref. ELH18"},"content":{"rendered":"<p style=\"text-align: justify;\">Conte musical illustr\u00e9 avec QR codes pour \u00e9couter les musiques jou\u00e9es \u00e0 la harpe sur smartphone, et avec partitions int\u00e9gr\u00e9es aux dessins. Il n\u2019est pas n\u00e9cessaire de savoir lire la musique.<br \/>\nA raconter aux enfants de 4 \u00e0 9 ans, \u00e0 jouer \u00e0 tous les \u00e2ges !<\/p>\n","protected":false},"excerpt":{"rendered":"<p>Conte musical illustr\u00e9 avec QR codes pour \u00e9couter les musiques jou\u00e9es \u00e0 la harpe sur smartphone, et avec partitions int\u00e9gr\u00e9es aux dessins. Il n\u2019est pas n\u00e9cessaire de savoir lire la musique. A raconter aux enfants de 4 \u00e0 9 ans, \u00e0 jouer \u00e0 tous les \u00e2ges !<\/p>\n","protected":false},"featured_media":35787,"comment_status":"open","ping_status":"closed","template":"","meta":{"_acf_changed":false},"product_brand":[],"product_cat":[63,108,33,45],"product_tag":[],"class_list":{"0":"post-35786","1":"product","2":"type-product","3":"status-publish","4":"has-post-thumbnail","6":"product_cat-livres","7":"product_cat-musique-harpe-celtique","8":"product_cat-partitions-pour-harpe","9":"product_cat-solos-harpe-a-pedales","11":"first","12":"instock","13":"taxable","14":"shipping-taxable","15":"purchasable","16":"product-type-simple"},"acf":[],"yoast_head":"<title>Isabelle FROUVELLE\u00a0 : L&#039; anniversaire de Gribouille - Ref. ELH18 - Camac Harps Shop<\/title>\n<meta name=\"robots\" content=\"index, follow, max-snippet:-1, max-image-preview:large, max-video-preview:-1\" \/>\n<link rel=\"canonical\" href=\"https:\/\/shop.camac-harps.com\/fr\/produit\/isabelle-frouvelle-l-anniversaire-de-gribouille-ref-elh18\/\" \/>\n<meta property=\"og:locale\" content=\"fr_FR\" \/>\n<meta property=\"og:type\" content=\"article\" \/>\n<meta property=\"og:title\" content=\"Isabelle FROUVELLE\u00a0 : L&#039; anniversaire de Gribouille - Ref. ELH18 - Camac Harps Shop\" \/>\n<meta property=\"og:description\" content=\"Conte musical illustr\u00e9 avec QR codes pour \u00e9couter les musiques jou\u00e9es \u00e0 la harpe sur smartphone, et avec partitions int\u00e9gr\u00e9es aux dessins. Il n\u2019est pas n\u00e9cessaire de savoir lire la musique. A raconter aux enfants de 4 \u00e0 9 ans, \u00e0 jouer \u00e0 tous les \u00e2ges !\" \/>\n<meta property=\"og:url\" content=\"https:\/\/shop.camac-harps.com\/fr\/produit\/isabelle-frouvelle-l-anniversaire-de-gribouille-ref-elh18\/\" \/>\n<meta property=\"og:site_name\" content=\"Camac Harps Shop\" \/>\n<meta property=\"article:modified_time\" content=\"2024-12-03T16:43:38+00:00\" \/>\n<meta property=\"og:image\" content=\"https:\/\/shop.camac-harps.com\/wp-content\/uploads\/sites\/25\/2021\/01\/fei17-scaled.jpg\" \/>\n\t<meta property=\"og:image:width\" content=\"2560\" \/>\n\t<meta property=\"og:image:height\" content=\"2285\" \/>\n\t<meta property=\"og:image:type\" content=\"image\/jpeg\" \/>\n<meta name=\"twitter:card\" content=\"summary_large_image\" \/>\n<meta name=\"twitter:label1\" content=\"Dur\u00e9e de lecture estim\u00e9e\" \/>\n\t<meta name=\"twitter:data1\" content=\"1 minute\" \/>\n<script type=\"application\/ld+json\" class=\"yoast-schema-graph\">{\"@context\":\"https:\/\/schema.org\",\"@graph\":[{\"@type\":\"WebPage\",\"@id\":\"https:\/\/shop.camac-harps.com\/fr\/produit\/isabelle-frouvelle-l-anniversaire-de-gribouille-ref-elh18\/\",\"url\":\"https:\/\/shop.camac-harps.com\/fr\/produit\/isabelle-frouvelle-l-anniversaire-de-gribouille-ref-elh18\/\",\"name\":\"Isabelle FROUVELLE\u00a0 : L' anniversaire de Gribouille - Ref. ELH18 - Camac Harps Shop\",\"isPartOf\":{\"@id\":\"https:\/\/shop.camac-harps.com\/fr\/#website\"},\"primaryImageOfPage\":{\"@id\":\"https:\/\/shop.camac-harps.com\/fr\/produit\/isabelle-frouvelle-l-anniversaire-de-gribouille-ref-elh18\/#primaryimage\"},\"image\":{\"@id\":\"https:\/\/shop.camac-harps.com\/fr\/produit\/isabelle-frouvelle-l-anniversaire-de-gribouille-ref-elh18\/#primaryimage\"},\"thumbnailUrl\":\"https:\/\/shop.camac-harps.com\/wp-content\/uploads\/sites\/25\/2021\/01\/fei17-scaled.jpg\",\"datePublished\":\"2021-01-09T20:32:11+00:00\",\"dateModified\":\"2024-12-03T16:43:38+00:00\",\"breadcrumb\":{\"@id\":\"https:\/\/shop.camac-harps.com\/fr\/produit\/isabelle-frouvelle-l-anniversaire-de-gribouille-ref-elh18\/#breadcrumb\"},\"inLanguage\":\"fr-FR\",\"potentialAction\":[{\"@type\":\"ReadAction\",\"target\":[\"https:\/\/shop.camac-harps.com\/fr\/produit\/isabelle-frouvelle-l-anniversaire-de-gribouille-ref-elh18\/\"]}]},{\"@type\":\"ImageObject\",\"inLanguage\":\"fr-FR\",\"@id\":\"https:\/\/shop.camac-harps.com\/fr\/produit\/isabelle-frouvelle-l-anniversaire-de-gribouille-ref-elh18\/#primaryimage\",\"url\":\"https:\/\/shop.camac-harps.com\/wp-content\/uploads\/sites\/25\/2021\/01\/fei17-scaled.jpg\",\"contentUrl\":\"https:\/\/shop.camac-harps.com\/wp-content\/uploads\/sites\/25\/2021\/01\/fei17-scaled.jpg\",\"width\":2560,\"height\":2285,\"caption\":\"Isabelle FROUVELLE\u00a0 : L' anniversaire de Gribouille - Ref. ELH18\"},{\"@type\":\"BreadcrumbList\",\"@id\":\"https:\/\/shop.camac-harps.com\/fr\/produit\/isabelle-frouvelle-l-anniversaire-de-gribouille-ref-elh18\/#breadcrumb\",\"itemListElement\":[{\"@type\":\"ListItem\",\"position\":1,\"name\":\"Home\",\"item\":\"https:\/\/shop.camac-harps.com\/fr\/homepage\/\"},{\"@type\":\"ListItem\",\"position\":2,\"name\":\"Accueil\",\"item\":\"https:\/\/shop.camac-harps.com\/fr\/homepage\/\"},{\"@type\":\"ListItem\",\"position\":3,\"name\":\"Isabelle FROUVELLE\u00a0 : L&#8217; anniversaire de Gribouille &#8211; Ref. ELH18\"}]},{\"@type\":\"WebSite\",\"@id\":\"https:\/\/shop.camac-harps.com\/fr\/#website\",\"url\":\"https:\/\/shop.camac-harps.com\/fr\/\",\"name\":\"Camac Harps Shop\",\"description\":\"\",\"potentialAction\":[{\"@type\":\"SearchAction\",\"target\":{\"@type\":\"EntryPoint\",\"urlTemplate\":\"https:\/\/shop.camac-harps.com\/fr\/?s={search_term_string}\"},\"query-input\":{\"@type\":\"PropertyValueSpecification\",\"valueRequired\":true,\"valueName\":\"search_term_string\"}}],\"inLanguage\":\"fr-FR\"}]}<\/script>","yoast_head_json":{"title":"Isabelle FROUVELLE\u00a0 : L' anniversaire de Gribouille - Ref. ELH18 - Camac Harps Shop","robots":{"index":"index","follow":"follow","max-snippet":"max-snippet:-1","max-image-preview":"max-image-preview:large","max-video-preview":"max-video-preview:-1"},"canonical":"https:\/\/shop.camac-harps.com\/fr\/produit\/isabelle-frouvelle-l-anniversaire-de-gribouille-ref-elh18\/","og_locale":"fr_FR","og_type":"article","og_title":"Isabelle FROUVELLE\u00a0 : L' anniversaire de Gribouille - Ref. ELH18 - Camac Harps Shop","og_description":"Conte musical illustr\u00e9 avec QR codes pour \u00e9couter les musiques jou\u00e9es \u00e0 la harpe sur smartphone, et avec partitions int\u00e9gr\u00e9es aux dessins. Il n\u2019est pas n\u00e9cessaire de savoir lire la musique. A raconter aux enfants de 4 \u00e0 9 ans, \u00e0 jouer \u00e0 tous les \u00e2ges !","og_url":"https:\/\/shop.camac-harps.com\/fr\/produit\/isabelle-frouvelle-l-anniversaire-de-gribouille-ref-elh18\/","og_site_name":"Camac Harps Shop","article_modified_time":"2024-12-03T16:43:38+00:00","og_image":[{"width":2560,"height":2285,"url":"https:\/\/shop.camac-harps.com\/wp-content\/uploads\/sites\/25\/2021\/01\/fei17-scaled.jpg","type":"image\/jpeg"}],"twitter_card":"summary_large_image","twitter_misc":{"Dur\u00e9e de lecture estim\u00e9e":"1 minute"},"schema":{"@context":"https:\/\/schema.org","@graph":[{"@type":"WebPage","@id":"https:\/\/shop.camac-harps.com\/fr\/produit\/isabelle-frouvelle-l-anniversaire-de-gribouille-ref-elh18\/","url":"https:\/\/shop.camac-harps.com\/fr\/produit\/isabelle-frouvelle-l-anniversaire-de-gribouille-ref-elh18\/","name":"Isabelle FROUVELLE\u00a0 : L' anniversaire de Gribouille - Ref. ELH18 - Camac Harps Shop","isPartOf":{"@id":"https:\/\/shop.camac-harps.com\/fr\/#website"},"primaryImageOfPage":{"@id":"https:\/\/shop.camac-harps.com\/fr\/produit\/isabelle-frouvelle-l-anniversaire-de-gribouille-ref-elh18\/#primaryimage"},"image":{"@id":"https:\/\/shop.camac-harps.com\/fr\/produit\/isabelle-frouvelle-l-anniversaire-de-gribouille-ref-elh18\/#primaryimage"},"thumbnailUrl":"https:\/\/shop.camac-harps.com\/wp-content\/uploads\/sites\/25\/2021\/01\/fei17-scaled.jpg","datePublished":"2021-01-09T20:32:11+00:00","dateModified":"2024-12-03T16:43:38+00:00","breadcrumb":{"@id":"https:\/\/shop.camac-harps.com\/fr\/produit\/isabelle-frouvelle-l-anniversaire-de-gribouille-ref-elh18\/#breadcrumb"},"inLanguage":"fr-FR","potentialAction":[{"@type":"ReadAction","target":["https:\/\/shop.camac-harps.com\/fr\/produit\/isabelle-frouvelle-l-anniversaire-de-gribouille-ref-elh18\/"]}]},{"@type":"ImageObject","inLanguage":"fr-FR","@id":"https:\/\/shop.camac-harps.com\/fr\/produit\/isabelle-frouvelle-l-anniversaire-de-gribouille-ref-elh18\/#primaryimage","url":"https:\/\/shop.camac-harps.com\/wp-content\/uploads\/sites\/25\/2021\/01\/fei17-scaled.jpg","contentUrl":"https:\/\/shop.camac-harps.com\/wp-content\/uploads\/sites\/25\/2021\/01\/fei17-scaled.jpg","width":2560,"height":2285,"caption":"Isabelle FROUVELLE\u00a0 : L' anniversaire de Gribouille - Ref. ELH18"},{"@type":"BreadcrumbList","@id":"https:\/\/shop.camac-harps.com\/fr\/produit\/isabelle-frouvelle-l-anniversaire-de-gribouille-ref-elh18\/#breadcrumb","itemListElement":[{"@type":"ListItem","position":1,"name":"Home","item":"https:\/\/shop.camac-harps.com\/fr\/homepage\/"},{"@type":"ListItem","position":2,"name":"Accueil","item":"https:\/\/shop.camac-harps.com\/fr\/homepage\/"},{"@type":"ListItem","position":3,"name":"Isabelle FROUVELLE\u00a0 : L&#8217; anniversaire de Gribouille &#8211; Ref. ELH18"}]},{"@type":"WebSite","@id":"https:\/\/shop.camac-harps.com\/fr\/#website","url":"https:\/\/shop.camac-harps.com\/fr\/","name":"Camac Harps Shop","description":"","potentialAction":[{"@type":"SearchAction","target":{"@type":"EntryPoint","urlTemplate":"https:\/\/shop.camac-harps.com\/fr\/?s={search_term_string}"},"query-input":{"@type":"PropertyValueSpecification","valueRequired":true,"valueName":"search_term_string"}}],"inLanguage":"fr-FR"}]}},"_links":{"self":[{"href":"https:\/\/shop.camac-harps.com\/fr\/wp-json\/wp\/v2\/product\/35786","targetHints":{"allow":["GET"]}}],"collection":[{"href":"https:\/\/shop.camac-harps.com\/fr\/wp-json\/wp\/v2\/product"}],"about":[{"href":"https:\/\/shop.camac-harps.com\/fr\/wp-json\/wp\/v2\/types\/product"}],"replies":[{"embeddable":true,"href":"https:\/\/shop.camac-harps.com\/fr\/wp-json\/wp\/v2\/comments?post=35786"}],"wp:featuredmedia":[{"embeddable":true,"href":"https:\/\/shop.camac-harps.com\/fr\/wp-json\/wp\/v2\/media\/35787"}],"wp:attachment":[{"href":"https:\/\/shop.camac-harps.com\/fr\/wp-json\/wp\/v2\/media?parent=35786"}],"wp:term":[{"taxonomy":"product_brand","embeddable":true,"href":"https:\/\/shop.camac-harps.com\/fr\/wp-json\/wp\/v2\/product_brand?post=35786"},{"taxonomy":"product_cat","embeddable":true,"href":"https:\/\/shop.camac-harps.com\/fr\/wp-json\/wp\/v2\/product_cat?post=35786"},{"taxonomy":"product_tag","embeddable":true,"href":"https:\/\/shop.camac-harps.com\/fr\/wp-json\/wp\/v2\/product_tag?post=35786"}],"curies":[{"name":"wp","href":"https:\/\/api.w.org\/{rel}","templated":true}]}}