{"id":35846,"date":"2021-01-14T13:51:29","date_gmt":"2021-01-14T13:51:29","guid":{"rendered":"https:\/\/shop.camac-harps.com\/?post_type=product&#038;p=35846"},"modified":"2024-07-17T15:09:57","modified_gmt":"2024-07-17T15:09:57","slug":"pais-matos-salome-harpaxxi-pt","status":"publish","type":"product","link":"https:\/\/shop.camac-harps.com\/fr\/produit\/pais-matos-salome-harpaxxi-pt\/","title":{"rendered":"PAIS MATOS Salom\u00e9 : HarpaXXI.pt"},"content":{"rendered":"<p>Les harpistes curieux \u00e0 la recherche de nouvelles musiques pour harpe \u00e0 p\u00e9dales ont tout int\u00e9r\u00eat \u00e0 d\u00e9couvrir\u00a0<strong>harpaXXI.pt<\/strong>\u00a0: le nouvel album de\u00a0<a href=\"https:\/\/www.salomematosharpa.com\/harpaxxi-pt-en\" target=\"_blank\" rel=\"noopener noreferrer\">Salom\u00e9 Pais Matos<\/a>. Il comprend six \u0153uvres contemporaines fascinantes et attrayantes, et met en valeur les compositeurs portugais d\u2019aujourd\u2019hui.\u00a0<\/p>\n<p>Pour en savoir plus, consulter le <a href=\"https:\/\/www.camac-harps.com\/blog\/fr\/actualites\/un-cocktail-du-portugal-moderne\/\">blog Camac. <\/a><\/p>\n","protected":false},"excerpt":{"rendered":"<p>Les harpistes curieux \u00e0 la recherche de nouvelles musiques pour harpe \u00e0 p\u00e9dales ont tout int\u00e9r\u00eat \u00e0 d\u00e9couvrir\u00a0harpaXXI.pt\u00a0: le nouvel album de\u00a0Salom\u00e9 Pais Matos. Il comprend six \u0153uvres contemporaines fascinantes et attrayantes, et met en valeur les compositeurs portugais d\u2019aujourd\u2019hui.\u00a0 Pour en savoir plus, consulter le blog Camac.<\/p>\n","protected":false},"featured_media":35907,"comment_status":"open","ping_status":"closed","template":"","meta":{"_acf_changed":false},"product_brand":[],"product_cat":[366,96],"product_tag":[],"class_list":{"0":"post-35846","1":"product","2":"type-product","3":"status-publish","4":"has-post-thumbnail","6":"product_cat-cd","7":"product_cat-cd-dvd-fr","9":"first","10":"instock","11":"taxable","12":"shipping-taxable","13":"purchasable","14":"product-type-simple"},"acf":[],"yoast_head":"<title>PAIS MATOS Salom\u00e9 : HarpaXXI.pt - Camac Harps Shop<\/title>\n<meta name=\"robots\" content=\"index, follow, max-snippet:-1, max-image-preview:large, max-video-preview:-1\" \/>\n<link rel=\"canonical\" href=\"https:\/\/shop.camac-harps.com\/fr\/produit\/pais-matos-salome-harpaxxi-pt\/\" \/>\n<meta property=\"og:locale\" content=\"fr_FR\" \/>\n<meta property=\"og:type\" content=\"article\" \/>\n<meta property=\"og:title\" content=\"PAIS MATOS Salom\u00e9 : HarpaXXI.pt - Camac Harps Shop\" \/>\n<meta property=\"og:description\" content=\"Les harpistes curieux \u00e0 la recherche de nouvelles musiques pour harpe \u00e0 p\u00e9dales ont tout int\u00e9r\u00eat \u00e0 d\u00e9couvrir\u00a0harpaXXI.pt\u00a0: le nouvel album de\u00a0Salom\u00e9 Pais Matos. Il comprend six \u0153uvres contemporaines fascinantes et attrayantes, et met en valeur les compositeurs portugais d\u2019aujourd\u2019hui.\u00a0 Pour en savoir plus, consulter le blog Camac.\" \/>\n<meta property=\"og:url\" content=\"https:\/\/shop.camac-harps.com\/fr\/produit\/pais-matos-salome-harpaxxi-pt\/\" \/>\n<meta property=\"og:site_name\" content=\"Camac Harps Shop\" \/>\n<meta property=\"article:modified_time\" content=\"2024-07-17T15:09:57+00:00\" \/>\n<meta property=\"og:image\" content=\"https:\/\/shop.camac-harps.com\/wp-content\/uploads\/sites\/25\/2021\/01\/cdpss01.jpg\" \/>\n\t<meta property=\"og:image:width\" content=\"1414\" \/>\n\t<meta property=\"og:image:height\" content=\"1414\" \/>\n\t<meta property=\"og:image:type\" content=\"image\/jpeg\" \/>\n<meta name=\"twitter:card\" content=\"summary_large_image\" \/>\n<script type=\"application\/ld+json\" class=\"yoast-schema-graph\">{\"@context\":\"https:\/\/schema.org\",\"@graph\":[{\"@type\":\"WebPage\",\"@id\":\"https:\/\/shop.camac-harps.com\/fr\/produit\/pais-matos-salome-harpaxxi-pt\/\",\"url\":\"https:\/\/shop.camac-harps.com\/fr\/produit\/pais-matos-salome-harpaxxi-pt\/\",\"name\":\"PAIS MATOS Salom\u00e9 : HarpaXXI.pt - Camac Harps Shop\",\"isPartOf\":{\"@id\":\"https:\/\/shop.camac-harps.com\/fr\/#website\"},\"primaryImageOfPage\":{\"@id\":\"https:\/\/shop.camac-harps.com\/fr\/produit\/pais-matos-salome-harpaxxi-pt\/#primaryimage\"},\"image\":{\"@id\":\"https:\/\/shop.camac-harps.com\/fr\/produit\/pais-matos-salome-harpaxxi-pt\/#primaryimage\"},\"thumbnailUrl\":\"https:\/\/shop.camac-harps.com\/wp-content\/uploads\/sites\/25\/2021\/01\/cdpss01.jpg\",\"datePublished\":\"2021-01-14T13:51:29+00:00\",\"dateModified\":\"2024-07-17T15:09:57+00:00\",\"breadcrumb\":{\"@id\":\"https:\/\/shop.camac-harps.com\/fr\/produit\/pais-matos-salome-harpaxxi-pt\/#breadcrumb\"},\"inLanguage\":\"fr-FR\",\"potentialAction\":[{\"@type\":\"ReadAction\",\"target\":[\"https:\/\/shop.camac-harps.com\/fr\/produit\/pais-matos-salome-harpaxxi-pt\/\"]}]},{\"@type\":\"ImageObject\",\"inLanguage\":\"fr-FR\",\"@id\":\"https:\/\/shop.camac-harps.com\/fr\/produit\/pais-matos-salome-harpaxxi-pt\/#primaryimage\",\"url\":\"https:\/\/shop.camac-harps.com\/wp-content\/uploads\/sites\/25\/2021\/01\/cdpss01.jpg\",\"contentUrl\":\"https:\/\/shop.camac-harps.com\/wp-content\/uploads\/sites\/25\/2021\/01\/cdpss01.jpg\",\"width\":1414,\"height\":1414,\"caption\":\"Salom\u00e9 Pais Matos : HarpaXXI.pt\"},{\"@type\":\"BreadcrumbList\",\"@id\":\"https:\/\/shop.camac-harps.com\/fr\/produit\/pais-matos-salome-harpaxxi-pt\/#breadcrumb\",\"itemListElement\":[{\"@type\":\"ListItem\",\"position\":1,\"name\":\"Home\",\"item\":\"https:\/\/shop.camac-harps.com\/fr\/homepage\/\"},{\"@type\":\"ListItem\",\"position\":2,\"name\":\"Accueil\",\"item\":\"https:\/\/shop.camac-harps.com\/fr\/homepage\/\"},{\"@type\":\"ListItem\",\"position\":3,\"name\":\"PAIS MATOS Salom\u00e9 : HarpaXXI.pt\"}]},{\"@type\":\"WebSite\",\"@id\":\"https:\/\/shop.camac-harps.com\/fr\/#website\",\"url\":\"https:\/\/shop.camac-harps.com\/fr\/\",\"name\":\"Camac Harps Shop\",\"description\":\"\",\"potentialAction\":[{\"@type\":\"SearchAction\",\"target\":{\"@type\":\"EntryPoint\",\"urlTemplate\":\"https:\/\/shop.camac-harps.com\/fr\/?s={search_term_string}\"},\"query-input\":{\"@type\":\"PropertyValueSpecification\",\"valueRequired\":true,\"valueName\":\"search_term_string\"}}],\"inLanguage\":\"fr-FR\"}]}<\/script>","yoast_head_json":{"title":"PAIS MATOS Salom\u00e9 : HarpaXXI.pt - Camac Harps Shop","robots":{"index":"index","follow":"follow","max-snippet":"max-snippet:-1","max-image-preview":"max-image-preview:large","max-video-preview":"max-video-preview:-1"},"canonical":"https:\/\/shop.camac-harps.com\/fr\/produit\/pais-matos-salome-harpaxxi-pt\/","og_locale":"fr_FR","og_type":"article","og_title":"PAIS MATOS Salom\u00e9 : HarpaXXI.pt - Camac Harps Shop","og_description":"Les harpistes curieux \u00e0 la recherche de nouvelles musiques pour harpe \u00e0 p\u00e9dales ont tout int\u00e9r\u00eat \u00e0 d\u00e9couvrir\u00a0harpaXXI.pt\u00a0: le nouvel album de\u00a0Salom\u00e9 Pais Matos. Il comprend six \u0153uvres contemporaines fascinantes et attrayantes, et met en valeur les compositeurs portugais d\u2019aujourd\u2019hui.\u00a0 Pour en savoir plus, consulter le blog Camac.","og_url":"https:\/\/shop.camac-harps.com\/fr\/produit\/pais-matos-salome-harpaxxi-pt\/","og_site_name":"Camac Harps Shop","article_modified_time":"2024-07-17T15:09:57+00:00","og_image":[{"width":1414,"height":1414,"url":"https:\/\/shop.camac-harps.com\/wp-content\/uploads\/sites\/25\/2021\/01\/cdpss01.jpg","type":"image\/jpeg"}],"twitter_card":"summary_large_image","schema":{"@context":"https:\/\/schema.org","@graph":[{"@type":"WebPage","@id":"https:\/\/shop.camac-harps.com\/fr\/produit\/pais-matos-salome-harpaxxi-pt\/","url":"https:\/\/shop.camac-harps.com\/fr\/produit\/pais-matos-salome-harpaxxi-pt\/","name":"PAIS MATOS Salom\u00e9 : HarpaXXI.pt - Camac Harps Shop","isPartOf":{"@id":"https:\/\/shop.camac-harps.com\/fr\/#website"},"primaryImageOfPage":{"@id":"https:\/\/shop.camac-harps.com\/fr\/produit\/pais-matos-salome-harpaxxi-pt\/#primaryimage"},"image":{"@id":"https:\/\/shop.camac-harps.com\/fr\/produit\/pais-matos-salome-harpaxxi-pt\/#primaryimage"},"thumbnailUrl":"https:\/\/shop.camac-harps.com\/wp-content\/uploads\/sites\/25\/2021\/01\/cdpss01.jpg","datePublished":"2021-01-14T13:51:29+00:00","dateModified":"2024-07-17T15:09:57+00:00","breadcrumb":{"@id":"https:\/\/shop.camac-harps.com\/fr\/produit\/pais-matos-salome-harpaxxi-pt\/#breadcrumb"},"inLanguage":"fr-FR","potentialAction":[{"@type":"ReadAction","target":["https:\/\/shop.camac-harps.com\/fr\/produit\/pais-matos-salome-harpaxxi-pt\/"]}]},{"@type":"ImageObject","inLanguage":"fr-FR","@id":"https:\/\/shop.camac-harps.com\/fr\/produit\/pais-matos-salome-harpaxxi-pt\/#primaryimage","url":"https:\/\/shop.camac-harps.com\/wp-content\/uploads\/sites\/25\/2021\/01\/cdpss01.jpg","contentUrl":"https:\/\/shop.camac-harps.com\/wp-content\/uploads\/sites\/25\/2021\/01\/cdpss01.jpg","width":1414,"height":1414,"caption":"Salom\u00e9 Pais Matos : HarpaXXI.pt"},{"@type":"BreadcrumbList","@id":"https:\/\/shop.camac-harps.com\/fr\/produit\/pais-matos-salome-harpaxxi-pt\/#breadcrumb","itemListElement":[{"@type":"ListItem","position":1,"name":"Home","item":"https:\/\/shop.camac-harps.com\/fr\/homepage\/"},{"@type":"ListItem","position":2,"name":"Accueil","item":"https:\/\/shop.camac-harps.com\/fr\/homepage\/"},{"@type":"ListItem","position":3,"name":"PAIS MATOS Salom\u00e9 : HarpaXXI.pt"}]},{"@type":"WebSite","@id":"https:\/\/shop.camac-harps.com\/fr\/#website","url":"https:\/\/shop.camac-harps.com\/fr\/","name":"Camac Harps Shop","description":"","potentialAction":[{"@type":"SearchAction","target":{"@type":"EntryPoint","urlTemplate":"https:\/\/shop.camac-harps.com\/fr\/?s={search_term_string}"},"query-input":{"@type":"PropertyValueSpecification","valueRequired":true,"valueName":"search_term_string"}}],"inLanguage":"fr-FR"}]}},"_links":{"self":[{"href":"https:\/\/shop.camac-harps.com\/fr\/wp-json\/wp\/v2\/product\/35846","targetHints":{"allow":["GET"]}}],"collection":[{"href":"https:\/\/shop.camac-harps.com\/fr\/wp-json\/wp\/v2\/product"}],"about":[{"href":"https:\/\/shop.camac-harps.com\/fr\/wp-json\/wp\/v2\/types\/product"}],"replies":[{"embeddable":true,"href":"https:\/\/shop.camac-harps.com\/fr\/wp-json\/wp\/v2\/comments?post=35846"}],"wp:featuredmedia":[{"embeddable":true,"href":"https:\/\/shop.camac-harps.com\/fr\/wp-json\/wp\/v2\/media\/35907"}],"wp:attachment":[{"href":"https:\/\/shop.camac-harps.com\/fr\/wp-json\/wp\/v2\/media?parent=35846"}],"wp:term":[{"taxonomy":"product_brand","embeddable":true,"href":"https:\/\/shop.camac-harps.com\/fr\/wp-json\/wp\/v2\/product_brand?post=35846"},{"taxonomy":"product_cat","embeddable":true,"href":"https:\/\/shop.camac-harps.com\/fr\/wp-json\/wp\/v2\/product_cat?post=35846"},{"taxonomy":"product_tag","embeddable":true,"href":"https:\/\/shop.camac-harps.com\/fr\/wp-json\/wp\/v2\/product_tag?post=35846"}],"curies":[{"name":"wp","href":"https:\/\/api.w.org\/{rel}","templated":true}]}}