{"id":36026,"date":"2021-01-20T15:37:45","date_gmt":"2021-01-20T15:37:45","guid":{"rendered":"https:\/\/shop.camac-harps.com\/?post_type=product&#038;p=36026"},"modified":"2024-11-07T15:02:21","modified_gmt":"2024-11-07T15:02:21","slug":"pernel-francois-boite-a-outils","status":"publish","type":"product","link":"https:\/\/shop.camac-harps.com\/fr\/produit\/pernel-francois-boite-a-outils\/","title":{"rendered":"PERNEL Fran\u00e7ois : Bo\u00eete \u00e0 Outils (\u00e9dition classique, \u00e0 couverture souple)"},"content":{"rendered":"<div class=\"video_container\">\n<div class=\"video_container__inner\"><iframe loading=\"lazy\" title=\"Bo\u00eete \u00e0 Outils \/ Toolbox, recueil de compositions pour harpe \u00e0 leviers (english subtitle)\" width=\"980\" height=\"551\" src=\"https:\/\/www.youtube.com\/embed\/4pHwrWemcAQ?feature=oembed\" frameborder=\"0\" allow=\"accelerometer; autoplay; clipboard-write; encrypted-media; gyroscope; picture-in-picture\" allowfullscreen><\/iframe><\/div>\n<\/div>\n<p>La Bo\u00eete \u00e0 Outils est \u00e9galement disponible en <a href=\"https:\/\/shop.camac-harps.com\/fr\/produit\/pernel-francois-boite-a-outils-edition-de-luxe-cartonnee-fabriquee-de-maniere-artisanale\/\">\u00e9dition de luxe cartonn\u00e9e<\/a>, fabriqu\u00e9e de mani\u00e8re artisanale.\u00a0<\/p>\n<p>Les vingt premiers exemplaires \u00e0 couverture souple ont \u00e9t\u00e9 sign\u00e9s personnellement par Fran\u00e7ois.<\/p>\n<p>&nbsp;<\/p>\n","protected":false},"excerpt":{"rendered":"<p>La Bo\u00eete \u00e0 Outils est \u00e9galement disponible en \u00e9dition de luxe cartonn\u00e9e, fabriqu\u00e9e de mani\u00e8re artisanale.\u00a0 Les vingt premiers exemplaires \u00e0 couverture souple ont \u00e9t\u00e9 sign\u00e9s personnellement par Fran\u00e7ois. &nbsp;<\/p>\n","protected":false},"featured_media":36027,"comment_status":"open","ping_status":"closed","template":"","meta":{"_acf_changed":false},"product_brand":[],"product_cat":[108,33],"product_tag":[],"class_list":{"0":"post-36026","1":"product","2":"type-product","3":"status-publish","4":"has-post-thumbnail","6":"product_cat-musique-harpe-celtique","7":"product_cat-partitions-pour-harpe","9":"first","10":"instock","11":"taxable","12":"shipping-taxable","13":"purchasable","14":"product-type-simple"},"acf":[],"yoast_head":"<title>PERNEL Fran\u00e7ois : Bo\u00eete \u00e0 Outils (\u00e9dition classique, \u00e0 couverture souple) - nouvelle musique pour harpe celtique<\/title>\n<meta name=\"description\" content=\"Un beau volume de plus de 68 solos, 5 duos avec une deuxi\u00e8me partie de harpe plus avanc\u00e9e, et 15 \u0153uvres &quot;\u00e0 la carte&quot; sp\u00e9cialement command\u00e9es.\" \/>\n<meta name=\"robots\" content=\"index, follow, max-snippet:-1, max-image-preview:large, max-video-preview:-1\" \/>\n<link rel=\"canonical\" href=\"https:\/\/shop.camac-harps.com\/fr\/produit\/pernel-francois-boite-a-outils\/\" \/>\n<meta property=\"og:locale\" content=\"fr_FR\" \/>\n<meta property=\"og:type\" content=\"article\" \/>\n<meta property=\"og:title\" content=\"PERNEL Fran\u00e7ois : Bo\u00eete \u00e0 Outils (\u00e9dition classique, \u00e0 couverture souple) - nouvelle musique pour harpe celtique\" \/>\n<meta property=\"og:description\" content=\"Un beau volume de plus de 68 solos, 5 duos avec une deuxi\u00e8me partie de harpe plus avanc\u00e9e, et 15 \u0153uvres &quot;\u00e0 la carte&quot; sp\u00e9cialement command\u00e9es.\" \/>\n<meta property=\"og:url\" content=\"https:\/\/shop.camac-harps.com\/fr\/produit\/pernel-francois-boite-a-outils\/\" \/>\n<meta property=\"og:site_name\" content=\"Camac Harps Shop\" \/>\n<meta property=\"article:modified_time\" content=\"2024-11-07T15:02:21+00:00\" \/>\n<meta property=\"og:image\" content=\"https:\/\/shop.camac-harps.com\/wp-content\/uploads\/sites\/25\/2021\/01\/plf13.jpg\" \/>\n\t<meta property=\"og:image:width\" content=\"1222\" \/>\n\t<meta property=\"og:image:height\" content=\"1723\" \/>\n\t<meta property=\"og:image:type\" content=\"image\/jpeg\" \/>\n<meta name=\"twitter:card\" content=\"summary_large_image\" \/>\n<script type=\"application\/ld+json\" class=\"yoast-schema-graph\">{\"@context\":\"https:\/\/schema.org\",\"@graph\":[{\"@type\":\"WebPage\",\"@id\":\"https:\/\/shop.camac-harps.com\/fr\/produit\/pernel-francois-boite-a-outils\/\",\"url\":\"https:\/\/shop.camac-harps.com\/fr\/produit\/pernel-francois-boite-a-outils\/\",\"name\":\"PERNEL Fran\u00e7ois : Bo\u00eete \u00e0 Outils (\u00e9dition classique, \u00e0 couverture souple) - nouvelle musique pour harpe celtique\",\"isPartOf\":{\"@id\":\"https:\/\/shop.camac-harps.com\/fr\/#website\"},\"primaryImageOfPage\":{\"@id\":\"https:\/\/shop.camac-harps.com\/fr\/produit\/pernel-francois-boite-a-outils\/#primaryimage\"},\"image\":{\"@id\":\"https:\/\/shop.camac-harps.com\/fr\/produit\/pernel-francois-boite-a-outils\/#primaryimage\"},\"thumbnailUrl\":\"https:\/\/shop.camac-harps.com\/wp-content\/uploads\/sites\/25\/2021\/01\/plf13.jpg\",\"datePublished\":\"2021-01-20T15:37:45+00:00\",\"dateModified\":\"2024-11-07T15:02:21+00:00\",\"description\":\"Un beau volume de plus de 68 solos, 5 duos avec une deuxi\u00e8me partie de harpe plus avanc\u00e9e, et 15 \u0153uvres \\\"\u00e0 la carte\\\" sp\u00e9cialement command\u00e9es.\",\"breadcrumb\":{\"@id\":\"https:\/\/shop.camac-harps.com\/fr\/produit\/pernel-francois-boite-a-outils\/#breadcrumb\"},\"inLanguage\":\"fr-FR\",\"potentialAction\":[{\"@type\":\"ReadAction\",\"target\":[\"https:\/\/shop.camac-harps.com\/fr\/produit\/pernel-francois-boite-a-outils\/\"]}]},{\"@type\":\"ImageObject\",\"inLanguage\":\"fr-FR\",\"@id\":\"https:\/\/shop.camac-harps.com\/fr\/produit\/pernel-francois-boite-a-outils\/#primaryimage\",\"url\":\"https:\/\/shop.camac-harps.com\/wp-content\/uploads\/sites\/25\/2021\/01\/plf13.jpg\",\"contentUrl\":\"https:\/\/shop.camac-harps.com\/wp-content\/uploads\/sites\/25\/2021\/01\/plf13.jpg\",\"width\":1222,\"height\":1723,\"caption\":\"PERNEL Fran\u00e7ois : Bo\u00eete \u00e0 Outils\"},{\"@type\":\"BreadcrumbList\",\"@id\":\"https:\/\/shop.camac-harps.com\/fr\/produit\/pernel-francois-boite-a-outils\/#breadcrumb\",\"itemListElement\":[{\"@type\":\"ListItem\",\"position\":1,\"name\":\"Home\",\"item\":\"https:\/\/shop.camac-harps.com\/fr\/homepage\/\"},{\"@type\":\"ListItem\",\"position\":2,\"name\":\"Accueil\",\"item\":\"https:\/\/shop.camac-harps.com\/fr\/homepage\/\"},{\"@type\":\"ListItem\",\"position\":3,\"name\":\"PERNEL Fran\u00e7ois : Bo\u00eete \u00e0 Outils (\u00e9dition classique, \u00e0 couverture souple)\"}]},{\"@type\":\"WebSite\",\"@id\":\"https:\/\/shop.camac-harps.com\/fr\/#website\",\"url\":\"https:\/\/shop.camac-harps.com\/fr\/\",\"name\":\"Camac Harps Shop\",\"description\":\"\",\"potentialAction\":[{\"@type\":\"SearchAction\",\"target\":{\"@type\":\"EntryPoint\",\"urlTemplate\":\"https:\/\/shop.camac-harps.com\/fr\/?s={search_term_string}\"},\"query-input\":{\"@type\":\"PropertyValueSpecification\",\"valueRequired\":true,\"valueName\":\"search_term_string\"}}],\"inLanguage\":\"fr-FR\"}]}<\/script>","yoast_head_json":{"title":"PERNEL Fran\u00e7ois : Bo\u00eete \u00e0 Outils (\u00e9dition classique, \u00e0 couverture souple) - nouvelle musique pour harpe celtique","description":"Un beau volume de plus de 68 solos, 5 duos avec une deuxi\u00e8me partie de harpe plus avanc\u00e9e, et 15 \u0153uvres \"\u00e0 la carte\" sp\u00e9cialement command\u00e9es.","robots":{"index":"index","follow":"follow","max-snippet":"max-snippet:-1","max-image-preview":"max-image-preview:large","max-video-preview":"max-video-preview:-1"},"canonical":"https:\/\/shop.camac-harps.com\/fr\/produit\/pernel-francois-boite-a-outils\/","og_locale":"fr_FR","og_type":"article","og_title":"PERNEL Fran\u00e7ois : Bo\u00eete \u00e0 Outils (\u00e9dition classique, \u00e0 couverture souple) - nouvelle musique pour harpe celtique","og_description":"Un beau volume de plus de 68 solos, 5 duos avec une deuxi\u00e8me partie de harpe plus avanc\u00e9e, et 15 \u0153uvres \"\u00e0 la carte\" sp\u00e9cialement command\u00e9es.","og_url":"https:\/\/shop.camac-harps.com\/fr\/produit\/pernel-francois-boite-a-outils\/","og_site_name":"Camac Harps Shop","article_modified_time":"2024-11-07T15:02:21+00:00","og_image":[{"width":1222,"height":1723,"url":"https:\/\/shop.camac-harps.com\/wp-content\/uploads\/sites\/25\/2021\/01\/plf13.jpg","type":"image\/jpeg"}],"twitter_card":"summary_large_image","schema":{"@context":"https:\/\/schema.org","@graph":[{"@type":"WebPage","@id":"https:\/\/shop.camac-harps.com\/fr\/produit\/pernel-francois-boite-a-outils\/","url":"https:\/\/shop.camac-harps.com\/fr\/produit\/pernel-francois-boite-a-outils\/","name":"PERNEL Fran\u00e7ois : Bo\u00eete \u00e0 Outils (\u00e9dition classique, \u00e0 couverture souple) - nouvelle musique pour harpe celtique","isPartOf":{"@id":"https:\/\/shop.camac-harps.com\/fr\/#website"},"primaryImageOfPage":{"@id":"https:\/\/shop.camac-harps.com\/fr\/produit\/pernel-francois-boite-a-outils\/#primaryimage"},"image":{"@id":"https:\/\/shop.camac-harps.com\/fr\/produit\/pernel-francois-boite-a-outils\/#primaryimage"},"thumbnailUrl":"https:\/\/shop.camac-harps.com\/wp-content\/uploads\/sites\/25\/2021\/01\/plf13.jpg","datePublished":"2021-01-20T15:37:45+00:00","dateModified":"2024-11-07T15:02:21+00:00","description":"Un beau volume de plus de 68 solos, 5 duos avec une deuxi\u00e8me partie de harpe plus avanc\u00e9e, et 15 \u0153uvres \"\u00e0 la carte\" sp\u00e9cialement command\u00e9es.","breadcrumb":{"@id":"https:\/\/shop.camac-harps.com\/fr\/produit\/pernel-francois-boite-a-outils\/#breadcrumb"},"inLanguage":"fr-FR","potentialAction":[{"@type":"ReadAction","target":["https:\/\/shop.camac-harps.com\/fr\/produit\/pernel-francois-boite-a-outils\/"]}]},{"@type":"ImageObject","inLanguage":"fr-FR","@id":"https:\/\/shop.camac-harps.com\/fr\/produit\/pernel-francois-boite-a-outils\/#primaryimage","url":"https:\/\/shop.camac-harps.com\/wp-content\/uploads\/sites\/25\/2021\/01\/plf13.jpg","contentUrl":"https:\/\/shop.camac-harps.com\/wp-content\/uploads\/sites\/25\/2021\/01\/plf13.jpg","width":1222,"height":1723,"caption":"PERNEL Fran\u00e7ois : Bo\u00eete \u00e0 Outils"},{"@type":"BreadcrumbList","@id":"https:\/\/shop.camac-harps.com\/fr\/produit\/pernel-francois-boite-a-outils\/#breadcrumb","itemListElement":[{"@type":"ListItem","position":1,"name":"Home","item":"https:\/\/shop.camac-harps.com\/fr\/homepage\/"},{"@type":"ListItem","position":2,"name":"Accueil","item":"https:\/\/shop.camac-harps.com\/fr\/homepage\/"},{"@type":"ListItem","position":3,"name":"PERNEL Fran\u00e7ois : Bo\u00eete \u00e0 Outils (\u00e9dition classique, \u00e0 couverture souple)"}]},{"@type":"WebSite","@id":"https:\/\/shop.camac-harps.com\/fr\/#website","url":"https:\/\/shop.camac-harps.com\/fr\/","name":"Camac Harps Shop","description":"","potentialAction":[{"@type":"SearchAction","target":{"@type":"EntryPoint","urlTemplate":"https:\/\/shop.camac-harps.com\/fr\/?s={search_term_string}"},"query-input":{"@type":"PropertyValueSpecification","valueRequired":true,"valueName":"search_term_string"}}],"inLanguage":"fr-FR"}]}},"_links":{"self":[{"href":"https:\/\/shop.camac-harps.com\/fr\/wp-json\/wp\/v2\/product\/36026","targetHints":{"allow":["GET"]}}],"collection":[{"href":"https:\/\/shop.camac-harps.com\/fr\/wp-json\/wp\/v2\/product"}],"about":[{"href":"https:\/\/shop.camac-harps.com\/fr\/wp-json\/wp\/v2\/types\/product"}],"replies":[{"embeddable":true,"href":"https:\/\/shop.camac-harps.com\/fr\/wp-json\/wp\/v2\/comments?post=36026"}],"wp:featuredmedia":[{"embeddable":true,"href":"https:\/\/shop.camac-harps.com\/fr\/wp-json\/wp\/v2\/media\/36027"}],"wp:attachment":[{"href":"https:\/\/shop.camac-harps.com\/fr\/wp-json\/wp\/v2\/media?parent=36026"}],"wp:term":[{"taxonomy":"product_brand","embeddable":true,"href":"https:\/\/shop.camac-harps.com\/fr\/wp-json\/wp\/v2\/product_brand?post=36026"},{"taxonomy":"product_cat","embeddable":true,"href":"https:\/\/shop.camac-harps.com\/fr\/wp-json\/wp\/v2\/product_cat?post=36026"},{"taxonomy":"product_tag","embeddable":true,"href":"https:\/\/shop.camac-harps.com\/fr\/wp-json\/wp\/v2\/product_tag?post=36026"}],"curies":[{"name":"wp","href":"https:\/\/api.w.org\/{rel}","templated":true}]}}