{"id":36494,"date":"2021-02-05T09:50:55","date_gmt":"2021-02-05T09:50:55","guid":{"rendered":"https:\/\/shop.camac-harps.com\/?post_type=product&#038;p=36494"},"modified":"2026-01-21T12:58:17","modified_gmt":"2026-01-21T12:58:17","slug":"harbison-janet-by-strangford-water-partition","status":"publish","type":"product","link":"https:\/\/shop.camac-harps.com\/fr\/produit\/harbison-janet-by-strangford-water-partition\/","title":{"rendered":"HARBISON Janet : By Strangford Water (partition)"},"content":{"rendered":"<p style=\"text-align: justify;\">Plongez dans l&rsquo;univers de la harpe irlandaise avec le magnifique et tr\u00e8s personnel album de Janet Harbison, sorti en 2020. Chaque morceau de l&rsquo;album a sa propre histoire, que Janet nous raconte dans le livret du disque. Parmi celles-ci, \u00ab Farewell Jo\u00ebl \u00bb, l&rsquo;hommage de Janet au fondateur des Harpes Camac, Jo\u00ebl Garnier. C&rsquo;est Jo\u00ebl qui a commenc\u00e9 la conception de la harpe que nous avons fabriqu\u00e9e pour Janet, qui porte son nom et que l&rsquo;on trouve maintenant partout dans le monde.<\/p>\n<p style=\"text-align: justify;\">Jo\u00ebl n&rsquo;a pas v\u00e9cu assez longtemps pour voir la harpe termin\u00e9e. Janet a compos\u00e9 cet hommage \u00e0 son intention \u00ab en reconnaissance de son amour, de son soutien et de sa g\u00e9n\u00e9rosit\u00e9 \u00bb.<\/p>\n<p style=\"text-align: justify;\">Une autre histoire est celle de \u00ab Strangford Water \u00bb, qui a donn\u00e9 son titre \u00e0 l&rsquo;album. <br \/>\n\u00ab Strangford est le nom du lac juste au sud de Belfast \u00bb, explique Janet. \u00ab Il s\u2019agit en fait d\u2019un lac soumis \u00e0 des mar\u00e9es qui regorge d\u2019une vie sauvage incroyable et est un site naturel prot\u00e9g\u00e9. J\u2019ai \u00e9crit ce morceau pour le quatre-vingti\u00e8me anniversaire de mon professeur \u00e0 l\u2019Institute of Irish Studies. Il m\u2019avait dit que quand il aurait quatre-vingts ans, il voudrait s\u2019asseoir dans sa chaise paisiblement et regarder le flux et le reflux en attendant l\u2019arriv\u00e9e des oies au printemps. Donc cette pi\u00e8ce est comme une peinture sonore de Strangford Loch. De l\u2019eau calme et pleine de beaut\u00e9, de fertilit\u00e9 et de mouvement. \u00bb<\/p>\n<p style=\"text-align: justify;\">Un <a href=\"https:\/\/shop.camac-harps.com\/fr\/produit\/harbison-janet-by-strangford-water\/\">CD<\/a> est disponible pour accompagner ce receuil de partitions.<\/p>\n","protected":false},"excerpt":{"rendered":"<p>Plongez dans l&rsquo;univers de la harpe irlandaise avec le magnifique et tr\u00e8s personnel album de Janet Harbison, sorti en 2020. Chaque morceau de l&rsquo;album a sa propre histoire, que Janet nous raconte dans le livret du disque. Parmi celles-ci, \u00ab Farewell Jo\u00ebl \u00bb, l&rsquo;hommage de Janet au fondateur des Harpes Camac, Jo\u00ebl Garnier. C&rsquo;est Jo\u00ebl [&hellip;]<\/p>\n","protected":false},"featured_media":36460,"comment_status":"open","ping_status":"closed","template":"","meta":{"_acf_changed":false},"product_brand":[],"product_cat":[108,33],"product_tag":[],"class_list":{"0":"post-36494","1":"product","2":"type-product","3":"status-publish","4":"has-post-thumbnail","6":"product_cat-musique-harpe-celtique","7":"product_cat-partitions-pour-harpe","9":"first","10":"instock","11":"taxable","12":"shipping-taxable","13":"purchasable","14":"product-type-simple"},"acf":[],"yoast_head":"<title>Musique de harpe irlandaise | HARBISON Janet : By Strangford Water (partition)<\/title>\n<meta name=\"description\" content=\"Musique de harpe irlandaise \/ harpe celtique | CD \u00e9galement disponible | Boutique en ligne des Harpes Camac.\" \/>\n<meta name=\"robots\" content=\"index, follow, max-snippet:-1, max-image-preview:large, max-video-preview:-1\" \/>\n<link rel=\"canonical\" href=\"https:\/\/shop.camac-harps.com\/fr\/produit\/harbison-janet-by-strangford-water-partition\/\" \/>\n<meta property=\"og:locale\" content=\"fr_FR\" \/>\n<meta property=\"og:type\" content=\"article\" \/>\n<meta property=\"og:title\" content=\"Musique de harpe irlandaise | HARBISON Janet : By Strangford Water (partition)\" \/>\n<meta property=\"og:description\" content=\"Musique de harpe irlandaise \/ harpe celtique | CD \u00e9galement disponible | Boutique en ligne des Harpes Camac.\" \/>\n<meta property=\"og:url\" content=\"https:\/\/shop.camac-harps.com\/fr\/produit\/harbison-janet-by-strangford-water-partition\/\" \/>\n<meta property=\"og:site_name\" content=\"Camac Harps Shop\" \/>\n<meta property=\"article:modified_time\" content=\"2026-01-21T12:58:17+00:00\" \/>\n<meta property=\"og:image\" content=\"https:\/\/shop.camac-harps.com\/wp-content\/uploads\/sites\/25\/2021\/02\/hnjt37-scaled.jpg\" \/>\n\t<meta property=\"og:image:width\" content=\"1772\" \/>\n\t<meta property=\"og:image:height\" content=\"2560\" \/>\n\t<meta property=\"og:image:type\" content=\"image\/jpeg\" \/>\n<meta name=\"twitter:card\" content=\"summary_large_image\" \/>\n<meta name=\"twitter:label1\" content=\"Dur\u00e9e de lecture estim\u00e9e\" \/>\n\t<meta name=\"twitter:data1\" content=\"2 minutes\" \/>\n<script type=\"application\/ld+json\" class=\"yoast-schema-graph\">{\"@context\":\"https:\/\/schema.org\",\"@graph\":[{\"@type\":\"WebPage\",\"@id\":\"https:\/\/shop.camac-harps.com\/fr\/produit\/harbison-janet-by-strangford-water-partition\/\",\"url\":\"https:\/\/shop.camac-harps.com\/fr\/produit\/harbison-janet-by-strangford-water-partition\/\",\"name\":\"Musique de harpe irlandaise | HARBISON Janet : By Strangford Water (partition)\",\"isPartOf\":{\"@id\":\"https:\/\/shop.camac-harps.com\/fr\/#website\"},\"primaryImageOfPage\":{\"@id\":\"https:\/\/shop.camac-harps.com\/fr\/produit\/harbison-janet-by-strangford-water-partition\/#primaryimage\"},\"image\":{\"@id\":\"https:\/\/shop.camac-harps.com\/fr\/produit\/harbison-janet-by-strangford-water-partition\/#primaryimage\"},\"thumbnailUrl\":\"https:\/\/shop.camac-harps.com\/wp-content\/uploads\/sites\/25\/2021\/02\/hnjt37-scaled.jpg\",\"datePublished\":\"2021-02-05T09:50:55+00:00\",\"dateModified\":\"2026-01-21T12:58:17+00:00\",\"description\":\"Musique de harpe irlandaise \/ harpe celtique | CD \u00e9galement disponible | Boutique en ligne des Harpes Camac.\",\"breadcrumb\":{\"@id\":\"https:\/\/shop.camac-harps.com\/fr\/produit\/harbison-janet-by-strangford-water-partition\/#breadcrumb\"},\"inLanguage\":\"fr-FR\",\"potentialAction\":[{\"@type\":\"ReadAction\",\"target\":[\"https:\/\/shop.camac-harps.com\/fr\/produit\/harbison-janet-by-strangford-water-partition\/\"]}]},{\"@type\":\"ImageObject\",\"inLanguage\":\"fr-FR\",\"@id\":\"https:\/\/shop.camac-harps.com\/fr\/produit\/harbison-janet-by-strangford-water-partition\/#primaryimage\",\"url\":\"https:\/\/shop.camac-harps.com\/wp-content\/uploads\/sites\/25\/2021\/02\/hnjt37-scaled.jpg\",\"contentUrl\":\"https:\/\/shop.camac-harps.com\/wp-content\/uploads\/sites\/25\/2021\/02\/hnjt37-scaled.jpg\",\"width\":1772,\"height\":2560,\"caption\":\"HARBISON Janet : By Strangford Water, the music book\"},{\"@type\":\"BreadcrumbList\",\"@id\":\"https:\/\/shop.camac-harps.com\/fr\/produit\/harbison-janet-by-strangford-water-partition\/#breadcrumb\",\"itemListElement\":[{\"@type\":\"ListItem\",\"position\":1,\"name\":\"Home\",\"item\":\"https:\/\/shop.camac-harps.com\/fr\/homepage\/\"},{\"@type\":\"ListItem\",\"position\":2,\"name\":\"Accueil\",\"item\":\"https:\/\/shop.camac-harps.com\/fr\/homepage\/\"},{\"@type\":\"ListItem\",\"position\":3,\"name\":\"HARBISON Janet : By Strangford Water (partition)\"}]},{\"@type\":\"WebSite\",\"@id\":\"https:\/\/shop.camac-harps.com\/fr\/#website\",\"url\":\"https:\/\/shop.camac-harps.com\/fr\/\",\"name\":\"Camac Harps Shop\",\"description\":\"\",\"potentialAction\":[{\"@type\":\"SearchAction\",\"target\":{\"@type\":\"EntryPoint\",\"urlTemplate\":\"https:\/\/shop.camac-harps.com\/fr\/?s={search_term_string}\"},\"query-input\":{\"@type\":\"PropertyValueSpecification\",\"valueRequired\":true,\"valueName\":\"search_term_string\"}}],\"inLanguage\":\"fr-FR\"}]}<\/script>","yoast_head_json":{"title":"Musique de harpe irlandaise | HARBISON Janet : By Strangford Water (partition)","description":"Musique de harpe irlandaise \/ harpe celtique | CD \u00e9galement disponible | Boutique en ligne des Harpes Camac.","robots":{"index":"index","follow":"follow","max-snippet":"max-snippet:-1","max-image-preview":"max-image-preview:large","max-video-preview":"max-video-preview:-1"},"canonical":"https:\/\/shop.camac-harps.com\/fr\/produit\/harbison-janet-by-strangford-water-partition\/","og_locale":"fr_FR","og_type":"article","og_title":"Musique de harpe irlandaise | HARBISON Janet : By Strangford Water (partition)","og_description":"Musique de harpe irlandaise \/ harpe celtique | CD \u00e9galement disponible | Boutique en ligne des Harpes Camac.","og_url":"https:\/\/shop.camac-harps.com\/fr\/produit\/harbison-janet-by-strangford-water-partition\/","og_site_name":"Camac Harps Shop","article_modified_time":"2026-01-21T12:58:17+00:00","og_image":[{"width":1772,"height":2560,"url":"https:\/\/shop.camac-harps.com\/wp-content\/uploads\/sites\/25\/2021\/02\/hnjt37-scaled.jpg","type":"image\/jpeg"}],"twitter_card":"summary_large_image","twitter_misc":{"Dur\u00e9e de lecture estim\u00e9e":"2 minutes"},"schema":{"@context":"https:\/\/schema.org","@graph":[{"@type":"WebPage","@id":"https:\/\/shop.camac-harps.com\/fr\/produit\/harbison-janet-by-strangford-water-partition\/","url":"https:\/\/shop.camac-harps.com\/fr\/produit\/harbison-janet-by-strangford-water-partition\/","name":"Musique de harpe irlandaise | HARBISON Janet : By Strangford Water (partition)","isPartOf":{"@id":"https:\/\/shop.camac-harps.com\/fr\/#website"},"primaryImageOfPage":{"@id":"https:\/\/shop.camac-harps.com\/fr\/produit\/harbison-janet-by-strangford-water-partition\/#primaryimage"},"image":{"@id":"https:\/\/shop.camac-harps.com\/fr\/produit\/harbison-janet-by-strangford-water-partition\/#primaryimage"},"thumbnailUrl":"https:\/\/shop.camac-harps.com\/wp-content\/uploads\/sites\/25\/2021\/02\/hnjt37-scaled.jpg","datePublished":"2021-02-05T09:50:55+00:00","dateModified":"2026-01-21T12:58:17+00:00","description":"Musique de harpe irlandaise \/ harpe celtique | CD \u00e9galement disponible | Boutique en ligne des Harpes Camac.","breadcrumb":{"@id":"https:\/\/shop.camac-harps.com\/fr\/produit\/harbison-janet-by-strangford-water-partition\/#breadcrumb"},"inLanguage":"fr-FR","potentialAction":[{"@type":"ReadAction","target":["https:\/\/shop.camac-harps.com\/fr\/produit\/harbison-janet-by-strangford-water-partition\/"]}]},{"@type":"ImageObject","inLanguage":"fr-FR","@id":"https:\/\/shop.camac-harps.com\/fr\/produit\/harbison-janet-by-strangford-water-partition\/#primaryimage","url":"https:\/\/shop.camac-harps.com\/wp-content\/uploads\/sites\/25\/2021\/02\/hnjt37-scaled.jpg","contentUrl":"https:\/\/shop.camac-harps.com\/wp-content\/uploads\/sites\/25\/2021\/02\/hnjt37-scaled.jpg","width":1772,"height":2560,"caption":"HARBISON Janet : By Strangford Water, the music book"},{"@type":"BreadcrumbList","@id":"https:\/\/shop.camac-harps.com\/fr\/produit\/harbison-janet-by-strangford-water-partition\/#breadcrumb","itemListElement":[{"@type":"ListItem","position":1,"name":"Home","item":"https:\/\/shop.camac-harps.com\/fr\/homepage\/"},{"@type":"ListItem","position":2,"name":"Accueil","item":"https:\/\/shop.camac-harps.com\/fr\/homepage\/"},{"@type":"ListItem","position":3,"name":"HARBISON Janet : By Strangford Water (partition)"}]},{"@type":"WebSite","@id":"https:\/\/shop.camac-harps.com\/fr\/#website","url":"https:\/\/shop.camac-harps.com\/fr\/","name":"Camac Harps Shop","description":"","potentialAction":[{"@type":"SearchAction","target":{"@type":"EntryPoint","urlTemplate":"https:\/\/shop.camac-harps.com\/fr\/?s={search_term_string}"},"query-input":{"@type":"PropertyValueSpecification","valueRequired":true,"valueName":"search_term_string"}}],"inLanguage":"fr-FR"}]}},"_links":{"self":[{"href":"https:\/\/shop.camac-harps.com\/fr\/wp-json\/wp\/v2\/product\/36494","targetHints":{"allow":["GET"]}}],"collection":[{"href":"https:\/\/shop.camac-harps.com\/fr\/wp-json\/wp\/v2\/product"}],"about":[{"href":"https:\/\/shop.camac-harps.com\/fr\/wp-json\/wp\/v2\/types\/product"}],"replies":[{"embeddable":true,"href":"https:\/\/shop.camac-harps.com\/fr\/wp-json\/wp\/v2\/comments?post=36494"}],"wp:featuredmedia":[{"embeddable":true,"href":"https:\/\/shop.camac-harps.com\/fr\/wp-json\/wp\/v2\/media\/36460"}],"wp:attachment":[{"href":"https:\/\/shop.camac-harps.com\/fr\/wp-json\/wp\/v2\/media?parent=36494"}],"wp:term":[{"taxonomy":"product_brand","embeddable":true,"href":"https:\/\/shop.camac-harps.com\/fr\/wp-json\/wp\/v2\/product_brand?post=36494"},{"taxonomy":"product_cat","embeddable":true,"href":"https:\/\/shop.camac-harps.com\/fr\/wp-json\/wp\/v2\/product_cat?post=36494"},{"taxonomy":"product_tag","embeddable":true,"href":"https:\/\/shop.camac-harps.com\/fr\/wp-json\/wp\/v2\/product_tag?post=36494"}],"curies":[{"name":"wp","href":"https:\/\/api.w.org\/{rel}","templated":true}]}}