{"id":36779,"date":"2021-02-22T11:41:45","date_gmt":"2021-02-22T11:41:45","guid":{"rendered":"https:\/\/shop.camac-harps.com\/?post_type=product&#038;p=36779"},"modified":"2025-02-14T16:48:28","modified_gmt":"2025-02-14T16:48:28","slug":"harbison-janet-by-strangford-water","status":"publish","type":"product","link":"https:\/\/shop.camac-harps.com\/fr\/produit\/harbison-janet-by-strangford-water\/","title":{"rendered":"HARBISON Janet : By Strangford Water"},"content":{"rendered":"<p style=\"text-align: justify;\">Plongez dans l&rsquo;univers de la harpe irlandaise avec le magnifique et tr\u00e8s personnel album de Janet Harbison, sorti en 2020. Chaque morceau de l&rsquo;album a sa propre histoire, que Janet nous raconte dans le livret du disque. Parmi celles-ci, \u00ab Farewell Jo\u00ebl \u00bb, l&rsquo;hommage de Janet au fondateur des Harpes Camac, Jo\u00ebl Garnier. C&rsquo;est Jo\u00ebl qui a commenc\u00e9 la conception de la harpe que nous avons fabriqu\u00e9e pour Janet, qui porte son nom et que l&rsquo;on trouve maintenant partout dans le monde.<\/p>\n<p style=\"text-align: justify;\">Jo\u00ebl n&rsquo;a pas v\u00e9cu assez longtemps pour voir la harpe termin\u00e9e. Janet a compos\u00e9 cet hommage \u00e0 son intention \u00ab en reconnaissance de son amour, de son soutien et de sa g\u00e9n\u00e9rosit\u00e9 \u00bb.<\/p>\n<p style=\"text-align: justify;\">Une autre histoire est celle de \u00ab Strangford Water \u00bb, qui a donn\u00e9 son titre \u00e0 l&rsquo;album. <br \/>\n\u00ab Strangford est le nom du lac juste au sud de Belfast \u00bb, explique Janet. \u00ab Il s\u2019agit en fait d\u2019un lac soumis \u00e0 des mar\u00e9es qui regorge d\u2019une vie sauvage incroyable et est un site naturel prot\u00e9g\u00e9. J\u2019ai \u00e9crit ce morceau pour le quatre-vingti\u00e8me anniversaire de mon professeur \u00e0 l\u2019Institute of Irish Studies. Il m\u2019avait dit que quand il aurait quantre-vingts ans, il voudrait s\u2019asseoir dans sa chaise paisiblement et regarder le flux et le reflux en attendant l\u2019arriv\u00e9e des oies au printemps. Donc cette pi\u00e8ce est comme une peinture sonore de Strangford Loch. De l\u2019eau calme et pleine de beaut\u00e9, de fertilit\u00e9 et de mouvement. \u00bb<\/p>\n<p style=\"text-align: justify;\">Un <a href=\"https:\/\/shop.camac-harps.com\/fr\/produit\/harbison-janet-by-strangford-water-partition\/\">recueil de partitions<\/a> est disponible pour accompagner ce CD.<\/p>\n","protected":false},"excerpt":{"rendered":"<p>Plongez dans l&rsquo;univers de la harpe irlandaise avec le magnifique et tr\u00e8s personnel album de Janet Harbison, sorti en 2020. Chaque morceau de l&rsquo;album a sa propre histoire, que Janet nous raconte dans le livret du disque. Parmi celles-ci, \u00ab Farewell Jo\u00ebl \u00bb, l&rsquo;hommage de Janet au fondateur des Harpes Camac, Jo\u00ebl Garnier. C&rsquo;est Jo\u00ebl [&hellip;]<\/p>\n","protected":false},"featured_media":36780,"comment_status":"open","ping_status":"closed","template":"","meta":{"_acf_changed":false},"product_brand":[],"product_cat":[366,96],"product_tag":[],"class_list":{"0":"post-36779","1":"product","2":"type-product","3":"status-publish","4":"has-post-thumbnail","6":"product_cat-cd","7":"product_cat-cd-dvd-fr","9":"first","10":"instock","11":"taxable","12":"shipping-taxable","13":"purchasable","14":"product-type-simple"},"acf":[],"yoast_head":"<title>Musique de harpe irlandaise | Janet HARBISON: By Strangford Water<\/title>\n<meta name=\"description\" content=\"Plongez dans l&#039;univers de la harpe irlandaise avec le magnifique et tr\u00e8s personnel album de Janet Harbison | Boutique en ligne Camac\" \/>\n<meta name=\"robots\" content=\"index, follow, max-snippet:-1, max-image-preview:large, max-video-preview:-1\" \/>\n<link rel=\"canonical\" href=\"https:\/\/shop.camac-harps.com\/fr\/produit\/harbison-janet-by-strangford-water\/\" \/>\n<meta property=\"og:locale\" content=\"fr_FR\" \/>\n<meta property=\"og:type\" content=\"article\" \/>\n<meta property=\"og:title\" content=\"Musique de harpe irlandaise | Janet HARBISON: By Strangford Water\" \/>\n<meta property=\"og:description\" content=\"Plongez dans l&#039;univers de la harpe irlandaise avec le magnifique et tr\u00e8s personnel album de Janet Harbison | Boutique en ligne Camac\" \/>\n<meta property=\"og:url\" content=\"https:\/\/shop.camac-harps.com\/fr\/produit\/harbison-janet-by-strangford-water\/\" \/>\n<meta property=\"og:site_name\" content=\"Camac Harps Shop\" \/>\n<meta property=\"article:modified_time\" content=\"2025-02-14T16:48:28+00:00\" \/>\n<meta property=\"og:image\" content=\"https:\/\/shop.camac-harps.com\/wp-content\/uploads\/sites\/25\/2021\/02\/cdhnj08.jpg\" \/>\n\t<meta property=\"og:image:width\" content=\"700\" \/>\n\t<meta property=\"og:image:height\" content=\"700\" \/>\n\t<meta property=\"og:image:type\" content=\"image\/jpeg\" \/>\n<meta name=\"twitter:card\" content=\"summary_large_image\" \/>\n<meta name=\"twitter:label1\" content=\"Dur\u00e9e de lecture estim\u00e9e\" \/>\n\t<meta name=\"twitter:data1\" content=\"2 minutes\" \/>\n<script type=\"application\/ld+json\" class=\"yoast-schema-graph\">{\"@context\":\"https:\/\/schema.org\",\"@graph\":[{\"@type\":\"WebPage\",\"@id\":\"https:\/\/shop.camac-harps.com\/fr\/produit\/harbison-janet-by-strangford-water\/\",\"url\":\"https:\/\/shop.camac-harps.com\/fr\/produit\/harbison-janet-by-strangford-water\/\",\"name\":\"Musique de harpe irlandaise | Janet HARBISON: By Strangford Water\",\"isPartOf\":{\"@id\":\"https:\/\/shop.camac-harps.com\/fr\/#website\"},\"primaryImageOfPage\":{\"@id\":\"https:\/\/shop.camac-harps.com\/fr\/produit\/harbison-janet-by-strangford-water\/#primaryimage\"},\"image\":{\"@id\":\"https:\/\/shop.camac-harps.com\/fr\/produit\/harbison-janet-by-strangford-water\/#primaryimage\"},\"thumbnailUrl\":\"https:\/\/shop.camac-harps.com\/wp-content\/uploads\/sites\/25\/2021\/02\/cdhnj08.jpg\",\"datePublished\":\"2021-02-22T11:41:45+00:00\",\"dateModified\":\"2025-02-14T16:48:28+00:00\",\"description\":\"Plongez dans l'univers de la harpe irlandaise avec le magnifique et tr\u00e8s personnel album de Janet Harbison | Boutique en ligne Camac\",\"breadcrumb\":{\"@id\":\"https:\/\/shop.camac-harps.com\/fr\/produit\/harbison-janet-by-strangford-water\/#breadcrumb\"},\"inLanguage\":\"fr-FR\",\"potentialAction\":[{\"@type\":\"ReadAction\",\"target\":[\"https:\/\/shop.camac-harps.com\/fr\/produit\/harbison-janet-by-strangford-water\/\"]}]},{\"@type\":\"ImageObject\",\"inLanguage\":\"fr-FR\",\"@id\":\"https:\/\/shop.camac-harps.com\/fr\/produit\/harbison-janet-by-strangford-water\/#primaryimage\",\"url\":\"https:\/\/shop.camac-harps.com\/wp-content\/uploads\/sites\/25\/2021\/02\/cdhnj08.jpg\",\"contentUrl\":\"https:\/\/shop.camac-harps.com\/wp-content\/uploads\/sites\/25\/2021\/02\/cdhnj08.jpg\",\"width\":700,\"height\":700,\"caption\":\"HARBISON Janet : By Strangford Water\"},{\"@type\":\"BreadcrumbList\",\"@id\":\"https:\/\/shop.camac-harps.com\/fr\/produit\/harbison-janet-by-strangford-water\/#breadcrumb\",\"itemListElement\":[{\"@type\":\"ListItem\",\"position\":1,\"name\":\"Home\",\"item\":\"https:\/\/shop.camac-harps.com\/fr\/homepage\/\"},{\"@type\":\"ListItem\",\"position\":2,\"name\":\"Accueil\",\"item\":\"https:\/\/shop.camac-harps.com\/fr\/homepage\/\"},{\"@type\":\"ListItem\",\"position\":3,\"name\":\"HARBISON Janet : By Strangford Water\"}]},{\"@type\":\"WebSite\",\"@id\":\"https:\/\/shop.camac-harps.com\/fr\/#website\",\"url\":\"https:\/\/shop.camac-harps.com\/fr\/\",\"name\":\"Camac Harps Shop\",\"description\":\"\",\"potentialAction\":[{\"@type\":\"SearchAction\",\"target\":{\"@type\":\"EntryPoint\",\"urlTemplate\":\"https:\/\/shop.camac-harps.com\/fr\/?s={search_term_string}\"},\"query-input\":{\"@type\":\"PropertyValueSpecification\",\"valueRequired\":true,\"valueName\":\"search_term_string\"}}],\"inLanguage\":\"fr-FR\"}]}<\/script>","yoast_head_json":{"title":"Musique de harpe irlandaise | Janet HARBISON: By Strangford Water","description":"Plongez dans l'univers de la harpe irlandaise avec le magnifique et tr\u00e8s personnel album de Janet Harbison | Boutique en ligne Camac","robots":{"index":"index","follow":"follow","max-snippet":"max-snippet:-1","max-image-preview":"max-image-preview:large","max-video-preview":"max-video-preview:-1"},"canonical":"https:\/\/shop.camac-harps.com\/fr\/produit\/harbison-janet-by-strangford-water\/","og_locale":"fr_FR","og_type":"article","og_title":"Musique de harpe irlandaise | Janet HARBISON: By Strangford Water","og_description":"Plongez dans l'univers de la harpe irlandaise avec le magnifique et tr\u00e8s personnel album de Janet Harbison | Boutique en ligne Camac","og_url":"https:\/\/shop.camac-harps.com\/fr\/produit\/harbison-janet-by-strangford-water\/","og_site_name":"Camac Harps Shop","article_modified_time":"2025-02-14T16:48:28+00:00","og_image":[{"width":700,"height":700,"url":"https:\/\/shop.camac-harps.com\/wp-content\/uploads\/sites\/25\/2021\/02\/cdhnj08.jpg","type":"image\/jpeg"}],"twitter_card":"summary_large_image","twitter_misc":{"Dur\u00e9e de lecture estim\u00e9e":"2 minutes"},"schema":{"@context":"https:\/\/schema.org","@graph":[{"@type":"WebPage","@id":"https:\/\/shop.camac-harps.com\/fr\/produit\/harbison-janet-by-strangford-water\/","url":"https:\/\/shop.camac-harps.com\/fr\/produit\/harbison-janet-by-strangford-water\/","name":"Musique de harpe irlandaise | Janet HARBISON: By Strangford Water","isPartOf":{"@id":"https:\/\/shop.camac-harps.com\/fr\/#website"},"primaryImageOfPage":{"@id":"https:\/\/shop.camac-harps.com\/fr\/produit\/harbison-janet-by-strangford-water\/#primaryimage"},"image":{"@id":"https:\/\/shop.camac-harps.com\/fr\/produit\/harbison-janet-by-strangford-water\/#primaryimage"},"thumbnailUrl":"https:\/\/shop.camac-harps.com\/wp-content\/uploads\/sites\/25\/2021\/02\/cdhnj08.jpg","datePublished":"2021-02-22T11:41:45+00:00","dateModified":"2025-02-14T16:48:28+00:00","description":"Plongez dans l'univers de la harpe irlandaise avec le magnifique et tr\u00e8s personnel album de Janet Harbison | Boutique en ligne Camac","breadcrumb":{"@id":"https:\/\/shop.camac-harps.com\/fr\/produit\/harbison-janet-by-strangford-water\/#breadcrumb"},"inLanguage":"fr-FR","potentialAction":[{"@type":"ReadAction","target":["https:\/\/shop.camac-harps.com\/fr\/produit\/harbison-janet-by-strangford-water\/"]}]},{"@type":"ImageObject","inLanguage":"fr-FR","@id":"https:\/\/shop.camac-harps.com\/fr\/produit\/harbison-janet-by-strangford-water\/#primaryimage","url":"https:\/\/shop.camac-harps.com\/wp-content\/uploads\/sites\/25\/2021\/02\/cdhnj08.jpg","contentUrl":"https:\/\/shop.camac-harps.com\/wp-content\/uploads\/sites\/25\/2021\/02\/cdhnj08.jpg","width":700,"height":700,"caption":"HARBISON Janet : By Strangford Water"},{"@type":"BreadcrumbList","@id":"https:\/\/shop.camac-harps.com\/fr\/produit\/harbison-janet-by-strangford-water\/#breadcrumb","itemListElement":[{"@type":"ListItem","position":1,"name":"Home","item":"https:\/\/shop.camac-harps.com\/fr\/homepage\/"},{"@type":"ListItem","position":2,"name":"Accueil","item":"https:\/\/shop.camac-harps.com\/fr\/homepage\/"},{"@type":"ListItem","position":3,"name":"HARBISON Janet : By Strangford Water"}]},{"@type":"WebSite","@id":"https:\/\/shop.camac-harps.com\/fr\/#website","url":"https:\/\/shop.camac-harps.com\/fr\/","name":"Camac Harps Shop","description":"","potentialAction":[{"@type":"SearchAction","target":{"@type":"EntryPoint","urlTemplate":"https:\/\/shop.camac-harps.com\/fr\/?s={search_term_string}"},"query-input":{"@type":"PropertyValueSpecification","valueRequired":true,"valueName":"search_term_string"}}],"inLanguage":"fr-FR"}]}},"_links":{"self":[{"href":"https:\/\/shop.camac-harps.com\/fr\/wp-json\/wp\/v2\/product\/36779","targetHints":{"allow":["GET"]}}],"collection":[{"href":"https:\/\/shop.camac-harps.com\/fr\/wp-json\/wp\/v2\/product"}],"about":[{"href":"https:\/\/shop.camac-harps.com\/fr\/wp-json\/wp\/v2\/types\/product"}],"replies":[{"embeddable":true,"href":"https:\/\/shop.camac-harps.com\/fr\/wp-json\/wp\/v2\/comments?post=36779"}],"wp:featuredmedia":[{"embeddable":true,"href":"https:\/\/shop.camac-harps.com\/fr\/wp-json\/wp\/v2\/media\/36780"}],"wp:attachment":[{"href":"https:\/\/shop.camac-harps.com\/fr\/wp-json\/wp\/v2\/media?parent=36779"}],"wp:term":[{"taxonomy":"product_brand","embeddable":true,"href":"https:\/\/shop.camac-harps.com\/fr\/wp-json\/wp\/v2\/product_brand?post=36779"},{"taxonomy":"product_cat","embeddable":true,"href":"https:\/\/shop.camac-harps.com\/fr\/wp-json\/wp\/v2\/product_cat?post=36779"},{"taxonomy":"product_tag","embeddable":true,"href":"https:\/\/shop.camac-harps.com\/fr\/wp-json\/wp\/v2\/product_tag?post=36779"}],"curies":[{"name":"wp","href":"https:\/\/api.w.org\/{rel}","templated":true}]}}