{"id":38245,"date":"2021-05-19T08:51:55","date_gmt":"2021-05-19T08:51:55","guid":{"rendered":"https:\/\/shop.camac-harps.com\/?post_type=product&#038;p=38245"},"modified":"2024-07-17T15:09:55","modified_gmt":"2024-07-17T15:09:55","slug":"simon-evelina-phoenix-double-cd","status":"publish","type":"product","link":"https:\/\/shop.camac-harps.com\/fr\/produit\/simon-evelina-phoenix-double-cd\/","title":{"rendered":"SIMON Ev\u00e9lina : Phoenix (double CD)"},"content":{"rendered":"<p>Deux CD pour deux ambiances :<\/p>\n<p><strong>CD 1 \u2013 Fire<\/strong><br \/>\n11 Titres \u2013 Harpe, Chant, Basse, Batterie.<br \/>\nL\u2019ambiance est \u00e0 la danse, au rythme et au mouvement avec de la World, du reggae, de la Pop\u2026 La harpe d\u00e9voile ses basses g\u00e9n\u00e9reuses et les solos se d\u00e9chainent, le tout soutenu par une batterie \u00e9nergique. 9 compositions et 2 traditionnels.<\/p>\n<p><strong>CD 2 \u2013 Water<\/strong> <br \/>\n11 Titres \u2013 Harpe, Chant, Flute.<br \/>\nUne ambiance calme et pos\u00e9e : Celtique, Am\u00e9rindien, F\u00e9\u00e9rique\u2026 Les notes perlent comme l\u2019eau, tant\u00f4t calmes comme un lac, tant\u00f4t rapides comme un torrent de rivi\u00e8re. 10 compositions et 1 arrangement.<\/p>\n<p>Inclus :<br \/>\nLivret de 16 pages avec photos et paroles.<\/p>\n","protected":false},"excerpt":{"rendered":"<p>Deux CD pour deux ambiances : CD 1 \u2013 Fire 11 Titres \u2013 Harpe, Chant, Basse, Batterie. L\u2019ambiance est \u00e0 la danse, au rythme et au mouvement avec de la World, du reggae, de la Pop\u2026 La harpe d\u00e9voile ses basses g\u00e9n\u00e9reuses et les solos se d\u00e9chainent, le tout soutenu par une batterie \u00e9nergique. 9 [&hellip;]<\/p>\n","protected":false},"featured_media":38247,"comment_status":"open","ping_status":"closed","template":"","meta":{"_acf_changed":false},"product_brand":[],"product_cat":[366,96],"product_tag":[],"class_list":{"0":"post-38245","1":"product","2":"type-product","3":"status-publish","4":"has-post-thumbnail","6":"product_cat-cd","7":"product_cat-cd-dvd-fr","9":"first","10":"instock","11":"taxable","12":"shipping-taxable","13":"purchasable","14":"product-type-simple"},"acf":[],"yoast_head":"<title>SIMON Ev\u00e9lina : Phoenix (double CD) - Camac Harps Shop<\/title>\n<meta name=\"description\" content=\"Deux CD pour deux ambiances. Inclus : Livret de 16 pages avec photos et paroles. Disponible en ligne sur la boutique en ligne des Harpes Camac.\" \/>\n<meta name=\"robots\" content=\"index, follow, max-snippet:-1, max-image-preview:large, max-video-preview:-1\" \/>\n<link rel=\"canonical\" href=\"https:\/\/shop.camac-harps.com\/fr\/produit\/simon-evelina-phoenix-double-cd\/\" \/>\n<meta property=\"og:locale\" content=\"fr_FR\" \/>\n<meta property=\"og:type\" content=\"article\" \/>\n<meta property=\"og:title\" content=\"SIMON Ev\u00e9lina : Phoenix (double CD) - Camac Harps Shop\" \/>\n<meta property=\"og:description\" content=\"Deux CD pour deux ambiances. Inclus : Livret de 16 pages avec photos et paroles. Disponible en ligne sur la boutique en ligne des Harpes Camac.\" \/>\n<meta property=\"og:url\" content=\"https:\/\/shop.camac-harps.com\/fr\/produit\/simon-evelina-phoenix-double-cd\/\" \/>\n<meta property=\"og:site_name\" content=\"Camac Harps Shop\" \/>\n<meta property=\"article:modified_time\" content=\"2024-07-17T15:09:55+00:00\" \/>\n<meta property=\"og:image\" content=\"https:\/\/shop.camac-harps.com\/wp-content\/uploads\/sites\/25\/2021\/05\/cdsne01-1.jpg\" \/>\n\t<meta property=\"og:image:width\" content=\"879\" \/>\n\t<meta property=\"og:image:height\" content=\"789\" \/>\n\t<meta property=\"og:image:type\" content=\"image\/jpeg\" \/>\n<meta name=\"twitter:card\" content=\"summary_large_image\" \/>\n<meta name=\"twitter:label1\" content=\"Dur\u00e9e de lecture estim\u00e9e\" \/>\n\t<meta name=\"twitter:data1\" content=\"1 minute\" \/>\n<script type=\"application\/ld+json\" class=\"yoast-schema-graph\">{\"@context\":\"https:\/\/schema.org\",\"@graph\":[{\"@type\":\"WebPage\",\"@id\":\"https:\/\/shop.camac-harps.com\/fr\/produit\/simon-evelina-phoenix-double-cd\/\",\"url\":\"https:\/\/shop.camac-harps.com\/fr\/produit\/simon-evelina-phoenix-double-cd\/\",\"name\":\"SIMON Ev\u00e9lina : Phoenix (double CD) - Camac Harps Shop\",\"isPartOf\":{\"@id\":\"https:\/\/shop.camac-harps.com\/fr\/#website\"},\"primaryImageOfPage\":{\"@id\":\"https:\/\/shop.camac-harps.com\/fr\/produit\/simon-evelina-phoenix-double-cd\/#primaryimage\"},\"image\":{\"@id\":\"https:\/\/shop.camac-harps.com\/fr\/produit\/simon-evelina-phoenix-double-cd\/#primaryimage\"},\"thumbnailUrl\":\"https:\/\/shop.camac-harps.com\/wp-content\/uploads\/sites\/25\/2021\/05\/cdsne01-1.jpg\",\"datePublished\":\"2021-05-19T08:51:55+00:00\",\"dateModified\":\"2024-07-17T15:09:55+00:00\",\"description\":\"Deux CD pour deux ambiances. Inclus : Livret de 16 pages avec photos et paroles. Disponible en ligne sur la boutique en ligne des Harpes Camac.\",\"breadcrumb\":{\"@id\":\"https:\/\/shop.camac-harps.com\/fr\/produit\/simon-evelina-phoenix-double-cd\/#breadcrumb\"},\"inLanguage\":\"fr-FR\",\"potentialAction\":[{\"@type\":\"ReadAction\",\"target\":[\"https:\/\/shop.camac-harps.com\/fr\/produit\/simon-evelina-phoenix-double-cd\/\"]}]},{\"@type\":\"ImageObject\",\"inLanguage\":\"fr-FR\",\"@id\":\"https:\/\/shop.camac-harps.com\/fr\/produit\/simon-evelina-phoenix-double-cd\/#primaryimage\",\"url\":\"https:\/\/shop.camac-harps.com\/wp-content\/uploads\/sites\/25\/2021\/05\/cdsne01-1.jpg\",\"contentUrl\":\"https:\/\/shop.camac-harps.com\/wp-content\/uploads\/sites\/25\/2021\/05\/cdsne01-1.jpg\",\"width\":879,\"height\":789,\"caption\":\"SIMON Ev\u00e9lina : Phoenix (double CD)\"},{\"@type\":\"BreadcrumbList\",\"@id\":\"https:\/\/shop.camac-harps.com\/fr\/produit\/simon-evelina-phoenix-double-cd\/#breadcrumb\",\"itemListElement\":[{\"@type\":\"ListItem\",\"position\":1,\"name\":\"Home\",\"item\":\"https:\/\/shop.camac-harps.com\/fr\/homepage\/\"},{\"@type\":\"ListItem\",\"position\":2,\"name\":\"Accueil\",\"item\":\"https:\/\/shop.camac-harps.com\/fr\/homepage\/\"},{\"@type\":\"ListItem\",\"position\":3,\"name\":\"SIMON Ev\u00e9lina : Phoenix (double CD)\"}]},{\"@type\":\"WebSite\",\"@id\":\"https:\/\/shop.camac-harps.com\/fr\/#website\",\"url\":\"https:\/\/shop.camac-harps.com\/fr\/\",\"name\":\"Camac Harps Shop\",\"description\":\"\",\"potentialAction\":[{\"@type\":\"SearchAction\",\"target\":{\"@type\":\"EntryPoint\",\"urlTemplate\":\"https:\/\/shop.camac-harps.com\/fr\/?s={search_term_string}\"},\"query-input\":{\"@type\":\"PropertyValueSpecification\",\"valueRequired\":true,\"valueName\":\"search_term_string\"}}],\"inLanguage\":\"fr-FR\"}]}<\/script>","yoast_head_json":{"title":"SIMON Ev\u00e9lina : Phoenix (double CD) - Camac Harps Shop","description":"Deux CD pour deux ambiances. Inclus : Livret de 16 pages avec photos et paroles. Disponible en ligne sur la boutique en ligne des Harpes Camac.","robots":{"index":"index","follow":"follow","max-snippet":"max-snippet:-1","max-image-preview":"max-image-preview:large","max-video-preview":"max-video-preview:-1"},"canonical":"https:\/\/shop.camac-harps.com\/fr\/produit\/simon-evelina-phoenix-double-cd\/","og_locale":"fr_FR","og_type":"article","og_title":"SIMON Ev\u00e9lina : Phoenix (double CD) - Camac Harps Shop","og_description":"Deux CD pour deux ambiances. Inclus : Livret de 16 pages avec photos et paroles. Disponible en ligne sur la boutique en ligne des Harpes Camac.","og_url":"https:\/\/shop.camac-harps.com\/fr\/produit\/simon-evelina-phoenix-double-cd\/","og_site_name":"Camac Harps Shop","article_modified_time":"2024-07-17T15:09:55+00:00","og_image":[{"width":879,"height":789,"url":"https:\/\/shop.camac-harps.com\/wp-content\/uploads\/sites\/25\/2021\/05\/cdsne01-1.jpg","type":"image\/jpeg"}],"twitter_card":"summary_large_image","twitter_misc":{"Dur\u00e9e de lecture estim\u00e9e":"1 minute"},"schema":{"@context":"https:\/\/schema.org","@graph":[{"@type":"WebPage","@id":"https:\/\/shop.camac-harps.com\/fr\/produit\/simon-evelina-phoenix-double-cd\/","url":"https:\/\/shop.camac-harps.com\/fr\/produit\/simon-evelina-phoenix-double-cd\/","name":"SIMON Ev\u00e9lina : Phoenix (double CD) - Camac Harps Shop","isPartOf":{"@id":"https:\/\/shop.camac-harps.com\/fr\/#website"},"primaryImageOfPage":{"@id":"https:\/\/shop.camac-harps.com\/fr\/produit\/simon-evelina-phoenix-double-cd\/#primaryimage"},"image":{"@id":"https:\/\/shop.camac-harps.com\/fr\/produit\/simon-evelina-phoenix-double-cd\/#primaryimage"},"thumbnailUrl":"https:\/\/shop.camac-harps.com\/wp-content\/uploads\/sites\/25\/2021\/05\/cdsne01-1.jpg","datePublished":"2021-05-19T08:51:55+00:00","dateModified":"2024-07-17T15:09:55+00:00","description":"Deux CD pour deux ambiances. Inclus : Livret de 16 pages avec photos et paroles. Disponible en ligne sur la boutique en ligne des Harpes Camac.","breadcrumb":{"@id":"https:\/\/shop.camac-harps.com\/fr\/produit\/simon-evelina-phoenix-double-cd\/#breadcrumb"},"inLanguage":"fr-FR","potentialAction":[{"@type":"ReadAction","target":["https:\/\/shop.camac-harps.com\/fr\/produit\/simon-evelina-phoenix-double-cd\/"]}]},{"@type":"ImageObject","inLanguage":"fr-FR","@id":"https:\/\/shop.camac-harps.com\/fr\/produit\/simon-evelina-phoenix-double-cd\/#primaryimage","url":"https:\/\/shop.camac-harps.com\/wp-content\/uploads\/sites\/25\/2021\/05\/cdsne01-1.jpg","contentUrl":"https:\/\/shop.camac-harps.com\/wp-content\/uploads\/sites\/25\/2021\/05\/cdsne01-1.jpg","width":879,"height":789,"caption":"SIMON Ev\u00e9lina : Phoenix (double CD)"},{"@type":"BreadcrumbList","@id":"https:\/\/shop.camac-harps.com\/fr\/produit\/simon-evelina-phoenix-double-cd\/#breadcrumb","itemListElement":[{"@type":"ListItem","position":1,"name":"Home","item":"https:\/\/shop.camac-harps.com\/fr\/homepage\/"},{"@type":"ListItem","position":2,"name":"Accueil","item":"https:\/\/shop.camac-harps.com\/fr\/homepage\/"},{"@type":"ListItem","position":3,"name":"SIMON Ev\u00e9lina : Phoenix (double CD)"}]},{"@type":"WebSite","@id":"https:\/\/shop.camac-harps.com\/fr\/#website","url":"https:\/\/shop.camac-harps.com\/fr\/","name":"Camac Harps Shop","description":"","potentialAction":[{"@type":"SearchAction","target":{"@type":"EntryPoint","urlTemplate":"https:\/\/shop.camac-harps.com\/fr\/?s={search_term_string}"},"query-input":{"@type":"PropertyValueSpecification","valueRequired":true,"valueName":"search_term_string"}}],"inLanguage":"fr-FR"}]}},"_links":{"self":[{"href":"https:\/\/shop.camac-harps.com\/fr\/wp-json\/wp\/v2\/product\/38245","targetHints":{"allow":["GET"]}}],"collection":[{"href":"https:\/\/shop.camac-harps.com\/fr\/wp-json\/wp\/v2\/product"}],"about":[{"href":"https:\/\/shop.camac-harps.com\/fr\/wp-json\/wp\/v2\/types\/product"}],"replies":[{"embeddable":true,"href":"https:\/\/shop.camac-harps.com\/fr\/wp-json\/wp\/v2\/comments?post=38245"}],"wp:featuredmedia":[{"embeddable":true,"href":"https:\/\/shop.camac-harps.com\/fr\/wp-json\/wp\/v2\/media\/38247"}],"wp:attachment":[{"href":"https:\/\/shop.camac-harps.com\/fr\/wp-json\/wp\/v2\/media?parent=38245"}],"wp:term":[{"taxonomy":"product_brand","embeddable":true,"href":"https:\/\/shop.camac-harps.com\/fr\/wp-json\/wp\/v2\/product_brand?post=38245"},{"taxonomy":"product_cat","embeddable":true,"href":"https:\/\/shop.camac-harps.com\/fr\/wp-json\/wp\/v2\/product_cat?post=38245"},{"taxonomy":"product_tag","embeddable":true,"href":"https:\/\/shop.camac-harps.com\/fr\/wp-json\/wp\/v2\/product_tag?post=38245"}],"curies":[{"name":"wp","href":"https:\/\/api.w.org\/{rel}","templated":true}]}}