{"id":38314,"date":"2021-05-22T21:34:52","date_gmt":"2021-05-22T21:34:52","guid":{"rendered":"https:\/\/shop.camac-harps.com\/?post_type=product&#038;p=38314"},"modified":"2026-01-28T10:16:56","modified_gmt":"2026-01-28T10:16:56","slug":"caisse-de-transport-pour-harpe-a-pedales","status":"publish","type":"product","link":"https:\/\/shop.camac-harps.com\/fr\/produit\/caisse-de-transport-pour-harpe-a-pedales\/","title":{"rendered":"Caisse de transport pour harpe \u00e0 p\u00e9dales"},"content":{"rendered":"<p>M\u00eame si une compagnie de transport vous assure que c\u2019est possible, nous vous d\u00e9conseillons fortement de leur confier une harpe sans un\u00a0flight\u00a0case\u00a0rigide, que ce soit dans un camion ou dans la soute d\u2019un avion.<\/p>\n<p>Pour une protection optimale de votre harpe\u00a0dans sa\u00a0<strong><a href=\"https:\/\/shop.camac-harps.com\/fr\/produit\/housse-de-transport-pour-dhc-32\/\">housse de transport\u00a0<\/a><\/strong>(imp\u00e9ratif).<\/p>\n<p>Poids: 63 kg<\/p>\n<p>Dimensions : 2.00 x 0.80 x 1.36m<\/p>\n","protected":false},"excerpt":{"rendered":"<p>M\u00eame si une compagnie de transport vous assure que c\u2019est possible, nous vous d\u00e9conseillons fortement de leur confier une harpe sans un\u00a0flight\u00a0case\u00a0rigide, que ce soit dans un camion ou dans la soute d\u2019un avion. Pour une protection optimale de votre harpe\u00a0dans sa\u00a0housse de transport\u00a0(imp\u00e9ratif). Poids: 63 kg Dimensions : 2.00 x 0.80 x 1.36m<\/p>\n","protected":false},"featured_media":38324,"comment_status":"open","ping_status":"closed","template":"","meta":{"_acf_changed":false},"product_brand":[],"product_cat":[39,665],"product_tag":[],"class_list":{"0":"post-38314","1":"product","2":"type-product","3":"status-publish","4":"has-post-thumbnail","6":"product_cat-accessoires-housses","7":"product_cat-caisses-de-transport-pour-harpe","9":"first","10":"instock","11":"taxable","12":"shipping-taxable","13":"product-type-simple"},"acf":[],"yoast_head":"<title>Caisse de transport pour harpe \u00e0 p\u00e9dales - Les Harpes Camac<\/title>\n<meta name=\"description\" content=\"Flight-case pour harpes \u00e0 p\u00e9dales | A utiliser avec la housse de transport rembourr\u00e9e | Disponible dans la boutique en ligne Camac Harps.\" \/>\n<meta name=\"robots\" content=\"index, follow, max-snippet:-1, max-image-preview:large, max-video-preview:-1\" \/>\n<link rel=\"canonical\" href=\"https:\/\/shop.camac-harps.com\/fr\/produit\/caisse-de-transport-pour-harpe-a-pedales\/\" \/>\n<meta property=\"og:locale\" content=\"fr_FR\" \/>\n<meta property=\"og:type\" content=\"article\" \/>\n<meta property=\"og:title\" content=\"Caisse de transport pour harpe \u00e0 p\u00e9dales - Les Harpes Camac\" \/>\n<meta property=\"og:description\" content=\"Flight-case pour harpes \u00e0 p\u00e9dales | A utiliser avec la housse de transport rembourr\u00e9e | Disponible dans la boutique en ligne Camac Harps.\" \/>\n<meta property=\"og:url\" content=\"https:\/\/shop.camac-harps.com\/fr\/produit\/caisse-de-transport-pour-harpe-a-pedales\/\" \/>\n<meta property=\"og:site_name\" content=\"Camac Harps Shop\" \/>\n<meta property=\"article:modified_time\" content=\"2026-01-28T10:16:56+00:00\" \/>\n<meta property=\"og:image\" content=\"https:\/\/shop.camac-harps.com\/wp-content\/uploads\/sites\/25\/2021\/05\/flight-case-47-4.jpg\" \/>\n\t<meta property=\"og:image:width\" content=\"2400\" \/>\n\t<meta property=\"og:image:height\" content=\"2400\" \/>\n\t<meta property=\"og:image:type\" content=\"image\/jpeg\" \/>\n<meta name=\"twitter:card\" content=\"summary_large_image\" \/>\n<meta name=\"twitter:label1\" content=\"Dur\u00e9e de lecture estim\u00e9e\" \/>\n\t<meta name=\"twitter:data1\" content=\"1 minute\" \/>\n<script type=\"application\/ld+json\" class=\"yoast-schema-graph\">{\"@context\":\"https:\/\/schema.org\",\"@graph\":[{\"@type\":\"WebPage\",\"@id\":\"https:\/\/shop.camac-harps.com\/fr\/produit\/caisse-de-transport-pour-harpe-a-pedales\/\",\"url\":\"https:\/\/shop.camac-harps.com\/fr\/produit\/caisse-de-transport-pour-harpe-a-pedales\/\",\"name\":\"Caisse de transport pour harpe \u00e0 p\u00e9dales - Les Harpes Camac\",\"isPartOf\":{\"@id\":\"https:\/\/shop.camac-harps.com\/fr\/#website\"},\"primaryImageOfPage\":{\"@id\":\"https:\/\/shop.camac-harps.com\/fr\/produit\/caisse-de-transport-pour-harpe-a-pedales\/#primaryimage\"},\"image\":{\"@id\":\"https:\/\/shop.camac-harps.com\/fr\/produit\/caisse-de-transport-pour-harpe-a-pedales\/#primaryimage\"},\"thumbnailUrl\":\"https:\/\/shop.camac-harps.com\/wp-content\/uploads\/sites\/25\/2021\/05\/flight-case-47-4.jpg\",\"datePublished\":\"2021-05-22T21:34:52+00:00\",\"dateModified\":\"2026-01-28T10:16:56+00:00\",\"description\":\"Flight-case pour harpes \u00e0 p\u00e9dales | A utiliser avec la housse de transport rembourr\u00e9e | Disponible dans la boutique en ligne Camac Harps.\",\"breadcrumb\":{\"@id\":\"https:\/\/shop.camac-harps.com\/fr\/produit\/caisse-de-transport-pour-harpe-a-pedales\/#breadcrumb\"},\"inLanguage\":\"fr-FR\",\"potentialAction\":[{\"@type\":\"ReadAction\",\"target\":[\"https:\/\/shop.camac-harps.com\/fr\/produit\/caisse-de-transport-pour-harpe-a-pedales\/\"]}]},{\"@type\":\"ImageObject\",\"inLanguage\":\"fr-FR\",\"@id\":\"https:\/\/shop.camac-harps.com\/fr\/produit\/caisse-de-transport-pour-harpe-a-pedales\/#primaryimage\",\"url\":\"https:\/\/shop.camac-harps.com\/wp-content\/uploads\/sites\/25\/2021\/05\/flight-case-47-4.jpg\",\"contentUrl\":\"https:\/\/shop.camac-harps.com\/wp-content\/uploads\/sites\/25\/2021\/05\/flight-case-47-4.jpg\",\"width\":2400,\"height\":2400,\"caption\":\"FLY CASE\"},{\"@type\":\"BreadcrumbList\",\"@id\":\"https:\/\/shop.camac-harps.com\/fr\/produit\/caisse-de-transport-pour-harpe-a-pedales\/#breadcrumb\",\"itemListElement\":[{\"@type\":\"ListItem\",\"position\":1,\"name\":\"Home\",\"item\":\"https:\/\/shop.camac-harps.com\/fr\/homepage\/\"},{\"@type\":\"ListItem\",\"position\":2,\"name\":\"Accueil\",\"item\":\"https:\/\/shop.camac-harps.com\/fr\/homepage\/\"},{\"@type\":\"ListItem\",\"position\":3,\"name\":\"Caisse de transport pour harpe \u00e0 p\u00e9dales\"}]},{\"@type\":\"WebSite\",\"@id\":\"https:\/\/shop.camac-harps.com\/fr\/#website\",\"url\":\"https:\/\/shop.camac-harps.com\/fr\/\",\"name\":\"Camac Harps Shop\",\"description\":\"\",\"potentialAction\":[{\"@type\":\"SearchAction\",\"target\":{\"@type\":\"EntryPoint\",\"urlTemplate\":\"https:\/\/shop.camac-harps.com\/fr\/?s={search_term_string}\"},\"query-input\":{\"@type\":\"PropertyValueSpecification\",\"valueRequired\":true,\"valueName\":\"search_term_string\"}}],\"inLanguage\":\"fr-FR\"}]}<\/script>","yoast_head_json":{"title":"Caisse de transport pour harpe \u00e0 p\u00e9dales - Les Harpes Camac","description":"Flight-case pour harpes \u00e0 p\u00e9dales | A utiliser avec la housse de transport rembourr\u00e9e | Disponible dans la boutique en ligne Camac Harps.","robots":{"index":"index","follow":"follow","max-snippet":"max-snippet:-1","max-image-preview":"max-image-preview:large","max-video-preview":"max-video-preview:-1"},"canonical":"https:\/\/shop.camac-harps.com\/fr\/produit\/caisse-de-transport-pour-harpe-a-pedales\/","og_locale":"fr_FR","og_type":"article","og_title":"Caisse de transport pour harpe \u00e0 p\u00e9dales - Les Harpes Camac","og_description":"Flight-case pour harpes \u00e0 p\u00e9dales | A utiliser avec la housse de transport rembourr\u00e9e | Disponible dans la boutique en ligne Camac Harps.","og_url":"https:\/\/shop.camac-harps.com\/fr\/produit\/caisse-de-transport-pour-harpe-a-pedales\/","og_site_name":"Camac Harps Shop","article_modified_time":"2026-01-28T10:16:56+00:00","og_image":[{"width":2400,"height":2400,"url":"https:\/\/shop.camac-harps.com\/wp-content\/uploads\/sites\/25\/2021\/05\/flight-case-47-4.jpg","type":"image\/jpeg"}],"twitter_card":"summary_large_image","twitter_misc":{"Dur\u00e9e de lecture estim\u00e9e":"1 minute"},"schema":{"@context":"https:\/\/schema.org","@graph":[{"@type":"WebPage","@id":"https:\/\/shop.camac-harps.com\/fr\/produit\/caisse-de-transport-pour-harpe-a-pedales\/","url":"https:\/\/shop.camac-harps.com\/fr\/produit\/caisse-de-transport-pour-harpe-a-pedales\/","name":"Caisse de transport pour harpe \u00e0 p\u00e9dales - Les Harpes Camac","isPartOf":{"@id":"https:\/\/shop.camac-harps.com\/fr\/#website"},"primaryImageOfPage":{"@id":"https:\/\/shop.camac-harps.com\/fr\/produit\/caisse-de-transport-pour-harpe-a-pedales\/#primaryimage"},"image":{"@id":"https:\/\/shop.camac-harps.com\/fr\/produit\/caisse-de-transport-pour-harpe-a-pedales\/#primaryimage"},"thumbnailUrl":"https:\/\/shop.camac-harps.com\/wp-content\/uploads\/sites\/25\/2021\/05\/flight-case-47-4.jpg","datePublished":"2021-05-22T21:34:52+00:00","dateModified":"2026-01-28T10:16:56+00:00","description":"Flight-case pour harpes \u00e0 p\u00e9dales | A utiliser avec la housse de transport rembourr\u00e9e | Disponible dans la boutique en ligne Camac Harps.","breadcrumb":{"@id":"https:\/\/shop.camac-harps.com\/fr\/produit\/caisse-de-transport-pour-harpe-a-pedales\/#breadcrumb"},"inLanguage":"fr-FR","potentialAction":[{"@type":"ReadAction","target":["https:\/\/shop.camac-harps.com\/fr\/produit\/caisse-de-transport-pour-harpe-a-pedales\/"]}]},{"@type":"ImageObject","inLanguage":"fr-FR","@id":"https:\/\/shop.camac-harps.com\/fr\/produit\/caisse-de-transport-pour-harpe-a-pedales\/#primaryimage","url":"https:\/\/shop.camac-harps.com\/wp-content\/uploads\/sites\/25\/2021\/05\/flight-case-47-4.jpg","contentUrl":"https:\/\/shop.camac-harps.com\/wp-content\/uploads\/sites\/25\/2021\/05\/flight-case-47-4.jpg","width":2400,"height":2400,"caption":"FLY CASE"},{"@type":"BreadcrumbList","@id":"https:\/\/shop.camac-harps.com\/fr\/produit\/caisse-de-transport-pour-harpe-a-pedales\/#breadcrumb","itemListElement":[{"@type":"ListItem","position":1,"name":"Home","item":"https:\/\/shop.camac-harps.com\/fr\/homepage\/"},{"@type":"ListItem","position":2,"name":"Accueil","item":"https:\/\/shop.camac-harps.com\/fr\/homepage\/"},{"@type":"ListItem","position":3,"name":"Caisse de transport pour harpe \u00e0 p\u00e9dales"}]},{"@type":"WebSite","@id":"https:\/\/shop.camac-harps.com\/fr\/#website","url":"https:\/\/shop.camac-harps.com\/fr\/","name":"Camac Harps Shop","description":"","potentialAction":[{"@type":"SearchAction","target":{"@type":"EntryPoint","urlTemplate":"https:\/\/shop.camac-harps.com\/fr\/?s={search_term_string}"},"query-input":{"@type":"PropertyValueSpecification","valueRequired":true,"valueName":"search_term_string"}}],"inLanguage":"fr-FR"}]}},"_links":{"self":[{"href":"https:\/\/shop.camac-harps.com\/fr\/wp-json\/wp\/v2\/product\/38314","targetHints":{"allow":["GET"]}}],"collection":[{"href":"https:\/\/shop.camac-harps.com\/fr\/wp-json\/wp\/v2\/product"}],"about":[{"href":"https:\/\/shop.camac-harps.com\/fr\/wp-json\/wp\/v2\/types\/product"}],"replies":[{"embeddable":true,"href":"https:\/\/shop.camac-harps.com\/fr\/wp-json\/wp\/v2\/comments?post=38314"}],"wp:featuredmedia":[{"embeddable":true,"href":"https:\/\/shop.camac-harps.com\/fr\/wp-json\/wp\/v2\/media\/38324"}],"wp:attachment":[{"href":"https:\/\/shop.camac-harps.com\/fr\/wp-json\/wp\/v2\/media?parent=38314"}],"wp:term":[{"taxonomy":"product_brand","embeddable":true,"href":"https:\/\/shop.camac-harps.com\/fr\/wp-json\/wp\/v2\/product_brand?post=38314"},{"taxonomy":"product_cat","embeddable":true,"href":"https:\/\/shop.camac-harps.com\/fr\/wp-json\/wp\/v2\/product_cat?post=38314"},{"taxonomy":"product_tag","embeddable":true,"href":"https:\/\/shop.camac-harps.com\/fr\/wp-json\/wp\/v2\/product_tag?post=38314"}],"curies":[{"name":"wp","href":"https:\/\/api.w.org\/{rel}","templated":true}]}}