{"id":39185,"date":"2021-06-30T13:32:14","date_gmt":"2021-06-30T13:32:14","guid":{"rendered":"https:\/\/shop.camac-harps.com\/?post_type=product&#038;p=39185"},"modified":"2024-07-17T15:09:54","modified_gmt":"2024-07-17T15:09:54","slug":"trio-phalaena-phalaena","status":"publish","type":"product","link":"https:\/\/shop.camac-harps.com\/fr\/produit\/trio-phalaena-phalaena\/","title":{"rendered":"Trio Phalaena : Phalaena"},"content":{"rendered":"<div class=\"video_container\">\n<div class=\"video_container__inner\"><iframe loading=\"lazy\" title=\"PHALAENA TRAILER\" width=\"980\" height=\"551\" src=\"https:\/\/www.youtube.com\/embed\/uhAEk2lHEVg?feature=oembed\" frameborder=\"0\" allow=\"accelerometer; autoplay; clipboard-write; encrypted-media; gyroscope; picture-in-picture\" allowfullscreen><\/iframe><\/div>\n<\/div>\n","protected":false},"excerpt":{"rendered":"","protected":false},"featured_media":39187,"comment_status":"open","ping_status":"closed","template":"","meta":{"_acf_changed":false},"product_brand":[],"product_cat":[366,96],"product_tag":[],"class_list":{"0":"post-39185","1":"product","2":"type-product","3":"status-publish","4":"has-post-thumbnail","6":"product_cat-cd","7":"product_cat-cd-dvd-fr","9":"first","10":"instock","11":"taxable","12":"shipping-taxable","13":"purchasable","14":"product-type-simple"},"acf":[],"yoast_head":"<title>Phalaena : musique pour harpe, violon et accordion<\/title>\n<meta name=\"description\" content=\"Musique classique pour harpe, violon et accord\u00e9on, interpr\u00e9t\u00e9e par Sophie Hallynck, Isabelle Chardon et Christophe Delporte.\" \/>\n<meta name=\"robots\" content=\"index, follow, max-snippet:-1, max-image-preview:large, max-video-preview:-1\" \/>\n<link rel=\"canonical\" href=\"https:\/\/shop.camac-harps.com\/fr\/produit\/trio-phalaena-phalaena\/\" \/>\n<meta property=\"og:locale\" content=\"fr_FR\" \/>\n<meta property=\"og:type\" content=\"article\" \/>\n<meta property=\"og:title\" content=\"Phalaena : musique pour harpe, violon et accordion\" \/>\n<meta property=\"og:description\" content=\"Musique classique pour harpe, violon et accord\u00e9on, interpr\u00e9t\u00e9e par Sophie Hallynck, Isabelle Chardon et Christophe Delporte.\" \/>\n<meta property=\"og:url\" content=\"https:\/\/shop.camac-harps.com\/fr\/produit\/trio-phalaena-phalaena\/\" \/>\n<meta property=\"og:site_name\" content=\"Camac Harps Shop\" \/>\n<meta property=\"article:modified_time\" content=\"2024-07-17T15:09:54+00:00\" \/>\n<meta property=\"og:image\" content=\"https:\/\/shop.camac-harps.com\/wp-content\/uploads\/sites\/25\/2021\/06\/cdhks05.jpg\" \/>\n\t<meta property=\"og:image:width\" content=\"1612\" \/>\n\t<meta property=\"og:image:height\" content=\"1440\" \/>\n\t<meta property=\"og:image:type\" content=\"image\/jpeg\" \/>\n<meta name=\"twitter:card\" content=\"summary_large_image\" \/>\n<meta name=\"twitter:label1\" content=\"Dur\u00e9e de lecture estim\u00e9e\" \/>\n\t<meta name=\"twitter:data1\" content=\"1 minute\" \/>\n<script type=\"application\/ld+json\" class=\"yoast-schema-graph\">{\"@context\":\"https:\/\/schema.org\",\"@graph\":[{\"@type\":\"WebPage\",\"@id\":\"https:\/\/shop.camac-harps.com\/fr\/produit\/trio-phalaena-phalaena\/\",\"url\":\"https:\/\/shop.camac-harps.com\/fr\/produit\/trio-phalaena-phalaena\/\",\"name\":\"Phalaena : musique pour harpe, violon et accordion\",\"isPartOf\":{\"@id\":\"https:\/\/shop.camac-harps.com\/fr\/#website\"},\"primaryImageOfPage\":{\"@id\":\"https:\/\/shop.camac-harps.com\/fr\/produit\/trio-phalaena-phalaena\/#primaryimage\"},\"image\":{\"@id\":\"https:\/\/shop.camac-harps.com\/fr\/produit\/trio-phalaena-phalaena\/#primaryimage\"},\"thumbnailUrl\":\"https:\/\/shop.camac-harps.com\/wp-content\/uploads\/sites\/25\/2021\/06\/cdhks05.jpg\",\"datePublished\":\"2021-06-30T13:32:14+00:00\",\"dateModified\":\"2024-07-17T15:09:54+00:00\",\"description\":\"Musique classique pour harpe, violon et accord\u00e9on, interpr\u00e9t\u00e9e par Sophie Hallynck, Isabelle Chardon et Christophe Delporte.\",\"breadcrumb\":{\"@id\":\"https:\/\/shop.camac-harps.com\/fr\/produit\/trio-phalaena-phalaena\/#breadcrumb\"},\"inLanguage\":\"fr-FR\",\"potentialAction\":[{\"@type\":\"ReadAction\",\"target\":[\"https:\/\/shop.camac-harps.com\/fr\/produit\/trio-phalaena-phalaena\/\"]}]},{\"@type\":\"ImageObject\",\"inLanguage\":\"fr-FR\",\"@id\":\"https:\/\/shop.camac-harps.com\/fr\/produit\/trio-phalaena-phalaena\/#primaryimage\",\"url\":\"https:\/\/shop.camac-harps.com\/wp-content\/uploads\/sites\/25\/2021\/06\/cdhks05.jpg\",\"contentUrl\":\"https:\/\/shop.camac-harps.com\/wp-content\/uploads\/sites\/25\/2021\/06\/cdhks05.jpg\",\"width\":1612,\"height\":1440,\"caption\":\"Trio Phalaena : Phalaena\"},{\"@type\":\"BreadcrumbList\",\"@id\":\"https:\/\/shop.camac-harps.com\/fr\/produit\/trio-phalaena-phalaena\/#breadcrumb\",\"itemListElement\":[{\"@type\":\"ListItem\",\"position\":1,\"name\":\"Home\",\"item\":\"https:\/\/shop.camac-harps.com\/fr\/homepage\/\"},{\"@type\":\"ListItem\",\"position\":2,\"name\":\"Accueil\",\"item\":\"https:\/\/shop.camac-harps.com\/fr\/homepage\/\"},{\"@type\":\"ListItem\",\"position\":3,\"name\":\"Trio Phalaena : Phalaena\"}]},{\"@type\":\"WebSite\",\"@id\":\"https:\/\/shop.camac-harps.com\/fr\/#website\",\"url\":\"https:\/\/shop.camac-harps.com\/fr\/\",\"name\":\"Camac Harps Shop\",\"description\":\"\",\"potentialAction\":[{\"@type\":\"SearchAction\",\"target\":{\"@type\":\"EntryPoint\",\"urlTemplate\":\"https:\/\/shop.camac-harps.com\/fr\/?s={search_term_string}\"},\"query-input\":{\"@type\":\"PropertyValueSpecification\",\"valueRequired\":true,\"valueName\":\"search_term_string\"}}],\"inLanguage\":\"fr-FR\"}]}<\/script>","yoast_head_json":{"title":"Phalaena : musique pour harpe, violon et accordion","description":"Musique classique pour harpe, violon et accord\u00e9on, interpr\u00e9t\u00e9e par Sophie Hallynck, Isabelle Chardon et Christophe Delporte.","robots":{"index":"index","follow":"follow","max-snippet":"max-snippet:-1","max-image-preview":"max-image-preview:large","max-video-preview":"max-video-preview:-1"},"canonical":"https:\/\/shop.camac-harps.com\/fr\/produit\/trio-phalaena-phalaena\/","og_locale":"fr_FR","og_type":"article","og_title":"Phalaena : musique pour harpe, violon et accordion","og_description":"Musique classique pour harpe, violon et accord\u00e9on, interpr\u00e9t\u00e9e par Sophie Hallynck, Isabelle Chardon et Christophe Delporte.","og_url":"https:\/\/shop.camac-harps.com\/fr\/produit\/trio-phalaena-phalaena\/","og_site_name":"Camac Harps Shop","article_modified_time":"2024-07-17T15:09:54+00:00","og_image":[{"width":1612,"height":1440,"url":"https:\/\/shop.camac-harps.com\/wp-content\/uploads\/sites\/25\/2021\/06\/cdhks05.jpg","type":"image\/jpeg"}],"twitter_card":"summary_large_image","twitter_misc":{"Dur\u00e9e de lecture estim\u00e9e":"1 minute"},"schema":{"@context":"https:\/\/schema.org","@graph":[{"@type":"WebPage","@id":"https:\/\/shop.camac-harps.com\/fr\/produit\/trio-phalaena-phalaena\/","url":"https:\/\/shop.camac-harps.com\/fr\/produit\/trio-phalaena-phalaena\/","name":"Phalaena : musique pour harpe, violon et accordion","isPartOf":{"@id":"https:\/\/shop.camac-harps.com\/fr\/#website"},"primaryImageOfPage":{"@id":"https:\/\/shop.camac-harps.com\/fr\/produit\/trio-phalaena-phalaena\/#primaryimage"},"image":{"@id":"https:\/\/shop.camac-harps.com\/fr\/produit\/trio-phalaena-phalaena\/#primaryimage"},"thumbnailUrl":"https:\/\/shop.camac-harps.com\/wp-content\/uploads\/sites\/25\/2021\/06\/cdhks05.jpg","datePublished":"2021-06-30T13:32:14+00:00","dateModified":"2024-07-17T15:09:54+00:00","description":"Musique classique pour harpe, violon et accord\u00e9on, interpr\u00e9t\u00e9e par Sophie Hallynck, Isabelle Chardon et Christophe Delporte.","breadcrumb":{"@id":"https:\/\/shop.camac-harps.com\/fr\/produit\/trio-phalaena-phalaena\/#breadcrumb"},"inLanguage":"fr-FR","potentialAction":[{"@type":"ReadAction","target":["https:\/\/shop.camac-harps.com\/fr\/produit\/trio-phalaena-phalaena\/"]}]},{"@type":"ImageObject","inLanguage":"fr-FR","@id":"https:\/\/shop.camac-harps.com\/fr\/produit\/trio-phalaena-phalaena\/#primaryimage","url":"https:\/\/shop.camac-harps.com\/wp-content\/uploads\/sites\/25\/2021\/06\/cdhks05.jpg","contentUrl":"https:\/\/shop.camac-harps.com\/wp-content\/uploads\/sites\/25\/2021\/06\/cdhks05.jpg","width":1612,"height":1440,"caption":"Trio Phalaena : Phalaena"},{"@type":"BreadcrumbList","@id":"https:\/\/shop.camac-harps.com\/fr\/produit\/trio-phalaena-phalaena\/#breadcrumb","itemListElement":[{"@type":"ListItem","position":1,"name":"Home","item":"https:\/\/shop.camac-harps.com\/fr\/homepage\/"},{"@type":"ListItem","position":2,"name":"Accueil","item":"https:\/\/shop.camac-harps.com\/fr\/homepage\/"},{"@type":"ListItem","position":3,"name":"Trio Phalaena : Phalaena"}]},{"@type":"WebSite","@id":"https:\/\/shop.camac-harps.com\/fr\/#website","url":"https:\/\/shop.camac-harps.com\/fr\/","name":"Camac Harps Shop","description":"","potentialAction":[{"@type":"SearchAction","target":{"@type":"EntryPoint","urlTemplate":"https:\/\/shop.camac-harps.com\/fr\/?s={search_term_string}"},"query-input":{"@type":"PropertyValueSpecification","valueRequired":true,"valueName":"search_term_string"}}],"inLanguage":"fr-FR"}]}},"_links":{"self":[{"href":"https:\/\/shop.camac-harps.com\/fr\/wp-json\/wp\/v2\/product\/39185","targetHints":{"allow":["GET"]}}],"collection":[{"href":"https:\/\/shop.camac-harps.com\/fr\/wp-json\/wp\/v2\/product"}],"about":[{"href":"https:\/\/shop.camac-harps.com\/fr\/wp-json\/wp\/v2\/types\/product"}],"replies":[{"embeddable":true,"href":"https:\/\/shop.camac-harps.com\/fr\/wp-json\/wp\/v2\/comments?post=39185"}],"wp:featuredmedia":[{"embeddable":true,"href":"https:\/\/shop.camac-harps.com\/fr\/wp-json\/wp\/v2\/media\/39187"}],"wp:attachment":[{"href":"https:\/\/shop.camac-harps.com\/fr\/wp-json\/wp\/v2\/media?parent=39185"}],"wp:term":[{"taxonomy":"product_brand","embeddable":true,"href":"https:\/\/shop.camac-harps.com\/fr\/wp-json\/wp\/v2\/product_brand?post=39185"},{"taxonomy":"product_cat","embeddable":true,"href":"https:\/\/shop.camac-harps.com\/fr\/wp-json\/wp\/v2\/product_cat?post=39185"},{"taxonomy":"product_tag","embeddable":true,"href":"https:\/\/shop.camac-harps.com\/fr\/wp-json\/wp\/v2\/product_tag?post=39185"}],"curies":[{"name":"wp","href":"https:\/\/api.w.org\/{rel}","templated":true}]}}