{"id":41764,"date":"2021-10-20T06:57:43","date_gmt":"2021-10-20T06:57:43","guid":{"rendered":"https:\/\/shop.camac-harps.com\/?post_type=product&#038;p=41764"},"modified":"2025-07-11T11:32:53","modified_gmt":"2025-07-11T11:32:53","slug":"levecque-camille-different-pour-harpe-seule-et-ensemble-ref-2mc200","status":"publish","type":"product","link":"https:\/\/shop.camac-harps.com\/fr\/produit\/levecque-camille-different-pour-harpe-seule-et-ensemble-ref-2mc200\/","title":{"rendered":"LEVECQUE Camille : Diff\u00e9rent pour harpe seule et ensemble, r\u00e9f 2MC200"},"content":{"rendered":"","protected":false},"excerpt":{"rendered":"","protected":false},"featured_media":41765,"comment_status":"open","ping_status":"closed","template":"","meta":{"_acf_changed":false},"product_brand":[],"product_cat":[51,108,33,45],"product_tag":[],"class_list":{"0":"post-41764","1":"product","2":"type-product","3":"status-publish","4":"has-post-thumbnail","6":"product_cat-ensembles-de-harpes","7":"product_cat-musique-harpe-celtique","8":"product_cat-partitions-pour-harpe","9":"product_cat-solos-harpe-a-pedales","11":"first","12":"instock","13":"taxable","14":"shipping-taxable","15":"purchasable","16":"product-type-simple"},"acf":[],"yoast_head":"<title>LEVECQUE Camille : Diff\u00e9rent pour harpe seule et ensemble - Boutique en ligne Camac<\/title>\n<meta name=\"description\" content=\"Un recueil de pi\u00e8ces vari\u00e9es qui s&#039;adapte \u00e0 toutes les harpes, du 1er au 2\u00e8me cycle. Disponible en ligne de la boutique Camac.\" \/>\n<meta name=\"robots\" content=\"index, follow, max-snippet:-1, max-image-preview:large, max-video-preview:-1\" \/>\n<link rel=\"canonical\" href=\"https:\/\/shop.camac-harps.com\/fr\/produit\/levecque-camille-different-pour-harpe-seule-et-ensemble-ref-2mc200\/\" \/>\n<meta property=\"og:locale\" content=\"fr_FR\" \/>\n<meta property=\"og:type\" content=\"article\" \/>\n<meta property=\"og:title\" content=\"LEVECQUE Camille : Diff\u00e9rent pour harpe seule et ensemble - Boutique en ligne Camac\" \/>\n<meta property=\"og:description\" content=\"Un recueil de pi\u00e8ces vari\u00e9es qui s&#039;adapte \u00e0 toutes les harpes, du 1er au 2\u00e8me cycle. Disponible en ligne de la boutique Camac.\" \/>\n<meta property=\"og:url\" content=\"https:\/\/shop.camac-harps.com\/fr\/produit\/levecque-camille-different-pour-harpe-seule-et-ensemble-ref-2mc200\/\" \/>\n<meta property=\"og:site_name\" content=\"Camac Harps Shop\" \/>\n<meta property=\"article:modified_time\" content=\"2025-07-11T11:32:53+00:00\" \/>\n<meta property=\"og:image\" content=\"https:\/\/shop.camac-harps.com\/wp-content\/uploads\/sites\/25\/2021\/10\/lece01.jpg\" \/>\n\t<meta property=\"og:image:width\" content=\"537\" \/>\n\t<meta property=\"og:image:height\" content=\"819\" \/>\n\t<meta property=\"og:image:type\" content=\"image\/jpeg\" \/>\n<meta name=\"twitter:card\" content=\"summary_large_image\" \/>\n<meta name=\"twitter:label1\" content=\"Dur\u00e9e de lecture estim\u00e9e\" \/>\n\t<meta name=\"twitter:data1\" content=\"1 minute\" \/>\n<script type=\"application\/ld+json\" class=\"yoast-schema-graph\">{\"@context\":\"https:\/\/schema.org\",\"@graph\":[{\"@type\":\"WebPage\",\"@id\":\"https:\/\/shop.camac-harps.com\/fr\/produit\/levecque-camille-different-pour-harpe-seule-et-ensemble-ref-2mc200\/\",\"url\":\"https:\/\/shop.camac-harps.com\/fr\/produit\/levecque-camille-different-pour-harpe-seule-et-ensemble-ref-2mc200\/\",\"name\":\"LEVECQUE Camille : Diff\u00e9rent pour harpe seule et ensemble - Boutique en ligne Camac\",\"isPartOf\":{\"@id\":\"https:\/\/shop.camac-harps.com\/fr\/#website\"},\"primaryImageOfPage\":{\"@id\":\"https:\/\/shop.camac-harps.com\/fr\/produit\/levecque-camille-different-pour-harpe-seule-et-ensemble-ref-2mc200\/#primaryimage\"},\"image\":{\"@id\":\"https:\/\/shop.camac-harps.com\/fr\/produit\/levecque-camille-different-pour-harpe-seule-et-ensemble-ref-2mc200\/#primaryimage\"},\"thumbnailUrl\":\"https:\/\/shop.camac-harps.com\/wp-content\/uploads\/sites\/25\/2021\/10\/lece01.jpg\",\"datePublished\":\"2021-10-20T06:57:43+00:00\",\"dateModified\":\"2025-07-11T11:32:53+00:00\",\"description\":\"Un recueil de pi\u00e8ces vari\u00e9es qui s'adapte \u00e0 toutes les harpes, du 1er au 2\u00e8me cycle. Disponible en ligne de la boutique Camac.\",\"breadcrumb\":{\"@id\":\"https:\/\/shop.camac-harps.com\/fr\/produit\/levecque-camille-different-pour-harpe-seule-et-ensemble-ref-2mc200\/#breadcrumb\"},\"inLanguage\":\"fr-FR\",\"potentialAction\":[{\"@type\":\"ReadAction\",\"target\":[\"https:\/\/shop.camac-harps.com\/fr\/produit\/levecque-camille-different-pour-harpe-seule-et-ensemble-ref-2mc200\/\"]}]},{\"@type\":\"ImageObject\",\"inLanguage\":\"fr-FR\",\"@id\":\"https:\/\/shop.camac-harps.com\/fr\/produit\/levecque-camille-different-pour-harpe-seule-et-ensemble-ref-2mc200\/#primaryimage\",\"url\":\"https:\/\/shop.camac-harps.com\/wp-content\/uploads\/sites\/25\/2021\/10\/lece01.jpg\",\"contentUrl\":\"https:\/\/shop.camac-harps.com\/wp-content\/uploads\/sites\/25\/2021\/10\/lece01.jpg\",\"width\":537,\"height\":819,\"caption\":\"LEVECQUE Camille : Diff\u00e9rent pour harpe seule et ensemble, r\u00e9f 2MC200\"},{\"@type\":\"BreadcrumbList\",\"@id\":\"https:\/\/shop.camac-harps.com\/fr\/produit\/levecque-camille-different-pour-harpe-seule-et-ensemble-ref-2mc200\/#breadcrumb\",\"itemListElement\":[{\"@type\":\"ListItem\",\"position\":1,\"name\":\"Home\",\"item\":\"https:\/\/shop.camac-harps.com\/fr\/homepage\/\"},{\"@type\":\"ListItem\",\"position\":2,\"name\":\"Accueil\",\"item\":\"https:\/\/shop.camac-harps.com\/fr\/homepage\/\"},{\"@type\":\"ListItem\",\"position\":3,\"name\":\"LEVECQUE Camille : Diff\u00e9rent pour harpe seule et ensemble, r\u00e9f 2MC200\"}]},{\"@type\":\"WebSite\",\"@id\":\"https:\/\/shop.camac-harps.com\/fr\/#website\",\"url\":\"https:\/\/shop.camac-harps.com\/fr\/\",\"name\":\"Camac Harps Shop\",\"description\":\"\",\"potentialAction\":[{\"@type\":\"SearchAction\",\"target\":{\"@type\":\"EntryPoint\",\"urlTemplate\":\"https:\/\/shop.camac-harps.com\/fr\/?s={search_term_string}\"},\"query-input\":{\"@type\":\"PropertyValueSpecification\",\"valueRequired\":true,\"valueName\":\"search_term_string\"}}],\"inLanguage\":\"fr-FR\"}]}<\/script>","yoast_head_json":{"title":"LEVECQUE Camille : Diff\u00e9rent pour harpe seule et ensemble - Boutique en ligne Camac","description":"Un recueil de pi\u00e8ces vari\u00e9es qui s'adapte \u00e0 toutes les harpes, du 1er au 2\u00e8me cycle. Disponible en ligne de la boutique Camac.","robots":{"index":"index","follow":"follow","max-snippet":"max-snippet:-1","max-image-preview":"max-image-preview:large","max-video-preview":"max-video-preview:-1"},"canonical":"https:\/\/shop.camac-harps.com\/fr\/produit\/levecque-camille-different-pour-harpe-seule-et-ensemble-ref-2mc200\/","og_locale":"fr_FR","og_type":"article","og_title":"LEVECQUE Camille : Diff\u00e9rent pour harpe seule et ensemble - Boutique en ligne Camac","og_description":"Un recueil de pi\u00e8ces vari\u00e9es qui s'adapte \u00e0 toutes les harpes, du 1er au 2\u00e8me cycle. Disponible en ligne de la boutique Camac.","og_url":"https:\/\/shop.camac-harps.com\/fr\/produit\/levecque-camille-different-pour-harpe-seule-et-ensemble-ref-2mc200\/","og_site_name":"Camac Harps Shop","article_modified_time":"2025-07-11T11:32:53+00:00","og_image":[{"width":537,"height":819,"url":"https:\/\/shop.camac-harps.com\/wp-content\/uploads\/sites\/25\/2021\/10\/lece01.jpg","type":"image\/jpeg"}],"twitter_card":"summary_large_image","twitter_misc":{"Dur\u00e9e de lecture estim\u00e9e":"1 minute"},"schema":{"@context":"https:\/\/schema.org","@graph":[{"@type":"WebPage","@id":"https:\/\/shop.camac-harps.com\/fr\/produit\/levecque-camille-different-pour-harpe-seule-et-ensemble-ref-2mc200\/","url":"https:\/\/shop.camac-harps.com\/fr\/produit\/levecque-camille-different-pour-harpe-seule-et-ensemble-ref-2mc200\/","name":"LEVECQUE Camille : Diff\u00e9rent pour harpe seule et ensemble - Boutique en ligne Camac","isPartOf":{"@id":"https:\/\/shop.camac-harps.com\/fr\/#website"},"primaryImageOfPage":{"@id":"https:\/\/shop.camac-harps.com\/fr\/produit\/levecque-camille-different-pour-harpe-seule-et-ensemble-ref-2mc200\/#primaryimage"},"image":{"@id":"https:\/\/shop.camac-harps.com\/fr\/produit\/levecque-camille-different-pour-harpe-seule-et-ensemble-ref-2mc200\/#primaryimage"},"thumbnailUrl":"https:\/\/shop.camac-harps.com\/wp-content\/uploads\/sites\/25\/2021\/10\/lece01.jpg","datePublished":"2021-10-20T06:57:43+00:00","dateModified":"2025-07-11T11:32:53+00:00","description":"Un recueil de pi\u00e8ces vari\u00e9es qui s'adapte \u00e0 toutes les harpes, du 1er au 2\u00e8me cycle. Disponible en ligne de la boutique Camac.","breadcrumb":{"@id":"https:\/\/shop.camac-harps.com\/fr\/produit\/levecque-camille-different-pour-harpe-seule-et-ensemble-ref-2mc200\/#breadcrumb"},"inLanguage":"fr-FR","potentialAction":[{"@type":"ReadAction","target":["https:\/\/shop.camac-harps.com\/fr\/produit\/levecque-camille-different-pour-harpe-seule-et-ensemble-ref-2mc200\/"]}]},{"@type":"ImageObject","inLanguage":"fr-FR","@id":"https:\/\/shop.camac-harps.com\/fr\/produit\/levecque-camille-different-pour-harpe-seule-et-ensemble-ref-2mc200\/#primaryimage","url":"https:\/\/shop.camac-harps.com\/wp-content\/uploads\/sites\/25\/2021\/10\/lece01.jpg","contentUrl":"https:\/\/shop.camac-harps.com\/wp-content\/uploads\/sites\/25\/2021\/10\/lece01.jpg","width":537,"height":819,"caption":"LEVECQUE Camille : Diff\u00e9rent pour harpe seule et ensemble, r\u00e9f 2MC200"},{"@type":"BreadcrumbList","@id":"https:\/\/shop.camac-harps.com\/fr\/produit\/levecque-camille-different-pour-harpe-seule-et-ensemble-ref-2mc200\/#breadcrumb","itemListElement":[{"@type":"ListItem","position":1,"name":"Home","item":"https:\/\/shop.camac-harps.com\/fr\/homepage\/"},{"@type":"ListItem","position":2,"name":"Accueil","item":"https:\/\/shop.camac-harps.com\/fr\/homepage\/"},{"@type":"ListItem","position":3,"name":"LEVECQUE Camille : Diff\u00e9rent pour harpe seule et ensemble, r\u00e9f 2MC200"}]},{"@type":"WebSite","@id":"https:\/\/shop.camac-harps.com\/fr\/#website","url":"https:\/\/shop.camac-harps.com\/fr\/","name":"Camac Harps Shop","description":"","potentialAction":[{"@type":"SearchAction","target":{"@type":"EntryPoint","urlTemplate":"https:\/\/shop.camac-harps.com\/fr\/?s={search_term_string}"},"query-input":{"@type":"PropertyValueSpecification","valueRequired":true,"valueName":"search_term_string"}}],"inLanguage":"fr-FR"}]}},"_links":{"self":[{"href":"https:\/\/shop.camac-harps.com\/fr\/wp-json\/wp\/v2\/product\/41764","targetHints":{"allow":["GET"]}}],"collection":[{"href":"https:\/\/shop.camac-harps.com\/fr\/wp-json\/wp\/v2\/product"}],"about":[{"href":"https:\/\/shop.camac-harps.com\/fr\/wp-json\/wp\/v2\/types\/product"}],"replies":[{"embeddable":true,"href":"https:\/\/shop.camac-harps.com\/fr\/wp-json\/wp\/v2\/comments?post=41764"}],"wp:featuredmedia":[{"embeddable":true,"href":"https:\/\/shop.camac-harps.com\/fr\/wp-json\/wp\/v2\/media\/41765"}],"wp:attachment":[{"href":"https:\/\/shop.camac-harps.com\/fr\/wp-json\/wp\/v2\/media?parent=41764"}],"wp:term":[{"taxonomy":"product_brand","embeddable":true,"href":"https:\/\/shop.camac-harps.com\/fr\/wp-json\/wp\/v2\/product_brand?post=41764"},{"taxonomy":"product_cat","embeddable":true,"href":"https:\/\/shop.camac-harps.com\/fr\/wp-json\/wp\/v2\/product_cat?post=41764"},{"taxonomy":"product_tag","embeddable":true,"href":"https:\/\/shop.camac-harps.com\/fr\/wp-json\/wp\/v2\/product_tag?post=41764"}],"curies":[{"name":"wp","href":"https:\/\/api.w.org\/{rel}","templated":true}]}}