{"id":41785,"date":"2021-10-20T07:22:11","date_gmt":"2021-10-20T07:22:11","guid":{"rendered":"https:\/\/shop.camac-harps.com\/?post_type=product&#038;p=41785"},"modified":"2024-11-07T15:01:59","modified_gmt":"2024-11-07T15:01:59","slug":"respighi-valse-caressante-pour-trio-de-harpes-ref-2mcvb009-arr-buffin-vincent","status":"publish","type":"product","link":"https:\/\/shop.camac-harps.com\/fr\/produit\/respighi-valse-caressante-pour-trio-de-harpes-ref-2mcvb009-arr-buffin-vincent\/","title":{"rendered":"RESPIGHI : \u00ab\u00a0Valse Caressante\u00a0\u00bb pour trio de harpes, r\u00e9f 2MCVB009, arr. BUFFIN Vincent"},"content":{"rendered":"<p style=\"text-align: justify;\">Pour votre ensemble de harpes, vous recherchez des arrangements raffin\u00e9s de pi\u00e8ces magnifiques et r\u00e9put\u00e9es ? N&rsquo;allez pas plus loin que la boutique Camac : vous trouverez une source d&rsquo;inspiration dans la nouvelle collection pour deux, trois ou quatre harpes propos\u00e9e par le harpiste Vincent Buffin, qui r\u00e9alise la prouesse de proposer des musiques suffisamment connues, tout en \u00e9vitant les clich\u00e9s.<\/p>\n<p style=\"text-align: justify;\">Ces nouvelles partitions peuvent \u00eatre appr\u00e9ci\u00e9es aussi bien par des ensembles d&rsquo;\u00e9tudiants de niveau interm\u00e9diaire et plus, que par des professionnels.<\/p>\n","protected":false},"excerpt":{"rendered":"<p>Pour votre ensemble de harpes, vous recherchez des arrangements raffin\u00e9s de pi\u00e8ces magnifiques et r\u00e9put\u00e9es ? N&rsquo;allez pas plus loin que la boutique Camac : vous trouverez une source d&rsquo;inspiration dans la nouvelle collection pour deux, trois ou quatre harpes propos\u00e9e par le harpiste Vincent Buffin, qui r\u00e9alise la prouesse de proposer des musiques suffisamment [&hellip;]<\/p>\n","protected":false},"featured_media":41786,"comment_status":"open","ping_status":"closed","template":"","meta":{"_acf_changed":false},"product_brand":[],"product_cat":[51,33],"product_tag":[],"class_list":{"0":"post-41785","1":"product","2":"type-product","3":"status-publish","4":"has-post-thumbnail","6":"product_cat-ensembles-de-harpes","7":"product_cat-partitions-pour-harpe","9":"first","10":"instock","11":"taxable","12":"shipping-taxable","13":"purchasable","14":"product-type-simple"},"acf":[],"yoast_head":"<title>RESPIGHI : &quot;Valse Caressante&quot; | Musique pour trio de harpes, arrang\u00e9 par Vincent Buffin<\/title>\n<meta name=\"description\" content=\"Disponible de la boutique en ligne des Harpes Camac.\" \/>\n<meta name=\"robots\" content=\"index, follow, max-snippet:-1, max-image-preview:large, max-video-preview:-1\" \/>\n<link rel=\"canonical\" href=\"https:\/\/shop.camac-harps.com\/fr\/produit\/respighi-valse-caressante-pour-trio-de-harpes-ref-2mcvb009-arr-buffin-vincent\/\" \/>\n<meta property=\"og:locale\" content=\"fr_FR\" \/>\n<meta property=\"og:type\" content=\"article\" \/>\n<meta property=\"og:title\" content=\"RESPIGHI : &quot;Valse Caressante&quot; | Musique pour trio de harpes, arrang\u00e9 par Vincent Buffin\" \/>\n<meta property=\"og:description\" content=\"Disponible de la boutique en ligne des Harpes Camac.\" \/>\n<meta property=\"og:url\" content=\"https:\/\/shop.camac-harps.com\/fr\/produit\/respighi-valse-caressante-pour-trio-de-harpes-ref-2mcvb009-arr-buffin-vincent\/\" \/>\n<meta property=\"og:site_name\" content=\"Camac Harps Shop\" \/>\n<meta property=\"article:modified_time\" content=\"2024-11-07T15:01:59+00:00\" \/>\n<meta property=\"og:image\" content=\"https:\/\/shop.camac-harps.com\/wp-content\/uploads\/sites\/25\/2021\/10\/rio02.jpg\" \/>\n\t<meta property=\"og:image:width\" content=\"548\" \/>\n\t<meta property=\"og:image:height\" content=\"813\" \/>\n\t<meta property=\"og:image:type\" content=\"image\/jpeg\" \/>\n<meta name=\"twitter:card\" content=\"summary_large_image\" \/>\n<meta name=\"twitter:label1\" content=\"Dur\u00e9e de lecture estim\u00e9e\" \/>\n\t<meta name=\"twitter:data1\" content=\"1 minute\" \/>\n<script type=\"application\/ld+json\" class=\"yoast-schema-graph\">{\"@context\":\"https:\/\/schema.org\",\"@graph\":[{\"@type\":\"WebPage\",\"@id\":\"https:\/\/shop.camac-harps.com\/fr\/produit\/respighi-valse-caressante-pour-trio-de-harpes-ref-2mcvb009-arr-buffin-vincent\/\",\"url\":\"https:\/\/shop.camac-harps.com\/fr\/produit\/respighi-valse-caressante-pour-trio-de-harpes-ref-2mcvb009-arr-buffin-vincent\/\",\"name\":\"RESPIGHI : \\\"Valse Caressante\\\" | Musique pour trio de harpes, arrang\u00e9 par Vincent Buffin\",\"isPartOf\":{\"@id\":\"https:\/\/shop.camac-harps.com\/fr\/#website\"},\"primaryImageOfPage\":{\"@id\":\"https:\/\/shop.camac-harps.com\/fr\/produit\/respighi-valse-caressante-pour-trio-de-harpes-ref-2mcvb009-arr-buffin-vincent\/#primaryimage\"},\"image\":{\"@id\":\"https:\/\/shop.camac-harps.com\/fr\/produit\/respighi-valse-caressante-pour-trio-de-harpes-ref-2mcvb009-arr-buffin-vincent\/#primaryimage\"},\"thumbnailUrl\":\"https:\/\/shop.camac-harps.com\/wp-content\/uploads\/sites\/25\/2021\/10\/rio02.jpg\",\"datePublished\":\"2021-10-20T07:22:11+00:00\",\"dateModified\":\"2024-11-07T15:01:59+00:00\",\"description\":\"Disponible de la boutique en ligne des Harpes Camac.\",\"breadcrumb\":{\"@id\":\"https:\/\/shop.camac-harps.com\/fr\/produit\/respighi-valse-caressante-pour-trio-de-harpes-ref-2mcvb009-arr-buffin-vincent\/#breadcrumb\"},\"inLanguage\":\"fr-FR\",\"potentialAction\":[{\"@type\":\"ReadAction\",\"target\":[\"https:\/\/shop.camac-harps.com\/fr\/produit\/respighi-valse-caressante-pour-trio-de-harpes-ref-2mcvb009-arr-buffin-vincent\/\"]}]},{\"@type\":\"ImageObject\",\"inLanguage\":\"fr-FR\",\"@id\":\"https:\/\/shop.camac-harps.com\/fr\/produit\/respighi-valse-caressante-pour-trio-de-harpes-ref-2mcvb009-arr-buffin-vincent\/#primaryimage\",\"url\":\"https:\/\/shop.camac-harps.com\/wp-content\/uploads\/sites\/25\/2021\/10\/rio02.jpg\",\"contentUrl\":\"https:\/\/shop.camac-harps.com\/wp-content\/uploads\/sites\/25\/2021\/10\/rio02.jpg\",\"width\":548,\"height\":813,\"caption\":\"RESPIGHI : \\\"Valse Caressante\\\" pour trio de harpes\"},{\"@type\":\"BreadcrumbList\",\"@id\":\"https:\/\/shop.camac-harps.com\/fr\/produit\/respighi-valse-caressante-pour-trio-de-harpes-ref-2mcvb009-arr-buffin-vincent\/#breadcrumb\",\"itemListElement\":[{\"@type\":\"ListItem\",\"position\":1,\"name\":\"Home\",\"item\":\"https:\/\/shop.camac-harps.com\/fr\/homepage\/\"},{\"@type\":\"ListItem\",\"position\":2,\"name\":\"Accueil\",\"item\":\"https:\/\/shop.camac-harps.com\/fr\/homepage\/\"},{\"@type\":\"ListItem\",\"position\":3,\"name\":\"RESPIGHI : &#8220;Valse Caressante&#8221; pour trio de harpes, r\u00e9f 2MCVB009, arr. BUFFIN Vincent\"}]},{\"@type\":\"WebSite\",\"@id\":\"https:\/\/shop.camac-harps.com\/fr\/#website\",\"url\":\"https:\/\/shop.camac-harps.com\/fr\/\",\"name\":\"Camac Harps Shop\",\"description\":\"\",\"potentialAction\":[{\"@type\":\"SearchAction\",\"target\":{\"@type\":\"EntryPoint\",\"urlTemplate\":\"https:\/\/shop.camac-harps.com\/fr\/?s={search_term_string}\"},\"query-input\":{\"@type\":\"PropertyValueSpecification\",\"valueRequired\":true,\"valueName\":\"search_term_string\"}}],\"inLanguage\":\"fr-FR\"}]}<\/script>","yoast_head_json":{"title":"RESPIGHI : \"Valse Caressante\" | Musique pour trio de harpes, arrang\u00e9 par Vincent Buffin","description":"Disponible de la boutique en ligne des Harpes Camac.","robots":{"index":"index","follow":"follow","max-snippet":"max-snippet:-1","max-image-preview":"max-image-preview:large","max-video-preview":"max-video-preview:-1"},"canonical":"https:\/\/shop.camac-harps.com\/fr\/produit\/respighi-valse-caressante-pour-trio-de-harpes-ref-2mcvb009-arr-buffin-vincent\/","og_locale":"fr_FR","og_type":"article","og_title":"RESPIGHI : \"Valse Caressante\" | Musique pour trio de harpes, arrang\u00e9 par Vincent Buffin","og_description":"Disponible de la boutique en ligne des Harpes Camac.","og_url":"https:\/\/shop.camac-harps.com\/fr\/produit\/respighi-valse-caressante-pour-trio-de-harpes-ref-2mcvb009-arr-buffin-vincent\/","og_site_name":"Camac Harps Shop","article_modified_time":"2024-11-07T15:01:59+00:00","og_image":[{"width":548,"height":813,"url":"https:\/\/shop.camac-harps.com\/wp-content\/uploads\/sites\/25\/2021\/10\/rio02.jpg","type":"image\/jpeg"}],"twitter_card":"summary_large_image","twitter_misc":{"Dur\u00e9e de lecture estim\u00e9e":"1 minute"},"schema":{"@context":"https:\/\/schema.org","@graph":[{"@type":"WebPage","@id":"https:\/\/shop.camac-harps.com\/fr\/produit\/respighi-valse-caressante-pour-trio-de-harpes-ref-2mcvb009-arr-buffin-vincent\/","url":"https:\/\/shop.camac-harps.com\/fr\/produit\/respighi-valse-caressante-pour-trio-de-harpes-ref-2mcvb009-arr-buffin-vincent\/","name":"RESPIGHI : \"Valse Caressante\" | Musique pour trio de harpes, arrang\u00e9 par Vincent Buffin","isPartOf":{"@id":"https:\/\/shop.camac-harps.com\/fr\/#website"},"primaryImageOfPage":{"@id":"https:\/\/shop.camac-harps.com\/fr\/produit\/respighi-valse-caressante-pour-trio-de-harpes-ref-2mcvb009-arr-buffin-vincent\/#primaryimage"},"image":{"@id":"https:\/\/shop.camac-harps.com\/fr\/produit\/respighi-valse-caressante-pour-trio-de-harpes-ref-2mcvb009-arr-buffin-vincent\/#primaryimage"},"thumbnailUrl":"https:\/\/shop.camac-harps.com\/wp-content\/uploads\/sites\/25\/2021\/10\/rio02.jpg","datePublished":"2021-10-20T07:22:11+00:00","dateModified":"2024-11-07T15:01:59+00:00","description":"Disponible de la boutique en ligne des Harpes Camac.","breadcrumb":{"@id":"https:\/\/shop.camac-harps.com\/fr\/produit\/respighi-valse-caressante-pour-trio-de-harpes-ref-2mcvb009-arr-buffin-vincent\/#breadcrumb"},"inLanguage":"fr-FR","potentialAction":[{"@type":"ReadAction","target":["https:\/\/shop.camac-harps.com\/fr\/produit\/respighi-valse-caressante-pour-trio-de-harpes-ref-2mcvb009-arr-buffin-vincent\/"]}]},{"@type":"ImageObject","inLanguage":"fr-FR","@id":"https:\/\/shop.camac-harps.com\/fr\/produit\/respighi-valse-caressante-pour-trio-de-harpes-ref-2mcvb009-arr-buffin-vincent\/#primaryimage","url":"https:\/\/shop.camac-harps.com\/wp-content\/uploads\/sites\/25\/2021\/10\/rio02.jpg","contentUrl":"https:\/\/shop.camac-harps.com\/wp-content\/uploads\/sites\/25\/2021\/10\/rio02.jpg","width":548,"height":813,"caption":"RESPIGHI : \"Valse Caressante\" pour trio de harpes"},{"@type":"BreadcrumbList","@id":"https:\/\/shop.camac-harps.com\/fr\/produit\/respighi-valse-caressante-pour-trio-de-harpes-ref-2mcvb009-arr-buffin-vincent\/#breadcrumb","itemListElement":[{"@type":"ListItem","position":1,"name":"Home","item":"https:\/\/shop.camac-harps.com\/fr\/homepage\/"},{"@type":"ListItem","position":2,"name":"Accueil","item":"https:\/\/shop.camac-harps.com\/fr\/homepage\/"},{"@type":"ListItem","position":3,"name":"RESPIGHI : &#8220;Valse Caressante&#8221; pour trio de harpes, r\u00e9f 2MCVB009, arr. BUFFIN Vincent"}]},{"@type":"WebSite","@id":"https:\/\/shop.camac-harps.com\/fr\/#website","url":"https:\/\/shop.camac-harps.com\/fr\/","name":"Camac Harps Shop","description":"","potentialAction":[{"@type":"SearchAction","target":{"@type":"EntryPoint","urlTemplate":"https:\/\/shop.camac-harps.com\/fr\/?s={search_term_string}"},"query-input":{"@type":"PropertyValueSpecification","valueRequired":true,"valueName":"search_term_string"}}],"inLanguage":"fr-FR"}]}},"_links":{"self":[{"href":"https:\/\/shop.camac-harps.com\/fr\/wp-json\/wp\/v2\/product\/41785","targetHints":{"allow":["GET"]}}],"collection":[{"href":"https:\/\/shop.camac-harps.com\/fr\/wp-json\/wp\/v2\/product"}],"about":[{"href":"https:\/\/shop.camac-harps.com\/fr\/wp-json\/wp\/v2\/types\/product"}],"replies":[{"embeddable":true,"href":"https:\/\/shop.camac-harps.com\/fr\/wp-json\/wp\/v2\/comments?post=41785"}],"wp:featuredmedia":[{"embeddable":true,"href":"https:\/\/shop.camac-harps.com\/fr\/wp-json\/wp\/v2\/media\/41786"}],"wp:attachment":[{"href":"https:\/\/shop.camac-harps.com\/fr\/wp-json\/wp\/v2\/media?parent=41785"}],"wp:term":[{"taxonomy":"product_brand","embeddable":true,"href":"https:\/\/shop.camac-harps.com\/fr\/wp-json\/wp\/v2\/product_brand?post=41785"},{"taxonomy":"product_cat","embeddable":true,"href":"https:\/\/shop.camac-harps.com\/fr\/wp-json\/wp\/v2\/product_cat?post=41785"},{"taxonomy":"product_tag","embeddable":true,"href":"https:\/\/shop.camac-harps.com\/fr\/wp-json\/wp\/v2\/product_tag?post=41785"}],"curies":[{"name":"wp","href":"https:\/\/api.w.org\/{rel}","templated":true}]}}