{"id":41871,"date":"2021-10-20T09:05:15","date_gmt":"2021-10-20T09:05:15","guid":{"rendered":"https:\/\/shop.camac-harps.com\/?post_type=product&#038;p=41871"},"modified":"2024-11-07T15:01:55","modified_gmt":"2024-11-07T15:01:55","slug":"liadov-anatoli-le-lac-enchante-pour-4-harpes-ref-2mcvb014-arr-buffin-vincent","status":"publish","type":"product","link":"https:\/\/shop.camac-harps.com\/fr\/produit\/liadov-anatoli-le-lac-enchante-pour-4-harpes-ref-2mcvb014-arr-buffin-vincent\/","title":{"rendered":"LIADOV Anatoli : Le Lac enchant\u00e9 pour 4 harpes, r\u00e9f 2MCVB014, arr. BUFFIN Vincent"},"content":{"rendered":"<p style=\"text-align: justify;\">Pour votre ensemble de harpes, vous recherchez des arrangements raffin\u00e9s de pi\u00e8ces magnifiques et r\u00e9put\u00e9es ? N&rsquo;allez pas plus loin que la boutique Camac : vous trouverez une source d&rsquo;inspiration dans la nouvelle collection pour deux, trois ou quatre harpes propos\u00e9e par le harpiste Vincent Buffin, qui r\u00e9alise la prouesse de proposer des musiques suffisamment connues, tout en \u00e9vitant les clich\u00e9s.<\/p>\n<p style=\"text-align: justify;\">Ces partitions peuvent \u00eatre appr\u00e9ci\u00e9es aussi bien par des ensembles d&rsquo;\u00e9tudiants de niveau interm\u00e9diaire et plus, que par des professionnels.<\/p>\n","protected":false},"excerpt":{"rendered":"<p>Pour votre ensemble de harpes, vous recherchez des arrangements raffin\u00e9s de pi\u00e8ces magnifiques et r\u00e9put\u00e9es ? N&rsquo;allez pas plus loin que la boutique Camac : vous trouverez une source d&rsquo;inspiration dans la nouvelle collection pour deux, trois ou quatre harpes propos\u00e9e par le harpiste Vincent Buffin, qui r\u00e9alise la prouesse de proposer des musiques suffisamment [&hellip;]<\/p>\n","protected":false},"featured_media":41853,"comment_status":"open","ping_status":"closed","template":"","meta":{"_acf_changed":false},"product_brand":[],"product_cat":[51,33],"product_tag":[],"class_list":{"0":"post-41871","1":"product","2":"type-product","3":"status-publish","4":"has-post-thumbnail","6":"product_cat-ensembles-de-harpes","7":"product_cat-partitions-pour-harpe","9":"first","10":"instock","11":"taxable","12":"shipping-taxable","13":"purchasable","14":"product-type-simple"},"acf":[],"yoast_head":"<title>LIADOV Anatoli : Le Lac enchant\u00e9 | Musique pour trio de harpes, arrang\u00e9 par Vincent Buffin<\/title>\n<meta name=\"description\" content=\"Disponible de la boutique en ligne des Harpes Camac\" \/>\n<meta name=\"robots\" content=\"index, follow, max-snippet:-1, max-image-preview:large, max-video-preview:-1\" \/>\n<link rel=\"canonical\" href=\"https:\/\/shop.camac-harps.com\/fr\/produit\/liadov-anatoli-le-lac-enchante-pour-4-harpes-ref-2mcvb014-arr-buffin-vincent\/\" \/>\n<meta property=\"og:locale\" content=\"fr_FR\" \/>\n<meta property=\"og:type\" content=\"article\" \/>\n<meta property=\"og:title\" content=\"LIADOV Anatoli : Le Lac enchant\u00e9 | Musique pour trio de harpes, arrang\u00e9 par Vincent Buffin\" \/>\n<meta property=\"og:description\" content=\"Disponible de la boutique en ligne des Harpes Camac\" \/>\n<meta property=\"og:url\" content=\"https:\/\/shop.camac-harps.com\/fr\/produit\/liadov-anatoli-le-lac-enchante-pour-4-harpes-ref-2mcvb014-arr-buffin-vincent\/\" \/>\n<meta property=\"og:site_name\" content=\"Camac Harps Shop\" \/>\n<meta property=\"article:modified_time\" content=\"2024-11-07T15:01:55+00:00\" \/>\n<meta property=\"og:image\" content=\"https:\/\/shop.camac-harps.com\/wp-content\/uploads\/sites\/25\/2021\/10\/lva01.jpg\" \/>\n\t<meta property=\"og:image:width\" content=\"571\" \/>\n\t<meta property=\"og:image:height\" content=\"826\" \/>\n\t<meta property=\"og:image:type\" content=\"image\/jpeg\" \/>\n<meta name=\"twitter:card\" content=\"summary_large_image\" \/>\n<meta name=\"twitter:label1\" content=\"Dur\u00e9e de lecture estim\u00e9e\" \/>\n\t<meta name=\"twitter:data1\" content=\"1 minute\" \/>\n<script type=\"application\/ld+json\" class=\"yoast-schema-graph\">{\"@context\":\"https:\/\/schema.org\",\"@graph\":[{\"@type\":\"WebPage\",\"@id\":\"https:\/\/shop.camac-harps.com\/fr\/produit\/liadov-anatoli-le-lac-enchante-pour-4-harpes-ref-2mcvb014-arr-buffin-vincent\/\",\"url\":\"https:\/\/shop.camac-harps.com\/fr\/produit\/liadov-anatoli-le-lac-enchante-pour-4-harpes-ref-2mcvb014-arr-buffin-vincent\/\",\"name\":\"LIADOV Anatoli : Le Lac enchant\u00e9 | Musique pour trio de harpes, arrang\u00e9 par Vincent Buffin\",\"isPartOf\":{\"@id\":\"https:\/\/shop.camac-harps.com\/fr\/#website\"},\"primaryImageOfPage\":{\"@id\":\"https:\/\/shop.camac-harps.com\/fr\/produit\/liadov-anatoli-le-lac-enchante-pour-4-harpes-ref-2mcvb014-arr-buffin-vincent\/#primaryimage\"},\"image\":{\"@id\":\"https:\/\/shop.camac-harps.com\/fr\/produit\/liadov-anatoli-le-lac-enchante-pour-4-harpes-ref-2mcvb014-arr-buffin-vincent\/#primaryimage\"},\"thumbnailUrl\":\"https:\/\/shop.camac-harps.com\/wp-content\/uploads\/sites\/25\/2021\/10\/lva01.jpg\",\"datePublished\":\"2021-10-20T09:05:15+00:00\",\"dateModified\":\"2024-11-07T15:01:55+00:00\",\"description\":\"Disponible de la boutique en ligne des Harpes Camac\",\"breadcrumb\":{\"@id\":\"https:\/\/shop.camac-harps.com\/fr\/produit\/liadov-anatoli-le-lac-enchante-pour-4-harpes-ref-2mcvb014-arr-buffin-vincent\/#breadcrumb\"},\"inLanguage\":\"fr-FR\",\"potentialAction\":[{\"@type\":\"ReadAction\",\"target\":[\"https:\/\/shop.camac-harps.com\/fr\/produit\/liadov-anatoli-le-lac-enchante-pour-4-harpes-ref-2mcvb014-arr-buffin-vincent\/\"]}]},{\"@type\":\"ImageObject\",\"inLanguage\":\"fr-FR\",\"@id\":\"https:\/\/shop.camac-harps.com\/fr\/produit\/liadov-anatoli-le-lac-enchante-pour-4-harpes-ref-2mcvb014-arr-buffin-vincent\/#primaryimage\",\"url\":\"https:\/\/shop.camac-harps.com\/wp-content\/uploads\/sites\/25\/2021\/10\/lva01.jpg\",\"contentUrl\":\"https:\/\/shop.camac-harps.com\/wp-content\/uploads\/sites\/25\/2021\/10\/lva01.jpg\",\"width\":571,\"height\":826,\"caption\":\"LIADOV Anatoli : Le Lac enchant\u00e9 pour 4 harpes, arr. BUFFIN Vincent\"},{\"@type\":\"BreadcrumbList\",\"@id\":\"https:\/\/shop.camac-harps.com\/fr\/produit\/liadov-anatoli-le-lac-enchante-pour-4-harpes-ref-2mcvb014-arr-buffin-vincent\/#breadcrumb\",\"itemListElement\":[{\"@type\":\"ListItem\",\"position\":1,\"name\":\"Home\",\"item\":\"https:\/\/shop.camac-harps.com\/fr\/homepage\/\"},{\"@type\":\"ListItem\",\"position\":2,\"name\":\"Accueil\",\"item\":\"https:\/\/shop.camac-harps.com\/fr\/homepage\/\"},{\"@type\":\"ListItem\",\"position\":3,\"name\":\"LIADOV Anatoli : Le Lac enchant\u00e9 pour 4 harpes, r\u00e9f 2MCVB014, arr. BUFFIN Vincent\"}]},{\"@type\":\"WebSite\",\"@id\":\"https:\/\/shop.camac-harps.com\/fr\/#website\",\"url\":\"https:\/\/shop.camac-harps.com\/fr\/\",\"name\":\"Camac Harps Shop\",\"description\":\"\",\"potentialAction\":[{\"@type\":\"SearchAction\",\"target\":{\"@type\":\"EntryPoint\",\"urlTemplate\":\"https:\/\/shop.camac-harps.com\/fr\/?s={search_term_string}\"},\"query-input\":{\"@type\":\"PropertyValueSpecification\",\"valueRequired\":true,\"valueName\":\"search_term_string\"}}],\"inLanguage\":\"fr-FR\"}]}<\/script>","yoast_head_json":{"title":"LIADOV Anatoli : Le Lac enchant\u00e9 | Musique pour trio de harpes, arrang\u00e9 par Vincent Buffin","description":"Disponible de la boutique en ligne des Harpes Camac","robots":{"index":"index","follow":"follow","max-snippet":"max-snippet:-1","max-image-preview":"max-image-preview:large","max-video-preview":"max-video-preview:-1"},"canonical":"https:\/\/shop.camac-harps.com\/fr\/produit\/liadov-anatoli-le-lac-enchante-pour-4-harpes-ref-2mcvb014-arr-buffin-vincent\/","og_locale":"fr_FR","og_type":"article","og_title":"LIADOV Anatoli : Le Lac enchant\u00e9 | Musique pour trio de harpes, arrang\u00e9 par Vincent Buffin","og_description":"Disponible de la boutique en ligne des Harpes Camac","og_url":"https:\/\/shop.camac-harps.com\/fr\/produit\/liadov-anatoli-le-lac-enchante-pour-4-harpes-ref-2mcvb014-arr-buffin-vincent\/","og_site_name":"Camac Harps Shop","article_modified_time":"2024-11-07T15:01:55+00:00","og_image":[{"width":571,"height":826,"url":"https:\/\/shop.camac-harps.com\/wp-content\/uploads\/sites\/25\/2021\/10\/lva01.jpg","type":"image\/jpeg"}],"twitter_card":"summary_large_image","twitter_misc":{"Dur\u00e9e de lecture estim\u00e9e":"1 minute"},"schema":{"@context":"https:\/\/schema.org","@graph":[{"@type":"WebPage","@id":"https:\/\/shop.camac-harps.com\/fr\/produit\/liadov-anatoli-le-lac-enchante-pour-4-harpes-ref-2mcvb014-arr-buffin-vincent\/","url":"https:\/\/shop.camac-harps.com\/fr\/produit\/liadov-anatoli-le-lac-enchante-pour-4-harpes-ref-2mcvb014-arr-buffin-vincent\/","name":"LIADOV Anatoli : Le Lac enchant\u00e9 | Musique pour trio de harpes, arrang\u00e9 par Vincent Buffin","isPartOf":{"@id":"https:\/\/shop.camac-harps.com\/fr\/#website"},"primaryImageOfPage":{"@id":"https:\/\/shop.camac-harps.com\/fr\/produit\/liadov-anatoli-le-lac-enchante-pour-4-harpes-ref-2mcvb014-arr-buffin-vincent\/#primaryimage"},"image":{"@id":"https:\/\/shop.camac-harps.com\/fr\/produit\/liadov-anatoli-le-lac-enchante-pour-4-harpes-ref-2mcvb014-arr-buffin-vincent\/#primaryimage"},"thumbnailUrl":"https:\/\/shop.camac-harps.com\/wp-content\/uploads\/sites\/25\/2021\/10\/lva01.jpg","datePublished":"2021-10-20T09:05:15+00:00","dateModified":"2024-11-07T15:01:55+00:00","description":"Disponible de la boutique en ligne des Harpes Camac","breadcrumb":{"@id":"https:\/\/shop.camac-harps.com\/fr\/produit\/liadov-anatoli-le-lac-enchante-pour-4-harpes-ref-2mcvb014-arr-buffin-vincent\/#breadcrumb"},"inLanguage":"fr-FR","potentialAction":[{"@type":"ReadAction","target":["https:\/\/shop.camac-harps.com\/fr\/produit\/liadov-anatoli-le-lac-enchante-pour-4-harpes-ref-2mcvb014-arr-buffin-vincent\/"]}]},{"@type":"ImageObject","inLanguage":"fr-FR","@id":"https:\/\/shop.camac-harps.com\/fr\/produit\/liadov-anatoli-le-lac-enchante-pour-4-harpes-ref-2mcvb014-arr-buffin-vincent\/#primaryimage","url":"https:\/\/shop.camac-harps.com\/wp-content\/uploads\/sites\/25\/2021\/10\/lva01.jpg","contentUrl":"https:\/\/shop.camac-harps.com\/wp-content\/uploads\/sites\/25\/2021\/10\/lva01.jpg","width":571,"height":826,"caption":"LIADOV Anatoli : Le Lac enchant\u00e9 pour 4 harpes, arr. BUFFIN Vincent"},{"@type":"BreadcrumbList","@id":"https:\/\/shop.camac-harps.com\/fr\/produit\/liadov-anatoli-le-lac-enchante-pour-4-harpes-ref-2mcvb014-arr-buffin-vincent\/#breadcrumb","itemListElement":[{"@type":"ListItem","position":1,"name":"Home","item":"https:\/\/shop.camac-harps.com\/fr\/homepage\/"},{"@type":"ListItem","position":2,"name":"Accueil","item":"https:\/\/shop.camac-harps.com\/fr\/homepage\/"},{"@type":"ListItem","position":3,"name":"LIADOV Anatoli : Le Lac enchant\u00e9 pour 4 harpes, r\u00e9f 2MCVB014, arr. BUFFIN Vincent"}]},{"@type":"WebSite","@id":"https:\/\/shop.camac-harps.com\/fr\/#website","url":"https:\/\/shop.camac-harps.com\/fr\/","name":"Camac Harps Shop","description":"","potentialAction":[{"@type":"SearchAction","target":{"@type":"EntryPoint","urlTemplate":"https:\/\/shop.camac-harps.com\/fr\/?s={search_term_string}"},"query-input":{"@type":"PropertyValueSpecification","valueRequired":true,"valueName":"search_term_string"}}],"inLanguage":"fr-FR"}]}},"_links":{"self":[{"href":"https:\/\/shop.camac-harps.com\/fr\/wp-json\/wp\/v2\/product\/41871","targetHints":{"allow":["GET"]}}],"collection":[{"href":"https:\/\/shop.camac-harps.com\/fr\/wp-json\/wp\/v2\/product"}],"about":[{"href":"https:\/\/shop.camac-harps.com\/fr\/wp-json\/wp\/v2\/types\/product"}],"replies":[{"embeddable":true,"href":"https:\/\/shop.camac-harps.com\/fr\/wp-json\/wp\/v2\/comments?post=41871"}],"wp:featuredmedia":[{"embeddable":true,"href":"https:\/\/shop.camac-harps.com\/fr\/wp-json\/wp\/v2\/media\/41853"}],"wp:attachment":[{"href":"https:\/\/shop.camac-harps.com\/fr\/wp-json\/wp\/v2\/media?parent=41871"}],"wp:term":[{"taxonomy":"product_brand","embeddable":true,"href":"https:\/\/shop.camac-harps.com\/fr\/wp-json\/wp\/v2\/product_brand?post=41871"},{"taxonomy":"product_cat","embeddable":true,"href":"https:\/\/shop.camac-harps.com\/fr\/wp-json\/wp\/v2\/product_cat?post=41871"},{"taxonomy":"product_tag","embeddable":true,"href":"https:\/\/shop.camac-harps.com\/fr\/wp-json\/wp\/v2\/product_tag?post=41871"}],"curies":[{"name":"wp","href":"https:\/\/api.w.org\/{rel}","templated":true}]}}