{"id":43078,"date":"2021-12-10T07:52:38","date_gmt":"2021-12-10T07:52:38","guid":{"rendered":"https:\/\/shop.camac-harps.com\/?post_type=product&#038;p=43078"},"modified":"2024-11-07T15:01:48","modified_gmt":"2024-11-07T15:01:48","slug":"madjarova-angela-christmas-music-pour-harpe-celtique-ou-harpe-a-pedales","status":"publish","type":"product","link":"https:\/\/shop.camac-harps.com\/fr\/produit\/madjarova-angela-christmas-music-pour-harpe-celtique-ou-harpe-a-pedales\/","title":{"rendered":"MADJAROVA Angela: Christmas Music pour harpe celtique ou harpe \u00e0 p\u00e9dales"},"content":{"rendered":"","protected":false},"excerpt":{"rendered":"","protected":false},"featured_media":43079,"comment_status":"open","ping_status":"closed","template":"","meta":{"_acf_changed":false},"product_brand":[],"product_cat":[60,108,33,45],"product_tag":[],"class_list":{"0":"post-43078","1":"product","2":"type-product","3":"status-publish","4":"has-post-thumbnail","6":"product_cat-jazz-variete-ceremonies","7":"product_cat-musique-harpe-celtique","8":"product_cat-partitions-pour-harpe","9":"product_cat-solos-harpe-a-pedales","11":"first","12":"instock","13":"taxable","14":"shipping-taxable","15":"purchasable","16":"product-type-simple"},"acf":[],"yoast_head":"<title>MADJAROVA Angela : Musique de No\u00ebl pour harpe celtique ou harpe \u00e0 p\u00e9dales<\/title>\n<meta name=\"description\" content=\"Disponible de la boutique en ligne des Harpes Camac | Livraison dans le monde entier.\" \/>\n<meta name=\"robots\" content=\"index, follow, max-snippet:-1, max-image-preview:large, max-video-preview:-1\" \/>\n<link rel=\"canonical\" href=\"https:\/\/shop.camac-harps.com\/fr\/produit\/madjarova-angela-christmas-music-pour-harpe-celtique-ou-harpe-a-pedales\/\" \/>\n<meta property=\"og:locale\" content=\"fr_FR\" \/>\n<meta property=\"og:type\" content=\"article\" \/>\n<meta property=\"og:title\" content=\"MADJAROVA Angela : Musique de No\u00ebl pour harpe celtique ou harpe \u00e0 p\u00e9dales\" \/>\n<meta property=\"og:description\" content=\"Disponible de la boutique en ligne des Harpes Camac | Livraison dans le monde entier.\" \/>\n<meta property=\"og:url\" content=\"https:\/\/shop.camac-harps.com\/fr\/produit\/madjarova-angela-christmas-music-pour-harpe-celtique-ou-harpe-a-pedales\/\" \/>\n<meta property=\"og:site_name\" content=\"Camac Harps Shop\" \/>\n<meta property=\"article:modified_time\" content=\"2024-11-07T15:01:48+00:00\" \/>\n<meta property=\"og:image\" content=\"https:\/\/shop.camac-harps.com\/wp-content\/uploads\/sites\/25\/2021\/12\/maa02.jpg\" \/>\n\t<meta property=\"og:image:width\" content=\"583\" \/>\n\t<meta property=\"og:image:height\" content=\"818\" \/>\n\t<meta property=\"og:image:type\" content=\"image\/jpeg\" \/>\n<meta name=\"twitter:card\" content=\"summary_large_image\" \/>\n<script type=\"application\/ld+json\" class=\"yoast-schema-graph\">{\"@context\":\"https:\/\/schema.org\",\"@graph\":[{\"@type\":\"WebPage\",\"@id\":\"https:\/\/shop.camac-harps.com\/fr\/produit\/madjarova-angela-christmas-music-pour-harpe-celtique-ou-harpe-a-pedales\/\",\"url\":\"https:\/\/shop.camac-harps.com\/fr\/produit\/madjarova-angela-christmas-music-pour-harpe-celtique-ou-harpe-a-pedales\/\",\"name\":\"MADJAROVA Angela : Musique de No\u00ebl pour harpe celtique ou harpe \u00e0 p\u00e9dales\",\"isPartOf\":{\"@id\":\"https:\/\/shop.camac-harps.com\/fr\/#website\"},\"primaryImageOfPage\":{\"@id\":\"https:\/\/shop.camac-harps.com\/fr\/produit\/madjarova-angela-christmas-music-pour-harpe-celtique-ou-harpe-a-pedales\/#primaryimage\"},\"image\":{\"@id\":\"https:\/\/shop.camac-harps.com\/fr\/produit\/madjarova-angela-christmas-music-pour-harpe-celtique-ou-harpe-a-pedales\/#primaryimage\"},\"thumbnailUrl\":\"https:\/\/shop.camac-harps.com\/wp-content\/uploads\/sites\/25\/2021\/12\/maa02.jpg\",\"datePublished\":\"2021-12-10T07:52:38+00:00\",\"dateModified\":\"2024-11-07T15:01:48+00:00\",\"description\":\"Disponible de la boutique en ligne des Harpes Camac | Livraison dans le monde entier.\",\"breadcrumb\":{\"@id\":\"https:\/\/shop.camac-harps.com\/fr\/produit\/madjarova-angela-christmas-music-pour-harpe-celtique-ou-harpe-a-pedales\/#breadcrumb\"},\"inLanguage\":\"fr-FR\",\"potentialAction\":[{\"@type\":\"ReadAction\",\"target\":[\"https:\/\/shop.camac-harps.com\/fr\/produit\/madjarova-angela-christmas-music-pour-harpe-celtique-ou-harpe-a-pedales\/\"]}]},{\"@type\":\"ImageObject\",\"inLanguage\":\"fr-FR\",\"@id\":\"https:\/\/shop.camac-harps.com\/fr\/produit\/madjarova-angela-christmas-music-pour-harpe-celtique-ou-harpe-a-pedales\/#primaryimage\",\"url\":\"https:\/\/shop.camac-harps.com\/wp-content\/uploads\/sites\/25\/2021\/12\/maa02.jpg\",\"contentUrl\":\"https:\/\/shop.camac-harps.com\/wp-content\/uploads\/sites\/25\/2021\/12\/maa02.jpg\",\"width\":583,\"height\":818,\"caption\":\"MADJAROVA Angela: Christmas Music pour harpe celtique ou harpe \u00e0 p\u00e9dales\"},{\"@type\":\"BreadcrumbList\",\"@id\":\"https:\/\/shop.camac-harps.com\/fr\/produit\/madjarova-angela-christmas-music-pour-harpe-celtique-ou-harpe-a-pedales\/#breadcrumb\",\"itemListElement\":[{\"@type\":\"ListItem\",\"position\":1,\"name\":\"Home\",\"item\":\"https:\/\/shop.camac-harps.com\/fr\/homepage\/\"},{\"@type\":\"ListItem\",\"position\":2,\"name\":\"Accueil\",\"item\":\"https:\/\/shop.camac-harps.com\/fr\/homepage\/\"},{\"@type\":\"ListItem\",\"position\":3,\"name\":\"MADJAROVA Angela: Christmas Music pour harpe celtique ou harpe \u00e0 p\u00e9dales\"}]},{\"@type\":\"WebSite\",\"@id\":\"https:\/\/shop.camac-harps.com\/fr\/#website\",\"url\":\"https:\/\/shop.camac-harps.com\/fr\/\",\"name\":\"Camac Harps Shop\",\"description\":\"\",\"potentialAction\":[{\"@type\":\"SearchAction\",\"target\":{\"@type\":\"EntryPoint\",\"urlTemplate\":\"https:\/\/shop.camac-harps.com\/fr\/?s={search_term_string}\"},\"query-input\":{\"@type\":\"PropertyValueSpecification\",\"valueRequired\":true,\"valueName\":\"search_term_string\"}}],\"inLanguage\":\"fr-FR\"}]}<\/script>","yoast_head_json":{"title":"MADJAROVA Angela : Musique de No\u00ebl pour harpe celtique ou harpe \u00e0 p\u00e9dales","description":"Disponible de la boutique en ligne des Harpes Camac | Livraison dans le monde entier.","robots":{"index":"index","follow":"follow","max-snippet":"max-snippet:-1","max-image-preview":"max-image-preview:large","max-video-preview":"max-video-preview:-1"},"canonical":"https:\/\/shop.camac-harps.com\/fr\/produit\/madjarova-angela-christmas-music-pour-harpe-celtique-ou-harpe-a-pedales\/","og_locale":"fr_FR","og_type":"article","og_title":"MADJAROVA Angela : Musique de No\u00ebl pour harpe celtique ou harpe \u00e0 p\u00e9dales","og_description":"Disponible de la boutique en ligne des Harpes Camac | Livraison dans le monde entier.","og_url":"https:\/\/shop.camac-harps.com\/fr\/produit\/madjarova-angela-christmas-music-pour-harpe-celtique-ou-harpe-a-pedales\/","og_site_name":"Camac Harps Shop","article_modified_time":"2024-11-07T15:01:48+00:00","og_image":[{"width":583,"height":818,"url":"https:\/\/shop.camac-harps.com\/wp-content\/uploads\/sites\/25\/2021\/12\/maa02.jpg","type":"image\/jpeg"}],"twitter_card":"summary_large_image","schema":{"@context":"https:\/\/schema.org","@graph":[{"@type":"WebPage","@id":"https:\/\/shop.camac-harps.com\/fr\/produit\/madjarova-angela-christmas-music-pour-harpe-celtique-ou-harpe-a-pedales\/","url":"https:\/\/shop.camac-harps.com\/fr\/produit\/madjarova-angela-christmas-music-pour-harpe-celtique-ou-harpe-a-pedales\/","name":"MADJAROVA Angela : Musique de No\u00ebl pour harpe celtique ou harpe \u00e0 p\u00e9dales","isPartOf":{"@id":"https:\/\/shop.camac-harps.com\/fr\/#website"},"primaryImageOfPage":{"@id":"https:\/\/shop.camac-harps.com\/fr\/produit\/madjarova-angela-christmas-music-pour-harpe-celtique-ou-harpe-a-pedales\/#primaryimage"},"image":{"@id":"https:\/\/shop.camac-harps.com\/fr\/produit\/madjarova-angela-christmas-music-pour-harpe-celtique-ou-harpe-a-pedales\/#primaryimage"},"thumbnailUrl":"https:\/\/shop.camac-harps.com\/wp-content\/uploads\/sites\/25\/2021\/12\/maa02.jpg","datePublished":"2021-12-10T07:52:38+00:00","dateModified":"2024-11-07T15:01:48+00:00","description":"Disponible de la boutique en ligne des Harpes Camac | Livraison dans le monde entier.","breadcrumb":{"@id":"https:\/\/shop.camac-harps.com\/fr\/produit\/madjarova-angela-christmas-music-pour-harpe-celtique-ou-harpe-a-pedales\/#breadcrumb"},"inLanguage":"fr-FR","potentialAction":[{"@type":"ReadAction","target":["https:\/\/shop.camac-harps.com\/fr\/produit\/madjarova-angela-christmas-music-pour-harpe-celtique-ou-harpe-a-pedales\/"]}]},{"@type":"ImageObject","inLanguage":"fr-FR","@id":"https:\/\/shop.camac-harps.com\/fr\/produit\/madjarova-angela-christmas-music-pour-harpe-celtique-ou-harpe-a-pedales\/#primaryimage","url":"https:\/\/shop.camac-harps.com\/wp-content\/uploads\/sites\/25\/2021\/12\/maa02.jpg","contentUrl":"https:\/\/shop.camac-harps.com\/wp-content\/uploads\/sites\/25\/2021\/12\/maa02.jpg","width":583,"height":818,"caption":"MADJAROVA Angela: Christmas Music pour harpe celtique ou harpe \u00e0 p\u00e9dales"},{"@type":"BreadcrumbList","@id":"https:\/\/shop.camac-harps.com\/fr\/produit\/madjarova-angela-christmas-music-pour-harpe-celtique-ou-harpe-a-pedales\/#breadcrumb","itemListElement":[{"@type":"ListItem","position":1,"name":"Home","item":"https:\/\/shop.camac-harps.com\/fr\/homepage\/"},{"@type":"ListItem","position":2,"name":"Accueil","item":"https:\/\/shop.camac-harps.com\/fr\/homepage\/"},{"@type":"ListItem","position":3,"name":"MADJAROVA Angela: Christmas Music pour harpe celtique ou harpe \u00e0 p\u00e9dales"}]},{"@type":"WebSite","@id":"https:\/\/shop.camac-harps.com\/fr\/#website","url":"https:\/\/shop.camac-harps.com\/fr\/","name":"Camac Harps Shop","description":"","potentialAction":[{"@type":"SearchAction","target":{"@type":"EntryPoint","urlTemplate":"https:\/\/shop.camac-harps.com\/fr\/?s={search_term_string}"},"query-input":{"@type":"PropertyValueSpecification","valueRequired":true,"valueName":"search_term_string"}}],"inLanguage":"fr-FR"}]}},"_links":{"self":[{"href":"https:\/\/shop.camac-harps.com\/fr\/wp-json\/wp\/v2\/product\/43078","targetHints":{"allow":["GET"]}}],"collection":[{"href":"https:\/\/shop.camac-harps.com\/fr\/wp-json\/wp\/v2\/product"}],"about":[{"href":"https:\/\/shop.camac-harps.com\/fr\/wp-json\/wp\/v2\/types\/product"}],"replies":[{"embeddable":true,"href":"https:\/\/shop.camac-harps.com\/fr\/wp-json\/wp\/v2\/comments?post=43078"}],"wp:featuredmedia":[{"embeddable":true,"href":"https:\/\/shop.camac-harps.com\/fr\/wp-json\/wp\/v2\/media\/43079"}],"wp:attachment":[{"href":"https:\/\/shop.camac-harps.com\/fr\/wp-json\/wp\/v2\/media?parent=43078"}],"wp:term":[{"taxonomy":"product_brand","embeddable":true,"href":"https:\/\/shop.camac-harps.com\/fr\/wp-json\/wp\/v2\/product_brand?post=43078"},{"taxonomy":"product_cat","embeddable":true,"href":"https:\/\/shop.camac-harps.com\/fr\/wp-json\/wp\/v2\/product_cat?post=43078"},{"taxonomy":"product_tag","embeddable":true,"href":"https:\/\/shop.camac-harps.com\/fr\/wp-json\/wp\/v2\/product_tag?post=43078"}],"curies":[{"name":"wp","href":"https:\/\/api.w.org\/{rel}","templated":true}]}}