{"id":43211,"date":"2021-12-17T07:59:02","date_gmt":"2021-12-17T07:59:02","guid":{"rendered":"https:\/\/shop.camac-harps.com\/?post_type=product&#038;p=43211"},"modified":"2026-02-03T15:52:44","modified_gmt":"2026-02-03T15:52:44","slug":"bonis-mel-trois-pieces-impressionistes-arr-elisabeth-remy-johnson","status":"publish","type":"product","link":"https:\/\/shop.camac-harps.com\/fr\/produit\/bonis-mel-trois-pieces-impressionistes-arr-elisabeth-remy-johnson\/","title":{"rendered":"BONIS Mel : Trois pi\u00e8ces impressionistes, arr. Elisabeth REMY JOHNSON"},"content":{"rendered":"","protected":false},"excerpt":{"rendered":"","protected":false},"featured_media":43212,"comment_status":"open","ping_status":"closed","template":"","meta":{"_acf_changed":false},"product_brand":[],"product_cat":[33,45],"product_tag":[],"class_list":{"0":"post-43211","1":"product","2":"type-product","3":"status-publish","4":"has-post-thumbnail","6":"product_cat-partitions-pour-harpe","7":"product_cat-solos-harpe-a-pedales","9":"first","10":"instock","11":"taxable","12":"shipping-taxable","13":"purchasable","14":"product-type-simple"},"acf":[],"yoast_head":"<title>BONIS Mel : Trois pi\u00e8ces impressionistes, arr. Elisabeth REMY JOHNSON<\/title>\n<meta name=\"description\" content=\"Pour harpe \u00e0 p\u00e9dales | Disponible en ligne de la boutique Camac | Exp\u00e9dition dans le monde entier.\" \/>\n<meta name=\"robots\" content=\"index, follow, max-snippet:-1, max-image-preview:large, max-video-preview:-1\" \/>\n<link rel=\"canonical\" href=\"https:\/\/shop.camac-harps.com\/fr\/produit\/bonis-mel-trois-pieces-impressionistes-arr-elisabeth-remy-johnson\/\" \/>\n<meta property=\"og:locale\" content=\"fr_FR\" \/>\n<meta property=\"og:type\" content=\"article\" \/>\n<meta property=\"og:title\" content=\"BONIS Mel : Trois pi\u00e8ces impressionistes, arr. Elisabeth REMY JOHNSON\" \/>\n<meta property=\"og:description\" content=\"Pour harpe \u00e0 p\u00e9dales | Disponible en ligne de la boutique Camac | Exp\u00e9dition dans le monde entier.\" \/>\n<meta property=\"og:url\" content=\"https:\/\/shop.camac-harps.com\/fr\/produit\/bonis-mel-trois-pieces-impressionistes-arr-elisabeth-remy-johnson\/\" \/>\n<meta property=\"og:site_name\" content=\"Camac Harps Shop\" \/>\n<meta property=\"article:modified_time\" content=\"2026-02-03T15:52:44+00:00\" \/>\n<meta property=\"og:image\" content=\"https:\/\/shop.camac-harps.com\/wp-content\/uploads\/sites\/25\/2021\/12\/bsm06.jpg\" \/>\n\t<meta property=\"og:image:width\" content=\"583\" \/>\n\t<meta property=\"og:image:height\" content=\"831\" \/>\n\t<meta property=\"og:image:type\" content=\"image\/jpeg\" \/>\n<meta name=\"twitter:card\" content=\"summary_large_image\" \/>\n<meta name=\"twitter:label1\" content=\"Dur\u00e9e de lecture estim\u00e9e\" \/>\n\t<meta name=\"twitter:data1\" content=\"1 minute\" \/>\n<script type=\"application\/ld+json\" class=\"yoast-schema-graph\">{\"@context\":\"https:\/\/schema.org\",\"@graph\":[{\"@type\":\"WebPage\",\"@id\":\"https:\/\/shop.camac-harps.com\/fr\/produit\/bonis-mel-trois-pieces-impressionistes-arr-elisabeth-remy-johnson\/\",\"url\":\"https:\/\/shop.camac-harps.com\/fr\/produit\/bonis-mel-trois-pieces-impressionistes-arr-elisabeth-remy-johnson\/\",\"name\":\"BONIS Mel : Trois pi\u00e8ces impressionistes, arr. Elisabeth REMY JOHNSON\",\"isPartOf\":{\"@id\":\"https:\/\/shop.camac-harps.com\/fr\/#website\"},\"primaryImageOfPage\":{\"@id\":\"https:\/\/shop.camac-harps.com\/fr\/produit\/bonis-mel-trois-pieces-impressionistes-arr-elisabeth-remy-johnson\/#primaryimage\"},\"image\":{\"@id\":\"https:\/\/shop.camac-harps.com\/fr\/produit\/bonis-mel-trois-pieces-impressionistes-arr-elisabeth-remy-johnson\/#primaryimage\"},\"thumbnailUrl\":\"https:\/\/shop.camac-harps.com\/wp-content\/uploads\/sites\/25\/2021\/12\/bsm06.jpg\",\"datePublished\":\"2021-12-17T07:59:02+00:00\",\"dateModified\":\"2026-02-03T15:52:44+00:00\",\"description\":\"Pour harpe \u00e0 p\u00e9dales | Disponible en ligne de la boutique Camac | Exp\u00e9dition dans le monde entier.\",\"breadcrumb\":{\"@id\":\"https:\/\/shop.camac-harps.com\/fr\/produit\/bonis-mel-trois-pieces-impressionistes-arr-elisabeth-remy-johnson\/#breadcrumb\"},\"inLanguage\":\"fr-FR\",\"potentialAction\":[{\"@type\":\"ReadAction\",\"target\":[\"https:\/\/shop.camac-harps.com\/fr\/produit\/bonis-mel-trois-pieces-impressionistes-arr-elisabeth-remy-johnson\/\"]}]},{\"@type\":\"ImageObject\",\"inLanguage\":\"fr-FR\",\"@id\":\"https:\/\/shop.camac-harps.com\/fr\/produit\/bonis-mel-trois-pieces-impressionistes-arr-elisabeth-remy-johnson\/#primaryimage\",\"url\":\"https:\/\/shop.camac-harps.com\/wp-content\/uploads\/sites\/25\/2021\/12\/bsm06.jpg\",\"contentUrl\":\"https:\/\/shop.camac-harps.com\/wp-content\/uploads\/sites\/25\/2021\/12\/bsm06.jpg\",\"width\":583,\"height\":831,\"caption\":\"BONIS Mel : Trois pi\u00e8ces impressionistes, arr. Elisabeth REMY JOHNSON\"},{\"@type\":\"BreadcrumbList\",\"@id\":\"https:\/\/shop.camac-harps.com\/fr\/produit\/bonis-mel-trois-pieces-impressionistes-arr-elisabeth-remy-johnson\/#breadcrumb\",\"itemListElement\":[{\"@type\":\"ListItem\",\"position\":1,\"name\":\"Home\",\"item\":\"https:\/\/shop.camac-harps.com\/fr\/homepage\/\"},{\"@type\":\"ListItem\",\"position\":2,\"name\":\"Accueil\",\"item\":\"https:\/\/shop.camac-harps.com\/fr\/homepage\/\"},{\"@type\":\"ListItem\",\"position\":3,\"name\":\"BONIS Mel : Trois pi\u00e8ces impressionistes, arr. Elisabeth REMY JOHNSON\"}]},{\"@type\":\"WebSite\",\"@id\":\"https:\/\/shop.camac-harps.com\/fr\/#website\",\"url\":\"https:\/\/shop.camac-harps.com\/fr\/\",\"name\":\"Camac Harps Shop\",\"description\":\"\",\"potentialAction\":[{\"@type\":\"SearchAction\",\"target\":{\"@type\":\"EntryPoint\",\"urlTemplate\":\"https:\/\/shop.camac-harps.com\/fr\/?s={search_term_string}\"},\"query-input\":{\"@type\":\"PropertyValueSpecification\",\"valueRequired\":true,\"valueName\":\"search_term_string\"}}],\"inLanguage\":\"fr-FR\"}]}<\/script>","yoast_head_json":{"title":"BONIS Mel : Trois pi\u00e8ces impressionistes, arr. Elisabeth REMY JOHNSON","description":"Pour harpe \u00e0 p\u00e9dales | Disponible en ligne de la boutique Camac | Exp\u00e9dition dans le monde entier.","robots":{"index":"index","follow":"follow","max-snippet":"max-snippet:-1","max-image-preview":"max-image-preview:large","max-video-preview":"max-video-preview:-1"},"canonical":"https:\/\/shop.camac-harps.com\/fr\/produit\/bonis-mel-trois-pieces-impressionistes-arr-elisabeth-remy-johnson\/","og_locale":"fr_FR","og_type":"article","og_title":"BONIS Mel : Trois pi\u00e8ces impressionistes, arr. Elisabeth REMY JOHNSON","og_description":"Pour harpe \u00e0 p\u00e9dales | Disponible en ligne de la boutique Camac | Exp\u00e9dition dans le monde entier.","og_url":"https:\/\/shop.camac-harps.com\/fr\/produit\/bonis-mel-trois-pieces-impressionistes-arr-elisabeth-remy-johnson\/","og_site_name":"Camac Harps Shop","article_modified_time":"2026-02-03T15:52:44+00:00","og_image":[{"width":583,"height":831,"url":"https:\/\/shop.camac-harps.com\/wp-content\/uploads\/sites\/25\/2021\/12\/bsm06.jpg","type":"image\/jpeg"}],"twitter_card":"summary_large_image","twitter_misc":{"Dur\u00e9e de lecture estim\u00e9e":"1 minute"},"schema":{"@context":"https:\/\/schema.org","@graph":[{"@type":"WebPage","@id":"https:\/\/shop.camac-harps.com\/fr\/produit\/bonis-mel-trois-pieces-impressionistes-arr-elisabeth-remy-johnson\/","url":"https:\/\/shop.camac-harps.com\/fr\/produit\/bonis-mel-trois-pieces-impressionistes-arr-elisabeth-remy-johnson\/","name":"BONIS Mel : Trois pi\u00e8ces impressionistes, arr. Elisabeth REMY JOHNSON","isPartOf":{"@id":"https:\/\/shop.camac-harps.com\/fr\/#website"},"primaryImageOfPage":{"@id":"https:\/\/shop.camac-harps.com\/fr\/produit\/bonis-mel-trois-pieces-impressionistes-arr-elisabeth-remy-johnson\/#primaryimage"},"image":{"@id":"https:\/\/shop.camac-harps.com\/fr\/produit\/bonis-mel-trois-pieces-impressionistes-arr-elisabeth-remy-johnson\/#primaryimage"},"thumbnailUrl":"https:\/\/shop.camac-harps.com\/wp-content\/uploads\/sites\/25\/2021\/12\/bsm06.jpg","datePublished":"2021-12-17T07:59:02+00:00","dateModified":"2026-02-03T15:52:44+00:00","description":"Pour harpe \u00e0 p\u00e9dales | Disponible en ligne de la boutique Camac | Exp\u00e9dition dans le monde entier.","breadcrumb":{"@id":"https:\/\/shop.camac-harps.com\/fr\/produit\/bonis-mel-trois-pieces-impressionistes-arr-elisabeth-remy-johnson\/#breadcrumb"},"inLanguage":"fr-FR","potentialAction":[{"@type":"ReadAction","target":["https:\/\/shop.camac-harps.com\/fr\/produit\/bonis-mel-trois-pieces-impressionistes-arr-elisabeth-remy-johnson\/"]}]},{"@type":"ImageObject","inLanguage":"fr-FR","@id":"https:\/\/shop.camac-harps.com\/fr\/produit\/bonis-mel-trois-pieces-impressionistes-arr-elisabeth-remy-johnson\/#primaryimage","url":"https:\/\/shop.camac-harps.com\/wp-content\/uploads\/sites\/25\/2021\/12\/bsm06.jpg","contentUrl":"https:\/\/shop.camac-harps.com\/wp-content\/uploads\/sites\/25\/2021\/12\/bsm06.jpg","width":583,"height":831,"caption":"BONIS Mel : Trois pi\u00e8ces impressionistes, arr. Elisabeth REMY JOHNSON"},{"@type":"BreadcrumbList","@id":"https:\/\/shop.camac-harps.com\/fr\/produit\/bonis-mel-trois-pieces-impressionistes-arr-elisabeth-remy-johnson\/#breadcrumb","itemListElement":[{"@type":"ListItem","position":1,"name":"Home","item":"https:\/\/shop.camac-harps.com\/fr\/homepage\/"},{"@type":"ListItem","position":2,"name":"Accueil","item":"https:\/\/shop.camac-harps.com\/fr\/homepage\/"},{"@type":"ListItem","position":3,"name":"BONIS Mel : Trois pi\u00e8ces impressionistes, arr. Elisabeth REMY JOHNSON"}]},{"@type":"WebSite","@id":"https:\/\/shop.camac-harps.com\/fr\/#website","url":"https:\/\/shop.camac-harps.com\/fr\/","name":"Camac Harps Shop","description":"","potentialAction":[{"@type":"SearchAction","target":{"@type":"EntryPoint","urlTemplate":"https:\/\/shop.camac-harps.com\/fr\/?s={search_term_string}"},"query-input":{"@type":"PropertyValueSpecification","valueRequired":true,"valueName":"search_term_string"}}],"inLanguage":"fr-FR"}]}},"_links":{"self":[{"href":"https:\/\/shop.camac-harps.com\/fr\/wp-json\/wp\/v2\/product\/43211","targetHints":{"allow":["GET"]}}],"collection":[{"href":"https:\/\/shop.camac-harps.com\/fr\/wp-json\/wp\/v2\/product"}],"about":[{"href":"https:\/\/shop.camac-harps.com\/fr\/wp-json\/wp\/v2\/types\/product"}],"replies":[{"embeddable":true,"href":"https:\/\/shop.camac-harps.com\/fr\/wp-json\/wp\/v2\/comments?post=43211"}],"wp:featuredmedia":[{"embeddable":true,"href":"https:\/\/shop.camac-harps.com\/fr\/wp-json\/wp\/v2\/media\/43212"}],"wp:attachment":[{"href":"https:\/\/shop.camac-harps.com\/fr\/wp-json\/wp\/v2\/media?parent=43211"}],"wp:term":[{"taxonomy":"product_brand","embeddable":true,"href":"https:\/\/shop.camac-harps.com\/fr\/wp-json\/wp\/v2\/product_brand?post=43211"},{"taxonomy":"product_cat","embeddable":true,"href":"https:\/\/shop.camac-harps.com\/fr\/wp-json\/wp\/v2\/product_cat?post=43211"},{"taxonomy":"product_tag","embeddable":true,"href":"https:\/\/shop.camac-harps.com\/fr\/wp-json\/wp\/v2\/product_tag?post=43211"}],"curies":[{"name":"wp","href":"https:\/\/api.w.org\/{rel}","templated":true}]}}