{"id":45666,"date":"2022-04-22T14:25:21","date_gmt":"2022-04-22T14:25:21","guid":{"rendered":"https:\/\/shop.camac-harps.com\/?post_type=product&#038;p=45666"},"modified":"2025-03-28T11:19:15","modified_gmt":"2025-03-28T11:19:15","slug":"the-harpers-not","status":"publish","type":"product","link":"https:\/\/shop.camac-harps.com\/fr\/produit\/the-harpers-not\/","title":{"rendered":"STRING BUTTONS &#8211; The Harper&rsquo;s NOT"},"content":{"rendered":"<p style=\"text-align: justify;\">\u00c0 tous les harpistes qui se d\u00e9battent avec les n\u0153uds de corde, nous sommes ravis de proposer \u00ab The Harper&rsquo;s NOT \u00bb, imagin\u00e9 par nos amis de Dusty Strings.<\/p>\n<p style=\"text-align: justify;\">Nous savons que nouer une corde glissante sur un petit tourillon ou un morceau de corde est compliqu\u00e9 pour beaucoup de personnes, au point qu&rsquo;une corde de harpe cass\u00e9e peut devenir une source de stress et d&rsquo;anxi\u00e9t\u00e9. Chez Dusty Strings, ils se sont pench\u00e9s sur ce probl\u00e8me pour rechercher un proc\u00e9d\u00e9 d\u2019attache de la corde qui serait plus simple et tiendrait fermement sans causer ni rupture de la corde ni perte de sonorit\u00e9. Les \u00ab String Buttons \u00bb sont une solution brillante qui remplit toutes ces conditions.<\/p>\n<p style=\"text-align: justify;\">&#8211; R\u00e9utilisables \u00e0 l&rsquo;infini ;<br \/>\n&#8211; Peuvent \u00eatre enfil\u00e9s selon un principe simple sans qu&rsquo;il soit n\u00e9cessaire de les pincer avec les doigts ;<br \/>\n&#8211; Ne se d\u00e9fait pas pendant le serrage du n\u0153ud ;<br \/>\n&#8211; Utilise la tension de la corde pour serrer le n\u0153ud ;<br \/>\n&#8211; Convient aux cordes en nylon et en boyau jusqu&rsquo;\u00e0 2 mm de diam\u00e8tre sur n&rsquo;importe quelle harpe.<br \/>\nUn paquet contient 12 boutons de corde noirs, un mode d\u2019emploi et un lien vers une vid\u00e9o d\u2019instructions.<\/p>\n","protected":false},"excerpt":{"rendered":"<p>\u00c0 tous les harpistes qui se d\u00e9battent avec les n\u0153uds de corde, nous sommes ravis de proposer \u00ab The Harper&rsquo;s NOT \u00bb, imagin\u00e9 par nos amis de Dusty Strings. Nous savons que nouer une corde glissante sur un petit tourillon ou un morceau de corde est compliqu\u00e9 pour beaucoup de personnes, au point qu&rsquo;une corde [&hellip;]<\/p>\n","protected":false},"featured_media":45671,"comment_status":"open","ping_status":"closed","template":"","meta":{"_acf_changed":false},"product_brand":[],"product_cat":[39,441],"product_tag":[],"class_list":{"0":"post-45666","1":"product","2":"type-product","3":"status-publish","4":"has-post-thumbnail","6":"product_cat-accessoires-housses","7":"product_cat-pieces-detachees-et-outillage","9":"first","10":"instock","11":"taxable","12":"shipping-taxable","13":"purchasable","14":"product-type-simple"},"acf":[],"yoast_head":"<title>STRING BUTTONS - The Harper&#039;s NOT - Boutique en ligne Camac<\/title>\n<meta name=\"description\" content=\"\u00c0 tous les harpistes qui se d\u00e9battent avec les n\u0153uds de corde, nous sommes ravis de proposer \u00ab The Harper&#039;s NOT \u00bb, imagin\u00e9 par nos amis de Dusty Strings.\" \/>\n<meta name=\"robots\" content=\"index, follow, max-snippet:-1, max-image-preview:large, max-video-preview:-1\" \/>\n<link rel=\"canonical\" href=\"https:\/\/shop.camac-harps.com\/fr\/produit\/the-harpers-not\/\" \/>\n<meta property=\"og:locale\" content=\"fr_FR\" \/>\n<meta property=\"og:type\" content=\"article\" \/>\n<meta property=\"og:title\" content=\"STRING BUTTONS - The Harper&#039;s NOT - Boutique en ligne Camac\" \/>\n<meta property=\"og:description\" content=\"\u00c0 tous les harpistes qui se d\u00e9battent avec les n\u0153uds de corde, nous sommes ravis de proposer \u00ab The Harper&#039;s NOT \u00bb, imagin\u00e9 par nos amis de Dusty Strings.\" \/>\n<meta property=\"og:url\" content=\"https:\/\/shop.camac-harps.com\/fr\/produit\/the-harpers-not\/\" \/>\n<meta property=\"og:site_name\" content=\"Camac Harps Shop\" \/>\n<meta property=\"article:modified_time\" content=\"2025-03-28T11:19:15+00:00\" \/>\n<meta property=\"og:image\" content=\"https:\/\/shop.camac-harps.com\/wp-content\/uploads\/sites\/25\/2022\/04\/button-2.jpeg\" \/>\n\t<meta property=\"og:image:width\" content=\"1440\" \/>\n\t<meta property=\"og:image:height\" content=\"809\" \/>\n\t<meta property=\"og:image:type\" content=\"image\/jpeg\" \/>\n<meta name=\"twitter:card\" content=\"summary_large_image\" \/>\n<meta name=\"twitter:label1\" content=\"Dur\u00e9e de lecture estim\u00e9e\" \/>\n\t<meta name=\"twitter:data1\" content=\"2 minutes\" \/>\n<script type=\"application\/ld+json\" class=\"yoast-schema-graph\">{\"@context\":\"https:\/\/schema.org\",\"@graph\":[{\"@type\":\"WebPage\",\"@id\":\"https:\/\/shop.camac-harps.com\/fr\/produit\/the-harpers-not\/\",\"url\":\"https:\/\/shop.camac-harps.com\/fr\/produit\/the-harpers-not\/\",\"name\":\"STRING BUTTONS - The Harper's NOT - Boutique en ligne Camac\",\"isPartOf\":{\"@id\":\"https:\/\/shop.camac-harps.com\/fr\/#website\"},\"primaryImageOfPage\":{\"@id\":\"https:\/\/shop.camac-harps.com\/fr\/produit\/the-harpers-not\/#primaryimage\"},\"image\":{\"@id\":\"https:\/\/shop.camac-harps.com\/fr\/produit\/the-harpers-not\/#primaryimage\"},\"thumbnailUrl\":\"https:\/\/shop.camac-harps.com\/wp-content\/uploads\/sites\/25\/2022\/04\/button-2.jpeg\",\"datePublished\":\"2022-04-22T14:25:21+00:00\",\"dateModified\":\"2025-03-28T11:19:15+00:00\",\"description\":\"\u00c0 tous les harpistes qui se d\u00e9battent avec les n\u0153uds de corde, nous sommes ravis de proposer \u00ab The Harper's NOT \u00bb, imagin\u00e9 par nos amis de Dusty Strings.\",\"breadcrumb\":{\"@id\":\"https:\/\/shop.camac-harps.com\/fr\/produit\/the-harpers-not\/#breadcrumb\"},\"inLanguage\":\"fr-FR\",\"potentialAction\":[{\"@type\":\"ReadAction\",\"target\":[\"https:\/\/shop.camac-harps.com\/fr\/produit\/the-harpers-not\/\"]}]},{\"@type\":\"ImageObject\",\"inLanguage\":\"fr-FR\",\"@id\":\"https:\/\/shop.camac-harps.com\/fr\/produit\/the-harpers-not\/#primaryimage\",\"url\":\"https:\/\/shop.camac-harps.com\/wp-content\/uploads\/sites\/25\/2022\/04\/button-2.jpeg\",\"contentUrl\":\"https:\/\/shop.camac-harps.com\/wp-content\/uploads\/sites\/25\/2022\/04\/button-2.jpeg\",\"width\":1440,\"height\":809,\"caption\":\"The Harper's NOT\"},{\"@type\":\"BreadcrumbList\",\"@id\":\"https:\/\/shop.camac-harps.com\/fr\/produit\/the-harpers-not\/#breadcrumb\",\"itemListElement\":[{\"@type\":\"ListItem\",\"position\":1,\"name\":\"Home\",\"item\":\"https:\/\/shop.camac-harps.com\/fr\/homepage\/\"},{\"@type\":\"ListItem\",\"position\":2,\"name\":\"Accueil\",\"item\":\"https:\/\/shop.camac-harps.com\/fr\/homepage\/\"},{\"@type\":\"ListItem\",\"position\":3,\"name\":\"STRING BUTTONS &#8211; The Harper&#8217;s NOT\"}]},{\"@type\":\"WebSite\",\"@id\":\"https:\/\/shop.camac-harps.com\/fr\/#website\",\"url\":\"https:\/\/shop.camac-harps.com\/fr\/\",\"name\":\"Camac Harps Shop\",\"description\":\"\",\"potentialAction\":[{\"@type\":\"SearchAction\",\"target\":{\"@type\":\"EntryPoint\",\"urlTemplate\":\"https:\/\/shop.camac-harps.com\/fr\/?s={search_term_string}\"},\"query-input\":{\"@type\":\"PropertyValueSpecification\",\"valueRequired\":true,\"valueName\":\"search_term_string\"}}],\"inLanguage\":\"fr-FR\"}]}<\/script>","yoast_head_json":{"title":"STRING BUTTONS - The Harper's NOT - Boutique en ligne Camac","description":"\u00c0 tous les harpistes qui se d\u00e9battent avec les n\u0153uds de corde, nous sommes ravis de proposer \u00ab The Harper's NOT \u00bb, imagin\u00e9 par nos amis de Dusty Strings.","robots":{"index":"index","follow":"follow","max-snippet":"max-snippet:-1","max-image-preview":"max-image-preview:large","max-video-preview":"max-video-preview:-1"},"canonical":"https:\/\/shop.camac-harps.com\/fr\/produit\/the-harpers-not\/","og_locale":"fr_FR","og_type":"article","og_title":"STRING BUTTONS - The Harper's NOT - Boutique en ligne Camac","og_description":"\u00c0 tous les harpistes qui se d\u00e9battent avec les n\u0153uds de corde, nous sommes ravis de proposer \u00ab The Harper's NOT \u00bb, imagin\u00e9 par nos amis de Dusty Strings.","og_url":"https:\/\/shop.camac-harps.com\/fr\/produit\/the-harpers-not\/","og_site_name":"Camac Harps Shop","article_modified_time":"2025-03-28T11:19:15+00:00","og_image":[{"width":1440,"height":809,"url":"https:\/\/shop.camac-harps.com\/wp-content\/uploads\/sites\/25\/2022\/04\/button-2.jpeg","type":"image\/jpeg"}],"twitter_card":"summary_large_image","twitter_misc":{"Dur\u00e9e de lecture estim\u00e9e":"2 minutes"},"schema":{"@context":"https:\/\/schema.org","@graph":[{"@type":"WebPage","@id":"https:\/\/shop.camac-harps.com\/fr\/produit\/the-harpers-not\/","url":"https:\/\/shop.camac-harps.com\/fr\/produit\/the-harpers-not\/","name":"STRING BUTTONS - The Harper's NOT - Boutique en ligne Camac","isPartOf":{"@id":"https:\/\/shop.camac-harps.com\/fr\/#website"},"primaryImageOfPage":{"@id":"https:\/\/shop.camac-harps.com\/fr\/produit\/the-harpers-not\/#primaryimage"},"image":{"@id":"https:\/\/shop.camac-harps.com\/fr\/produit\/the-harpers-not\/#primaryimage"},"thumbnailUrl":"https:\/\/shop.camac-harps.com\/wp-content\/uploads\/sites\/25\/2022\/04\/button-2.jpeg","datePublished":"2022-04-22T14:25:21+00:00","dateModified":"2025-03-28T11:19:15+00:00","description":"\u00c0 tous les harpistes qui se d\u00e9battent avec les n\u0153uds de corde, nous sommes ravis de proposer \u00ab The Harper's NOT \u00bb, imagin\u00e9 par nos amis de Dusty Strings.","breadcrumb":{"@id":"https:\/\/shop.camac-harps.com\/fr\/produit\/the-harpers-not\/#breadcrumb"},"inLanguage":"fr-FR","potentialAction":[{"@type":"ReadAction","target":["https:\/\/shop.camac-harps.com\/fr\/produit\/the-harpers-not\/"]}]},{"@type":"ImageObject","inLanguage":"fr-FR","@id":"https:\/\/shop.camac-harps.com\/fr\/produit\/the-harpers-not\/#primaryimage","url":"https:\/\/shop.camac-harps.com\/wp-content\/uploads\/sites\/25\/2022\/04\/button-2.jpeg","contentUrl":"https:\/\/shop.camac-harps.com\/wp-content\/uploads\/sites\/25\/2022\/04\/button-2.jpeg","width":1440,"height":809,"caption":"The Harper's NOT"},{"@type":"BreadcrumbList","@id":"https:\/\/shop.camac-harps.com\/fr\/produit\/the-harpers-not\/#breadcrumb","itemListElement":[{"@type":"ListItem","position":1,"name":"Home","item":"https:\/\/shop.camac-harps.com\/fr\/homepage\/"},{"@type":"ListItem","position":2,"name":"Accueil","item":"https:\/\/shop.camac-harps.com\/fr\/homepage\/"},{"@type":"ListItem","position":3,"name":"STRING BUTTONS &#8211; The Harper&#8217;s NOT"}]},{"@type":"WebSite","@id":"https:\/\/shop.camac-harps.com\/fr\/#website","url":"https:\/\/shop.camac-harps.com\/fr\/","name":"Camac Harps Shop","description":"","potentialAction":[{"@type":"SearchAction","target":{"@type":"EntryPoint","urlTemplate":"https:\/\/shop.camac-harps.com\/fr\/?s={search_term_string}"},"query-input":{"@type":"PropertyValueSpecification","valueRequired":true,"valueName":"search_term_string"}}],"inLanguage":"fr-FR"}]}},"_links":{"self":[{"href":"https:\/\/shop.camac-harps.com\/fr\/wp-json\/wp\/v2\/product\/45666","targetHints":{"allow":["GET"]}}],"collection":[{"href":"https:\/\/shop.camac-harps.com\/fr\/wp-json\/wp\/v2\/product"}],"about":[{"href":"https:\/\/shop.camac-harps.com\/fr\/wp-json\/wp\/v2\/types\/product"}],"replies":[{"embeddable":true,"href":"https:\/\/shop.camac-harps.com\/fr\/wp-json\/wp\/v2\/comments?post=45666"}],"wp:featuredmedia":[{"embeddable":true,"href":"https:\/\/shop.camac-harps.com\/fr\/wp-json\/wp\/v2\/media\/45671"}],"wp:attachment":[{"href":"https:\/\/shop.camac-harps.com\/fr\/wp-json\/wp\/v2\/media?parent=45666"}],"wp:term":[{"taxonomy":"product_brand","embeddable":true,"href":"https:\/\/shop.camac-harps.com\/fr\/wp-json\/wp\/v2\/product_brand?post=45666"},{"taxonomy":"product_cat","embeddable":true,"href":"https:\/\/shop.camac-harps.com\/fr\/wp-json\/wp\/v2\/product_cat?post=45666"},{"taxonomy":"product_tag","embeddable":true,"href":"https:\/\/shop.camac-harps.com\/fr\/wp-json\/wp\/v2\/product_tag?post=45666"}],"curies":[{"name":"wp","href":"https:\/\/api.w.org\/{rel}","templated":true}]}}