{"id":46056,"date":"2022-05-12T14:14:06","date_gmt":"2022-05-12T14:14:06","guid":{"rendered":"https:\/\/shop.camac-harps.com\/?post_type=product&#038;p=46056"},"modified":"2024-07-17T15:09:53","modified_gmt":"2024-07-17T15:09:53","slug":"judy-loman-ariadnes-legacy","status":"publish","type":"product","link":"https:\/\/shop.camac-harps.com\/fr\/produit\/judy-loman-ariadnes-legacy\/","title":{"rendered":"Judy LOMAN: Ariadne&rsquo;s Legacy"},"content":{"rendered":"","protected":false},"excerpt":{"rendered":"","protected":false},"featured_media":46057,"comment_status":"open","ping_status":"closed","template":"","meta":{"_acf_changed":false},"product_brand":[],"product_cat":[366,96],"product_tag":[],"class_list":{"0":"post-46056","1":"product","2":"type-product","3":"status-publish","4":"has-post-thumbnail","6":"product_cat-cd","7":"product_cat-cd-dvd-fr","9":"first","10":"instock","11":"taxable","12":"shipping-taxable","13":"purchasable","14":"product-type-simple"},"acf":[],"yoast_head":"<title>Judy LOMAN: Ariadne&#039;s Legacy | Boutique en ligne des Harpes Camac<\/title>\n<meta name=\"description\" content=\"L&#039;int\u00e9grale des \u0153uvres pour harpe de Raymond Murray Schafer, enregistr\u00e9e par Judy Loman et ses coll\u00e8gues.\" \/>\n<meta name=\"robots\" content=\"index, follow, max-snippet:-1, max-image-preview:large, max-video-preview:-1\" \/>\n<link rel=\"canonical\" href=\"https:\/\/shop.camac-harps.com\/fr\/produit\/judy-loman-ariadnes-legacy\/\" \/>\n<meta property=\"og:locale\" content=\"fr_FR\" \/>\n<meta property=\"og:type\" content=\"article\" \/>\n<meta property=\"og:title\" content=\"Judy LOMAN: Ariadne&#039;s Legacy | Boutique en ligne des Harpes Camac\" \/>\n<meta property=\"og:description\" content=\"L&#039;int\u00e9grale des \u0153uvres pour harpe de Raymond Murray Schafer, enregistr\u00e9e par Judy Loman et ses coll\u00e8gues.\" \/>\n<meta property=\"og:url\" content=\"https:\/\/shop.camac-harps.com\/fr\/produit\/judy-loman-ariadnes-legacy\/\" \/>\n<meta property=\"og:site_name\" content=\"Camac Harps Shop\" \/>\n<meta property=\"article:modified_time\" content=\"2024-07-17T15:09:53+00:00\" \/>\n<meta property=\"og:image\" content=\"https:\/\/shop.camac-harps.com\/wp-content\/uploads\/sites\/25\/2022\/05\/cdlmj01.jpg\" \/>\n\t<meta property=\"og:image:width\" content=\"335\" \/>\n\t<meta property=\"og:image:height\" content=\"334\" \/>\n\t<meta property=\"og:image:type\" content=\"image\/jpeg\" \/>\n<meta name=\"twitter:card\" content=\"summary_large_image\" \/>\n<script type=\"application\/ld+json\" class=\"yoast-schema-graph\">{\"@context\":\"https:\/\/schema.org\",\"@graph\":[{\"@type\":\"WebPage\",\"@id\":\"https:\/\/shop.camac-harps.com\/fr\/produit\/judy-loman-ariadnes-legacy\/\",\"url\":\"https:\/\/shop.camac-harps.com\/fr\/produit\/judy-loman-ariadnes-legacy\/\",\"name\":\"Judy LOMAN: Ariadne's Legacy | Boutique en ligne des Harpes Camac\",\"isPartOf\":{\"@id\":\"https:\/\/shop.camac-harps.com\/fr\/#website\"},\"primaryImageOfPage\":{\"@id\":\"https:\/\/shop.camac-harps.com\/fr\/produit\/judy-loman-ariadnes-legacy\/#primaryimage\"},\"image\":{\"@id\":\"https:\/\/shop.camac-harps.com\/fr\/produit\/judy-loman-ariadnes-legacy\/#primaryimage\"},\"thumbnailUrl\":\"https:\/\/shop.camac-harps.com\/wp-content\/uploads\/sites\/25\/2022\/05\/cdlmj01.jpg\",\"datePublished\":\"2022-05-12T14:14:06+00:00\",\"dateModified\":\"2024-07-17T15:09:53+00:00\",\"description\":\"L'int\u00e9grale des \u0153uvres pour harpe de Raymond Murray Schafer, enregistr\u00e9e par Judy Loman et ses coll\u00e8gues.\",\"breadcrumb\":{\"@id\":\"https:\/\/shop.camac-harps.com\/fr\/produit\/judy-loman-ariadnes-legacy\/#breadcrumb\"},\"inLanguage\":\"fr-FR\",\"potentialAction\":[{\"@type\":\"ReadAction\",\"target\":[\"https:\/\/shop.camac-harps.com\/fr\/produit\/judy-loman-ariadnes-legacy\/\"]}]},{\"@type\":\"ImageObject\",\"inLanguage\":\"fr-FR\",\"@id\":\"https:\/\/shop.camac-harps.com\/fr\/produit\/judy-loman-ariadnes-legacy\/#primaryimage\",\"url\":\"https:\/\/shop.camac-harps.com\/wp-content\/uploads\/sites\/25\/2022\/05\/cdlmj01.jpg\",\"contentUrl\":\"https:\/\/shop.camac-harps.com\/wp-content\/uploads\/sites\/25\/2022\/05\/cdlmj01.jpg\",\"width\":335,\"height\":334,\"caption\":\"Judy LOMAN : Ariadne's Legacy\"},{\"@type\":\"BreadcrumbList\",\"@id\":\"https:\/\/shop.camac-harps.com\/fr\/produit\/judy-loman-ariadnes-legacy\/#breadcrumb\",\"itemListElement\":[{\"@type\":\"ListItem\",\"position\":1,\"name\":\"Home\",\"item\":\"https:\/\/shop.camac-harps.com\/fr\/homepage\/\"},{\"@type\":\"ListItem\",\"position\":2,\"name\":\"Accueil\",\"item\":\"https:\/\/shop.camac-harps.com\/fr\/homepage\/\"},{\"@type\":\"ListItem\",\"position\":3,\"name\":\"Judy LOMAN: Ariadne&#8217;s Legacy\"}]},{\"@type\":\"WebSite\",\"@id\":\"https:\/\/shop.camac-harps.com\/fr\/#website\",\"url\":\"https:\/\/shop.camac-harps.com\/fr\/\",\"name\":\"Camac Harps Shop\",\"description\":\"\",\"potentialAction\":[{\"@type\":\"SearchAction\",\"target\":{\"@type\":\"EntryPoint\",\"urlTemplate\":\"https:\/\/shop.camac-harps.com\/fr\/?s={search_term_string}\"},\"query-input\":{\"@type\":\"PropertyValueSpecification\",\"valueRequired\":true,\"valueName\":\"search_term_string\"}}],\"inLanguage\":\"fr-FR\"}]}<\/script>","yoast_head_json":{"title":"Judy LOMAN: Ariadne's Legacy | Boutique en ligne des Harpes Camac","description":"L'int\u00e9grale des \u0153uvres pour harpe de Raymond Murray Schafer, enregistr\u00e9e par Judy Loman et ses coll\u00e8gues.","robots":{"index":"index","follow":"follow","max-snippet":"max-snippet:-1","max-image-preview":"max-image-preview:large","max-video-preview":"max-video-preview:-1"},"canonical":"https:\/\/shop.camac-harps.com\/fr\/produit\/judy-loman-ariadnes-legacy\/","og_locale":"fr_FR","og_type":"article","og_title":"Judy LOMAN: Ariadne's Legacy | Boutique en ligne des Harpes Camac","og_description":"L'int\u00e9grale des \u0153uvres pour harpe de Raymond Murray Schafer, enregistr\u00e9e par Judy Loman et ses coll\u00e8gues.","og_url":"https:\/\/shop.camac-harps.com\/fr\/produit\/judy-loman-ariadnes-legacy\/","og_site_name":"Camac Harps Shop","article_modified_time":"2024-07-17T15:09:53+00:00","og_image":[{"width":335,"height":334,"url":"https:\/\/shop.camac-harps.com\/wp-content\/uploads\/sites\/25\/2022\/05\/cdlmj01.jpg","type":"image\/jpeg"}],"twitter_card":"summary_large_image","schema":{"@context":"https:\/\/schema.org","@graph":[{"@type":"WebPage","@id":"https:\/\/shop.camac-harps.com\/fr\/produit\/judy-loman-ariadnes-legacy\/","url":"https:\/\/shop.camac-harps.com\/fr\/produit\/judy-loman-ariadnes-legacy\/","name":"Judy LOMAN: Ariadne's Legacy | Boutique en ligne des Harpes Camac","isPartOf":{"@id":"https:\/\/shop.camac-harps.com\/fr\/#website"},"primaryImageOfPage":{"@id":"https:\/\/shop.camac-harps.com\/fr\/produit\/judy-loman-ariadnes-legacy\/#primaryimage"},"image":{"@id":"https:\/\/shop.camac-harps.com\/fr\/produit\/judy-loman-ariadnes-legacy\/#primaryimage"},"thumbnailUrl":"https:\/\/shop.camac-harps.com\/wp-content\/uploads\/sites\/25\/2022\/05\/cdlmj01.jpg","datePublished":"2022-05-12T14:14:06+00:00","dateModified":"2024-07-17T15:09:53+00:00","description":"L'int\u00e9grale des \u0153uvres pour harpe de Raymond Murray Schafer, enregistr\u00e9e par Judy Loman et ses coll\u00e8gues.","breadcrumb":{"@id":"https:\/\/shop.camac-harps.com\/fr\/produit\/judy-loman-ariadnes-legacy\/#breadcrumb"},"inLanguage":"fr-FR","potentialAction":[{"@type":"ReadAction","target":["https:\/\/shop.camac-harps.com\/fr\/produit\/judy-loman-ariadnes-legacy\/"]}]},{"@type":"ImageObject","inLanguage":"fr-FR","@id":"https:\/\/shop.camac-harps.com\/fr\/produit\/judy-loman-ariadnes-legacy\/#primaryimage","url":"https:\/\/shop.camac-harps.com\/wp-content\/uploads\/sites\/25\/2022\/05\/cdlmj01.jpg","contentUrl":"https:\/\/shop.camac-harps.com\/wp-content\/uploads\/sites\/25\/2022\/05\/cdlmj01.jpg","width":335,"height":334,"caption":"Judy LOMAN : Ariadne's Legacy"},{"@type":"BreadcrumbList","@id":"https:\/\/shop.camac-harps.com\/fr\/produit\/judy-loman-ariadnes-legacy\/#breadcrumb","itemListElement":[{"@type":"ListItem","position":1,"name":"Home","item":"https:\/\/shop.camac-harps.com\/fr\/homepage\/"},{"@type":"ListItem","position":2,"name":"Accueil","item":"https:\/\/shop.camac-harps.com\/fr\/homepage\/"},{"@type":"ListItem","position":3,"name":"Judy LOMAN: Ariadne&#8217;s Legacy"}]},{"@type":"WebSite","@id":"https:\/\/shop.camac-harps.com\/fr\/#website","url":"https:\/\/shop.camac-harps.com\/fr\/","name":"Camac Harps Shop","description":"","potentialAction":[{"@type":"SearchAction","target":{"@type":"EntryPoint","urlTemplate":"https:\/\/shop.camac-harps.com\/fr\/?s={search_term_string}"},"query-input":{"@type":"PropertyValueSpecification","valueRequired":true,"valueName":"search_term_string"}}],"inLanguage":"fr-FR"}]}},"_links":{"self":[{"href":"https:\/\/shop.camac-harps.com\/fr\/wp-json\/wp\/v2\/product\/46056","targetHints":{"allow":["GET"]}}],"collection":[{"href":"https:\/\/shop.camac-harps.com\/fr\/wp-json\/wp\/v2\/product"}],"about":[{"href":"https:\/\/shop.camac-harps.com\/fr\/wp-json\/wp\/v2\/types\/product"}],"replies":[{"embeddable":true,"href":"https:\/\/shop.camac-harps.com\/fr\/wp-json\/wp\/v2\/comments?post=46056"}],"wp:featuredmedia":[{"embeddable":true,"href":"https:\/\/shop.camac-harps.com\/fr\/wp-json\/wp\/v2\/media\/46057"}],"wp:attachment":[{"href":"https:\/\/shop.camac-harps.com\/fr\/wp-json\/wp\/v2\/media?parent=46056"}],"wp:term":[{"taxonomy":"product_brand","embeddable":true,"href":"https:\/\/shop.camac-harps.com\/fr\/wp-json\/wp\/v2\/product_brand?post=46056"},{"taxonomy":"product_cat","embeddable":true,"href":"https:\/\/shop.camac-harps.com\/fr\/wp-json\/wp\/v2\/product_cat?post=46056"},{"taxonomy":"product_tag","embeddable":true,"href":"https:\/\/shop.camac-harps.com\/fr\/wp-json\/wp\/v2\/product_tag?post=46056"}],"curies":[{"name":"wp","href":"https:\/\/api.w.org\/{rel}","templated":true}]}}