{"id":46305,"date":"2022-05-28T10:59:56","date_gmt":"2022-05-28T10:59:56","guid":{"rendered":"https:\/\/shop.camac-harps.com\/?post_type=product&#038;p=46305"},"modified":"2024-11-07T15:01:39","modified_gmt":"2024-11-07T15:01:39","slug":"kodaly-zoltan-childrens-dances","status":"publish","type":"product","link":"https:\/\/shop.camac-harps.com\/fr\/produit\/kodaly-zoltan-childrens-dances\/","title":{"rendered":"KODALY Zoltan : Children&rsquo;s Dances"},"content":{"rendered":"","protected":false},"excerpt":{"rendered":"","protected":false},"featured_media":46293,"comment_status":"open","ping_status":"closed","template":"","meta":{"_acf_changed":false},"product_brand":[],"product_cat":[33,45],"product_tag":[],"class_list":{"0":"post-46305","1":"product","2":"type-product","3":"status-publish","4":"has-post-thumbnail","6":"product_cat-partitions-pour-harpe","7":"product_cat-solos-harpe-a-pedales","9":"first","10":"instock","11":"taxable","12":"shipping-taxable","13":"purchasable","14":"product-type-simple"},"acf":[],"yoast_head":"<title>KODALY Zoltan : Children&#039;s Dances - Boutique en ligne Camac<\/title>\n<meta name=\"description\" content=\"Arrang\u00e9 pour harpe par Aristid von W\u00fcrtzler. \u0152uvre impos\u00e9e dans la cat\u00e9gorie U14, Concours international de harpe de Szeged 2022.\" \/>\n<meta name=\"robots\" content=\"index, follow, max-snippet:-1, max-image-preview:large, max-video-preview:-1\" \/>\n<link rel=\"canonical\" href=\"https:\/\/shop.camac-harps.com\/fr\/produit\/kodaly-zoltan-childrens-dances\/\" \/>\n<meta property=\"og:locale\" content=\"fr_FR\" \/>\n<meta property=\"og:type\" content=\"article\" \/>\n<meta property=\"og:title\" content=\"KODALY Zoltan : Children&#039;s Dances - Boutique en ligne Camac\" \/>\n<meta property=\"og:description\" content=\"Arrang\u00e9 pour harpe par Aristid von W\u00fcrtzler. \u0152uvre impos\u00e9e dans la cat\u00e9gorie U14, Concours international de harpe de Szeged 2022.\" \/>\n<meta property=\"og:url\" content=\"https:\/\/shop.camac-harps.com\/fr\/produit\/kodaly-zoltan-childrens-dances\/\" \/>\n<meta property=\"og:site_name\" content=\"Camac Harps Shop\" \/>\n<meta property=\"article:modified_time\" content=\"2024-11-07T15:01:39+00:00\" \/>\n<meta property=\"og:image\" content=\"https:\/\/shop.camac-harps.com\/wp-content\/uploads\/sites\/25\/2022\/05\/kyz01.jpg\" \/>\n\t<meta property=\"og:image:width\" content=\"587\" \/>\n\t<meta property=\"og:image:height\" content=\"832\" \/>\n\t<meta property=\"og:image:type\" content=\"image\/jpeg\" \/>\n<meta name=\"twitter:card\" content=\"summary_large_image\" \/>\n<script type=\"application\/ld+json\" class=\"yoast-schema-graph\">{\"@context\":\"https:\/\/schema.org\",\"@graph\":[{\"@type\":\"WebPage\",\"@id\":\"https:\/\/shop.camac-harps.com\/fr\/produit\/kodaly-zoltan-childrens-dances\/\",\"url\":\"https:\/\/shop.camac-harps.com\/fr\/produit\/kodaly-zoltan-childrens-dances\/\",\"name\":\"KODALY Zoltan : Children's Dances - Boutique en ligne Camac\",\"isPartOf\":{\"@id\":\"https:\/\/shop.camac-harps.com\/fr\/#website\"},\"primaryImageOfPage\":{\"@id\":\"https:\/\/shop.camac-harps.com\/fr\/produit\/kodaly-zoltan-childrens-dances\/#primaryimage\"},\"image\":{\"@id\":\"https:\/\/shop.camac-harps.com\/fr\/produit\/kodaly-zoltan-childrens-dances\/#primaryimage\"},\"thumbnailUrl\":\"https:\/\/shop.camac-harps.com\/wp-content\/uploads\/sites\/25\/2022\/05\/kyz01.jpg\",\"datePublished\":\"2022-05-28T10:59:56+00:00\",\"dateModified\":\"2024-11-07T15:01:39+00:00\",\"description\":\"Arrang\u00e9 pour harpe par Aristid von W\u00fcrtzler. \u0152uvre impos\u00e9e dans la cat\u00e9gorie U14, Concours international de harpe de Szeged 2022.\",\"breadcrumb\":{\"@id\":\"https:\/\/shop.camac-harps.com\/fr\/produit\/kodaly-zoltan-childrens-dances\/#breadcrumb\"},\"inLanguage\":\"fr-FR\",\"potentialAction\":[{\"@type\":\"ReadAction\",\"target\":[\"https:\/\/shop.camac-harps.com\/fr\/produit\/kodaly-zoltan-childrens-dances\/\"]}]},{\"@type\":\"ImageObject\",\"inLanguage\":\"fr-FR\",\"@id\":\"https:\/\/shop.camac-harps.com\/fr\/produit\/kodaly-zoltan-childrens-dances\/#primaryimage\",\"url\":\"https:\/\/shop.camac-harps.com\/wp-content\/uploads\/sites\/25\/2022\/05\/kyz01.jpg\",\"contentUrl\":\"https:\/\/shop.camac-harps.com\/wp-content\/uploads\/sites\/25\/2022\/05\/kyz01.jpg\",\"width\":587,\"height\":832,\"caption\":\"KODALY Zoltan : Children's Dances\"},{\"@type\":\"BreadcrumbList\",\"@id\":\"https:\/\/shop.camac-harps.com\/fr\/produit\/kodaly-zoltan-childrens-dances\/#breadcrumb\",\"itemListElement\":[{\"@type\":\"ListItem\",\"position\":1,\"name\":\"Home\",\"item\":\"https:\/\/shop.camac-harps.com\/fr\/homepage\/\"},{\"@type\":\"ListItem\",\"position\":2,\"name\":\"Accueil\",\"item\":\"https:\/\/shop.camac-harps.com\/fr\/homepage\/\"},{\"@type\":\"ListItem\",\"position\":3,\"name\":\"KODALY Zoltan : Children&#8217;s Dances\"}]},{\"@type\":\"WebSite\",\"@id\":\"https:\/\/shop.camac-harps.com\/fr\/#website\",\"url\":\"https:\/\/shop.camac-harps.com\/fr\/\",\"name\":\"Camac Harps Shop\",\"description\":\"\",\"potentialAction\":[{\"@type\":\"SearchAction\",\"target\":{\"@type\":\"EntryPoint\",\"urlTemplate\":\"https:\/\/shop.camac-harps.com\/fr\/?s={search_term_string}\"},\"query-input\":{\"@type\":\"PropertyValueSpecification\",\"valueRequired\":true,\"valueName\":\"search_term_string\"}}],\"inLanguage\":\"fr-FR\"}]}<\/script>","yoast_head_json":{"title":"KODALY Zoltan : Children's Dances - Boutique en ligne Camac","description":"Arrang\u00e9 pour harpe par Aristid von W\u00fcrtzler. \u0152uvre impos\u00e9e dans la cat\u00e9gorie U14, Concours international de harpe de Szeged 2022.","robots":{"index":"index","follow":"follow","max-snippet":"max-snippet:-1","max-image-preview":"max-image-preview:large","max-video-preview":"max-video-preview:-1"},"canonical":"https:\/\/shop.camac-harps.com\/fr\/produit\/kodaly-zoltan-childrens-dances\/","og_locale":"fr_FR","og_type":"article","og_title":"KODALY Zoltan : Children's Dances - Boutique en ligne Camac","og_description":"Arrang\u00e9 pour harpe par Aristid von W\u00fcrtzler. \u0152uvre impos\u00e9e dans la cat\u00e9gorie U14, Concours international de harpe de Szeged 2022.","og_url":"https:\/\/shop.camac-harps.com\/fr\/produit\/kodaly-zoltan-childrens-dances\/","og_site_name":"Camac Harps Shop","article_modified_time":"2024-11-07T15:01:39+00:00","og_image":[{"width":587,"height":832,"url":"https:\/\/shop.camac-harps.com\/wp-content\/uploads\/sites\/25\/2022\/05\/kyz01.jpg","type":"image\/jpeg"}],"twitter_card":"summary_large_image","schema":{"@context":"https:\/\/schema.org","@graph":[{"@type":"WebPage","@id":"https:\/\/shop.camac-harps.com\/fr\/produit\/kodaly-zoltan-childrens-dances\/","url":"https:\/\/shop.camac-harps.com\/fr\/produit\/kodaly-zoltan-childrens-dances\/","name":"KODALY Zoltan : Children's Dances - Boutique en ligne Camac","isPartOf":{"@id":"https:\/\/shop.camac-harps.com\/fr\/#website"},"primaryImageOfPage":{"@id":"https:\/\/shop.camac-harps.com\/fr\/produit\/kodaly-zoltan-childrens-dances\/#primaryimage"},"image":{"@id":"https:\/\/shop.camac-harps.com\/fr\/produit\/kodaly-zoltan-childrens-dances\/#primaryimage"},"thumbnailUrl":"https:\/\/shop.camac-harps.com\/wp-content\/uploads\/sites\/25\/2022\/05\/kyz01.jpg","datePublished":"2022-05-28T10:59:56+00:00","dateModified":"2024-11-07T15:01:39+00:00","description":"Arrang\u00e9 pour harpe par Aristid von W\u00fcrtzler. \u0152uvre impos\u00e9e dans la cat\u00e9gorie U14, Concours international de harpe de Szeged 2022.","breadcrumb":{"@id":"https:\/\/shop.camac-harps.com\/fr\/produit\/kodaly-zoltan-childrens-dances\/#breadcrumb"},"inLanguage":"fr-FR","potentialAction":[{"@type":"ReadAction","target":["https:\/\/shop.camac-harps.com\/fr\/produit\/kodaly-zoltan-childrens-dances\/"]}]},{"@type":"ImageObject","inLanguage":"fr-FR","@id":"https:\/\/shop.camac-harps.com\/fr\/produit\/kodaly-zoltan-childrens-dances\/#primaryimage","url":"https:\/\/shop.camac-harps.com\/wp-content\/uploads\/sites\/25\/2022\/05\/kyz01.jpg","contentUrl":"https:\/\/shop.camac-harps.com\/wp-content\/uploads\/sites\/25\/2022\/05\/kyz01.jpg","width":587,"height":832,"caption":"KODALY Zoltan : Children's Dances"},{"@type":"BreadcrumbList","@id":"https:\/\/shop.camac-harps.com\/fr\/produit\/kodaly-zoltan-childrens-dances\/#breadcrumb","itemListElement":[{"@type":"ListItem","position":1,"name":"Home","item":"https:\/\/shop.camac-harps.com\/fr\/homepage\/"},{"@type":"ListItem","position":2,"name":"Accueil","item":"https:\/\/shop.camac-harps.com\/fr\/homepage\/"},{"@type":"ListItem","position":3,"name":"KODALY Zoltan : Children&#8217;s Dances"}]},{"@type":"WebSite","@id":"https:\/\/shop.camac-harps.com\/fr\/#website","url":"https:\/\/shop.camac-harps.com\/fr\/","name":"Camac Harps Shop","description":"","potentialAction":[{"@type":"SearchAction","target":{"@type":"EntryPoint","urlTemplate":"https:\/\/shop.camac-harps.com\/fr\/?s={search_term_string}"},"query-input":{"@type":"PropertyValueSpecification","valueRequired":true,"valueName":"search_term_string"}}],"inLanguage":"fr-FR"}]}},"_links":{"self":[{"href":"https:\/\/shop.camac-harps.com\/fr\/wp-json\/wp\/v2\/product\/46305","targetHints":{"allow":["GET"]}}],"collection":[{"href":"https:\/\/shop.camac-harps.com\/fr\/wp-json\/wp\/v2\/product"}],"about":[{"href":"https:\/\/shop.camac-harps.com\/fr\/wp-json\/wp\/v2\/types\/product"}],"replies":[{"embeddable":true,"href":"https:\/\/shop.camac-harps.com\/fr\/wp-json\/wp\/v2\/comments?post=46305"}],"wp:featuredmedia":[{"embeddable":true,"href":"https:\/\/shop.camac-harps.com\/fr\/wp-json\/wp\/v2\/media\/46293"}],"wp:attachment":[{"href":"https:\/\/shop.camac-harps.com\/fr\/wp-json\/wp\/v2\/media?parent=46305"}],"wp:term":[{"taxonomy":"product_brand","embeddable":true,"href":"https:\/\/shop.camac-harps.com\/fr\/wp-json\/wp\/v2\/product_brand?post=46305"},{"taxonomy":"product_cat","embeddable":true,"href":"https:\/\/shop.camac-harps.com\/fr\/wp-json\/wp\/v2\/product_cat?post=46305"},{"taxonomy":"product_tag","embeddable":true,"href":"https:\/\/shop.camac-harps.com\/fr\/wp-json\/wp\/v2\/product_tag?post=46305"}],"curies":[{"name":"wp","href":"https:\/\/api.w.org\/{rel}","templated":true}]}}