{"id":47820,"date":"2022-09-09T06:39:33","date_gmt":"2022-09-09T06:39:33","guid":{"rendered":"https:\/\/shop.camac-harps.com\/?post_type=product&#038;p=47820"},"modified":"2024-11-07T15:01:37","modified_gmt":"2024-11-07T15:01:37","slug":"snoer-johannes-fantasie-caprice","status":"publish","type":"product","link":"https:\/\/shop.camac-harps.com\/fr\/produit\/snoer-johannes-fantasie-caprice\/","title":{"rendered":"SNOER Johannes : Fantasie-Caprice"},"content":{"rendered":"","protected":false},"excerpt":{"rendered":"","protected":false},"featured_media":47821,"comment_status":"open","ping_status":"closed","template":"","meta":{"_acf_changed":false},"product_brand":[],"product_cat":[33,45],"product_tag":[],"class_list":{"0":"post-47820","1":"product","2":"type-product","3":"status-publish","4":"has-post-thumbnail","6":"product_cat-partitions-pour-harpe","7":"product_cat-solos-harpe-a-pedales","9":"first","10":"instock","11":"taxable","12":"shipping-taxable","13":"purchasable","14":"product-type-simple"},"acf":[],"yoast_head":"<title>SNOER Johannes : Fantasie-Caprice | Boutique en ligne Camac<\/title>\n<meta name=\"description\" content=\"SNOER Johannes : Fantasie-Caprice pour harpe \u00e0 p\u00e9dales | Disponible de la boutique en ligne des Harpes Camac | Livraison gratuite en France m\u00e9tropolitaine.\" \/>\n<meta name=\"robots\" content=\"index, follow, max-snippet:-1, max-image-preview:large, max-video-preview:-1\" \/>\n<link rel=\"canonical\" href=\"https:\/\/shop.camac-harps.com\/fr\/produit\/snoer-johannes-fantasie-caprice\/\" \/>\n<meta property=\"og:locale\" content=\"fr_FR\" \/>\n<meta property=\"og:type\" content=\"article\" \/>\n<meta property=\"og:title\" content=\"SNOER Johannes : Fantasie-Caprice | Boutique en ligne Camac\" \/>\n<meta property=\"og:description\" content=\"SNOER Johannes : Fantasie-Caprice pour harpe \u00e0 p\u00e9dales | Disponible de la boutique en ligne des Harpes Camac | Livraison gratuite en France m\u00e9tropolitaine.\" \/>\n<meta property=\"og:url\" content=\"https:\/\/shop.camac-harps.com\/fr\/produit\/snoer-johannes-fantasie-caprice\/\" \/>\n<meta property=\"og:site_name\" content=\"Camac Harps Shop\" \/>\n<meta property=\"article:modified_time\" content=\"2024-11-07T15:01:37+00:00\" \/>\n<meta property=\"og:image\" content=\"https:\/\/shop.camac-harps.com\/wp-content\/uploads\/sites\/25\/2022\/09\/srj05.jpg\" \/>\n\t<meta property=\"og:image:width\" content=\"584\" \/>\n\t<meta property=\"og:image:height\" content=\"830\" \/>\n\t<meta property=\"og:image:type\" content=\"image\/jpeg\" \/>\n<meta name=\"twitter:card\" content=\"summary_large_image\" \/>\n<script type=\"application\/ld+json\" class=\"yoast-schema-graph\">{\"@context\":\"https:\/\/schema.org\",\"@graph\":[{\"@type\":\"WebPage\",\"@id\":\"https:\/\/shop.camac-harps.com\/fr\/produit\/snoer-johannes-fantasie-caprice\/\",\"url\":\"https:\/\/shop.camac-harps.com\/fr\/produit\/snoer-johannes-fantasie-caprice\/\",\"name\":\"SNOER Johannes : Fantasie-Caprice | Boutique en ligne Camac\",\"isPartOf\":{\"@id\":\"https:\/\/shop.camac-harps.com\/fr\/#website\"},\"primaryImageOfPage\":{\"@id\":\"https:\/\/shop.camac-harps.com\/fr\/produit\/snoer-johannes-fantasie-caprice\/#primaryimage\"},\"image\":{\"@id\":\"https:\/\/shop.camac-harps.com\/fr\/produit\/snoer-johannes-fantasie-caprice\/#primaryimage\"},\"thumbnailUrl\":\"https:\/\/shop.camac-harps.com\/wp-content\/uploads\/sites\/25\/2022\/09\/srj05.jpg\",\"datePublished\":\"2022-09-09T06:39:33+00:00\",\"dateModified\":\"2024-11-07T15:01:37+00:00\",\"description\":\"SNOER Johannes : Fantasie-Caprice pour harpe \u00e0 p\u00e9dales | Disponible de la boutique en ligne des Harpes Camac | Livraison gratuite en France m\u00e9tropolitaine.\",\"breadcrumb\":{\"@id\":\"https:\/\/shop.camac-harps.com\/fr\/produit\/snoer-johannes-fantasie-caprice\/#breadcrumb\"},\"inLanguage\":\"fr-FR\",\"potentialAction\":[{\"@type\":\"ReadAction\",\"target\":[\"https:\/\/shop.camac-harps.com\/fr\/produit\/snoer-johannes-fantasie-caprice\/\"]}]},{\"@type\":\"ImageObject\",\"inLanguage\":\"fr-FR\",\"@id\":\"https:\/\/shop.camac-harps.com\/fr\/produit\/snoer-johannes-fantasie-caprice\/#primaryimage\",\"url\":\"https:\/\/shop.camac-harps.com\/wp-content\/uploads\/sites\/25\/2022\/09\/srj05.jpg\",\"contentUrl\":\"https:\/\/shop.camac-harps.com\/wp-content\/uploads\/sites\/25\/2022\/09\/srj05.jpg\",\"width\":584,\"height\":830,\"caption\":\"SNOER Johannes : Fantasie-Caprice\"},{\"@type\":\"BreadcrumbList\",\"@id\":\"https:\/\/shop.camac-harps.com\/fr\/produit\/snoer-johannes-fantasie-caprice\/#breadcrumb\",\"itemListElement\":[{\"@type\":\"ListItem\",\"position\":1,\"name\":\"Home\",\"item\":\"https:\/\/shop.camac-harps.com\/fr\/homepage\/\"},{\"@type\":\"ListItem\",\"position\":2,\"name\":\"Accueil\",\"item\":\"https:\/\/shop.camac-harps.com\/fr\/homepage\/\"},{\"@type\":\"ListItem\",\"position\":3,\"name\":\"SNOER Johannes : Fantasie-Caprice\"}]},{\"@type\":\"WebSite\",\"@id\":\"https:\/\/shop.camac-harps.com\/fr\/#website\",\"url\":\"https:\/\/shop.camac-harps.com\/fr\/\",\"name\":\"Camac Harps Shop\",\"description\":\"\",\"potentialAction\":[{\"@type\":\"SearchAction\",\"target\":{\"@type\":\"EntryPoint\",\"urlTemplate\":\"https:\/\/shop.camac-harps.com\/fr\/?s={search_term_string}\"},\"query-input\":{\"@type\":\"PropertyValueSpecification\",\"valueRequired\":true,\"valueName\":\"search_term_string\"}}],\"inLanguage\":\"fr-FR\"}]}<\/script>","yoast_head_json":{"title":"SNOER Johannes : Fantasie-Caprice | Boutique en ligne Camac","description":"SNOER Johannes : Fantasie-Caprice pour harpe \u00e0 p\u00e9dales | Disponible de la boutique en ligne des Harpes Camac | Livraison gratuite en France m\u00e9tropolitaine.","robots":{"index":"index","follow":"follow","max-snippet":"max-snippet:-1","max-image-preview":"max-image-preview:large","max-video-preview":"max-video-preview:-1"},"canonical":"https:\/\/shop.camac-harps.com\/fr\/produit\/snoer-johannes-fantasie-caprice\/","og_locale":"fr_FR","og_type":"article","og_title":"SNOER Johannes : Fantasie-Caprice | Boutique en ligne Camac","og_description":"SNOER Johannes : Fantasie-Caprice pour harpe \u00e0 p\u00e9dales | Disponible de la boutique en ligne des Harpes Camac | Livraison gratuite en France m\u00e9tropolitaine.","og_url":"https:\/\/shop.camac-harps.com\/fr\/produit\/snoer-johannes-fantasie-caprice\/","og_site_name":"Camac Harps Shop","article_modified_time":"2024-11-07T15:01:37+00:00","og_image":[{"width":584,"height":830,"url":"https:\/\/shop.camac-harps.com\/wp-content\/uploads\/sites\/25\/2022\/09\/srj05.jpg","type":"image\/jpeg"}],"twitter_card":"summary_large_image","schema":{"@context":"https:\/\/schema.org","@graph":[{"@type":"WebPage","@id":"https:\/\/shop.camac-harps.com\/fr\/produit\/snoer-johannes-fantasie-caprice\/","url":"https:\/\/shop.camac-harps.com\/fr\/produit\/snoer-johannes-fantasie-caprice\/","name":"SNOER Johannes : Fantasie-Caprice | Boutique en ligne Camac","isPartOf":{"@id":"https:\/\/shop.camac-harps.com\/fr\/#website"},"primaryImageOfPage":{"@id":"https:\/\/shop.camac-harps.com\/fr\/produit\/snoer-johannes-fantasie-caprice\/#primaryimage"},"image":{"@id":"https:\/\/shop.camac-harps.com\/fr\/produit\/snoer-johannes-fantasie-caprice\/#primaryimage"},"thumbnailUrl":"https:\/\/shop.camac-harps.com\/wp-content\/uploads\/sites\/25\/2022\/09\/srj05.jpg","datePublished":"2022-09-09T06:39:33+00:00","dateModified":"2024-11-07T15:01:37+00:00","description":"SNOER Johannes : Fantasie-Caprice pour harpe \u00e0 p\u00e9dales | Disponible de la boutique en ligne des Harpes Camac | Livraison gratuite en France m\u00e9tropolitaine.","breadcrumb":{"@id":"https:\/\/shop.camac-harps.com\/fr\/produit\/snoer-johannes-fantasie-caprice\/#breadcrumb"},"inLanguage":"fr-FR","potentialAction":[{"@type":"ReadAction","target":["https:\/\/shop.camac-harps.com\/fr\/produit\/snoer-johannes-fantasie-caprice\/"]}]},{"@type":"ImageObject","inLanguage":"fr-FR","@id":"https:\/\/shop.camac-harps.com\/fr\/produit\/snoer-johannes-fantasie-caprice\/#primaryimage","url":"https:\/\/shop.camac-harps.com\/wp-content\/uploads\/sites\/25\/2022\/09\/srj05.jpg","contentUrl":"https:\/\/shop.camac-harps.com\/wp-content\/uploads\/sites\/25\/2022\/09\/srj05.jpg","width":584,"height":830,"caption":"SNOER Johannes : Fantasie-Caprice"},{"@type":"BreadcrumbList","@id":"https:\/\/shop.camac-harps.com\/fr\/produit\/snoer-johannes-fantasie-caprice\/#breadcrumb","itemListElement":[{"@type":"ListItem","position":1,"name":"Home","item":"https:\/\/shop.camac-harps.com\/fr\/homepage\/"},{"@type":"ListItem","position":2,"name":"Accueil","item":"https:\/\/shop.camac-harps.com\/fr\/homepage\/"},{"@type":"ListItem","position":3,"name":"SNOER Johannes : Fantasie-Caprice"}]},{"@type":"WebSite","@id":"https:\/\/shop.camac-harps.com\/fr\/#website","url":"https:\/\/shop.camac-harps.com\/fr\/","name":"Camac Harps Shop","description":"","potentialAction":[{"@type":"SearchAction","target":{"@type":"EntryPoint","urlTemplate":"https:\/\/shop.camac-harps.com\/fr\/?s={search_term_string}"},"query-input":{"@type":"PropertyValueSpecification","valueRequired":true,"valueName":"search_term_string"}}],"inLanguage":"fr-FR"}]}},"_links":{"self":[{"href":"https:\/\/shop.camac-harps.com\/fr\/wp-json\/wp\/v2\/product\/47820","targetHints":{"allow":["GET"]}}],"collection":[{"href":"https:\/\/shop.camac-harps.com\/fr\/wp-json\/wp\/v2\/product"}],"about":[{"href":"https:\/\/shop.camac-harps.com\/fr\/wp-json\/wp\/v2\/types\/product"}],"replies":[{"embeddable":true,"href":"https:\/\/shop.camac-harps.com\/fr\/wp-json\/wp\/v2\/comments?post=47820"}],"wp:featuredmedia":[{"embeddable":true,"href":"https:\/\/shop.camac-harps.com\/fr\/wp-json\/wp\/v2\/media\/47821"}],"wp:attachment":[{"href":"https:\/\/shop.camac-harps.com\/fr\/wp-json\/wp\/v2\/media?parent=47820"}],"wp:term":[{"taxonomy":"product_brand","embeddable":true,"href":"https:\/\/shop.camac-harps.com\/fr\/wp-json\/wp\/v2\/product_brand?post=47820"},{"taxonomy":"product_cat","embeddable":true,"href":"https:\/\/shop.camac-harps.com\/fr\/wp-json\/wp\/v2\/product_cat?post=47820"},{"taxonomy":"product_tag","embeddable":true,"href":"https:\/\/shop.camac-harps.com\/fr\/wp-json\/wp\/v2\/product_tag?post=47820"}],"curies":[{"name":"wp","href":"https:\/\/api.w.org\/{rel}","templated":true}]}}