{"id":48082,"date":"2022-09-15T10:54:46","date_gmt":"2022-09-15T10:54:46","guid":{"rendered":"https:\/\/shop.camac-harps.com\/?post_type=product&#038;p=48082"},"modified":"2024-11-07T15:01:37","modified_gmt":"2024-11-07T15:01:37","slug":"adelson-robert-erard-lempire-de-la-harpe","status":"publish","type":"product","link":"https:\/\/shop.camac-harps.com\/fr\/produit\/adelson-robert-erard-lempire-de-la-harpe\/","title":{"rendered":"ADELSON Robert : Erard, l&#8217;empire de la harpe"},"content":{"rendered":"","protected":false},"excerpt":{"rendered":"<p style=\"text-align: justify;\"><strong>S\u00e9bastien ERARD<\/strong> (1752-1831) est consid\u00e9r\u00e9, \u00e0 juste titre, comme le p\u00e8re de la harpe moderne. Ses deux contributions majeures \u00e0 la construction de l\u2019instrument sont \u00e0 la base de la harpe de concert d\u2019aujourd\u2019hui : d\u2019une part, le m\u00e9canisme des disques \u00e0 fourchettes qui raccourcit les cordes d\u2019un demi-ton ; d\u2019autre part, le double mouvement qui permet \u00e0 l\u2019instrumentiste de jouer dans toutes les tonalit\u00e9s. L\u2019h\u00e9g\u00e9monie de la maison Erard est la cons\u00e9quence non seulement de l\u2019incontestable sup\u00e9riorit\u00e9 musicale et technique de ces inventions mais aussi de son ambition de commercialiser ses instruments partout dans le monde. A travers les archives commerciales et familiales, ainsi que de nombreux instruments rares, ce livre raconte l\u2019histoire passionnante de cet empire Erard.<\/p>\n<p style=\"text-align: justify;\">Lire <a href=\"https:\/\/shop.camac-harps.com\/wp-content\/uploads\/sites\/25\/2023\/02\/review-hhs-erard-empire-de-la-harpe.pdf\">la recension<\/a> de Mike Baldwin dans le <a href=\"https:\/\/historicalharpsociety.org\/\">Historical Harp Society Bulletin<\/a> (en anglais)<\/p>\n","protected":false},"featured_media":48083,"comment_status":"open","ping_status":"closed","template":"","meta":{"_acf_changed":false},"product_brand":[],"product_cat":[63],"product_tag":[],"class_list":{"0":"post-48082","1":"product","2":"type-product","3":"status-publish","4":"has-post-thumbnail","6":"product_cat-livres","8":"first","9":"instock","10":"taxable","11":"shipping-taxable","12":"purchasable","13":"product-type-simple"},"acf":[],"yoast_head":"<title>ADELSON Robert : Erard, l&#039;empire de la harpe | Boutique en ligne Camac<\/title>\n<meta name=\"description\" content=\"S\u00e9bastien Erard (1752-1831) est consid\u00e9r\u00e9 comme le p\u00e8re de la harpe moderne. Ce livre raconte son histoire passionnante | Commande des Harpes Camac (2022).\" \/>\n<meta name=\"robots\" content=\"index, follow, max-snippet:-1, max-image-preview:large, max-video-preview:-1\" \/>\n<link rel=\"canonical\" href=\"https:\/\/shop.camac-harps.com\/fr\/produit\/adelson-robert-erard-lempire-de-la-harpe\/\" \/>\n<meta property=\"og:locale\" content=\"fr_FR\" \/>\n<meta property=\"og:type\" content=\"article\" \/>\n<meta property=\"og:title\" content=\"ADELSON Robert : Erard, l&#039;empire de la harpe | Boutique en ligne Camac\" \/>\n<meta property=\"og:description\" content=\"S\u00e9bastien Erard (1752-1831) est consid\u00e9r\u00e9 comme le p\u00e8re de la harpe moderne. Ce livre raconte son histoire passionnante | Commande des Harpes Camac (2022).\" \/>\n<meta property=\"og:url\" content=\"https:\/\/shop.camac-harps.com\/fr\/produit\/adelson-robert-erard-lempire-de-la-harpe\/\" \/>\n<meta property=\"og:site_name\" content=\"Camac Harps Shop\" \/>\n<meta property=\"article:modified_time\" content=\"2024-11-07T15:01:37+00:00\" \/>\n<meta property=\"og:image\" content=\"https:\/\/shop.camac-harps.com\/wp-content\/uploads\/sites\/25\/2022\/09\/anr01-1.jpg\" \/>\n\t<meta property=\"og:image:width\" content=\"880\" \/>\n\t<meta property=\"og:image:height\" content=\"1200\" \/>\n\t<meta property=\"og:image:type\" content=\"image\/jpeg\" \/>\n<meta name=\"twitter:card\" content=\"summary_large_image\" \/>\n<meta name=\"twitter:label1\" content=\"Dur\u00e9e de lecture estim\u00e9e\" \/>\n\t<meta name=\"twitter:data1\" content=\"1 minute\" \/>\n<script type=\"application\/ld+json\" class=\"yoast-schema-graph\">{\"@context\":\"https:\/\/schema.org\",\"@graph\":[{\"@type\":\"WebPage\",\"@id\":\"https:\/\/shop.camac-harps.com\/fr\/produit\/adelson-robert-erard-lempire-de-la-harpe\/\",\"url\":\"https:\/\/shop.camac-harps.com\/fr\/produit\/adelson-robert-erard-lempire-de-la-harpe\/\",\"name\":\"ADELSON Robert : Erard, l'empire de la harpe | Boutique en ligne Camac\",\"isPartOf\":{\"@id\":\"https:\/\/shop.camac-harps.com\/fr\/#website\"},\"primaryImageOfPage\":{\"@id\":\"https:\/\/shop.camac-harps.com\/fr\/produit\/adelson-robert-erard-lempire-de-la-harpe\/#primaryimage\"},\"image\":{\"@id\":\"https:\/\/shop.camac-harps.com\/fr\/produit\/adelson-robert-erard-lempire-de-la-harpe\/#primaryimage\"},\"thumbnailUrl\":\"https:\/\/shop.camac-harps.com\/wp-content\/uploads\/sites\/25\/2022\/09\/anr01-1.jpg\",\"datePublished\":\"2022-09-15T10:54:46+00:00\",\"dateModified\":\"2024-11-07T15:01:37+00:00\",\"description\":\"S\u00e9bastien Erard (1752-1831) est consid\u00e9r\u00e9 comme le p\u00e8re de la harpe moderne. Ce livre raconte son histoire passionnante | Commande des Harpes Camac (2022).\",\"breadcrumb\":{\"@id\":\"https:\/\/shop.camac-harps.com\/fr\/produit\/adelson-robert-erard-lempire-de-la-harpe\/#breadcrumb\"},\"inLanguage\":\"fr-FR\",\"potentialAction\":[{\"@type\":\"ReadAction\",\"target\":[\"https:\/\/shop.camac-harps.com\/fr\/produit\/adelson-robert-erard-lempire-de-la-harpe\/\"]}]},{\"@type\":\"ImageObject\",\"inLanguage\":\"fr-FR\",\"@id\":\"https:\/\/shop.camac-harps.com\/fr\/produit\/adelson-robert-erard-lempire-de-la-harpe\/#primaryimage\",\"url\":\"https:\/\/shop.camac-harps.com\/wp-content\/uploads\/sites\/25\/2022\/09\/anr01-1.jpg\",\"contentUrl\":\"https:\/\/shop.camac-harps.com\/wp-content\/uploads\/sites\/25\/2022\/09\/anr01-1.jpg\",\"width\":880,\"height\":1200,\"caption\":\"ADELSON Robert : Erard, l'empire de la harpe\"},{\"@type\":\"BreadcrumbList\",\"@id\":\"https:\/\/shop.camac-harps.com\/fr\/produit\/adelson-robert-erard-lempire-de-la-harpe\/#breadcrumb\",\"itemListElement\":[{\"@type\":\"ListItem\",\"position\":1,\"name\":\"Home\",\"item\":\"https:\/\/shop.camac-harps.com\/fr\/homepage\/\"},{\"@type\":\"ListItem\",\"position\":2,\"name\":\"Accueil\",\"item\":\"https:\/\/shop.camac-harps.com\/fr\/homepage\/\"},{\"@type\":\"ListItem\",\"position\":3,\"name\":\"ADELSON Robert : Erard, l&#8217;empire de la harpe\"}]},{\"@type\":\"WebSite\",\"@id\":\"https:\/\/shop.camac-harps.com\/fr\/#website\",\"url\":\"https:\/\/shop.camac-harps.com\/fr\/\",\"name\":\"Camac Harps Shop\",\"description\":\"\",\"potentialAction\":[{\"@type\":\"SearchAction\",\"target\":{\"@type\":\"EntryPoint\",\"urlTemplate\":\"https:\/\/shop.camac-harps.com\/fr\/?s={search_term_string}\"},\"query-input\":{\"@type\":\"PropertyValueSpecification\",\"valueRequired\":true,\"valueName\":\"search_term_string\"}}],\"inLanguage\":\"fr-FR\"}]}<\/script>","yoast_head_json":{"title":"ADELSON Robert : Erard, l'empire de la harpe | Boutique en ligne Camac","description":"S\u00e9bastien Erard (1752-1831) est consid\u00e9r\u00e9 comme le p\u00e8re de la harpe moderne. Ce livre raconte son histoire passionnante | Commande des Harpes Camac (2022).","robots":{"index":"index","follow":"follow","max-snippet":"max-snippet:-1","max-image-preview":"max-image-preview:large","max-video-preview":"max-video-preview:-1"},"canonical":"https:\/\/shop.camac-harps.com\/fr\/produit\/adelson-robert-erard-lempire-de-la-harpe\/","og_locale":"fr_FR","og_type":"article","og_title":"ADELSON Robert : Erard, l'empire de la harpe | Boutique en ligne Camac","og_description":"S\u00e9bastien Erard (1752-1831) est consid\u00e9r\u00e9 comme le p\u00e8re de la harpe moderne. Ce livre raconte son histoire passionnante | Commande des Harpes Camac (2022).","og_url":"https:\/\/shop.camac-harps.com\/fr\/produit\/adelson-robert-erard-lempire-de-la-harpe\/","og_site_name":"Camac Harps Shop","article_modified_time":"2024-11-07T15:01:37+00:00","og_image":[{"width":880,"height":1200,"url":"https:\/\/shop.camac-harps.com\/wp-content\/uploads\/sites\/25\/2022\/09\/anr01-1.jpg","type":"image\/jpeg"}],"twitter_card":"summary_large_image","twitter_misc":{"Dur\u00e9e de lecture estim\u00e9e":"1 minute"},"schema":{"@context":"https:\/\/schema.org","@graph":[{"@type":"WebPage","@id":"https:\/\/shop.camac-harps.com\/fr\/produit\/adelson-robert-erard-lempire-de-la-harpe\/","url":"https:\/\/shop.camac-harps.com\/fr\/produit\/adelson-robert-erard-lempire-de-la-harpe\/","name":"ADELSON Robert : Erard, l'empire de la harpe | Boutique en ligne Camac","isPartOf":{"@id":"https:\/\/shop.camac-harps.com\/fr\/#website"},"primaryImageOfPage":{"@id":"https:\/\/shop.camac-harps.com\/fr\/produit\/adelson-robert-erard-lempire-de-la-harpe\/#primaryimage"},"image":{"@id":"https:\/\/shop.camac-harps.com\/fr\/produit\/adelson-robert-erard-lempire-de-la-harpe\/#primaryimage"},"thumbnailUrl":"https:\/\/shop.camac-harps.com\/wp-content\/uploads\/sites\/25\/2022\/09\/anr01-1.jpg","datePublished":"2022-09-15T10:54:46+00:00","dateModified":"2024-11-07T15:01:37+00:00","description":"S\u00e9bastien Erard (1752-1831) est consid\u00e9r\u00e9 comme le p\u00e8re de la harpe moderne. Ce livre raconte son histoire passionnante | Commande des Harpes Camac (2022).","breadcrumb":{"@id":"https:\/\/shop.camac-harps.com\/fr\/produit\/adelson-robert-erard-lempire-de-la-harpe\/#breadcrumb"},"inLanguage":"fr-FR","potentialAction":[{"@type":"ReadAction","target":["https:\/\/shop.camac-harps.com\/fr\/produit\/adelson-robert-erard-lempire-de-la-harpe\/"]}]},{"@type":"ImageObject","inLanguage":"fr-FR","@id":"https:\/\/shop.camac-harps.com\/fr\/produit\/adelson-robert-erard-lempire-de-la-harpe\/#primaryimage","url":"https:\/\/shop.camac-harps.com\/wp-content\/uploads\/sites\/25\/2022\/09\/anr01-1.jpg","contentUrl":"https:\/\/shop.camac-harps.com\/wp-content\/uploads\/sites\/25\/2022\/09\/anr01-1.jpg","width":880,"height":1200,"caption":"ADELSON Robert : Erard, l'empire de la harpe"},{"@type":"BreadcrumbList","@id":"https:\/\/shop.camac-harps.com\/fr\/produit\/adelson-robert-erard-lempire-de-la-harpe\/#breadcrumb","itemListElement":[{"@type":"ListItem","position":1,"name":"Home","item":"https:\/\/shop.camac-harps.com\/fr\/homepage\/"},{"@type":"ListItem","position":2,"name":"Accueil","item":"https:\/\/shop.camac-harps.com\/fr\/homepage\/"},{"@type":"ListItem","position":3,"name":"ADELSON Robert : Erard, l&#8217;empire de la harpe"}]},{"@type":"WebSite","@id":"https:\/\/shop.camac-harps.com\/fr\/#website","url":"https:\/\/shop.camac-harps.com\/fr\/","name":"Camac Harps Shop","description":"","potentialAction":[{"@type":"SearchAction","target":{"@type":"EntryPoint","urlTemplate":"https:\/\/shop.camac-harps.com\/fr\/?s={search_term_string}"},"query-input":{"@type":"PropertyValueSpecification","valueRequired":true,"valueName":"search_term_string"}}],"inLanguage":"fr-FR"}]}},"_links":{"self":[{"href":"https:\/\/shop.camac-harps.com\/fr\/wp-json\/wp\/v2\/product\/48082","targetHints":{"allow":["GET"]}}],"collection":[{"href":"https:\/\/shop.camac-harps.com\/fr\/wp-json\/wp\/v2\/product"}],"about":[{"href":"https:\/\/shop.camac-harps.com\/fr\/wp-json\/wp\/v2\/types\/product"}],"replies":[{"embeddable":true,"href":"https:\/\/shop.camac-harps.com\/fr\/wp-json\/wp\/v2\/comments?post=48082"}],"wp:featuredmedia":[{"embeddable":true,"href":"https:\/\/shop.camac-harps.com\/fr\/wp-json\/wp\/v2\/media\/48083"}],"wp:attachment":[{"href":"https:\/\/shop.camac-harps.com\/fr\/wp-json\/wp\/v2\/media?parent=48082"}],"wp:term":[{"taxonomy":"product_brand","embeddable":true,"href":"https:\/\/shop.camac-harps.com\/fr\/wp-json\/wp\/v2\/product_brand?post=48082"},{"taxonomy":"product_cat","embeddable":true,"href":"https:\/\/shop.camac-harps.com\/fr\/wp-json\/wp\/v2\/product_cat?post=48082"},{"taxonomy":"product_tag","embeddable":true,"href":"https:\/\/shop.camac-harps.com\/fr\/wp-json\/wp\/v2\/product_tag?post=48082"}],"curies":[{"name":"wp","href":"https:\/\/api.w.org\/{rel}","templated":true}]}}