{"id":48470,"date":"2022-09-23T13:41:15","date_gmt":"2022-09-23T13:41:15","guid":{"rendered":"https:\/\/shop.camac-harps.com\/?post_type=product&#038;p=48470"},"modified":"2024-08-23T09:33:54","modified_gmt":"2024-08-23T09:33:54","slug":"pedales-ergonomiques","status":"publish","type":"product","link":"https:\/\/shop.camac-harps.com\/fr\/produit\/pedales-ergonomiques\/","title":{"rendered":"P\u00e9dales ergonomiques"},"content":{"rendered":"<p style=\"text-align: justify;\"><strong>Concepteur : Chantal Mathieu<\/strong><\/p>\n<p>Ces magnifiques p\u00e9dales ergonomiques sont le r\u00e9sultat d&rsquo;une collaboration avec la grande harpiste fran\u00e7aise Chantal Mathieu. \u00c0 la suite d&rsquo;une blessure, Chantal s&rsquo;est int\u00e9ress\u00e9e \u00e0 la m\u00e9decine des arts, domaine dans lequel son expertise a \u00e9t\u00e9 certifi\u00e9e par un dipl\u00f4me.\u00a0<\/p>\n<p>Jouer de la harpe est une activit\u00e9 contraignante pour le corps. Chantal avait constat\u00e9 que sur les harpes anciennes des 18e et 19e si\u00e8cles, les p\u00e9dales ext\u00e9rieures \u00e9taient plus longues que celles d&rsquo;aujourd&rsquo;hui. Ainsi, il \u00e9tait plus ais\u00e9 pour le harpiste de les atteindre sans tendre compl\u00e8tement la jambe, et donc sans tension musculaire ni d\u00e9s\u00e9quilibre du buste. Si cela vous arrive lorsque vous devez actionner les p\u00e9dales de La, Sol ou R\u00e9, ces extensions sont probablement faites pour vous\u00a0!<\/p>\n<p>Le jeu de 5 p\u00e9dales ergonomiques est fourni avec l&rsquo;outillage d&rsquo;installation :<br \/>\n&#8211; gros tournevis plat ;<br \/>\n&#8211; cl\u00e9 hexagonale de 2,5 mm pour r\u00e9gler l&rsquo;inclinaison ;<br \/>\n&#8211; cl\u00e9 hexagonale de 3 mm pour bloquer le r\u00e9glage d&rsquo;inclinaison.\u2028<\/p>\n<p style=\"text-align: justify;\">Un tutoriel d&rsquo;installation est disponible sur la cha\u00eene YouTube de Camac Harps <a href=\"https:\/\/youtu.be\/1f1rD010KJE\">ici<\/a>.<\/p>\n<p>La th\u00e8se de Chantal \u00ab Des p\u00e9dales ergonomiques, pour quoi faire \u00bb est parue aux <a href=\"https:\/\/www.medecine-des-arts.com\/fr\/produit\/revue-medecine-des-arts-n-81.php\">Editions Alexit\u00e8re, Revue M\u00e9decine des arts N\u00b081,<\/a><br \/>\nainsi que dans le magazine n\u00b061,1 de l\u2019A.I.H.A.H. (<a href=\"https:\/\/aiharpe.com\/\">Association Internationale des Harpistes et Amis de la Harpe.<\/a><\/p>\n","protected":false},"excerpt":{"rendered":"<p>Concepteur : Chantal Mathieu Ces magnifiques p\u00e9dales ergonomiques sont le r\u00e9sultat d&rsquo;une collaboration avec la grande harpiste fran\u00e7aise Chantal Mathieu. \u00c0 la suite d&rsquo;une blessure, Chantal s&rsquo;est int\u00e9ress\u00e9e \u00e0 la m\u00e9decine des arts, domaine dans lequel son expertise a \u00e9t\u00e9 certifi\u00e9e par un dipl\u00f4me.\u00a0 Jouer de la harpe est une activit\u00e9 contraignante pour le corps. [&hellip;]<\/p>\n","protected":false},"featured_media":48472,"comment_status":"open","ping_status":"closed","template":"","meta":{"_acf_changed":false},"product_brand":[],"product_cat":[39,441],"product_tag":[],"class_list":{"0":"post-48470","1":"product","2":"type-product","3":"status-publish","4":"has-post-thumbnail","6":"product_cat-accessoires-housses","7":"product_cat-pieces-detachees-et-outillage","9":"first","10":"instock","11":"taxable","12":"shipping-taxable","13":"product-type-simple"},"acf":[],"yoast_head":"<title>P\u00e9dales ergonomiques | Boutique en ligne Camac<\/title>\n<meta name=\"description\" content=\"Magnifiques p\u00e9dales ergonomiques pour harpe, le r\u00e9sultat d&#039;une collaboration avec Chantal Mathieu | Tutoriel d&#039;installation disponible | Livraison internationale.\" \/>\n<meta name=\"robots\" content=\"index, follow, max-snippet:-1, max-image-preview:large, max-video-preview:-1\" \/>\n<link rel=\"canonical\" href=\"https:\/\/shop.camac-harps.com\/fr\/produit\/pedales-ergonomiques\/\" \/>\n<meta property=\"og:locale\" content=\"fr_FR\" \/>\n<meta property=\"og:type\" content=\"article\" \/>\n<meta property=\"og:title\" content=\"P\u00e9dales ergonomiques | Boutique en ligne Camac\" \/>\n<meta property=\"og:description\" content=\"Magnifiques p\u00e9dales ergonomiques pour harpe, le r\u00e9sultat d&#039;une collaboration avec Chantal Mathieu | Tutoriel d&#039;installation disponible | Livraison internationale.\" \/>\n<meta property=\"og:url\" content=\"https:\/\/shop.camac-harps.com\/fr\/produit\/pedales-ergonomiques\/\" \/>\n<meta property=\"og:site_name\" content=\"Camac Harps Shop\" \/>\n<meta property=\"article:modified_time\" content=\"2024-08-23T09:33:54+00:00\" \/>\n<meta property=\"og:image\" content=\"https:\/\/shop.camac-harps.com\/wp-content\/uploads\/sites\/25\/2022\/09\/ergopedal-0.jpeg\" \/>\n\t<meta property=\"og:image:width\" content=\"1200\" \/>\n\t<meta property=\"og:image:height\" content=\"675\" \/>\n\t<meta property=\"og:image:type\" content=\"image\/jpeg\" \/>\n<meta name=\"twitter:card\" content=\"summary_large_image\" \/>\n<meta name=\"twitter:label1\" content=\"Dur\u00e9e de lecture estim\u00e9e\" \/>\n\t<meta name=\"twitter:data1\" content=\"2 minutes\" \/>\n<script type=\"application\/ld+json\" class=\"yoast-schema-graph\">{\"@context\":\"https:\/\/schema.org\",\"@graph\":[{\"@type\":\"WebPage\",\"@id\":\"https:\/\/shop.camac-harps.com\/fr\/produit\/pedales-ergonomiques\/\",\"url\":\"https:\/\/shop.camac-harps.com\/fr\/produit\/pedales-ergonomiques\/\",\"name\":\"P\u00e9dales ergonomiques | Boutique en ligne Camac\",\"isPartOf\":{\"@id\":\"https:\/\/shop.camac-harps.com\/fr\/#website\"},\"primaryImageOfPage\":{\"@id\":\"https:\/\/shop.camac-harps.com\/fr\/produit\/pedales-ergonomiques\/#primaryimage\"},\"image\":{\"@id\":\"https:\/\/shop.camac-harps.com\/fr\/produit\/pedales-ergonomiques\/#primaryimage\"},\"thumbnailUrl\":\"https:\/\/shop.camac-harps.com\/wp-content\/uploads\/sites\/25\/2022\/09\/ergopedal-0.jpeg\",\"datePublished\":\"2022-09-23T13:41:15+00:00\",\"dateModified\":\"2024-08-23T09:33:54+00:00\",\"description\":\"Magnifiques p\u00e9dales ergonomiques pour harpe, le r\u00e9sultat d'une collaboration avec Chantal Mathieu | Tutoriel d'installation disponible | Livraison internationale.\",\"breadcrumb\":{\"@id\":\"https:\/\/shop.camac-harps.com\/fr\/produit\/pedales-ergonomiques\/#breadcrumb\"},\"inLanguage\":\"fr-FR\",\"potentialAction\":[{\"@type\":\"ReadAction\",\"target\":[\"https:\/\/shop.camac-harps.com\/fr\/produit\/pedales-ergonomiques\/\"]}]},{\"@type\":\"ImageObject\",\"inLanguage\":\"fr-FR\",\"@id\":\"https:\/\/shop.camac-harps.com\/fr\/produit\/pedales-ergonomiques\/#primaryimage\",\"url\":\"https:\/\/shop.camac-harps.com\/wp-content\/uploads\/sites\/25\/2022\/09\/ergopedal-0.jpeg\",\"contentUrl\":\"https:\/\/shop.camac-harps.com\/wp-content\/uploads\/sites\/25\/2022\/09\/ergopedal-0.jpeg\",\"width\":1200,\"height\":675,\"caption\":\"P\u00e9dales ergonomiques\"},{\"@type\":\"BreadcrumbList\",\"@id\":\"https:\/\/shop.camac-harps.com\/fr\/produit\/pedales-ergonomiques\/#breadcrumb\",\"itemListElement\":[{\"@type\":\"ListItem\",\"position\":1,\"name\":\"Home\",\"item\":\"https:\/\/shop.camac-harps.com\/fr\/homepage\/\"},{\"@type\":\"ListItem\",\"position\":2,\"name\":\"Accueil\",\"item\":\"https:\/\/shop.camac-harps.com\/fr\/homepage\/\"},{\"@type\":\"ListItem\",\"position\":3,\"name\":\"P\u00e9dales ergonomiques\"}]},{\"@type\":\"WebSite\",\"@id\":\"https:\/\/shop.camac-harps.com\/fr\/#website\",\"url\":\"https:\/\/shop.camac-harps.com\/fr\/\",\"name\":\"Camac Harps Shop\",\"description\":\"\",\"potentialAction\":[{\"@type\":\"SearchAction\",\"target\":{\"@type\":\"EntryPoint\",\"urlTemplate\":\"https:\/\/shop.camac-harps.com\/fr\/?s={search_term_string}\"},\"query-input\":{\"@type\":\"PropertyValueSpecification\",\"valueRequired\":true,\"valueName\":\"search_term_string\"}}],\"inLanguage\":\"fr-FR\"}]}<\/script>","yoast_head_json":{"title":"P\u00e9dales ergonomiques | Boutique en ligne Camac","description":"Magnifiques p\u00e9dales ergonomiques pour harpe, le r\u00e9sultat d'une collaboration avec Chantal Mathieu | Tutoriel d'installation disponible | Livraison internationale.","robots":{"index":"index","follow":"follow","max-snippet":"max-snippet:-1","max-image-preview":"max-image-preview:large","max-video-preview":"max-video-preview:-1"},"canonical":"https:\/\/shop.camac-harps.com\/fr\/produit\/pedales-ergonomiques\/","og_locale":"fr_FR","og_type":"article","og_title":"P\u00e9dales ergonomiques | Boutique en ligne Camac","og_description":"Magnifiques p\u00e9dales ergonomiques pour harpe, le r\u00e9sultat d'une collaboration avec Chantal Mathieu | Tutoriel d'installation disponible | Livraison internationale.","og_url":"https:\/\/shop.camac-harps.com\/fr\/produit\/pedales-ergonomiques\/","og_site_name":"Camac Harps Shop","article_modified_time":"2024-08-23T09:33:54+00:00","og_image":[{"width":1200,"height":675,"url":"https:\/\/shop.camac-harps.com\/wp-content\/uploads\/sites\/25\/2022\/09\/ergopedal-0.jpeg","type":"image\/jpeg"}],"twitter_card":"summary_large_image","twitter_misc":{"Dur\u00e9e de lecture estim\u00e9e":"2 minutes"},"schema":{"@context":"https:\/\/schema.org","@graph":[{"@type":"WebPage","@id":"https:\/\/shop.camac-harps.com\/fr\/produit\/pedales-ergonomiques\/","url":"https:\/\/shop.camac-harps.com\/fr\/produit\/pedales-ergonomiques\/","name":"P\u00e9dales ergonomiques | Boutique en ligne Camac","isPartOf":{"@id":"https:\/\/shop.camac-harps.com\/fr\/#website"},"primaryImageOfPage":{"@id":"https:\/\/shop.camac-harps.com\/fr\/produit\/pedales-ergonomiques\/#primaryimage"},"image":{"@id":"https:\/\/shop.camac-harps.com\/fr\/produit\/pedales-ergonomiques\/#primaryimage"},"thumbnailUrl":"https:\/\/shop.camac-harps.com\/wp-content\/uploads\/sites\/25\/2022\/09\/ergopedal-0.jpeg","datePublished":"2022-09-23T13:41:15+00:00","dateModified":"2024-08-23T09:33:54+00:00","description":"Magnifiques p\u00e9dales ergonomiques pour harpe, le r\u00e9sultat d'une collaboration avec Chantal Mathieu | Tutoriel d'installation disponible | Livraison internationale.","breadcrumb":{"@id":"https:\/\/shop.camac-harps.com\/fr\/produit\/pedales-ergonomiques\/#breadcrumb"},"inLanguage":"fr-FR","potentialAction":[{"@type":"ReadAction","target":["https:\/\/shop.camac-harps.com\/fr\/produit\/pedales-ergonomiques\/"]}]},{"@type":"ImageObject","inLanguage":"fr-FR","@id":"https:\/\/shop.camac-harps.com\/fr\/produit\/pedales-ergonomiques\/#primaryimage","url":"https:\/\/shop.camac-harps.com\/wp-content\/uploads\/sites\/25\/2022\/09\/ergopedal-0.jpeg","contentUrl":"https:\/\/shop.camac-harps.com\/wp-content\/uploads\/sites\/25\/2022\/09\/ergopedal-0.jpeg","width":1200,"height":675,"caption":"P\u00e9dales ergonomiques"},{"@type":"BreadcrumbList","@id":"https:\/\/shop.camac-harps.com\/fr\/produit\/pedales-ergonomiques\/#breadcrumb","itemListElement":[{"@type":"ListItem","position":1,"name":"Home","item":"https:\/\/shop.camac-harps.com\/fr\/homepage\/"},{"@type":"ListItem","position":2,"name":"Accueil","item":"https:\/\/shop.camac-harps.com\/fr\/homepage\/"},{"@type":"ListItem","position":3,"name":"P\u00e9dales ergonomiques"}]},{"@type":"WebSite","@id":"https:\/\/shop.camac-harps.com\/fr\/#website","url":"https:\/\/shop.camac-harps.com\/fr\/","name":"Camac Harps Shop","description":"","potentialAction":[{"@type":"SearchAction","target":{"@type":"EntryPoint","urlTemplate":"https:\/\/shop.camac-harps.com\/fr\/?s={search_term_string}"},"query-input":{"@type":"PropertyValueSpecification","valueRequired":true,"valueName":"search_term_string"}}],"inLanguage":"fr-FR"}]}},"_links":{"self":[{"href":"https:\/\/shop.camac-harps.com\/fr\/wp-json\/wp\/v2\/product\/48470","targetHints":{"allow":["GET"]}}],"collection":[{"href":"https:\/\/shop.camac-harps.com\/fr\/wp-json\/wp\/v2\/product"}],"about":[{"href":"https:\/\/shop.camac-harps.com\/fr\/wp-json\/wp\/v2\/types\/product"}],"replies":[{"embeddable":true,"href":"https:\/\/shop.camac-harps.com\/fr\/wp-json\/wp\/v2\/comments?post=48470"}],"wp:featuredmedia":[{"embeddable":true,"href":"https:\/\/shop.camac-harps.com\/fr\/wp-json\/wp\/v2\/media\/48472"}],"wp:attachment":[{"href":"https:\/\/shop.camac-harps.com\/fr\/wp-json\/wp\/v2\/media?parent=48470"}],"wp:term":[{"taxonomy":"product_brand","embeddable":true,"href":"https:\/\/shop.camac-harps.com\/fr\/wp-json\/wp\/v2\/product_brand?post=48470"},{"taxonomy":"product_cat","embeddable":true,"href":"https:\/\/shop.camac-harps.com\/fr\/wp-json\/wp\/v2\/product_cat?post=48470"},{"taxonomy":"product_tag","embeddable":true,"href":"https:\/\/shop.camac-harps.com\/fr\/wp-json\/wp\/v2\/product_tag?post=48470"}],"curies":[{"name":"wp","href":"https:\/\/api.w.org\/{rel}","templated":true}]}}