{"id":48694,"date":"2022-09-29T07:29:50","date_gmt":"2022-09-29T07:29:50","guid":{"rendered":"https:\/\/shop.camac-harps.com\/?post_type=product&#038;p=48694"},"modified":"2025-12-17T13:11:53","modified_gmt":"2025-12-17T13:11:53","slug":"sac-a-cordes-de-harpe","status":"publish","type":"product","link":"https:\/\/shop.camac-harps.com\/fr\/produit\/sac-a-cordes-de-harpe\/","title":{"rendered":"Sac \u00e0 cordes de harpe"},"content":{"rendered":"<p style=\"text-align: justify;\">Sac \u00e0 cordes de harpe pratique et l\u00e9ger, fabriqu\u00e9 sur mesure. Des poches int\u00e9rieures de la bonne taille pour chaque octave de cordes de harpe \u00e0 p\u00e9dales. Plateau coulissant pour les outils d&rsquo;entretien. Poche suppl\u00e9mentaire zipp\u00e9e sur le devant.<\/p>\n","protected":false},"excerpt":{"rendered":"<p>Sac \u00e0 cordes de harpe pratique et l\u00e9ger, fabriqu\u00e9 sur mesure. Des poches int\u00e9rieures de la bonne taille pour chaque octave de cordes de harpe \u00e0 p\u00e9dales. Plateau coulissant pour les outils d&rsquo;entretien. Poche suppl\u00e9mentaire zipp\u00e9e sur le devant.<\/p>\n","protected":false},"featured_media":48701,"comment_status":"open","ping_status":"closed","template":"","meta":{"_acf_changed":false},"product_brand":[],"product_cat":[39,87],"product_tag":[],"class_list":{"0":"post-48694","1":"product","2":"type-product","3":"status-publish","4":"has-post-thumbnail","6":"product_cat-accessoires-housses","7":"product_cat-cles-daccord-et-divers","9":"first","10":"instock","11":"taxable","12":"shipping-taxable","13":"product-type-simple"},"acf":[],"yoast_head":"<title>Sac \u00e0 cordes de harpe | Boutique en ligne Camac<\/title>\n<meta name=\"description\" content=\"Sac \u00e0 cordes de harpe pratique et l\u00e9ger, fabriqu\u00e9 sur mesure. Des poches int\u00e9rieures de la bonne taille pour chaque octave de cordes de harpe \u00e0 p\u00e9dales.\" \/>\n<meta name=\"robots\" content=\"index, follow, max-snippet:-1, max-image-preview:large, max-video-preview:-1\" \/>\n<link rel=\"canonical\" href=\"https:\/\/shop.camac-harps.com\/fr\/produit\/sac-a-cordes-de-harpe\/\" \/>\n<meta property=\"og:locale\" content=\"fr_FR\" \/>\n<meta property=\"og:type\" content=\"article\" \/>\n<meta property=\"og:title\" content=\"Sac \u00e0 cordes de harpe | Boutique en ligne Camac\" \/>\n<meta property=\"og:description\" content=\"Sac \u00e0 cordes de harpe pratique et l\u00e9ger, fabriqu\u00e9 sur mesure. Des poches int\u00e9rieures de la bonne taille pour chaque octave de cordes de harpe \u00e0 p\u00e9dales.\" \/>\n<meta property=\"og:url\" content=\"https:\/\/shop.camac-harps.com\/fr\/produit\/sac-a-cordes-de-harpe\/\" \/>\n<meta property=\"og:site_name\" content=\"Camac Harps Shop\" \/>\n<meta property=\"article:modified_time\" content=\"2025-12-17T13:11:53+00:00\" \/>\n<meta property=\"og:image\" content=\"https:\/\/shop.camac-harps.com\/wp-content\/uploads\/sites\/25\/2022\/09\/saccor-scaled.jpg\" \/>\n\t<meta property=\"og:image:width\" content=\"2560\" \/>\n\t<meta property=\"og:image:height\" content=\"1920\" \/>\n\t<meta property=\"og:image:type\" content=\"image\/jpeg\" \/>\n<meta name=\"twitter:card\" content=\"summary_large_image\" \/>\n<meta name=\"twitter:label1\" content=\"Dur\u00e9e de lecture estim\u00e9e\" \/>\n\t<meta name=\"twitter:data1\" content=\"1 minute\" \/>\n<script type=\"application\/ld+json\" class=\"yoast-schema-graph\">{\"@context\":\"https:\/\/schema.org\",\"@graph\":[{\"@type\":\"WebPage\",\"@id\":\"https:\/\/shop.camac-harps.com\/fr\/produit\/sac-a-cordes-de-harpe\/\",\"url\":\"https:\/\/shop.camac-harps.com\/fr\/produit\/sac-a-cordes-de-harpe\/\",\"name\":\"Sac \u00e0 cordes de harpe | Boutique en ligne Camac\",\"isPartOf\":{\"@id\":\"https:\/\/shop.camac-harps.com\/fr\/#website\"},\"primaryImageOfPage\":{\"@id\":\"https:\/\/shop.camac-harps.com\/fr\/produit\/sac-a-cordes-de-harpe\/#primaryimage\"},\"image\":{\"@id\":\"https:\/\/shop.camac-harps.com\/fr\/produit\/sac-a-cordes-de-harpe\/#primaryimage\"},\"thumbnailUrl\":\"https:\/\/shop.camac-harps.com\/wp-content\/uploads\/sites\/25\/2022\/09\/saccor-scaled.jpg\",\"datePublished\":\"2022-09-29T07:29:50+00:00\",\"dateModified\":\"2025-12-17T13:11:53+00:00\",\"description\":\"Sac \u00e0 cordes de harpe pratique et l\u00e9ger, fabriqu\u00e9 sur mesure. Des poches int\u00e9rieures de la bonne taille pour chaque octave de cordes de harpe \u00e0 p\u00e9dales.\",\"breadcrumb\":{\"@id\":\"https:\/\/shop.camac-harps.com\/fr\/produit\/sac-a-cordes-de-harpe\/#breadcrumb\"},\"inLanguage\":\"fr-FR\",\"potentialAction\":[{\"@type\":\"ReadAction\",\"target\":[\"https:\/\/shop.camac-harps.com\/fr\/produit\/sac-a-cordes-de-harpe\/\"]}]},{\"@type\":\"ImageObject\",\"inLanguage\":\"fr-FR\",\"@id\":\"https:\/\/shop.camac-harps.com\/fr\/produit\/sac-a-cordes-de-harpe\/#primaryimage\",\"url\":\"https:\/\/shop.camac-harps.com\/wp-content\/uploads\/sites\/25\/2022\/09\/saccor-scaled.jpg\",\"contentUrl\":\"https:\/\/shop.camac-harps.com\/wp-content\/uploads\/sites\/25\/2022\/09\/saccor-scaled.jpg\",\"width\":2560,\"height\":1920,\"caption\":\"Sac \u00e0 cordes de harpe\"},{\"@type\":\"BreadcrumbList\",\"@id\":\"https:\/\/shop.camac-harps.com\/fr\/produit\/sac-a-cordes-de-harpe\/#breadcrumb\",\"itemListElement\":[{\"@type\":\"ListItem\",\"position\":1,\"name\":\"Home\",\"item\":\"https:\/\/shop.camac-harps.com\/fr\/homepage\/\"},{\"@type\":\"ListItem\",\"position\":2,\"name\":\"Accueil\",\"item\":\"https:\/\/shop.camac-harps.com\/fr\/homepage\/\"},{\"@type\":\"ListItem\",\"position\":3,\"name\":\"Sac \u00e0 cordes de harpe\"}]},{\"@type\":\"WebSite\",\"@id\":\"https:\/\/shop.camac-harps.com\/fr\/#website\",\"url\":\"https:\/\/shop.camac-harps.com\/fr\/\",\"name\":\"Camac Harps Shop\",\"description\":\"\",\"potentialAction\":[{\"@type\":\"SearchAction\",\"target\":{\"@type\":\"EntryPoint\",\"urlTemplate\":\"https:\/\/shop.camac-harps.com\/fr\/?s={search_term_string}\"},\"query-input\":{\"@type\":\"PropertyValueSpecification\",\"valueRequired\":true,\"valueName\":\"search_term_string\"}}],\"inLanguage\":\"fr-FR\"}]}<\/script>","yoast_head_json":{"title":"Sac \u00e0 cordes de harpe | Boutique en ligne Camac","description":"Sac \u00e0 cordes de harpe pratique et l\u00e9ger, fabriqu\u00e9 sur mesure. Des poches int\u00e9rieures de la bonne taille pour chaque octave de cordes de harpe \u00e0 p\u00e9dales.","robots":{"index":"index","follow":"follow","max-snippet":"max-snippet:-1","max-image-preview":"max-image-preview:large","max-video-preview":"max-video-preview:-1"},"canonical":"https:\/\/shop.camac-harps.com\/fr\/produit\/sac-a-cordes-de-harpe\/","og_locale":"fr_FR","og_type":"article","og_title":"Sac \u00e0 cordes de harpe | Boutique en ligne Camac","og_description":"Sac \u00e0 cordes de harpe pratique et l\u00e9ger, fabriqu\u00e9 sur mesure. Des poches int\u00e9rieures de la bonne taille pour chaque octave de cordes de harpe \u00e0 p\u00e9dales.","og_url":"https:\/\/shop.camac-harps.com\/fr\/produit\/sac-a-cordes-de-harpe\/","og_site_name":"Camac Harps Shop","article_modified_time":"2025-12-17T13:11:53+00:00","og_image":[{"width":2560,"height":1920,"url":"https:\/\/shop.camac-harps.com\/wp-content\/uploads\/sites\/25\/2022\/09\/saccor-scaled.jpg","type":"image\/jpeg"}],"twitter_card":"summary_large_image","twitter_misc":{"Dur\u00e9e de lecture estim\u00e9e":"1 minute"},"schema":{"@context":"https:\/\/schema.org","@graph":[{"@type":"WebPage","@id":"https:\/\/shop.camac-harps.com\/fr\/produit\/sac-a-cordes-de-harpe\/","url":"https:\/\/shop.camac-harps.com\/fr\/produit\/sac-a-cordes-de-harpe\/","name":"Sac \u00e0 cordes de harpe | Boutique en ligne Camac","isPartOf":{"@id":"https:\/\/shop.camac-harps.com\/fr\/#website"},"primaryImageOfPage":{"@id":"https:\/\/shop.camac-harps.com\/fr\/produit\/sac-a-cordes-de-harpe\/#primaryimage"},"image":{"@id":"https:\/\/shop.camac-harps.com\/fr\/produit\/sac-a-cordes-de-harpe\/#primaryimage"},"thumbnailUrl":"https:\/\/shop.camac-harps.com\/wp-content\/uploads\/sites\/25\/2022\/09\/saccor-scaled.jpg","datePublished":"2022-09-29T07:29:50+00:00","dateModified":"2025-12-17T13:11:53+00:00","description":"Sac \u00e0 cordes de harpe pratique et l\u00e9ger, fabriqu\u00e9 sur mesure. Des poches int\u00e9rieures de la bonne taille pour chaque octave de cordes de harpe \u00e0 p\u00e9dales.","breadcrumb":{"@id":"https:\/\/shop.camac-harps.com\/fr\/produit\/sac-a-cordes-de-harpe\/#breadcrumb"},"inLanguage":"fr-FR","potentialAction":[{"@type":"ReadAction","target":["https:\/\/shop.camac-harps.com\/fr\/produit\/sac-a-cordes-de-harpe\/"]}]},{"@type":"ImageObject","inLanguage":"fr-FR","@id":"https:\/\/shop.camac-harps.com\/fr\/produit\/sac-a-cordes-de-harpe\/#primaryimage","url":"https:\/\/shop.camac-harps.com\/wp-content\/uploads\/sites\/25\/2022\/09\/saccor-scaled.jpg","contentUrl":"https:\/\/shop.camac-harps.com\/wp-content\/uploads\/sites\/25\/2022\/09\/saccor-scaled.jpg","width":2560,"height":1920,"caption":"Sac \u00e0 cordes de harpe"},{"@type":"BreadcrumbList","@id":"https:\/\/shop.camac-harps.com\/fr\/produit\/sac-a-cordes-de-harpe\/#breadcrumb","itemListElement":[{"@type":"ListItem","position":1,"name":"Home","item":"https:\/\/shop.camac-harps.com\/fr\/homepage\/"},{"@type":"ListItem","position":2,"name":"Accueil","item":"https:\/\/shop.camac-harps.com\/fr\/homepage\/"},{"@type":"ListItem","position":3,"name":"Sac \u00e0 cordes de harpe"}]},{"@type":"WebSite","@id":"https:\/\/shop.camac-harps.com\/fr\/#website","url":"https:\/\/shop.camac-harps.com\/fr\/","name":"Camac Harps Shop","description":"","potentialAction":[{"@type":"SearchAction","target":{"@type":"EntryPoint","urlTemplate":"https:\/\/shop.camac-harps.com\/fr\/?s={search_term_string}"},"query-input":{"@type":"PropertyValueSpecification","valueRequired":true,"valueName":"search_term_string"}}],"inLanguage":"fr-FR"}]}},"_links":{"self":[{"href":"https:\/\/shop.camac-harps.com\/fr\/wp-json\/wp\/v2\/product\/48694","targetHints":{"allow":["GET"]}}],"collection":[{"href":"https:\/\/shop.camac-harps.com\/fr\/wp-json\/wp\/v2\/product"}],"about":[{"href":"https:\/\/shop.camac-harps.com\/fr\/wp-json\/wp\/v2\/types\/product"}],"replies":[{"embeddable":true,"href":"https:\/\/shop.camac-harps.com\/fr\/wp-json\/wp\/v2\/comments?post=48694"}],"wp:featuredmedia":[{"embeddable":true,"href":"https:\/\/shop.camac-harps.com\/fr\/wp-json\/wp\/v2\/media\/48701"}],"wp:attachment":[{"href":"https:\/\/shop.camac-harps.com\/fr\/wp-json\/wp\/v2\/media?parent=48694"}],"wp:term":[{"taxonomy":"product_brand","embeddable":true,"href":"https:\/\/shop.camac-harps.com\/fr\/wp-json\/wp\/v2\/product_brand?post=48694"},{"taxonomy":"product_cat","embeddable":true,"href":"https:\/\/shop.camac-harps.com\/fr\/wp-json\/wp\/v2\/product_cat?post=48694"},{"taxonomy":"product_tag","embeddable":true,"href":"https:\/\/shop.camac-harps.com\/fr\/wp-json\/wp\/v2\/product_tag?post=48694"}],"curies":[{"name":"wp","href":"https:\/\/api.w.org\/{rel}","templated":true}]}}