{"id":49128,"date":"2022-10-12T09:35:17","date_gmt":"2022-10-12T09:35:17","guid":{"rendered":"https:\/\/shop.camac-harps.com\/?post_type=product&#038;p=49128"},"modified":"2024-11-07T15:01:34","modified_gmt":"2024-11-07T15:01:34","slug":"grela-fedkowicz-agnieszka-images-from-cracow","status":"publish","type":"product","link":"https:\/\/shop.camac-harps.com\/fr\/produit\/grela-fedkowicz-agnieszka-images-from-cracow\/","title":{"rendered":"GRELA-FEDKOWICZ Agnieszka : Images from Cracow"},"content":{"rendered":"","protected":false},"excerpt":{"rendered":"","protected":false},"featured_media":49129,"comment_status":"open","ping_status":"closed","template":"","meta":{"_acf_changed":false},"product_brand":[],"product_cat":[108,33,45],"product_tag":[],"class_list":{"0":"post-49128","1":"product","2":"type-product","3":"status-publish","4":"has-post-thumbnail","6":"product_cat-musique-harpe-celtique","7":"product_cat-partitions-pour-harpe","8":"product_cat-solos-harpe-a-pedales","10":"first","11":"instock","12":"taxable","13":"shipping-taxable","14":"purchasable","15":"product-type-simple"},"acf":[],"yoast_head":"<title>GRELA-FEDKOWICZ Agnieszka : Images from Cracow<\/title>\n<meta name=\"description\" content=\"De charmantes compositions pour les enfants et les d\u00e9butants, adapt\u00e9es \u00e0 la harpe \u00e0 p\u00e9dales ou \u00e0 la harpe celtique. Disponible sur la boutique en ligne Camac.\" \/>\n<meta name=\"robots\" content=\"index, follow, max-snippet:-1, max-image-preview:large, max-video-preview:-1\" \/>\n<link rel=\"canonical\" href=\"https:\/\/shop.camac-harps.com\/fr\/produit\/grela-fedkowicz-agnieszka-images-from-cracow\/\" \/>\n<meta property=\"og:locale\" content=\"fr_FR\" \/>\n<meta property=\"og:type\" content=\"article\" \/>\n<meta property=\"og:title\" content=\"GRELA-FEDKOWICZ Agnieszka : Images from Cracow\" \/>\n<meta property=\"og:description\" content=\"De charmantes compositions pour les enfants et les d\u00e9butants, adapt\u00e9es \u00e0 la harpe \u00e0 p\u00e9dales ou \u00e0 la harpe celtique. Disponible sur la boutique en ligne Camac.\" \/>\n<meta property=\"og:url\" content=\"https:\/\/shop.camac-harps.com\/fr\/produit\/grela-fedkowicz-agnieszka-images-from-cracow\/\" \/>\n<meta property=\"og:site_name\" content=\"Camac Harps Shop\" \/>\n<meta property=\"article:modified_time\" content=\"2024-11-07T15:01:34+00:00\" \/>\n<meta property=\"og:image\" content=\"https:\/\/shop.camac-harps.com\/wp-content\/uploads\/sites\/25\/2022\/10\/gza01.jpg\" \/>\n\t<meta property=\"og:image:width\" content=\"590\" \/>\n\t<meta property=\"og:image:height\" content=\"834\" \/>\n\t<meta property=\"og:image:type\" content=\"image\/jpeg\" \/>\n<meta name=\"twitter:card\" content=\"summary_large_image\" \/>\n<script type=\"application\/ld+json\" class=\"yoast-schema-graph\">{\"@context\":\"https:\/\/schema.org\",\"@graph\":[{\"@type\":\"WebPage\",\"@id\":\"https:\/\/shop.camac-harps.com\/fr\/produit\/grela-fedkowicz-agnieszka-images-from-cracow\/\",\"url\":\"https:\/\/shop.camac-harps.com\/fr\/produit\/grela-fedkowicz-agnieszka-images-from-cracow\/\",\"name\":\"GRELA-FEDKOWICZ Agnieszka : Images from Cracow\",\"isPartOf\":{\"@id\":\"https:\/\/shop.camac-harps.com\/fr\/#website\"},\"primaryImageOfPage\":{\"@id\":\"https:\/\/shop.camac-harps.com\/fr\/produit\/grela-fedkowicz-agnieszka-images-from-cracow\/#primaryimage\"},\"image\":{\"@id\":\"https:\/\/shop.camac-harps.com\/fr\/produit\/grela-fedkowicz-agnieszka-images-from-cracow\/#primaryimage\"},\"thumbnailUrl\":\"https:\/\/shop.camac-harps.com\/wp-content\/uploads\/sites\/25\/2022\/10\/gza01.jpg\",\"datePublished\":\"2022-10-12T09:35:17+00:00\",\"dateModified\":\"2024-11-07T15:01:34+00:00\",\"description\":\"De charmantes compositions pour les enfants et les d\u00e9butants, adapt\u00e9es \u00e0 la harpe \u00e0 p\u00e9dales ou \u00e0 la harpe celtique. Disponible sur la boutique en ligne Camac.\",\"breadcrumb\":{\"@id\":\"https:\/\/shop.camac-harps.com\/fr\/produit\/grela-fedkowicz-agnieszka-images-from-cracow\/#breadcrumb\"},\"inLanguage\":\"fr-FR\",\"potentialAction\":[{\"@type\":\"ReadAction\",\"target\":[\"https:\/\/shop.camac-harps.com\/fr\/produit\/grela-fedkowicz-agnieszka-images-from-cracow\/\"]}]},{\"@type\":\"ImageObject\",\"inLanguage\":\"fr-FR\",\"@id\":\"https:\/\/shop.camac-harps.com\/fr\/produit\/grela-fedkowicz-agnieszka-images-from-cracow\/#primaryimage\",\"url\":\"https:\/\/shop.camac-harps.com\/wp-content\/uploads\/sites\/25\/2022\/10\/gza01.jpg\",\"contentUrl\":\"https:\/\/shop.camac-harps.com\/wp-content\/uploads\/sites\/25\/2022\/10\/gza01.jpg\",\"width\":590,\"height\":834,\"caption\":\"GRELA-FEDKOWICZ Agnieszka : Images from Cracow\"},{\"@type\":\"BreadcrumbList\",\"@id\":\"https:\/\/shop.camac-harps.com\/fr\/produit\/grela-fedkowicz-agnieszka-images-from-cracow\/#breadcrumb\",\"itemListElement\":[{\"@type\":\"ListItem\",\"position\":1,\"name\":\"Home\",\"item\":\"https:\/\/shop.camac-harps.com\/fr\/homepage\/\"},{\"@type\":\"ListItem\",\"position\":2,\"name\":\"Accueil\",\"item\":\"https:\/\/shop.camac-harps.com\/fr\/homepage\/\"},{\"@type\":\"ListItem\",\"position\":3,\"name\":\"GRELA-FEDKOWICZ Agnieszka : Images from Cracow\"}]},{\"@type\":\"WebSite\",\"@id\":\"https:\/\/shop.camac-harps.com\/fr\/#website\",\"url\":\"https:\/\/shop.camac-harps.com\/fr\/\",\"name\":\"Camac Harps Shop\",\"description\":\"\",\"potentialAction\":[{\"@type\":\"SearchAction\",\"target\":{\"@type\":\"EntryPoint\",\"urlTemplate\":\"https:\/\/shop.camac-harps.com\/fr\/?s={search_term_string}\"},\"query-input\":{\"@type\":\"PropertyValueSpecification\",\"valueRequired\":true,\"valueName\":\"search_term_string\"}}],\"inLanguage\":\"fr-FR\"}]}<\/script>","yoast_head_json":{"title":"GRELA-FEDKOWICZ Agnieszka : Images from Cracow","description":"De charmantes compositions pour les enfants et les d\u00e9butants, adapt\u00e9es \u00e0 la harpe \u00e0 p\u00e9dales ou \u00e0 la harpe celtique. Disponible sur la boutique en ligne Camac.","robots":{"index":"index","follow":"follow","max-snippet":"max-snippet:-1","max-image-preview":"max-image-preview:large","max-video-preview":"max-video-preview:-1"},"canonical":"https:\/\/shop.camac-harps.com\/fr\/produit\/grela-fedkowicz-agnieszka-images-from-cracow\/","og_locale":"fr_FR","og_type":"article","og_title":"GRELA-FEDKOWICZ Agnieszka : Images from Cracow","og_description":"De charmantes compositions pour les enfants et les d\u00e9butants, adapt\u00e9es \u00e0 la harpe \u00e0 p\u00e9dales ou \u00e0 la harpe celtique. Disponible sur la boutique en ligne Camac.","og_url":"https:\/\/shop.camac-harps.com\/fr\/produit\/grela-fedkowicz-agnieszka-images-from-cracow\/","og_site_name":"Camac Harps Shop","article_modified_time":"2024-11-07T15:01:34+00:00","og_image":[{"width":590,"height":834,"url":"https:\/\/shop.camac-harps.com\/wp-content\/uploads\/sites\/25\/2022\/10\/gza01.jpg","type":"image\/jpeg"}],"twitter_card":"summary_large_image","schema":{"@context":"https:\/\/schema.org","@graph":[{"@type":"WebPage","@id":"https:\/\/shop.camac-harps.com\/fr\/produit\/grela-fedkowicz-agnieszka-images-from-cracow\/","url":"https:\/\/shop.camac-harps.com\/fr\/produit\/grela-fedkowicz-agnieszka-images-from-cracow\/","name":"GRELA-FEDKOWICZ Agnieszka : Images from Cracow","isPartOf":{"@id":"https:\/\/shop.camac-harps.com\/fr\/#website"},"primaryImageOfPage":{"@id":"https:\/\/shop.camac-harps.com\/fr\/produit\/grela-fedkowicz-agnieszka-images-from-cracow\/#primaryimage"},"image":{"@id":"https:\/\/shop.camac-harps.com\/fr\/produit\/grela-fedkowicz-agnieszka-images-from-cracow\/#primaryimage"},"thumbnailUrl":"https:\/\/shop.camac-harps.com\/wp-content\/uploads\/sites\/25\/2022\/10\/gza01.jpg","datePublished":"2022-10-12T09:35:17+00:00","dateModified":"2024-11-07T15:01:34+00:00","description":"De charmantes compositions pour les enfants et les d\u00e9butants, adapt\u00e9es \u00e0 la harpe \u00e0 p\u00e9dales ou \u00e0 la harpe celtique. Disponible sur la boutique en ligne Camac.","breadcrumb":{"@id":"https:\/\/shop.camac-harps.com\/fr\/produit\/grela-fedkowicz-agnieszka-images-from-cracow\/#breadcrumb"},"inLanguage":"fr-FR","potentialAction":[{"@type":"ReadAction","target":["https:\/\/shop.camac-harps.com\/fr\/produit\/grela-fedkowicz-agnieszka-images-from-cracow\/"]}]},{"@type":"ImageObject","inLanguage":"fr-FR","@id":"https:\/\/shop.camac-harps.com\/fr\/produit\/grela-fedkowicz-agnieszka-images-from-cracow\/#primaryimage","url":"https:\/\/shop.camac-harps.com\/wp-content\/uploads\/sites\/25\/2022\/10\/gza01.jpg","contentUrl":"https:\/\/shop.camac-harps.com\/wp-content\/uploads\/sites\/25\/2022\/10\/gza01.jpg","width":590,"height":834,"caption":"GRELA-FEDKOWICZ Agnieszka : Images from Cracow"},{"@type":"BreadcrumbList","@id":"https:\/\/shop.camac-harps.com\/fr\/produit\/grela-fedkowicz-agnieszka-images-from-cracow\/#breadcrumb","itemListElement":[{"@type":"ListItem","position":1,"name":"Home","item":"https:\/\/shop.camac-harps.com\/fr\/homepage\/"},{"@type":"ListItem","position":2,"name":"Accueil","item":"https:\/\/shop.camac-harps.com\/fr\/homepage\/"},{"@type":"ListItem","position":3,"name":"GRELA-FEDKOWICZ Agnieszka : Images from Cracow"}]},{"@type":"WebSite","@id":"https:\/\/shop.camac-harps.com\/fr\/#website","url":"https:\/\/shop.camac-harps.com\/fr\/","name":"Camac Harps Shop","description":"","potentialAction":[{"@type":"SearchAction","target":{"@type":"EntryPoint","urlTemplate":"https:\/\/shop.camac-harps.com\/fr\/?s={search_term_string}"},"query-input":{"@type":"PropertyValueSpecification","valueRequired":true,"valueName":"search_term_string"}}],"inLanguage":"fr-FR"}]}},"_links":{"self":[{"href":"https:\/\/shop.camac-harps.com\/fr\/wp-json\/wp\/v2\/product\/49128","targetHints":{"allow":["GET"]}}],"collection":[{"href":"https:\/\/shop.camac-harps.com\/fr\/wp-json\/wp\/v2\/product"}],"about":[{"href":"https:\/\/shop.camac-harps.com\/fr\/wp-json\/wp\/v2\/types\/product"}],"replies":[{"embeddable":true,"href":"https:\/\/shop.camac-harps.com\/fr\/wp-json\/wp\/v2\/comments?post=49128"}],"wp:featuredmedia":[{"embeddable":true,"href":"https:\/\/shop.camac-harps.com\/fr\/wp-json\/wp\/v2\/media\/49129"}],"wp:attachment":[{"href":"https:\/\/shop.camac-harps.com\/fr\/wp-json\/wp\/v2\/media?parent=49128"}],"wp:term":[{"taxonomy":"product_brand","embeddable":true,"href":"https:\/\/shop.camac-harps.com\/fr\/wp-json\/wp\/v2\/product_brand?post=49128"},{"taxonomy":"product_cat","embeddable":true,"href":"https:\/\/shop.camac-harps.com\/fr\/wp-json\/wp\/v2\/product_cat?post=49128"},{"taxonomy":"product_tag","embeddable":true,"href":"https:\/\/shop.camac-harps.com\/fr\/wp-json\/wp\/v2\/product_tag?post=49128"}],"curies":[{"name":"wp","href":"https:\/\/api.w.org\/{rel}","templated":true}]}}