{"id":49749,"date":"2022-10-28T15:42:20","date_gmt":"2022-10-28T15:42:20","guid":{"rendered":"https:\/\/shop.camac-harps.com\/?post_type=product&#038;p=49749"},"modified":"2024-07-17T15:09:50","modified_gmt":"2024-07-17T15:09:50","slug":"rider-alexander-fresque-marine","status":"publish","type":"product","link":"https:\/\/shop.camac-harps.com\/fr\/produit\/rider-alexander-fresque-marine\/","title":{"rendered":"RIDER Alexander : Fresque Marine"},"content":{"rendered":"<p style=\"text-align: justify;\">Programme exceptionnel de r\u00e9pertoire fran\u00e7ais du 19\u00e8me et du d\u00e9but du 20\u00e8me si\u00e8cle. Interpr\u00e9t\u00e9 par Alex Rider sur sa harpe Erard.<\/p>\n<p style=\"text-align: justify;\"><a href=\"https:\/\/shop.camac-harps.com\/wp-content\/uploads\/sites\/25\/2022\/10\/alex-fresque-marine.jpg\"><img loading=\"lazy\" decoding=\"async\" class=\"alignleft size-medium wp-image-49758\" src=\"https:\/\/shop.camac-harps.com\/wp-content\/uploads\/sites\/25\/2022\/10\/alex-fresque-marine-300x300.jpg\" alt=\"Alex Rider au festival Camac 2022\" width=\"300\" height=\"300\" srcset=\"https:\/\/shop.camac-harps.com\/wp-content\/uploads\/sites\/25\/2022\/10\/alex-fresque-marine-300x300.jpg 300w, https:\/\/shop.camac-harps.com\/wp-content\/uploads\/sites\/25\/2022\/10\/alex-fresque-marine-1024x1024.jpg 1024w, https:\/\/shop.camac-harps.com\/wp-content\/uploads\/sites\/25\/2022\/10\/alex-fresque-marine-150x150.jpg 150w, https:\/\/shop.camac-harps.com\/wp-content\/uploads\/sites\/25\/2022\/10\/alex-fresque-marine-768x768.jpg 768w, https:\/\/shop.camac-harps.com\/wp-content\/uploads\/sites\/25\/2022\/10\/alex-fresque-marine-1536x1536.jpg 1536w, https:\/\/shop.camac-harps.com\/wp-content\/uploads\/sites\/25\/2022\/10\/alex-fresque-marine-324x324.jpg 324w, https:\/\/shop.camac-harps.com\/wp-content\/uploads\/sites\/25\/2022\/10\/alex-fresque-marine-416x416.jpg 416w, https:\/\/shop.camac-harps.com\/wp-content\/uploads\/sites\/25\/2022\/10\/alex-fresque-marine-100x100.jpg 100w, https:\/\/shop.camac-harps.com\/wp-content\/uploads\/sites\/25\/2022\/10\/alex-fresque-marine.jpg 2048w\" sizes=\"auto, (max-width: 300px) 100vw, 300px\" \/><\/a>Photo : Alex interpr\u00e8te la musique de son album lors du <a href=\"https:\/\/www.camac-harps.com\/blog\/fr\/actualites\/le-festival-du-50e-anniversaire-des-harpes-camac-a-paris\/\">Festival Camac 2022<\/a>. La harpe Erard sur laquelle Alex joue sur les photos est la harpe de <a href=\"https:\/\/fr.wikipedia.org\/wiki\/Micheline_Kahn_(harpiste)\">Micheline Kahn<\/a>, et celle \u00e0 c\u00f4t\u00e9 de lui est l&rsquo;Erard Empire n\u00b03969, dont les bronzes ont \u00e9t\u00e9 r\u00e9produits pour notre <a href=\"https:\/\/www.camac-harps.com\/fr\/harps-fr\/pedal-fr\/elysee-2\/\">mod\u00e8le \u00c9lys\u00e9e<\/a>. C&rsquo;\u00e9tait aussi la harpe de Ghislaine de Winter, l&rsquo;\u00e9pouse de <a href=\"https:\/\/fr.wikipedia.org\/wiki\/Pierick_Houdy\">Pierick Houdy<\/a>. Les deux harpes font partie de la <a href=\"https:\/\/www.camac-harps.com\/blog\/fr\/actualites\/camas-collection-ancenis\/\">collection priv\u00e9e d&rsquo;instruments historiques<\/a> de Camac.\u00a0<\/p>\n","protected":false},"excerpt":{"rendered":"<p>Programme exceptionnel de r\u00e9pertoire fran\u00e7ais du 19\u00e8me et du d\u00e9but du 20\u00e8me si\u00e8cle. Interpr\u00e9t\u00e9 par Alex Rider sur sa harpe Erard. Photo : Alex interpr\u00e8te la musique de son album lors du Festival Camac 2022. La harpe Erard sur laquelle Alex joue sur les photos est la harpe de Micheline Kahn, et celle \u00e0 c\u00f4t\u00e9 [&hellip;]<\/p>\n","protected":false},"featured_media":49750,"comment_status":"open","ping_status":"closed","template":"","meta":{"_acf_changed":false},"product_brand":[],"product_cat":[366,96],"product_tag":[],"class_list":{"0":"post-49749","1":"product","2":"type-product","3":"status-publish","4":"has-post-thumbnail","6":"product_cat-cd","7":"product_cat-cd-dvd-fr","9":"first","10":"instock","11":"taxable","12":"shipping-taxable","13":"purchasable","14":"product-type-simple"},"acf":[],"yoast_head":"<title>RIDER Alexander : Fresque Marine | Boutique en ligne Camac<\/title>\n<meta name=\"description\" content=\"Programme exceptionnel de r\u00e9pertoire fran\u00e7ais rare du 19e et du d\u00e9but du 20e si\u00e8cle. Interpr\u00e9t\u00e9 par Alex Rider sur sa harpe Erard.\" \/>\n<meta name=\"robots\" content=\"index, follow, max-snippet:-1, max-image-preview:large, max-video-preview:-1\" \/>\n<link rel=\"canonical\" href=\"https:\/\/shop.camac-harps.com\/fr\/produit\/rider-alexander-fresque-marine\/\" \/>\n<meta property=\"og:locale\" content=\"fr_FR\" \/>\n<meta property=\"og:type\" content=\"article\" \/>\n<meta property=\"og:title\" content=\"RIDER Alexander : Fresque Marine | Boutique en ligne Camac\" \/>\n<meta property=\"og:description\" content=\"Programme exceptionnel de r\u00e9pertoire fran\u00e7ais rare du 19e et du d\u00e9but du 20e si\u00e8cle. Interpr\u00e9t\u00e9 par Alex Rider sur sa harpe Erard.\" \/>\n<meta property=\"og:url\" content=\"https:\/\/shop.camac-harps.com\/fr\/produit\/rider-alexander-fresque-marine\/\" \/>\n<meta property=\"og:site_name\" content=\"Camac Harps Shop\" \/>\n<meta property=\"article:modified_time\" content=\"2024-07-17T15:09:50+00:00\" \/>\n<meta property=\"og:image\" content=\"https:\/\/shop.camac-harps.com\/wp-content\/uploads\/sites\/25\/2022\/10\/cdrra01.jpg\" \/>\n\t<meta property=\"og:image:width\" content=\"640\" \/>\n\t<meta property=\"og:image:height\" content=\"640\" \/>\n\t<meta property=\"og:image:type\" content=\"image\/jpeg\" \/>\n<meta name=\"twitter:card\" content=\"summary_large_image\" \/>\n<meta name=\"twitter:label1\" content=\"Dur\u00e9e de lecture estim\u00e9e\" \/>\n\t<meta name=\"twitter:data1\" content=\"1 minute\" \/>\n<script type=\"application\/ld+json\" class=\"yoast-schema-graph\">{\"@context\":\"https:\/\/schema.org\",\"@graph\":[{\"@type\":\"WebPage\",\"@id\":\"https:\/\/shop.camac-harps.com\/fr\/produit\/rider-alexander-fresque-marine\/\",\"url\":\"https:\/\/shop.camac-harps.com\/fr\/produit\/rider-alexander-fresque-marine\/\",\"name\":\"RIDER Alexander : Fresque Marine | Boutique en ligne Camac\",\"isPartOf\":{\"@id\":\"https:\/\/shop.camac-harps.com\/fr\/#website\"},\"primaryImageOfPage\":{\"@id\":\"https:\/\/shop.camac-harps.com\/fr\/produit\/rider-alexander-fresque-marine\/#primaryimage\"},\"image\":{\"@id\":\"https:\/\/shop.camac-harps.com\/fr\/produit\/rider-alexander-fresque-marine\/#primaryimage\"},\"thumbnailUrl\":\"https:\/\/shop.camac-harps.com\/wp-content\/uploads\/sites\/25\/2022\/10\/cdrra01.jpg\",\"datePublished\":\"2022-10-28T15:42:20+00:00\",\"dateModified\":\"2024-07-17T15:09:50+00:00\",\"description\":\"Programme exceptionnel de r\u00e9pertoire fran\u00e7ais rare du 19e et du d\u00e9but du 20e si\u00e8cle. Interpr\u00e9t\u00e9 par Alex Rider sur sa harpe Erard.\",\"breadcrumb\":{\"@id\":\"https:\/\/shop.camac-harps.com\/fr\/produit\/rider-alexander-fresque-marine\/#breadcrumb\"},\"inLanguage\":\"fr-FR\",\"potentialAction\":[{\"@type\":\"ReadAction\",\"target\":[\"https:\/\/shop.camac-harps.com\/fr\/produit\/rider-alexander-fresque-marine\/\"]}]},{\"@type\":\"ImageObject\",\"inLanguage\":\"fr-FR\",\"@id\":\"https:\/\/shop.camac-harps.com\/fr\/produit\/rider-alexander-fresque-marine\/#primaryimage\",\"url\":\"https:\/\/shop.camac-harps.com\/wp-content\/uploads\/sites\/25\/2022\/10\/cdrra01.jpg\",\"contentUrl\":\"https:\/\/shop.camac-harps.com\/wp-content\/uploads\/sites\/25\/2022\/10\/cdrra01.jpg\",\"width\":640,\"height\":640,\"caption\":\"RIDER Alexander : Fresque Marine\"},{\"@type\":\"BreadcrumbList\",\"@id\":\"https:\/\/shop.camac-harps.com\/fr\/produit\/rider-alexander-fresque-marine\/#breadcrumb\",\"itemListElement\":[{\"@type\":\"ListItem\",\"position\":1,\"name\":\"Home\",\"item\":\"https:\/\/shop.camac-harps.com\/fr\/homepage\/\"},{\"@type\":\"ListItem\",\"position\":2,\"name\":\"Accueil\",\"item\":\"https:\/\/shop.camac-harps.com\/fr\/homepage\/\"},{\"@type\":\"ListItem\",\"position\":3,\"name\":\"RIDER Alexander : Fresque Marine\"}]},{\"@type\":\"WebSite\",\"@id\":\"https:\/\/shop.camac-harps.com\/fr\/#website\",\"url\":\"https:\/\/shop.camac-harps.com\/fr\/\",\"name\":\"Camac Harps Shop\",\"description\":\"\",\"potentialAction\":[{\"@type\":\"SearchAction\",\"target\":{\"@type\":\"EntryPoint\",\"urlTemplate\":\"https:\/\/shop.camac-harps.com\/fr\/?s={search_term_string}\"},\"query-input\":{\"@type\":\"PropertyValueSpecification\",\"valueRequired\":true,\"valueName\":\"search_term_string\"}}],\"inLanguage\":\"fr-FR\"}]}<\/script>","yoast_head_json":{"title":"RIDER Alexander : Fresque Marine | Boutique en ligne Camac","description":"Programme exceptionnel de r\u00e9pertoire fran\u00e7ais rare du 19e et du d\u00e9but du 20e si\u00e8cle. Interpr\u00e9t\u00e9 par Alex Rider sur sa harpe Erard.","robots":{"index":"index","follow":"follow","max-snippet":"max-snippet:-1","max-image-preview":"max-image-preview:large","max-video-preview":"max-video-preview:-1"},"canonical":"https:\/\/shop.camac-harps.com\/fr\/produit\/rider-alexander-fresque-marine\/","og_locale":"fr_FR","og_type":"article","og_title":"RIDER Alexander : Fresque Marine | Boutique en ligne Camac","og_description":"Programme exceptionnel de r\u00e9pertoire fran\u00e7ais rare du 19e et du d\u00e9but du 20e si\u00e8cle. Interpr\u00e9t\u00e9 par Alex Rider sur sa harpe Erard.","og_url":"https:\/\/shop.camac-harps.com\/fr\/produit\/rider-alexander-fresque-marine\/","og_site_name":"Camac Harps Shop","article_modified_time":"2024-07-17T15:09:50+00:00","og_image":[{"width":640,"height":640,"url":"https:\/\/shop.camac-harps.com\/wp-content\/uploads\/sites\/25\/2022\/10\/cdrra01.jpg","type":"image\/jpeg"}],"twitter_card":"summary_large_image","twitter_misc":{"Dur\u00e9e de lecture estim\u00e9e":"1 minute"},"schema":{"@context":"https:\/\/schema.org","@graph":[{"@type":"WebPage","@id":"https:\/\/shop.camac-harps.com\/fr\/produit\/rider-alexander-fresque-marine\/","url":"https:\/\/shop.camac-harps.com\/fr\/produit\/rider-alexander-fresque-marine\/","name":"RIDER Alexander : Fresque Marine | Boutique en ligne Camac","isPartOf":{"@id":"https:\/\/shop.camac-harps.com\/fr\/#website"},"primaryImageOfPage":{"@id":"https:\/\/shop.camac-harps.com\/fr\/produit\/rider-alexander-fresque-marine\/#primaryimage"},"image":{"@id":"https:\/\/shop.camac-harps.com\/fr\/produit\/rider-alexander-fresque-marine\/#primaryimage"},"thumbnailUrl":"https:\/\/shop.camac-harps.com\/wp-content\/uploads\/sites\/25\/2022\/10\/cdrra01.jpg","datePublished":"2022-10-28T15:42:20+00:00","dateModified":"2024-07-17T15:09:50+00:00","description":"Programme exceptionnel de r\u00e9pertoire fran\u00e7ais rare du 19e et du d\u00e9but du 20e si\u00e8cle. Interpr\u00e9t\u00e9 par Alex Rider sur sa harpe Erard.","breadcrumb":{"@id":"https:\/\/shop.camac-harps.com\/fr\/produit\/rider-alexander-fresque-marine\/#breadcrumb"},"inLanguage":"fr-FR","potentialAction":[{"@type":"ReadAction","target":["https:\/\/shop.camac-harps.com\/fr\/produit\/rider-alexander-fresque-marine\/"]}]},{"@type":"ImageObject","inLanguage":"fr-FR","@id":"https:\/\/shop.camac-harps.com\/fr\/produit\/rider-alexander-fresque-marine\/#primaryimage","url":"https:\/\/shop.camac-harps.com\/wp-content\/uploads\/sites\/25\/2022\/10\/cdrra01.jpg","contentUrl":"https:\/\/shop.camac-harps.com\/wp-content\/uploads\/sites\/25\/2022\/10\/cdrra01.jpg","width":640,"height":640,"caption":"RIDER Alexander : Fresque Marine"},{"@type":"BreadcrumbList","@id":"https:\/\/shop.camac-harps.com\/fr\/produit\/rider-alexander-fresque-marine\/#breadcrumb","itemListElement":[{"@type":"ListItem","position":1,"name":"Home","item":"https:\/\/shop.camac-harps.com\/fr\/homepage\/"},{"@type":"ListItem","position":2,"name":"Accueil","item":"https:\/\/shop.camac-harps.com\/fr\/homepage\/"},{"@type":"ListItem","position":3,"name":"RIDER Alexander : Fresque Marine"}]},{"@type":"WebSite","@id":"https:\/\/shop.camac-harps.com\/fr\/#website","url":"https:\/\/shop.camac-harps.com\/fr\/","name":"Camac Harps Shop","description":"","potentialAction":[{"@type":"SearchAction","target":{"@type":"EntryPoint","urlTemplate":"https:\/\/shop.camac-harps.com\/fr\/?s={search_term_string}"},"query-input":{"@type":"PropertyValueSpecification","valueRequired":true,"valueName":"search_term_string"}}],"inLanguage":"fr-FR"}]}},"_links":{"self":[{"href":"https:\/\/shop.camac-harps.com\/fr\/wp-json\/wp\/v2\/product\/49749","targetHints":{"allow":["GET"]}}],"collection":[{"href":"https:\/\/shop.camac-harps.com\/fr\/wp-json\/wp\/v2\/product"}],"about":[{"href":"https:\/\/shop.camac-harps.com\/fr\/wp-json\/wp\/v2\/types\/product"}],"replies":[{"embeddable":true,"href":"https:\/\/shop.camac-harps.com\/fr\/wp-json\/wp\/v2\/comments?post=49749"}],"wp:featuredmedia":[{"embeddable":true,"href":"https:\/\/shop.camac-harps.com\/fr\/wp-json\/wp\/v2\/media\/49750"}],"wp:attachment":[{"href":"https:\/\/shop.camac-harps.com\/fr\/wp-json\/wp\/v2\/media?parent=49749"}],"wp:term":[{"taxonomy":"product_brand","embeddable":true,"href":"https:\/\/shop.camac-harps.com\/fr\/wp-json\/wp\/v2\/product_brand?post=49749"},{"taxonomy":"product_cat","embeddable":true,"href":"https:\/\/shop.camac-harps.com\/fr\/wp-json\/wp\/v2\/product_cat?post=49749"},{"taxonomy":"product_tag","embeddable":true,"href":"https:\/\/shop.camac-harps.com\/fr\/wp-json\/wp\/v2\/product_tag?post=49749"}],"curies":[{"name":"wp","href":"https:\/\/api.w.org\/{rel}","templated":true}]}}