{"id":50891,"date":"2022-11-29T11:59:30","date_gmt":"2022-11-29T11:59:30","guid":{"rendered":"https:\/\/shop.camac-harps.com\/?post_type=product&#038;p=50891"},"modified":"2025-01-17T15:55:20","modified_gmt":"2025-01-17T15:55:20","slug":"mazzucchi-de-curtis-torna-a-surriento-arrangement-de-saori-mouri-version-telechargeable","status":"publish","type":"product","link":"https:\/\/shop.camac-harps.com\/fr\/produit\/mazzucchi-de-curtis-torna-a-surriento-arrangement-de-saori-mouri-version-telechargeable\/","title":{"rendered":"MAZZUCCHI \/ De CURTIS : Torna a Surriento, arrangement de Saori Mouri &#8211; version t\u00e9l\u00e9chargeable"},"content":{"rendered":"","protected":false},"excerpt":{"rendered":"[audio mp3=\"https:\/\/shop.camac-harps.com\/wp-content\/uploads\/sites\/25\/2022\/11\/mis94pdf.mp3\"][\/audio]\n","protected":false},"featured_media":50895,"comment_status":"open","ping_status":"closed","template":"","meta":{"_acf_changed":false},"product_brand":[],"product_cat":[547,836,571,848,583,105,108,832,553,33,597,850],"product_tag":[],"class_list":{"0":"post-50891","1":"product","2":"type-product","3":"status-publish","4":"has-post-thumbnail","6":"product_cat-boutique-en-ligne-odyssee","7":"product_cat-collection-odyssee-pour-harpe-avec-leviers-fr","8":"product_cat-collection-odyssee-pour-harpe-avec-leviers","9":"product_cat-collection-odyssee-pour-harpe-avec-leviers-niveau-avance-fr","10":"product_cat-collection-odyssee-pour-harpe-avec-leviers-niveau-avance","11":"product_cat-musique-harpe-troubadour-bardic","12":"product_cat-musique-harpe-celtique","13":"product_cat-musique_pour_harpe_a_27_cordes","14":"product_cat-partitions-collection-odyssee","15":"product_cat-partitions-pour-harpe","16":"product_cat-collection-odyssee-sans-leviers-niveau-avance-partitions-telechargeables","17":"product_cat-partitions-telechargeables-fr-3","19":"first","20":"instock","21":"downloadable","22":"virtual","23":"taxable","24":"purchasable","25":"product-type-simple"},"acf":[],"yoast_head":"<title>Torna a Surriento pour petite harpe | Collection Odyss\u00e9e<\/title>\n<meta name=\"description\" content=\"Arrangement de Saori Mouri pour petite harpe \u00e0 27 cordes avec leviers. Disponible en t\u00e9l\u00e9chargement sur la boutique en ligne des harpes Camac.\" \/>\n<meta name=\"robots\" content=\"index, follow, max-snippet:-1, max-image-preview:large, max-video-preview:-1\" \/>\n<link rel=\"canonical\" href=\"https:\/\/shop.camac-harps.com\/fr\/produit\/mazzucchi-de-curtis-torna-a-surriento-arrangement-de-saori-mouri-version-telechargeable\/\" \/>\n<meta property=\"og:locale\" content=\"fr_FR\" \/>\n<meta property=\"og:type\" content=\"article\" \/>\n<meta property=\"og:title\" content=\"Torna a Surriento pour petite harpe | Collection Odyss\u00e9e\" \/>\n<meta property=\"og:description\" content=\"Arrangement de Saori Mouri pour petite harpe \u00e0 27 cordes avec leviers. Disponible en t\u00e9l\u00e9chargement sur la boutique en ligne des harpes Camac.\" \/>\n<meta property=\"og:url\" content=\"https:\/\/shop.camac-harps.com\/fr\/produit\/mazzucchi-de-curtis-torna-a-surriento-arrangement-de-saori-mouri-version-telechargeable\/\" \/>\n<meta property=\"og:site_name\" content=\"Camac Harps Shop\" \/>\n<meta property=\"article:modified_time\" content=\"2025-01-17T15:55:20+00:00\" \/>\n<meta property=\"og:image\" content=\"https:\/\/shop.camac-harps.com\/wp-content\/uploads\/sites\/25\/2022\/11\/mis94pdf-1.jpg\" \/>\n\t<meta property=\"og:image:width\" content=\"565\" \/>\n\t<meta property=\"og:image:height\" content=\"800\" \/>\n\t<meta property=\"og:image:type\" content=\"image\/jpeg\" \/>\n<meta name=\"twitter:card\" content=\"summary_large_image\" \/>\n<meta name=\"twitter:label1\" content=\"Dur\u00e9e de lecture estim\u00e9e\" \/>\n\t<meta name=\"twitter:data1\" content=\"1 minute\" \/>\n<script type=\"application\/ld+json\" class=\"yoast-schema-graph\">{\"@context\":\"https:\/\/schema.org\",\"@graph\":[{\"@type\":\"WebPage\",\"@id\":\"https:\/\/shop.camac-harps.com\/fr\/produit\/mazzucchi-de-curtis-torna-a-surriento-arrangement-de-saori-mouri-version-telechargeable\/\",\"url\":\"https:\/\/shop.camac-harps.com\/fr\/produit\/mazzucchi-de-curtis-torna-a-surriento-arrangement-de-saori-mouri-version-telechargeable\/\",\"name\":\"Torna a Surriento pour petite harpe | Collection Odyss\u00e9e\",\"isPartOf\":{\"@id\":\"https:\/\/shop.camac-harps.com\/fr\/#website\"},\"primaryImageOfPage\":{\"@id\":\"https:\/\/shop.camac-harps.com\/fr\/produit\/mazzucchi-de-curtis-torna-a-surriento-arrangement-de-saori-mouri-version-telechargeable\/#primaryimage\"},\"image\":{\"@id\":\"https:\/\/shop.camac-harps.com\/fr\/produit\/mazzucchi-de-curtis-torna-a-surriento-arrangement-de-saori-mouri-version-telechargeable\/#primaryimage\"},\"thumbnailUrl\":\"https:\/\/shop.camac-harps.com\/wp-content\/uploads\/sites\/25\/2022\/11\/mis94pdf-1.jpg\",\"datePublished\":\"2022-11-29T11:59:30+00:00\",\"dateModified\":\"2025-01-17T15:55:20+00:00\",\"description\":\"Arrangement de Saori Mouri pour petite harpe \u00e0 27 cordes avec leviers. Disponible en t\u00e9l\u00e9chargement sur la boutique en ligne des harpes Camac.\",\"breadcrumb\":{\"@id\":\"https:\/\/shop.camac-harps.com\/fr\/produit\/mazzucchi-de-curtis-torna-a-surriento-arrangement-de-saori-mouri-version-telechargeable\/#breadcrumb\"},\"inLanguage\":\"fr-FR\",\"potentialAction\":[{\"@type\":\"ReadAction\",\"target\":[\"https:\/\/shop.camac-harps.com\/fr\/produit\/mazzucchi-de-curtis-torna-a-surriento-arrangement-de-saori-mouri-version-telechargeable\/\"]}]},{\"@type\":\"ImageObject\",\"inLanguage\":\"fr-FR\",\"@id\":\"https:\/\/shop.camac-harps.com\/fr\/produit\/mazzucchi-de-curtis-torna-a-surriento-arrangement-de-saori-mouri-version-telechargeable\/#primaryimage\",\"url\":\"https:\/\/shop.camac-harps.com\/wp-content\/uploads\/sites\/25\/2022\/11\/mis94pdf-1.jpg\",\"contentUrl\":\"https:\/\/shop.camac-harps.com\/wp-content\/uploads\/sites\/25\/2022\/11\/mis94pdf-1.jpg\",\"width\":565,\"height\":800},{\"@type\":\"BreadcrumbList\",\"@id\":\"https:\/\/shop.camac-harps.com\/fr\/produit\/mazzucchi-de-curtis-torna-a-surriento-arrangement-de-saori-mouri-version-telechargeable\/#breadcrumb\",\"itemListElement\":[{\"@type\":\"ListItem\",\"position\":1,\"name\":\"Home\",\"item\":\"https:\/\/shop.camac-harps.com\/fr\/homepage\/\"},{\"@type\":\"ListItem\",\"position\":2,\"name\":\"Accueil\",\"item\":\"https:\/\/shop.camac-harps.com\/fr\/homepage\/\"},{\"@type\":\"ListItem\",\"position\":3,\"name\":\"MAZZUCCHI \/ De CURTIS : Torna a Surriento, arrangement de Saori Mouri &#8211; version t\u00e9l\u00e9chargeable\"}]},{\"@type\":\"WebSite\",\"@id\":\"https:\/\/shop.camac-harps.com\/fr\/#website\",\"url\":\"https:\/\/shop.camac-harps.com\/fr\/\",\"name\":\"Camac Harps Shop\",\"description\":\"\",\"potentialAction\":[{\"@type\":\"SearchAction\",\"target\":{\"@type\":\"EntryPoint\",\"urlTemplate\":\"https:\/\/shop.camac-harps.com\/fr\/?s={search_term_string}\"},\"query-input\":{\"@type\":\"PropertyValueSpecification\",\"valueRequired\":true,\"valueName\":\"search_term_string\"}}],\"inLanguage\":\"fr-FR\"}]}<\/script>","yoast_head_json":{"title":"Torna a Surriento pour petite harpe | Collection Odyss\u00e9e","description":"Arrangement de Saori Mouri pour petite harpe \u00e0 27 cordes avec leviers. Disponible en t\u00e9l\u00e9chargement sur la boutique en ligne des harpes Camac.","robots":{"index":"index","follow":"follow","max-snippet":"max-snippet:-1","max-image-preview":"max-image-preview:large","max-video-preview":"max-video-preview:-1"},"canonical":"https:\/\/shop.camac-harps.com\/fr\/produit\/mazzucchi-de-curtis-torna-a-surriento-arrangement-de-saori-mouri-version-telechargeable\/","og_locale":"fr_FR","og_type":"article","og_title":"Torna a Surriento pour petite harpe | Collection Odyss\u00e9e","og_description":"Arrangement de Saori Mouri pour petite harpe \u00e0 27 cordes avec leviers. Disponible en t\u00e9l\u00e9chargement sur la boutique en ligne des harpes Camac.","og_url":"https:\/\/shop.camac-harps.com\/fr\/produit\/mazzucchi-de-curtis-torna-a-surriento-arrangement-de-saori-mouri-version-telechargeable\/","og_site_name":"Camac Harps Shop","article_modified_time":"2025-01-17T15:55:20+00:00","og_image":[{"width":565,"height":800,"url":"https:\/\/shop.camac-harps.com\/wp-content\/uploads\/sites\/25\/2022\/11\/mis94pdf-1.jpg","type":"image\/jpeg"}],"twitter_card":"summary_large_image","twitter_misc":{"Dur\u00e9e de lecture estim\u00e9e":"1 minute"},"schema":{"@context":"https:\/\/schema.org","@graph":[{"@type":"WebPage","@id":"https:\/\/shop.camac-harps.com\/fr\/produit\/mazzucchi-de-curtis-torna-a-surriento-arrangement-de-saori-mouri-version-telechargeable\/","url":"https:\/\/shop.camac-harps.com\/fr\/produit\/mazzucchi-de-curtis-torna-a-surriento-arrangement-de-saori-mouri-version-telechargeable\/","name":"Torna a Surriento pour petite harpe | Collection Odyss\u00e9e","isPartOf":{"@id":"https:\/\/shop.camac-harps.com\/fr\/#website"},"primaryImageOfPage":{"@id":"https:\/\/shop.camac-harps.com\/fr\/produit\/mazzucchi-de-curtis-torna-a-surriento-arrangement-de-saori-mouri-version-telechargeable\/#primaryimage"},"image":{"@id":"https:\/\/shop.camac-harps.com\/fr\/produit\/mazzucchi-de-curtis-torna-a-surriento-arrangement-de-saori-mouri-version-telechargeable\/#primaryimage"},"thumbnailUrl":"https:\/\/shop.camac-harps.com\/wp-content\/uploads\/sites\/25\/2022\/11\/mis94pdf-1.jpg","datePublished":"2022-11-29T11:59:30+00:00","dateModified":"2025-01-17T15:55:20+00:00","description":"Arrangement de Saori Mouri pour petite harpe \u00e0 27 cordes avec leviers. Disponible en t\u00e9l\u00e9chargement sur la boutique en ligne des harpes Camac.","breadcrumb":{"@id":"https:\/\/shop.camac-harps.com\/fr\/produit\/mazzucchi-de-curtis-torna-a-surriento-arrangement-de-saori-mouri-version-telechargeable\/#breadcrumb"},"inLanguage":"fr-FR","potentialAction":[{"@type":"ReadAction","target":["https:\/\/shop.camac-harps.com\/fr\/produit\/mazzucchi-de-curtis-torna-a-surriento-arrangement-de-saori-mouri-version-telechargeable\/"]}]},{"@type":"ImageObject","inLanguage":"fr-FR","@id":"https:\/\/shop.camac-harps.com\/fr\/produit\/mazzucchi-de-curtis-torna-a-surriento-arrangement-de-saori-mouri-version-telechargeable\/#primaryimage","url":"https:\/\/shop.camac-harps.com\/wp-content\/uploads\/sites\/25\/2022\/11\/mis94pdf-1.jpg","contentUrl":"https:\/\/shop.camac-harps.com\/wp-content\/uploads\/sites\/25\/2022\/11\/mis94pdf-1.jpg","width":565,"height":800},{"@type":"BreadcrumbList","@id":"https:\/\/shop.camac-harps.com\/fr\/produit\/mazzucchi-de-curtis-torna-a-surriento-arrangement-de-saori-mouri-version-telechargeable\/#breadcrumb","itemListElement":[{"@type":"ListItem","position":1,"name":"Home","item":"https:\/\/shop.camac-harps.com\/fr\/homepage\/"},{"@type":"ListItem","position":2,"name":"Accueil","item":"https:\/\/shop.camac-harps.com\/fr\/homepage\/"},{"@type":"ListItem","position":3,"name":"MAZZUCCHI \/ De CURTIS : Torna a Surriento, arrangement de Saori Mouri &#8211; version t\u00e9l\u00e9chargeable"}]},{"@type":"WebSite","@id":"https:\/\/shop.camac-harps.com\/fr\/#website","url":"https:\/\/shop.camac-harps.com\/fr\/","name":"Camac Harps Shop","description":"","potentialAction":[{"@type":"SearchAction","target":{"@type":"EntryPoint","urlTemplate":"https:\/\/shop.camac-harps.com\/fr\/?s={search_term_string}"},"query-input":{"@type":"PropertyValueSpecification","valueRequired":true,"valueName":"search_term_string"}}],"inLanguage":"fr-FR"}]}},"_links":{"self":[{"href":"https:\/\/shop.camac-harps.com\/fr\/wp-json\/wp\/v2\/product\/50891","targetHints":{"allow":["GET"]}}],"collection":[{"href":"https:\/\/shop.camac-harps.com\/fr\/wp-json\/wp\/v2\/product"}],"about":[{"href":"https:\/\/shop.camac-harps.com\/fr\/wp-json\/wp\/v2\/types\/product"}],"replies":[{"embeddable":true,"href":"https:\/\/shop.camac-harps.com\/fr\/wp-json\/wp\/v2\/comments?post=50891"}],"wp:featuredmedia":[{"embeddable":true,"href":"https:\/\/shop.camac-harps.com\/fr\/wp-json\/wp\/v2\/media\/50895"}],"wp:attachment":[{"href":"https:\/\/shop.camac-harps.com\/fr\/wp-json\/wp\/v2\/media?parent=50891"}],"wp:term":[{"taxonomy":"product_brand","embeddable":true,"href":"https:\/\/shop.camac-harps.com\/fr\/wp-json\/wp\/v2\/product_brand?post=50891"},{"taxonomy":"product_cat","embeddable":true,"href":"https:\/\/shop.camac-harps.com\/fr\/wp-json\/wp\/v2\/product_cat?post=50891"},{"taxonomy":"product_tag","embeddable":true,"href":"https:\/\/shop.camac-harps.com\/fr\/wp-json\/wp\/v2\/product_tag?post=50891"}],"curies":[{"name":"wp","href":"https:\/\/api.w.org\/{rel}","templated":true}]}}