{"id":51150,"date":"2022-12-08T11:41:15","date_gmt":"2022-12-08T11:41:15","guid":{"rendered":"https:\/\/shop.camac-harps.com\/?post_type=product&#038;p=51150"},"modified":"2024-12-06T10:06:39","modified_gmt":"2024-12-06T10:06:39","slug":"cecile-corbel-mon-tres-beau-carnet-de-harpe","status":"publish","type":"product","link":"https:\/\/shop.camac-harps.com\/fr\/produit\/cecile-corbel-mon-tres-beau-carnet-de-harpe\/","title":{"rendered":"C\u00e9cile CORBEL : Mon tr\u00e8s beau carnet de harpe"},"content":{"rendered":"<p style=\"text-align: justify;\">\u00ab\u00a0Le recueil illustr\u00e9 renferme 30 pi\u00e8ces du monde entier arrang\u00e9es par mes soins (avec les doigt\u00e9s) pour tout niveau, de harpiste d\u00e9butant \u00e0 tr\u00e8s avanc\u00e9.<\/p>\n<p style=\"text-align: justify;\">Au programme : des m\u00e9lodies m\u00e9di\u00e9vales, bretonnes, irlandaises, \u00e9cossaises, turques, isra\u00e9liennes, s\u00e9farades ou andalouses, ainsi que quelques th\u00e8mes du r\u00e9pertoire traditionnel folk fran\u00e7ais et deux de mes compositions.<\/p>\n<p style=\"text-align: justify;\">En bonus sur mon site internet, les harpistes pourront aussi se procurer les <a href=\"https:\/\/www.cecile-corbel.com\/product-page\/tutoriel-vid%C3%A9o-1-15-mon-tr%C3%A8s-beau-carnet-de-harpe\">vid\u00e9os tutoriel<\/a> qui d\u00e9taillent pas \u00e0 pas les m\u00e9lodies et les accords (main gauche, main droite, mains ensemble), sur un tempo lent qui aide \u00e0 l\u2019apprentissage et favorise la m\u00e9morisation puis dans une version interpr\u00e9t\u00e9e au tempo r\u00e9el.\u00a0\u00bb<\/p>\n<p style=\"text-align: right;\">C\u00e9cile Corbel<\/p>\n","protected":false},"excerpt":{"rendered":"<p>\u00ab\u00a0Le recueil illustr\u00e9 renferme 30 pi\u00e8ces du monde entier arrang\u00e9es par mes soins (avec les doigt\u00e9s) pour tout niveau, de harpiste d\u00e9butant \u00e0 tr\u00e8s avanc\u00e9. Au programme : des m\u00e9lodies m\u00e9di\u00e9vales, bretonnes, irlandaises, \u00e9cossaises, turques, isra\u00e9liennes, s\u00e9farades ou andalouses, ainsi que quelques th\u00e8mes du r\u00e9pertoire traditionnel folk fran\u00e7ais et deux de mes compositions. En bonus [&hellip;]<\/p>\n","protected":false},"featured_media":51151,"comment_status":"open","ping_status":"closed","template":"","meta":{"_acf_changed":false},"product_brand":[],"product_cat":[108,33,45],"product_tag":[],"class_list":{"0":"post-51150","1":"product","2":"type-product","3":"status-publish","4":"has-post-thumbnail","6":"product_cat-musique-harpe-celtique","7":"product_cat-partitions-pour-harpe","8":"product_cat-solos-harpe-a-pedales","10":"first","11":"instock","12":"taxable","13":"shipping-taxable","14":"purchasable","15":"product-type-simple"},"acf":[],"yoast_head":"<title>C\u00e9cile CORBEL : Mon tr\u00e8s beau carnet de harpe - Camac Harps Shop<\/title>\n<meta name=\"description\" content=\"30 pi\u00e8ces ou chansons du monde entier pour harpistes en herbe ou en fleur | Tutoriels vid\u00e9o disponible.\" \/>\n<meta name=\"robots\" content=\"index, follow, max-snippet:-1, max-image-preview:large, max-video-preview:-1\" \/>\n<link rel=\"canonical\" href=\"https:\/\/shop.camac-harps.com\/fr\/produit\/cecile-corbel-mon-tres-beau-carnet-de-harpe\/\" \/>\n<meta property=\"og:locale\" content=\"fr_FR\" \/>\n<meta property=\"og:type\" content=\"article\" \/>\n<meta property=\"og:title\" content=\"C\u00e9cile CORBEL : Mon tr\u00e8s beau carnet de harpe - Camac Harps Shop\" \/>\n<meta property=\"og:description\" content=\"30 pi\u00e8ces ou chansons du monde entier pour harpistes en herbe ou en fleur | Tutoriels vid\u00e9o disponible.\" \/>\n<meta property=\"og:url\" content=\"https:\/\/shop.camac-harps.com\/fr\/produit\/cecile-corbel-mon-tres-beau-carnet-de-harpe\/\" \/>\n<meta property=\"og:site_name\" content=\"Camac Harps Shop\" \/>\n<meta property=\"article:modified_time\" content=\"2024-12-06T10:06:39+00:00\" \/>\n<meta property=\"og:image\" content=\"https:\/\/shop.camac-harps.com\/wp-content\/uploads\/sites\/25\/2022\/12\/clc01-1.jpg\" \/>\n\t<meta property=\"og:image:width\" content=\"694\" \/>\n\t<meta property=\"og:image:height\" content=\"920\" \/>\n\t<meta property=\"og:image:type\" content=\"image\/jpeg\" \/>\n<meta name=\"twitter:card\" content=\"summary_large_image\" \/>\n<meta name=\"twitter:label1\" content=\"Dur\u00e9e de lecture estim\u00e9e\" \/>\n\t<meta name=\"twitter:data1\" content=\"1 minute\" \/>\n<script type=\"application\/ld+json\" class=\"yoast-schema-graph\">{\"@context\":\"https:\/\/schema.org\",\"@graph\":[{\"@type\":\"WebPage\",\"@id\":\"https:\/\/shop.camac-harps.com\/fr\/produit\/cecile-corbel-mon-tres-beau-carnet-de-harpe\/\",\"url\":\"https:\/\/shop.camac-harps.com\/fr\/produit\/cecile-corbel-mon-tres-beau-carnet-de-harpe\/\",\"name\":\"C\u00e9cile CORBEL : Mon tr\u00e8s beau carnet de harpe - Camac Harps Shop\",\"isPartOf\":{\"@id\":\"https:\/\/shop.camac-harps.com\/fr\/#website\"},\"primaryImageOfPage\":{\"@id\":\"https:\/\/shop.camac-harps.com\/fr\/produit\/cecile-corbel-mon-tres-beau-carnet-de-harpe\/#primaryimage\"},\"image\":{\"@id\":\"https:\/\/shop.camac-harps.com\/fr\/produit\/cecile-corbel-mon-tres-beau-carnet-de-harpe\/#primaryimage\"},\"thumbnailUrl\":\"https:\/\/shop.camac-harps.com\/wp-content\/uploads\/sites\/25\/2022\/12\/clc01-1.jpg\",\"datePublished\":\"2022-12-08T11:41:15+00:00\",\"dateModified\":\"2024-12-06T10:06:39+00:00\",\"description\":\"30 pi\u00e8ces ou chansons du monde entier pour harpistes en herbe ou en fleur | Tutoriels vid\u00e9o disponible.\",\"breadcrumb\":{\"@id\":\"https:\/\/shop.camac-harps.com\/fr\/produit\/cecile-corbel-mon-tres-beau-carnet-de-harpe\/#breadcrumb\"},\"inLanguage\":\"fr-FR\",\"potentialAction\":[{\"@type\":\"ReadAction\",\"target\":[\"https:\/\/shop.camac-harps.com\/fr\/produit\/cecile-corbel-mon-tres-beau-carnet-de-harpe\/\"]}]},{\"@type\":\"ImageObject\",\"inLanguage\":\"fr-FR\",\"@id\":\"https:\/\/shop.camac-harps.com\/fr\/produit\/cecile-corbel-mon-tres-beau-carnet-de-harpe\/#primaryimage\",\"url\":\"https:\/\/shop.camac-harps.com\/wp-content\/uploads\/sites\/25\/2022\/12\/clc01-1.jpg\",\"contentUrl\":\"https:\/\/shop.camac-harps.com\/wp-content\/uploads\/sites\/25\/2022\/12\/clc01-1.jpg\",\"width\":694,\"height\":920,\"caption\":\"C\u00e9cile CORBEL : Mon tr\u00e8s beau carnet de harpe\"},{\"@type\":\"BreadcrumbList\",\"@id\":\"https:\/\/shop.camac-harps.com\/fr\/produit\/cecile-corbel-mon-tres-beau-carnet-de-harpe\/#breadcrumb\",\"itemListElement\":[{\"@type\":\"ListItem\",\"position\":1,\"name\":\"Home\",\"item\":\"https:\/\/shop.camac-harps.com\/fr\/homepage\/\"},{\"@type\":\"ListItem\",\"position\":2,\"name\":\"Accueil\",\"item\":\"https:\/\/shop.camac-harps.com\/fr\/homepage\/\"},{\"@type\":\"ListItem\",\"position\":3,\"name\":\"C\u00e9cile CORBEL : Mon tr\u00e8s beau carnet de harpe\"}]},{\"@type\":\"WebSite\",\"@id\":\"https:\/\/shop.camac-harps.com\/fr\/#website\",\"url\":\"https:\/\/shop.camac-harps.com\/fr\/\",\"name\":\"Camac Harps Shop\",\"description\":\"\",\"potentialAction\":[{\"@type\":\"SearchAction\",\"target\":{\"@type\":\"EntryPoint\",\"urlTemplate\":\"https:\/\/shop.camac-harps.com\/fr\/?s={search_term_string}\"},\"query-input\":{\"@type\":\"PropertyValueSpecification\",\"valueRequired\":true,\"valueName\":\"search_term_string\"}}],\"inLanguage\":\"fr-FR\"}]}<\/script>","yoast_head_json":{"title":"C\u00e9cile CORBEL : Mon tr\u00e8s beau carnet de harpe - Camac Harps Shop","description":"30 pi\u00e8ces ou chansons du monde entier pour harpistes en herbe ou en fleur | Tutoriels vid\u00e9o disponible.","robots":{"index":"index","follow":"follow","max-snippet":"max-snippet:-1","max-image-preview":"max-image-preview:large","max-video-preview":"max-video-preview:-1"},"canonical":"https:\/\/shop.camac-harps.com\/fr\/produit\/cecile-corbel-mon-tres-beau-carnet-de-harpe\/","og_locale":"fr_FR","og_type":"article","og_title":"C\u00e9cile CORBEL : Mon tr\u00e8s beau carnet de harpe - Camac Harps Shop","og_description":"30 pi\u00e8ces ou chansons du monde entier pour harpistes en herbe ou en fleur | Tutoriels vid\u00e9o disponible.","og_url":"https:\/\/shop.camac-harps.com\/fr\/produit\/cecile-corbel-mon-tres-beau-carnet-de-harpe\/","og_site_name":"Camac Harps Shop","article_modified_time":"2024-12-06T10:06:39+00:00","og_image":[{"width":694,"height":920,"url":"https:\/\/shop.camac-harps.com\/wp-content\/uploads\/sites\/25\/2022\/12\/clc01-1.jpg","type":"image\/jpeg"}],"twitter_card":"summary_large_image","twitter_misc":{"Dur\u00e9e de lecture estim\u00e9e":"1 minute"},"schema":{"@context":"https:\/\/schema.org","@graph":[{"@type":"WebPage","@id":"https:\/\/shop.camac-harps.com\/fr\/produit\/cecile-corbel-mon-tres-beau-carnet-de-harpe\/","url":"https:\/\/shop.camac-harps.com\/fr\/produit\/cecile-corbel-mon-tres-beau-carnet-de-harpe\/","name":"C\u00e9cile CORBEL : Mon tr\u00e8s beau carnet de harpe - Camac Harps Shop","isPartOf":{"@id":"https:\/\/shop.camac-harps.com\/fr\/#website"},"primaryImageOfPage":{"@id":"https:\/\/shop.camac-harps.com\/fr\/produit\/cecile-corbel-mon-tres-beau-carnet-de-harpe\/#primaryimage"},"image":{"@id":"https:\/\/shop.camac-harps.com\/fr\/produit\/cecile-corbel-mon-tres-beau-carnet-de-harpe\/#primaryimage"},"thumbnailUrl":"https:\/\/shop.camac-harps.com\/wp-content\/uploads\/sites\/25\/2022\/12\/clc01-1.jpg","datePublished":"2022-12-08T11:41:15+00:00","dateModified":"2024-12-06T10:06:39+00:00","description":"30 pi\u00e8ces ou chansons du monde entier pour harpistes en herbe ou en fleur | Tutoriels vid\u00e9o disponible.","breadcrumb":{"@id":"https:\/\/shop.camac-harps.com\/fr\/produit\/cecile-corbel-mon-tres-beau-carnet-de-harpe\/#breadcrumb"},"inLanguage":"fr-FR","potentialAction":[{"@type":"ReadAction","target":["https:\/\/shop.camac-harps.com\/fr\/produit\/cecile-corbel-mon-tres-beau-carnet-de-harpe\/"]}]},{"@type":"ImageObject","inLanguage":"fr-FR","@id":"https:\/\/shop.camac-harps.com\/fr\/produit\/cecile-corbel-mon-tres-beau-carnet-de-harpe\/#primaryimage","url":"https:\/\/shop.camac-harps.com\/wp-content\/uploads\/sites\/25\/2022\/12\/clc01-1.jpg","contentUrl":"https:\/\/shop.camac-harps.com\/wp-content\/uploads\/sites\/25\/2022\/12\/clc01-1.jpg","width":694,"height":920,"caption":"C\u00e9cile CORBEL : Mon tr\u00e8s beau carnet de harpe"},{"@type":"BreadcrumbList","@id":"https:\/\/shop.camac-harps.com\/fr\/produit\/cecile-corbel-mon-tres-beau-carnet-de-harpe\/#breadcrumb","itemListElement":[{"@type":"ListItem","position":1,"name":"Home","item":"https:\/\/shop.camac-harps.com\/fr\/homepage\/"},{"@type":"ListItem","position":2,"name":"Accueil","item":"https:\/\/shop.camac-harps.com\/fr\/homepage\/"},{"@type":"ListItem","position":3,"name":"C\u00e9cile CORBEL : Mon tr\u00e8s beau carnet de harpe"}]},{"@type":"WebSite","@id":"https:\/\/shop.camac-harps.com\/fr\/#website","url":"https:\/\/shop.camac-harps.com\/fr\/","name":"Camac Harps Shop","description":"","potentialAction":[{"@type":"SearchAction","target":{"@type":"EntryPoint","urlTemplate":"https:\/\/shop.camac-harps.com\/fr\/?s={search_term_string}"},"query-input":{"@type":"PropertyValueSpecification","valueRequired":true,"valueName":"search_term_string"}}],"inLanguage":"fr-FR"}]}},"_links":{"self":[{"href":"https:\/\/shop.camac-harps.com\/fr\/wp-json\/wp\/v2\/product\/51150","targetHints":{"allow":["GET"]}}],"collection":[{"href":"https:\/\/shop.camac-harps.com\/fr\/wp-json\/wp\/v2\/product"}],"about":[{"href":"https:\/\/shop.camac-harps.com\/fr\/wp-json\/wp\/v2\/types\/product"}],"replies":[{"embeddable":true,"href":"https:\/\/shop.camac-harps.com\/fr\/wp-json\/wp\/v2\/comments?post=51150"}],"wp:featuredmedia":[{"embeddable":true,"href":"https:\/\/shop.camac-harps.com\/fr\/wp-json\/wp\/v2\/media\/51151"}],"wp:attachment":[{"href":"https:\/\/shop.camac-harps.com\/fr\/wp-json\/wp\/v2\/media?parent=51150"}],"wp:term":[{"taxonomy":"product_brand","embeddable":true,"href":"https:\/\/shop.camac-harps.com\/fr\/wp-json\/wp\/v2\/product_brand?post=51150"},{"taxonomy":"product_cat","embeddable":true,"href":"https:\/\/shop.camac-harps.com\/fr\/wp-json\/wp\/v2\/product_cat?post=51150"},{"taxonomy":"product_tag","embeddable":true,"href":"https:\/\/shop.camac-harps.com\/fr\/wp-json\/wp\/v2\/product_tag?post=51150"}],"curies":[{"name":"wp","href":"https:\/\/api.w.org\/{rel}","templated":true}]}}