{"id":51537,"date":"2022-12-23T15:04:41","date_gmt":"2022-12-23T15:04:41","guid":{"rendered":"https:\/\/shop.camac-harps.com\/?post_type=product&#038;p=51537"},"modified":"2024-11-07T15:01:30","modified_gmt":"2024-11-07T15:01:30","slug":"sweegers-michelle-raindrops","status":"publish","type":"product","link":"https:\/\/shop.camac-harps.com\/fr\/produit\/sweegers-michelle-raindrops\/","title":{"rendered":"SWEEGERS Michelle : Raindrops"},"content":{"rendered":"","protected":false},"excerpt":{"rendered":"","protected":false},"featured_media":51511,"comment_status":"open","ping_status":"closed","template":"","meta":{"_acf_changed":false},"product_brand":[],"product_cat":[33,45],"product_tag":[],"class_list":{"0":"post-51537","1":"product","2":"type-product","3":"status-publish","4":"has-post-thumbnail","6":"product_cat-partitions-pour-harpe","7":"product_cat-solos-harpe-a-pedales","9":"first","10":"instock","11":"taxable","12":"shipping-taxable","13":"purchasable","14":"product-type-simple"},"acf":[],"yoast_head":"<title>SWEEGERS Michelle : Raindrops | Boutique en ligne Camac<\/title>\n<meta name=\"description\" content=\"Solo pour harpe \u00e0 p\u00e9dales par Michelle Sweegers | Livraison gratuite pour toute commande sup\u00e9rieure \u00e0 10\u20ac en France m\u00e9tropolitaine.\" \/>\n<meta name=\"robots\" content=\"index, follow, max-snippet:-1, max-image-preview:large, max-video-preview:-1\" \/>\n<link rel=\"canonical\" href=\"https:\/\/shop.camac-harps.com\/fr\/produit\/sweegers-michelle-raindrops\/\" \/>\n<meta property=\"og:locale\" content=\"fr_FR\" \/>\n<meta property=\"og:type\" content=\"article\" \/>\n<meta property=\"og:title\" content=\"SWEEGERS Michelle : Raindrops | Boutique en ligne Camac\" \/>\n<meta property=\"og:description\" content=\"Solo pour harpe \u00e0 p\u00e9dales par Michelle Sweegers | Livraison gratuite pour toute commande sup\u00e9rieure \u00e0 10\u20ac en France m\u00e9tropolitaine.\" \/>\n<meta property=\"og:url\" content=\"https:\/\/shop.camac-harps.com\/fr\/produit\/sweegers-michelle-raindrops\/\" \/>\n<meta property=\"og:site_name\" content=\"Camac Harps Shop\" \/>\n<meta property=\"article:modified_time\" content=\"2024-11-07T15:01:30+00:00\" \/>\n<meta property=\"og:image\" content=\"https:\/\/shop.camac-harps.com\/wp-content\/uploads\/sites\/25\/2022\/12\/swsm02.jpg\" \/>\n\t<meta property=\"og:image:width\" content=\"1000\" \/>\n\t<meta property=\"og:image:height\" content=\"1432\" \/>\n\t<meta property=\"og:image:type\" content=\"image\/jpeg\" \/>\n<meta name=\"twitter:card\" content=\"summary_large_image\" \/>\n<script type=\"application\/ld+json\" class=\"yoast-schema-graph\">{\"@context\":\"https:\/\/schema.org\",\"@graph\":[{\"@type\":\"WebPage\",\"@id\":\"https:\/\/shop.camac-harps.com\/fr\/produit\/sweegers-michelle-raindrops\/\",\"url\":\"https:\/\/shop.camac-harps.com\/fr\/produit\/sweegers-michelle-raindrops\/\",\"name\":\"SWEEGERS Michelle : Raindrops | Boutique en ligne Camac\",\"isPartOf\":{\"@id\":\"https:\/\/shop.camac-harps.com\/fr\/#website\"},\"primaryImageOfPage\":{\"@id\":\"https:\/\/shop.camac-harps.com\/fr\/produit\/sweegers-michelle-raindrops\/#primaryimage\"},\"image\":{\"@id\":\"https:\/\/shop.camac-harps.com\/fr\/produit\/sweegers-michelle-raindrops\/#primaryimage\"},\"thumbnailUrl\":\"https:\/\/shop.camac-harps.com\/wp-content\/uploads\/sites\/25\/2022\/12\/swsm02.jpg\",\"datePublished\":\"2022-12-23T15:04:41+00:00\",\"dateModified\":\"2024-11-07T15:01:30+00:00\",\"description\":\"Solo pour harpe \u00e0 p\u00e9dales par Michelle Sweegers | Livraison gratuite pour toute commande sup\u00e9rieure \u00e0 10\u20ac en France m\u00e9tropolitaine.\",\"breadcrumb\":{\"@id\":\"https:\/\/shop.camac-harps.com\/fr\/produit\/sweegers-michelle-raindrops\/#breadcrumb\"},\"inLanguage\":\"fr-FR\",\"potentialAction\":[{\"@type\":\"ReadAction\",\"target\":[\"https:\/\/shop.camac-harps.com\/fr\/produit\/sweegers-michelle-raindrops\/\"]}]},{\"@type\":\"ImageObject\",\"inLanguage\":\"fr-FR\",\"@id\":\"https:\/\/shop.camac-harps.com\/fr\/produit\/sweegers-michelle-raindrops\/#primaryimage\",\"url\":\"https:\/\/shop.camac-harps.com\/wp-content\/uploads\/sites\/25\/2022\/12\/swsm02.jpg\",\"contentUrl\":\"https:\/\/shop.camac-harps.com\/wp-content\/uploads\/sites\/25\/2022\/12\/swsm02.jpg\",\"width\":1000,\"height\":1432,\"caption\":\"SWEEGERS Michelle : Raindrops\"},{\"@type\":\"BreadcrumbList\",\"@id\":\"https:\/\/shop.camac-harps.com\/fr\/produit\/sweegers-michelle-raindrops\/#breadcrumb\",\"itemListElement\":[{\"@type\":\"ListItem\",\"position\":1,\"name\":\"Home\",\"item\":\"https:\/\/shop.camac-harps.com\/fr\/homepage\/\"},{\"@type\":\"ListItem\",\"position\":2,\"name\":\"Accueil\",\"item\":\"https:\/\/shop.camac-harps.com\/fr\/homepage\/\"},{\"@type\":\"ListItem\",\"position\":3,\"name\":\"SWEEGERS Michelle : Raindrops\"}]},{\"@type\":\"WebSite\",\"@id\":\"https:\/\/shop.camac-harps.com\/fr\/#website\",\"url\":\"https:\/\/shop.camac-harps.com\/fr\/\",\"name\":\"Camac Harps Shop\",\"description\":\"\",\"potentialAction\":[{\"@type\":\"SearchAction\",\"target\":{\"@type\":\"EntryPoint\",\"urlTemplate\":\"https:\/\/shop.camac-harps.com\/fr\/?s={search_term_string}\"},\"query-input\":{\"@type\":\"PropertyValueSpecification\",\"valueRequired\":true,\"valueName\":\"search_term_string\"}}],\"inLanguage\":\"fr-FR\"}]}<\/script>","yoast_head_json":{"title":"SWEEGERS Michelle : Raindrops | Boutique en ligne Camac","description":"Solo pour harpe \u00e0 p\u00e9dales par Michelle Sweegers | Livraison gratuite pour toute commande sup\u00e9rieure \u00e0 10\u20ac en France m\u00e9tropolitaine.","robots":{"index":"index","follow":"follow","max-snippet":"max-snippet:-1","max-image-preview":"max-image-preview:large","max-video-preview":"max-video-preview:-1"},"canonical":"https:\/\/shop.camac-harps.com\/fr\/produit\/sweegers-michelle-raindrops\/","og_locale":"fr_FR","og_type":"article","og_title":"SWEEGERS Michelle : Raindrops | Boutique en ligne Camac","og_description":"Solo pour harpe \u00e0 p\u00e9dales par Michelle Sweegers | Livraison gratuite pour toute commande sup\u00e9rieure \u00e0 10\u20ac en France m\u00e9tropolitaine.","og_url":"https:\/\/shop.camac-harps.com\/fr\/produit\/sweegers-michelle-raindrops\/","og_site_name":"Camac Harps Shop","article_modified_time":"2024-11-07T15:01:30+00:00","og_image":[{"width":1000,"height":1432,"url":"https:\/\/shop.camac-harps.com\/wp-content\/uploads\/sites\/25\/2022\/12\/swsm02.jpg","type":"image\/jpeg"}],"twitter_card":"summary_large_image","schema":{"@context":"https:\/\/schema.org","@graph":[{"@type":"WebPage","@id":"https:\/\/shop.camac-harps.com\/fr\/produit\/sweegers-michelle-raindrops\/","url":"https:\/\/shop.camac-harps.com\/fr\/produit\/sweegers-michelle-raindrops\/","name":"SWEEGERS Michelle : Raindrops | Boutique en ligne Camac","isPartOf":{"@id":"https:\/\/shop.camac-harps.com\/fr\/#website"},"primaryImageOfPage":{"@id":"https:\/\/shop.camac-harps.com\/fr\/produit\/sweegers-michelle-raindrops\/#primaryimage"},"image":{"@id":"https:\/\/shop.camac-harps.com\/fr\/produit\/sweegers-michelle-raindrops\/#primaryimage"},"thumbnailUrl":"https:\/\/shop.camac-harps.com\/wp-content\/uploads\/sites\/25\/2022\/12\/swsm02.jpg","datePublished":"2022-12-23T15:04:41+00:00","dateModified":"2024-11-07T15:01:30+00:00","description":"Solo pour harpe \u00e0 p\u00e9dales par Michelle Sweegers | Livraison gratuite pour toute commande sup\u00e9rieure \u00e0 10\u20ac en France m\u00e9tropolitaine.","breadcrumb":{"@id":"https:\/\/shop.camac-harps.com\/fr\/produit\/sweegers-michelle-raindrops\/#breadcrumb"},"inLanguage":"fr-FR","potentialAction":[{"@type":"ReadAction","target":["https:\/\/shop.camac-harps.com\/fr\/produit\/sweegers-michelle-raindrops\/"]}]},{"@type":"ImageObject","inLanguage":"fr-FR","@id":"https:\/\/shop.camac-harps.com\/fr\/produit\/sweegers-michelle-raindrops\/#primaryimage","url":"https:\/\/shop.camac-harps.com\/wp-content\/uploads\/sites\/25\/2022\/12\/swsm02.jpg","contentUrl":"https:\/\/shop.camac-harps.com\/wp-content\/uploads\/sites\/25\/2022\/12\/swsm02.jpg","width":1000,"height":1432,"caption":"SWEEGERS Michelle : Raindrops"},{"@type":"BreadcrumbList","@id":"https:\/\/shop.camac-harps.com\/fr\/produit\/sweegers-michelle-raindrops\/#breadcrumb","itemListElement":[{"@type":"ListItem","position":1,"name":"Home","item":"https:\/\/shop.camac-harps.com\/fr\/homepage\/"},{"@type":"ListItem","position":2,"name":"Accueil","item":"https:\/\/shop.camac-harps.com\/fr\/homepage\/"},{"@type":"ListItem","position":3,"name":"SWEEGERS Michelle : Raindrops"}]},{"@type":"WebSite","@id":"https:\/\/shop.camac-harps.com\/fr\/#website","url":"https:\/\/shop.camac-harps.com\/fr\/","name":"Camac Harps Shop","description":"","potentialAction":[{"@type":"SearchAction","target":{"@type":"EntryPoint","urlTemplate":"https:\/\/shop.camac-harps.com\/fr\/?s={search_term_string}"},"query-input":{"@type":"PropertyValueSpecification","valueRequired":true,"valueName":"search_term_string"}}],"inLanguage":"fr-FR"}]}},"_links":{"self":[{"href":"https:\/\/shop.camac-harps.com\/fr\/wp-json\/wp\/v2\/product\/51537","targetHints":{"allow":["GET"]}}],"collection":[{"href":"https:\/\/shop.camac-harps.com\/fr\/wp-json\/wp\/v2\/product"}],"about":[{"href":"https:\/\/shop.camac-harps.com\/fr\/wp-json\/wp\/v2\/types\/product"}],"replies":[{"embeddable":true,"href":"https:\/\/shop.camac-harps.com\/fr\/wp-json\/wp\/v2\/comments?post=51537"}],"wp:featuredmedia":[{"embeddable":true,"href":"https:\/\/shop.camac-harps.com\/fr\/wp-json\/wp\/v2\/media\/51511"}],"wp:attachment":[{"href":"https:\/\/shop.camac-harps.com\/fr\/wp-json\/wp\/v2\/media?parent=51537"}],"wp:term":[{"taxonomy":"product_brand","embeddable":true,"href":"https:\/\/shop.camac-harps.com\/fr\/wp-json\/wp\/v2\/product_brand?post=51537"},{"taxonomy":"product_cat","embeddable":true,"href":"https:\/\/shop.camac-harps.com\/fr\/wp-json\/wp\/v2\/product_cat?post=51537"},{"taxonomy":"product_tag","embeddable":true,"href":"https:\/\/shop.camac-harps.com\/fr\/wp-json\/wp\/v2\/product_tag?post=51537"}],"curies":[{"name":"wp","href":"https:\/\/api.w.org\/{rel}","templated":true}]}}