{"id":54168,"date":"2023-05-16T15:34:25","date_gmt":"2023-05-16T15:34:25","guid":{"rendered":"https:\/\/shop.camac-harps.com\/?post_type=product&#038;p=54168"},"modified":"2024-11-07T15:01:23","modified_gmt":"2024-11-07T15:01:23","slug":"alouges-agnes-airs-et-danses-du-pays-basques","status":"publish","type":"product","link":"https:\/\/shop.camac-harps.com\/fr\/produit\/alouges-agnes-airs-et-danses-du-pays-basques\/","title":{"rendered":"ALOUGES Agn\u00e8s : Airs et danses du Pays Basques Volume 1"},"content":{"rendered":"<p>Airs et danses du Pays Basques<\/p>\n<p>8 m\u00e9lodies arrang\u00e9es pour (toute) harpe et \/ ou instruments m\u00e9lodiques (voix, fl\u00fbte \u00e0 bec, violon, violoncelle)<\/p>\n","protected":false},"excerpt":{"rendered":"<p>Airs et danses du Pays Basques 8 m\u00e9lodies arrang\u00e9es pour (toute) harpe et \/ ou instruments m\u00e9lodiques (voix, fl\u00fbte \u00e0 bec, violon, violoncelle)<\/p>\n","protected":false},"featured_media":54159,"comment_status":"open","ping_status":"closed","template":"","meta":{"_acf_changed":false},"product_brand":[],"product_cat":[171,111,150,54,108,33,165,168],"product_tag":[],"class_list":{"0":"post-54168","1":"product","2":"type-product","3":"status-publish","4":"has-post-thumbnail","6":"product_cat-chant-et-harpe","7":"product_cat-duos","8":"product_cat-flute-et-harpe","9":"product_cat-musique-de-chambre","10":"product_cat-musique-harpe-celtique","11":"product_cat-partitions-pour-harpe","12":"product_cat-violon-alto-et-harpe","13":"product_cat-violoncelle-et-harpe","15":"first","16":"instock","17":"taxable","18":"shipping-taxable","19":"purchasable","20":"product-type-simple"},"acf":[],"yoast_head":"<title>ALOUGES Agn\u00e8s : Airs et danses du Pays Basques Volume 1 - Camac Harps Shop<\/title>\n<meta name=\"robots\" content=\"index, follow, max-snippet:-1, max-image-preview:large, max-video-preview:-1\" \/>\n<link rel=\"canonical\" href=\"https:\/\/shop.camac-harps.com\/fr\/produit\/alouges-agnes-airs-et-danses-du-pays-basques\/\" \/>\n<meta property=\"og:locale\" content=\"fr_FR\" \/>\n<meta property=\"og:type\" content=\"article\" \/>\n<meta property=\"og:title\" content=\"ALOUGES Agn\u00e8s : Airs et danses du Pays Basques Volume 1 - Camac Harps Shop\" \/>\n<meta property=\"og:description\" content=\"Airs et danses du Pays Basques 8 m\u00e9lodies arrang\u00e9es pour (toute) harpe et \/ ou instruments m\u00e9lodiques (voix, fl\u00fbte \u00e0 bec, violon, violoncelle)\" \/>\n<meta property=\"og:url\" content=\"https:\/\/shop.camac-harps.com\/fr\/produit\/alouges-agnes-airs-et-danses-du-pays-basques\/\" \/>\n<meta property=\"og:site_name\" content=\"Camac Harps Shop\" \/>\n<meta property=\"article:modified_time\" content=\"2024-11-07T15:01:23+00:00\" \/>\n<meta property=\"og:image\" content=\"https:\/\/shop.camac-harps.com\/wp-content\/uploads\/sites\/25\/2023\/05\/2811-001-page-0001.jpg\" \/>\n\t<meta property=\"og:image:width\" content=\"1172\" \/>\n\t<meta property=\"og:image:height\" content=\"1678\" \/>\n\t<meta property=\"og:image:type\" content=\"image\/jpeg\" \/>\n<meta name=\"twitter:card\" content=\"summary_large_image\" \/>\n<meta name=\"twitter:label1\" content=\"Dur\u00e9e de lecture estim\u00e9e\" \/>\n\t<meta name=\"twitter:data1\" content=\"1 minute\" \/>\n<script type=\"application\/ld+json\" class=\"yoast-schema-graph\">{\"@context\":\"https:\/\/schema.org\",\"@graph\":[{\"@type\":\"WebPage\",\"@id\":\"https:\/\/shop.camac-harps.com\/fr\/produit\/alouges-agnes-airs-et-danses-du-pays-basques\/\",\"url\":\"https:\/\/shop.camac-harps.com\/fr\/produit\/alouges-agnes-airs-et-danses-du-pays-basques\/\",\"name\":\"ALOUGES Agn\u00e8s : Airs et danses du Pays Basques Volume 1 - Camac Harps Shop\",\"isPartOf\":{\"@id\":\"https:\/\/shop.camac-harps.com\/fr\/#website\"},\"primaryImageOfPage\":{\"@id\":\"https:\/\/shop.camac-harps.com\/fr\/produit\/alouges-agnes-airs-et-danses-du-pays-basques\/#primaryimage\"},\"image\":{\"@id\":\"https:\/\/shop.camac-harps.com\/fr\/produit\/alouges-agnes-airs-et-danses-du-pays-basques\/#primaryimage\"},\"thumbnailUrl\":\"https:\/\/shop.camac-harps.com\/wp-content\/uploads\/sites\/25\/2023\/05\/2811-001-page-0001.jpg\",\"datePublished\":\"2023-05-16T15:34:25+00:00\",\"dateModified\":\"2024-11-07T15:01:23+00:00\",\"breadcrumb\":{\"@id\":\"https:\/\/shop.camac-harps.com\/fr\/produit\/alouges-agnes-airs-et-danses-du-pays-basques\/#breadcrumb\"},\"inLanguage\":\"fr-FR\",\"potentialAction\":[{\"@type\":\"ReadAction\",\"target\":[\"https:\/\/shop.camac-harps.com\/fr\/produit\/alouges-agnes-airs-et-danses-du-pays-basques\/\"]}]},{\"@type\":\"ImageObject\",\"inLanguage\":\"fr-FR\",\"@id\":\"https:\/\/shop.camac-harps.com\/fr\/produit\/alouges-agnes-airs-et-danses-du-pays-basques\/#primaryimage\",\"url\":\"https:\/\/shop.camac-harps.com\/wp-content\/uploads\/sites\/25\/2023\/05\/2811-001-page-0001.jpg\",\"contentUrl\":\"https:\/\/shop.camac-harps.com\/wp-content\/uploads\/sites\/25\/2023\/05\/2811-001-page-0001.jpg\",\"width\":1172,\"height\":1678,\"caption\":\"Airs et danses du Pays Basques\"},{\"@type\":\"BreadcrumbList\",\"@id\":\"https:\/\/shop.camac-harps.com\/fr\/produit\/alouges-agnes-airs-et-danses-du-pays-basques\/#breadcrumb\",\"itemListElement\":[{\"@type\":\"ListItem\",\"position\":1,\"name\":\"Home\",\"item\":\"https:\/\/shop.camac-harps.com\/fr\/homepage\/\"},{\"@type\":\"ListItem\",\"position\":2,\"name\":\"Accueil\",\"item\":\"https:\/\/shop.camac-harps.com\/fr\/homepage\/\"},{\"@type\":\"ListItem\",\"position\":3,\"name\":\"ALOUGES Agn\u00e8s : Airs et danses du Pays Basques Volume 1\"}]},{\"@type\":\"WebSite\",\"@id\":\"https:\/\/shop.camac-harps.com\/fr\/#website\",\"url\":\"https:\/\/shop.camac-harps.com\/fr\/\",\"name\":\"Camac Harps Shop\",\"description\":\"\",\"potentialAction\":[{\"@type\":\"SearchAction\",\"target\":{\"@type\":\"EntryPoint\",\"urlTemplate\":\"https:\/\/shop.camac-harps.com\/fr\/?s={search_term_string}\"},\"query-input\":{\"@type\":\"PropertyValueSpecification\",\"valueRequired\":true,\"valueName\":\"search_term_string\"}}],\"inLanguage\":\"fr-FR\"}]}<\/script>","yoast_head_json":{"title":"ALOUGES Agn\u00e8s : Airs et danses du Pays Basques Volume 1 - Camac Harps Shop","robots":{"index":"index","follow":"follow","max-snippet":"max-snippet:-1","max-image-preview":"max-image-preview:large","max-video-preview":"max-video-preview:-1"},"canonical":"https:\/\/shop.camac-harps.com\/fr\/produit\/alouges-agnes-airs-et-danses-du-pays-basques\/","og_locale":"fr_FR","og_type":"article","og_title":"ALOUGES Agn\u00e8s : Airs et danses du Pays Basques Volume 1 - Camac Harps Shop","og_description":"Airs et danses du Pays Basques 8 m\u00e9lodies arrang\u00e9es pour (toute) harpe et \/ ou instruments m\u00e9lodiques (voix, fl\u00fbte \u00e0 bec, violon, violoncelle)","og_url":"https:\/\/shop.camac-harps.com\/fr\/produit\/alouges-agnes-airs-et-danses-du-pays-basques\/","og_site_name":"Camac Harps Shop","article_modified_time":"2024-11-07T15:01:23+00:00","og_image":[{"width":1172,"height":1678,"url":"https:\/\/shop.camac-harps.com\/wp-content\/uploads\/sites\/25\/2023\/05\/2811-001-page-0001.jpg","type":"image\/jpeg"}],"twitter_card":"summary_large_image","twitter_misc":{"Dur\u00e9e de lecture estim\u00e9e":"1 minute"},"schema":{"@context":"https:\/\/schema.org","@graph":[{"@type":"WebPage","@id":"https:\/\/shop.camac-harps.com\/fr\/produit\/alouges-agnes-airs-et-danses-du-pays-basques\/","url":"https:\/\/shop.camac-harps.com\/fr\/produit\/alouges-agnes-airs-et-danses-du-pays-basques\/","name":"ALOUGES Agn\u00e8s : Airs et danses du Pays Basques Volume 1 - Camac Harps Shop","isPartOf":{"@id":"https:\/\/shop.camac-harps.com\/fr\/#website"},"primaryImageOfPage":{"@id":"https:\/\/shop.camac-harps.com\/fr\/produit\/alouges-agnes-airs-et-danses-du-pays-basques\/#primaryimage"},"image":{"@id":"https:\/\/shop.camac-harps.com\/fr\/produit\/alouges-agnes-airs-et-danses-du-pays-basques\/#primaryimage"},"thumbnailUrl":"https:\/\/shop.camac-harps.com\/wp-content\/uploads\/sites\/25\/2023\/05\/2811-001-page-0001.jpg","datePublished":"2023-05-16T15:34:25+00:00","dateModified":"2024-11-07T15:01:23+00:00","breadcrumb":{"@id":"https:\/\/shop.camac-harps.com\/fr\/produit\/alouges-agnes-airs-et-danses-du-pays-basques\/#breadcrumb"},"inLanguage":"fr-FR","potentialAction":[{"@type":"ReadAction","target":["https:\/\/shop.camac-harps.com\/fr\/produit\/alouges-agnes-airs-et-danses-du-pays-basques\/"]}]},{"@type":"ImageObject","inLanguage":"fr-FR","@id":"https:\/\/shop.camac-harps.com\/fr\/produit\/alouges-agnes-airs-et-danses-du-pays-basques\/#primaryimage","url":"https:\/\/shop.camac-harps.com\/wp-content\/uploads\/sites\/25\/2023\/05\/2811-001-page-0001.jpg","contentUrl":"https:\/\/shop.camac-harps.com\/wp-content\/uploads\/sites\/25\/2023\/05\/2811-001-page-0001.jpg","width":1172,"height":1678,"caption":"Airs et danses du Pays Basques"},{"@type":"BreadcrumbList","@id":"https:\/\/shop.camac-harps.com\/fr\/produit\/alouges-agnes-airs-et-danses-du-pays-basques\/#breadcrumb","itemListElement":[{"@type":"ListItem","position":1,"name":"Home","item":"https:\/\/shop.camac-harps.com\/fr\/homepage\/"},{"@type":"ListItem","position":2,"name":"Accueil","item":"https:\/\/shop.camac-harps.com\/fr\/homepage\/"},{"@type":"ListItem","position":3,"name":"ALOUGES Agn\u00e8s : Airs et danses du Pays Basques Volume 1"}]},{"@type":"WebSite","@id":"https:\/\/shop.camac-harps.com\/fr\/#website","url":"https:\/\/shop.camac-harps.com\/fr\/","name":"Camac Harps Shop","description":"","potentialAction":[{"@type":"SearchAction","target":{"@type":"EntryPoint","urlTemplate":"https:\/\/shop.camac-harps.com\/fr\/?s={search_term_string}"},"query-input":{"@type":"PropertyValueSpecification","valueRequired":true,"valueName":"search_term_string"}}],"inLanguage":"fr-FR"}]}},"_links":{"self":[{"href":"https:\/\/shop.camac-harps.com\/fr\/wp-json\/wp\/v2\/product\/54168","targetHints":{"allow":["GET"]}}],"collection":[{"href":"https:\/\/shop.camac-harps.com\/fr\/wp-json\/wp\/v2\/product"}],"about":[{"href":"https:\/\/shop.camac-harps.com\/fr\/wp-json\/wp\/v2\/types\/product"}],"replies":[{"embeddable":true,"href":"https:\/\/shop.camac-harps.com\/fr\/wp-json\/wp\/v2\/comments?post=54168"}],"wp:featuredmedia":[{"embeddable":true,"href":"https:\/\/shop.camac-harps.com\/fr\/wp-json\/wp\/v2\/media\/54159"}],"wp:attachment":[{"href":"https:\/\/shop.camac-harps.com\/fr\/wp-json\/wp\/v2\/media?parent=54168"}],"wp:term":[{"taxonomy":"product_brand","embeddable":true,"href":"https:\/\/shop.camac-harps.com\/fr\/wp-json\/wp\/v2\/product_brand?post=54168"},{"taxonomy":"product_cat","embeddable":true,"href":"https:\/\/shop.camac-harps.com\/fr\/wp-json\/wp\/v2\/product_cat?post=54168"},{"taxonomy":"product_tag","embeddable":true,"href":"https:\/\/shop.camac-harps.com\/fr\/wp-json\/wp\/v2\/product_tag?post=54168"}],"curies":[{"name":"wp","href":"https:\/\/api.w.org\/{rel}","templated":true}]}}