{"id":54365,"date":"2023-05-25T08:32:48","date_gmt":"2023-05-25T08:32:48","guid":{"rendered":"https:\/\/shop.camac-harps.com\/?post_type=product&#038;p=54365"},"modified":"2025-03-20T13:14:36","modified_gmt":"2025-03-20T13:14:36","slug":"trousse-signes-de-larc-pour-harpe-preparee","status":"publish","type":"product","link":"https:\/\/shop.camac-harps.com\/fr\/produit\/trousse-signes-de-larc-pour-harpe-preparee\/","title":{"rendered":"Trousse \u00ab\u00a0Signes de l&rsquo;arc\u00a0\u00bb pour harpe pr\u00e9par\u00e9e"},"content":{"rendered":"<p>Vous souhaitez d\u00e9couvrir ou approfondir votre connaissance de la harpe pr\u00e9par\u00e9e ? Cette trousse est faite pour vous !<br \/>\nL\u2019association \u00ab Les signes de l\u2019arc \u00bb vous propose cette trousse pour exp\u00e9rimenter la harpe pr\u00e9par\u00e9e. Remplie d\u2019accessoires \u2013 chevilles, baguette, superball, bande magn\u00e9tique, bouchons, pinces\u2026 \u2013 elle vous permettra d\u2019explorer les possibilit\u00e9s sonores de votre instrument. Vous pourrez l\u2019emporter partout et y ajouter votre cl\u00e9 d\u2019accord et votre accordeur par exemple.<\/p>\n<p>Ci-dessous une vid\u00e9o tutorielle pour vous montrer quelques fa\u00e7ons d\u2019utiliser chaque accessoire.<br \/>\n<a href=\"https:\/\/youtu.be\/gf5brQA1sNA\" target=\"_blank\" rel=\"noopener\" data-saferedirecturl=\"https:\/\/www.google.com\/url?q=https:\/\/youtu.be\/gf5brQA1sNA&amp;source=gmail&amp;ust=1685599393068000&amp;usg=AOvVaw00U_uHIQMRGvirVZZyaUnp\">https:\/\/youtu.be\/gf5brQA1sNA<\/a><br \/>\nEt pour aller encore plus loin, quelques exemples d\u2019utilisation de ces objets dans diverses pi\u00e8ces contemporaines sont recens\u00e9s sur le site de l&rsquo;association<br \/>\n<a href=\"http:\/\/www.lessignesdelarc.org\/videotrousse.pdf\" target=\"_blank\" rel=\"noopener\" data-saferedirecturl=\"https:\/\/www.google.com\/url?q=http:\/\/www.lessignesdelarc.org\/videotrousse.pdf&amp;source=gmail&amp;ust=1685599393068000&amp;usg=AOvVaw2IF4Xtm_GvH92ymC7flsis\">http:\/\/www.lessignesdelarc.<wbr \/>org\/videotrousse.pdf<\/a><\/p>\n<p><a href=\"http:\/\/www.lessignesdelarc.org\/\" target=\"_blank\" rel=\"noopener\" data-saferedirecturl=\"https:\/\/www.google.com\/url?q=http:\/\/www.lessignesdelarc.org&amp;source=gmail&amp;ust=1685599393068000&amp;usg=AOvVaw0B-fsR7GXj7rZGIZFH_zsM\">www.lessignesdelarc.org<\/a><\/p>\n","protected":false},"excerpt":{"rendered":"<p>Vous souhaitez d\u00e9couvrir ou approfondir votre connaissance de la harpe pr\u00e9par\u00e9e ? Cette trousse est faite pour vous ! L\u2019association \u00ab Les signes de l\u2019arc \u00bb vous propose cette trousse pour exp\u00e9rimenter la harpe pr\u00e9par\u00e9e. Remplie d\u2019accessoires \u2013 chevilles, baguette, superball, bande magn\u00e9tique, bouchons, pinces\u2026 \u2013 elle vous permettra d\u2019explorer les possibilit\u00e9s sonores de votre [&hellip;]<\/p>\n","protected":false},"featured_media":54362,"comment_status":"open","ping_status":"closed","template":"","meta":{"_acf_changed":false},"product_brand":[],"product_cat":[661],"product_tag":[],"class_list":{"0":"post-54365","1":"product","2":"type-product","3":"status-publish","4":"has-post-thumbnail","6":"product_cat-divers","8":"first","9":"instock","10":"taxable","11":"shipping-taxable","12":"purchasable","13":"product-type-simple"},"acf":[],"yoast_head":"<title>Trousse &quot;Signes de l&#039;arc&quot; pour harpe pr\u00e9par\u00e9e - Camac Harps Shop<\/title>\n<meta name=\"description\" content=\"Vous souhaitez d\u00e9couvrir ou approfondir votre connaissance de la harpe pr\u00e9par\u00e9e ? Cette trousse est faite pour vous !L\u2019association \u00ab Les signes de l\u2019arc \u00bb vous propose cette trousse pour exp\u00e9rimenter la harpe pr\u00e9par\u00e9e. Remplie d\u2019accessoires \u2013 chevilles, baguette, superball, bande magn\u00e9tique, bouchons, pinces\u2026 \u2013 elle vous permettra d\u2019explorer les possibilit\u00e9s sonores de votre instrument. Vous pourrez l\u2019emporter partout et y ajouter votre cl\u00e9 d\u2019accord et votre accordeur par exemple. www.lessignesdelarc.org\" \/>\n<meta name=\"robots\" content=\"index, follow, max-snippet:-1, max-image-preview:large, max-video-preview:-1\" \/>\n<link rel=\"canonical\" href=\"https:\/\/shop.camac-harps.com\/fr\/produit\/trousse-signes-de-larc-pour-harpe-preparee\/\" \/>\n<meta property=\"og:locale\" content=\"fr_FR\" \/>\n<meta property=\"og:type\" content=\"article\" \/>\n<meta property=\"og:title\" content=\"Trousse &quot;Signes de l&#039;arc&quot; pour harpe pr\u00e9par\u00e9e - Camac Harps Shop\" \/>\n<meta property=\"og:description\" content=\"Vous souhaitez d\u00e9couvrir ou approfondir votre connaissance de la harpe pr\u00e9par\u00e9e ? Cette trousse est faite pour vous !L\u2019association \u00ab Les signes de l\u2019arc \u00bb vous propose cette trousse pour exp\u00e9rimenter la harpe pr\u00e9par\u00e9e. Remplie d\u2019accessoires \u2013 chevilles, baguette, superball, bande magn\u00e9tique, bouchons, pinces\u2026 \u2013 elle vous permettra d\u2019explorer les possibilit\u00e9s sonores de votre instrument. Vous pourrez l\u2019emporter partout et y ajouter votre cl\u00e9 d\u2019accord et votre accordeur par exemple. www.lessignesdelarc.org\" \/>\n<meta property=\"og:url\" content=\"https:\/\/shop.camac-harps.com\/fr\/produit\/trousse-signes-de-larc-pour-harpe-preparee\/\" \/>\n<meta property=\"og:site_name\" content=\"Camac Harps Shop\" \/>\n<meta property=\"article:modified_time\" content=\"2025-03-20T13:14:36+00:00\" \/>\n<meta property=\"og:image\" content=\"https:\/\/shop.camac-harps.com\/wp-content\/uploads\/sites\/25\/2023\/05\/trousse-2.jpg\" \/>\n\t<meta property=\"og:image:width\" content=\"800\" \/>\n\t<meta property=\"og:image:height\" content=\"602\" \/>\n\t<meta property=\"og:image:type\" content=\"image\/jpeg\" \/>\n<meta name=\"twitter:card\" content=\"summary_large_image\" \/>\n<meta name=\"twitter:label1\" content=\"Dur\u00e9e de lecture estim\u00e9e\" \/>\n\t<meta name=\"twitter:data1\" content=\"1 minute\" \/>\n<script type=\"application\/ld+json\" class=\"yoast-schema-graph\">{\"@context\":\"https:\/\/schema.org\",\"@graph\":[{\"@type\":\"WebPage\",\"@id\":\"https:\/\/shop.camac-harps.com\/fr\/produit\/trousse-signes-de-larc-pour-harpe-preparee\/\",\"url\":\"https:\/\/shop.camac-harps.com\/fr\/produit\/trousse-signes-de-larc-pour-harpe-preparee\/\",\"name\":\"Trousse \\\"Signes de l'arc\\\" pour harpe pr\u00e9par\u00e9e - Camac Harps Shop\",\"isPartOf\":{\"@id\":\"https:\/\/shop.camac-harps.com\/fr\/#website\"},\"primaryImageOfPage\":{\"@id\":\"https:\/\/shop.camac-harps.com\/fr\/produit\/trousse-signes-de-larc-pour-harpe-preparee\/#primaryimage\"},\"image\":{\"@id\":\"https:\/\/shop.camac-harps.com\/fr\/produit\/trousse-signes-de-larc-pour-harpe-preparee\/#primaryimage\"},\"thumbnailUrl\":\"https:\/\/shop.camac-harps.com\/wp-content\/uploads\/sites\/25\/2023\/05\/trousse-2.jpg\",\"datePublished\":\"2023-05-25T08:32:48+00:00\",\"dateModified\":\"2025-03-20T13:14:36+00:00\",\"description\":\"Vous souhaitez d\u00e9couvrir ou approfondir votre connaissance de la harpe pr\u00e9par\u00e9e ? Cette trousse est faite pour vous !L\u2019association \u00ab Les signes de l\u2019arc \u00bb vous propose cette trousse pour exp\u00e9rimenter la harpe pr\u00e9par\u00e9e. Remplie d\u2019accessoires \u2013 chevilles, baguette, superball, bande magn\u00e9tique, bouchons, pinces\u2026 \u2013 elle vous permettra d\u2019explorer les possibilit\u00e9s sonores de votre instrument. Vous pourrez l\u2019emporter partout et y ajouter votre cl\u00e9 d\u2019accord et votre accordeur par exemple. www.lessignesdelarc.org\",\"breadcrumb\":{\"@id\":\"https:\/\/shop.camac-harps.com\/fr\/produit\/trousse-signes-de-larc-pour-harpe-preparee\/#breadcrumb\"},\"inLanguage\":\"fr-FR\",\"potentialAction\":[{\"@type\":\"ReadAction\",\"target\":[\"https:\/\/shop.camac-harps.com\/fr\/produit\/trousse-signes-de-larc-pour-harpe-preparee\/\"]}]},{\"@type\":\"ImageObject\",\"inLanguage\":\"fr-FR\",\"@id\":\"https:\/\/shop.camac-harps.com\/fr\/produit\/trousse-signes-de-larc-pour-harpe-preparee\/#primaryimage\",\"url\":\"https:\/\/shop.camac-harps.com\/wp-content\/uploads\/sites\/25\/2023\/05\/trousse-2.jpg\",\"contentUrl\":\"https:\/\/shop.camac-harps.com\/wp-content\/uploads\/sites\/25\/2023\/05\/trousse-2.jpg\",\"width\":800,\"height\":602,\"caption\":\"Trousse \\\"Signes de l'arc\\\" pour harpe pr\u00e9par\u00e9e\"},{\"@type\":\"BreadcrumbList\",\"@id\":\"https:\/\/shop.camac-harps.com\/fr\/produit\/trousse-signes-de-larc-pour-harpe-preparee\/#breadcrumb\",\"itemListElement\":[{\"@type\":\"ListItem\",\"position\":1,\"name\":\"Home\",\"item\":\"https:\/\/shop.camac-harps.com\/fr\/homepage\/\"},{\"@type\":\"ListItem\",\"position\":2,\"name\":\"Accueil\",\"item\":\"https:\/\/shop.camac-harps.com\/fr\/homepage\/\"},{\"@type\":\"ListItem\",\"position\":3,\"name\":\"Trousse &#8220;Signes de l&#8217;arc&#8221; pour harpe pr\u00e9par\u00e9e\"}]},{\"@type\":\"WebSite\",\"@id\":\"https:\/\/shop.camac-harps.com\/fr\/#website\",\"url\":\"https:\/\/shop.camac-harps.com\/fr\/\",\"name\":\"Camac Harps Shop\",\"description\":\"\",\"potentialAction\":[{\"@type\":\"SearchAction\",\"target\":{\"@type\":\"EntryPoint\",\"urlTemplate\":\"https:\/\/shop.camac-harps.com\/fr\/?s={search_term_string}\"},\"query-input\":{\"@type\":\"PropertyValueSpecification\",\"valueRequired\":true,\"valueName\":\"search_term_string\"}}],\"inLanguage\":\"fr-FR\"}]}<\/script>","yoast_head_json":{"title":"Trousse \"Signes de l'arc\" pour harpe pr\u00e9par\u00e9e - Camac Harps Shop","description":"Vous souhaitez d\u00e9couvrir ou approfondir votre connaissance de la harpe pr\u00e9par\u00e9e ? Cette trousse est faite pour vous !L\u2019association \u00ab Les signes de l\u2019arc \u00bb vous propose cette trousse pour exp\u00e9rimenter la harpe pr\u00e9par\u00e9e. Remplie d\u2019accessoires \u2013 chevilles, baguette, superball, bande magn\u00e9tique, bouchons, pinces\u2026 \u2013 elle vous permettra d\u2019explorer les possibilit\u00e9s sonores de votre instrument. Vous pourrez l\u2019emporter partout et y ajouter votre cl\u00e9 d\u2019accord et votre accordeur par exemple. www.lessignesdelarc.org","robots":{"index":"index","follow":"follow","max-snippet":"max-snippet:-1","max-image-preview":"max-image-preview:large","max-video-preview":"max-video-preview:-1"},"canonical":"https:\/\/shop.camac-harps.com\/fr\/produit\/trousse-signes-de-larc-pour-harpe-preparee\/","og_locale":"fr_FR","og_type":"article","og_title":"Trousse \"Signes de l'arc\" pour harpe pr\u00e9par\u00e9e - Camac Harps Shop","og_description":"Vous souhaitez d\u00e9couvrir ou approfondir votre connaissance de la harpe pr\u00e9par\u00e9e ? Cette trousse est faite pour vous !L\u2019association \u00ab Les signes de l\u2019arc \u00bb vous propose cette trousse pour exp\u00e9rimenter la harpe pr\u00e9par\u00e9e. Remplie d\u2019accessoires \u2013 chevilles, baguette, superball, bande magn\u00e9tique, bouchons, pinces\u2026 \u2013 elle vous permettra d\u2019explorer les possibilit\u00e9s sonores de votre instrument. Vous pourrez l\u2019emporter partout et y ajouter votre cl\u00e9 d\u2019accord et votre accordeur par exemple. www.lessignesdelarc.org","og_url":"https:\/\/shop.camac-harps.com\/fr\/produit\/trousse-signes-de-larc-pour-harpe-preparee\/","og_site_name":"Camac Harps Shop","article_modified_time":"2025-03-20T13:14:36+00:00","og_image":[{"width":800,"height":602,"url":"https:\/\/shop.camac-harps.com\/wp-content\/uploads\/sites\/25\/2023\/05\/trousse-2.jpg","type":"image\/jpeg"}],"twitter_card":"summary_large_image","twitter_misc":{"Dur\u00e9e de lecture estim\u00e9e":"1 minute"},"schema":{"@context":"https:\/\/schema.org","@graph":[{"@type":"WebPage","@id":"https:\/\/shop.camac-harps.com\/fr\/produit\/trousse-signes-de-larc-pour-harpe-preparee\/","url":"https:\/\/shop.camac-harps.com\/fr\/produit\/trousse-signes-de-larc-pour-harpe-preparee\/","name":"Trousse \"Signes de l'arc\" pour harpe pr\u00e9par\u00e9e - Camac Harps Shop","isPartOf":{"@id":"https:\/\/shop.camac-harps.com\/fr\/#website"},"primaryImageOfPage":{"@id":"https:\/\/shop.camac-harps.com\/fr\/produit\/trousse-signes-de-larc-pour-harpe-preparee\/#primaryimage"},"image":{"@id":"https:\/\/shop.camac-harps.com\/fr\/produit\/trousse-signes-de-larc-pour-harpe-preparee\/#primaryimage"},"thumbnailUrl":"https:\/\/shop.camac-harps.com\/wp-content\/uploads\/sites\/25\/2023\/05\/trousse-2.jpg","datePublished":"2023-05-25T08:32:48+00:00","dateModified":"2025-03-20T13:14:36+00:00","description":"Vous souhaitez d\u00e9couvrir ou approfondir votre connaissance de la harpe pr\u00e9par\u00e9e ? Cette trousse est faite pour vous !L\u2019association \u00ab Les signes de l\u2019arc \u00bb vous propose cette trousse pour exp\u00e9rimenter la harpe pr\u00e9par\u00e9e. Remplie d\u2019accessoires \u2013 chevilles, baguette, superball, bande magn\u00e9tique, bouchons, pinces\u2026 \u2013 elle vous permettra d\u2019explorer les possibilit\u00e9s sonores de votre instrument. Vous pourrez l\u2019emporter partout et y ajouter votre cl\u00e9 d\u2019accord et votre accordeur par exemple. www.lessignesdelarc.org","breadcrumb":{"@id":"https:\/\/shop.camac-harps.com\/fr\/produit\/trousse-signes-de-larc-pour-harpe-preparee\/#breadcrumb"},"inLanguage":"fr-FR","potentialAction":[{"@type":"ReadAction","target":["https:\/\/shop.camac-harps.com\/fr\/produit\/trousse-signes-de-larc-pour-harpe-preparee\/"]}]},{"@type":"ImageObject","inLanguage":"fr-FR","@id":"https:\/\/shop.camac-harps.com\/fr\/produit\/trousse-signes-de-larc-pour-harpe-preparee\/#primaryimage","url":"https:\/\/shop.camac-harps.com\/wp-content\/uploads\/sites\/25\/2023\/05\/trousse-2.jpg","contentUrl":"https:\/\/shop.camac-harps.com\/wp-content\/uploads\/sites\/25\/2023\/05\/trousse-2.jpg","width":800,"height":602,"caption":"Trousse \"Signes de l'arc\" pour harpe pr\u00e9par\u00e9e"},{"@type":"BreadcrumbList","@id":"https:\/\/shop.camac-harps.com\/fr\/produit\/trousse-signes-de-larc-pour-harpe-preparee\/#breadcrumb","itemListElement":[{"@type":"ListItem","position":1,"name":"Home","item":"https:\/\/shop.camac-harps.com\/fr\/homepage\/"},{"@type":"ListItem","position":2,"name":"Accueil","item":"https:\/\/shop.camac-harps.com\/fr\/homepage\/"},{"@type":"ListItem","position":3,"name":"Trousse &#8220;Signes de l&#8217;arc&#8221; pour harpe pr\u00e9par\u00e9e"}]},{"@type":"WebSite","@id":"https:\/\/shop.camac-harps.com\/fr\/#website","url":"https:\/\/shop.camac-harps.com\/fr\/","name":"Camac Harps Shop","description":"","potentialAction":[{"@type":"SearchAction","target":{"@type":"EntryPoint","urlTemplate":"https:\/\/shop.camac-harps.com\/fr\/?s={search_term_string}"},"query-input":{"@type":"PropertyValueSpecification","valueRequired":true,"valueName":"search_term_string"}}],"inLanguage":"fr-FR"}]}},"_links":{"self":[{"href":"https:\/\/shop.camac-harps.com\/fr\/wp-json\/wp\/v2\/product\/54365","targetHints":{"allow":["GET"]}}],"collection":[{"href":"https:\/\/shop.camac-harps.com\/fr\/wp-json\/wp\/v2\/product"}],"about":[{"href":"https:\/\/shop.camac-harps.com\/fr\/wp-json\/wp\/v2\/types\/product"}],"replies":[{"embeddable":true,"href":"https:\/\/shop.camac-harps.com\/fr\/wp-json\/wp\/v2\/comments?post=54365"}],"wp:featuredmedia":[{"embeddable":true,"href":"https:\/\/shop.camac-harps.com\/fr\/wp-json\/wp\/v2\/media\/54362"}],"wp:attachment":[{"href":"https:\/\/shop.camac-harps.com\/fr\/wp-json\/wp\/v2\/media?parent=54365"}],"wp:term":[{"taxonomy":"product_brand","embeddable":true,"href":"https:\/\/shop.camac-harps.com\/fr\/wp-json\/wp\/v2\/product_brand?post=54365"},{"taxonomy":"product_cat","embeddable":true,"href":"https:\/\/shop.camac-harps.com\/fr\/wp-json\/wp\/v2\/product_cat?post=54365"},{"taxonomy":"product_tag","embeddable":true,"href":"https:\/\/shop.camac-harps.com\/fr\/wp-json\/wp\/v2\/product_tag?post=54365"}],"curies":[{"name":"wp","href":"https:\/\/api.w.org\/{rel}","templated":true}]}}