{"id":55569,"date":"2023-08-25T12:08:39","date_gmt":"2023-08-25T12:08:39","guid":{"rendered":"https:\/\/shop.camac-harps.com\/?post_type=product&#038;p=55569"},"modified":"2026-04-17T13:43:46","modified_gmt":"2026-04-17T13:43:46","slug":"reuben-nehama-3-psaumes-115-121-137-pour-harpe-a-pedales-ou-harpe-celtique","status":"publish","type":"product","link":"https:\/\/shop.camac-harps.com\/fr\/produit\/reuben-nehama-3-psaumes-115-121-137-pour-harpe-a-pedales-ou-harpe-celtique\/","title":{"rendered":"REUBEN Nehama : 3 psaumes (115, 121, 137) pour harpe \u00e0 p\u00e9dales ou harpe celtique"},"content":{"rendered":"","protected":false},"excerpt":{"rendered":"","protected":false},"featured_media":55566,"comment_status":"open","ping_status":"closed","template":"","meta":{"_acf_changed":false},"product_brand":[],"product_cat":[108,33,45],"product_tag":[],"class_list":{"0":"post-55569","1":"product","2":"type-product","3":"status-publish","4":"has-post-thumbnail","6":"product_cat-musique-harpe-celtique","7":"product_cat-partitions-pour-harpe","8":"product_cat-solos-harpe-a-pedales","10":"first","11":"instock","12":"taxable","13":"shipping-taxable","14":"purchasable","15":"product-type-simple"},"acf":[],"yoast_head":"<title>REUBEN Nehama : 3 psaumes (115, 121, 137) pour harpe \u00e0 p\u00e9dales ou harpe celtique - Camac Harps Shop<\/title>\n<meta name=\"description\" content=\"REUBEN Nehama : 3 psaumes (115, 121, 137) pour harpe \u00e0 p\u00e9dales ou harpe celtique. Disponible dans la boutique en ligne des Harpes Camac. Exp\u00e9dition dans le monde entier depuis la France.\" \/>\n<meta name=\"robots\" content=\"index, follow, max-snippet:-1, max-image-preview:large, max-video-preview:-1\" \/>\n<link rel=\"canonical\" href=\"https:\/\/shop.camac-harps.com\/fr\/produit\/reuben-nehama-3-psaumes-115-121-137-pour-harpe-a-pedales-ou-harpe-celtique\/\" \/>\n<meta property=\"og:locale\" content=\"fr_FR\" \/>\n<meta property=\"og:type\" content=\"article\" \/>\n<meta property=\"og:title\" content=\"REUBEN Nehama : 3 psaumes (115, 121, 137) pour harpe \u00e0 p\u00e9dales ou harpe celtique - Camac Harps Shop\" \/>\n<meta property=\"og:description\" content=\"REUBEN Nehama : 3 psaumes (115, 121, 137) pour harpe \u00e0 p\u00e9dales ou harpe celtique. Disponible dans la boutique en ligne des Harpes Camac. Exp\u00e9dition dans le monde entier depuis la France.\" \/>\n<meta property=\"og:url\" content=\"https:\/\/shop.camac-harps.com\/fr\/produit\/reuben-nehama-3-psaumes-115-121-137-pour-harpe-a-pedales-ou-harpe-celtique\/\" \/>\n<meta property=\"og:site_name\" content=\"Camac Harps Shop\" \/>\n<meta property=\"article:modified_time\" content=\"2026-04-17T13:43:46+00:00\" \/>\n<meta property=\"og:image\" content=\"https:\/\/shop.camac-harps.com\/wp-content\/uploads\/sites\/25\/2023\/08\/rnn02-1.jpg\" \/>\n\t<meta property=\"og:image:width\" content=\"579\" \/>\n\t<meta property=\"og:image:height\" content=\"780\" \/>\n\t<meta property=\"og:image:type\" content=\"image\/jpeg\" \/>\n<meta name=\"twitter:card\" content=\"summary_large_image\" \/>\n<meta name=\"twitter:label1\" content=\"Dur\u00e9e de lecture estim\u00e9e\" \/>\n\t<meta name=\"twitter:data1\" content=\"1 minute\" \/>\n<script type=\"application\/ld+json\" class=\"yoast-schema-graph\">{\"@context\":\"https:\/\/schema.org\",\"@graph\":[{\"@type\":\"WebPage\",\"@id\":\"https:\/\/shop.camac-harps.com\/fr\/produit\/reuben-nehama-3-psaumes-115-121-137-pour-harpe-a-pedales-ou-harpe-celtique\/\",\"url\":\"https:\/\/shop.camac-harps.com\/fr\/produit\/reuben-nehama-3-psaumes-115-121-137-pour-harpe-a-pedales-ou-harpe-celtique\/\",\"name\":\"REUBEN Nehama : 3 psaumes (115, 121, 137) pour harpe \u00e0 p\u00e9dales ou harpe celtique - Camac Harps Shop\",\"isPartOf\":{\"@id\":\"https:\/\/shop.camac-harps.com\/fr\/#website\"},\"primaryImageOfPage\":{\"@id\":\"https:\/\/shop.camac-harps.com\/fr\/produit\/reuben-nehama-3-psaumes-115-121-137-pour-harpe-a-pedales-ou-harpe-celtique\/#primaryimage\"},\"image\":{\"@id\":\"https:\/\/shop.camac-harps.com\/fr\/produit\/reuben-nehama-3-psaumes-115-121-137-pour-harpe-a-pedales-ou-harpe-celtique\/#primaryimage\"},\"thumbnailUrl\":\"https:\/\/shop.camac-harps.com\/wp-content\/uploads\/sites\/25\/2023\/08\/rnn02-1.jpg\",\"datePublished\":\"2023-08-25T12:08:39+00:00\",\"dateModified\":\"2026-04-17T13:43:46+00:00\",\"description\":\"REUBEN Nehama : 3 psaumes (115, 121, 137) pour harpe \u00e0 p\u00e9dales ou harpe celtique. Disponible dans la boutique en ligne des Harpes Camac. Exp\u00e9dition dans le monde entier depuis la France.\",\"breadcrumb\":{\"@id\":\"https:\/\/shop.camac-harps.com\/fr\/produit\/reuben-nehama-3-psaumes-115-121-137-pour-harpe-a-pedales-ou-harpe-celtique\/#breadcrumb\"},\"inLanguage\":\"fr-FR\",\"potentialAction\":[{\"@type\":\"ReadAction\",\"target\":[\"https:\/\/shop.camac-harps.com\/fr\/produit\/reuben-nehama-3-psaumes-115-121-137-pour-harpe-a-pedales-ou-harpe-celtique\/\"]}]},{\"@type\":\"ImageObject\",\"inLanguage\":\"fr-FR\",\"@id\":\"https:\/\/shop.camac-harps.com\/fr\/produit\/reuben-nehama-3-psaumes-115-121-137-pour-harpe-a-pedales-ou-harpe-celtique\/#primaryimage\",\"url\":\"https:\/\/shop.camac-harps.com\/wp-content\/uploads\/sites\/25\/2023\/08\/rnn02-1.jpg\",\"contentUrl\":\"https:\/\/shop.camac-harps.com\/wp-content\/uploads\/sites\/25\/2023\/08\/rnn02-1.jpg\",\"width\":579,\"height\":780,\"caption\":\"REUBEN Nehama : 3 psaumes pour harpe \u00e0 p\u00e9dales ou harpe celtique\"},{\"@type\":\"BreadcrumbList\",\"@id\":\"https:\/\/shop.camac-harps.com\/fr\/produit\/reuben-nehama-3-psaumes-115-121-137-pour-harpe-a-pedales-ou-harpe-celtique\/#breadcrumb\",\"itemListElement\":[{\"@type\":\"ListItem\",\"position\":1,\"name\":\"Home\",\"item\":\"https:\/\/shop.camac-harps.com\/fr\/homepage\/\"},{\"@type\":\"ListItem\",\"position\":2,\"name\":\"Accueil\",\"item\":\"https:\/\/shop.camac-harps.com\/fr\/homepage\/\"},{\"@type\":\"ListItem\",\"position\":3,\"name\":\"REUBEN Nehama : 3 psaumes (115, 121, 137) pour harpe \u00e0 p\u00e9dales ou harpe celtique\"}]},{\"@type\":\"WebSite\",\"@id\":\"https:\/\/shop.camac-harps.com\/fr\/#website\",\"url\":\"https:\/\/shop.camac-harps.com\/fr\/\",\"name\":\"Camac Harps Shop\",\"description\":\"\",\"potentialAction\":[{\"@type\":\"SearchAction\",\"target\":{\"@type\":\"EntryPoint\",\"urlTemplate\":\"https:\/\/shop.camac-harps.com\/fr\/?s={search_term_string}\"},\"query-input\":{\"@type\":\"PropertyValueSpecification\",\"valueRequired\":true,\"valueName\":\"search_term_string\"}}],\"inLanguage\":\"fr-FR\"}]}<\/script>","yoast_head_json":{"title":"REUBEN Nehama : 3 psaumes (115, 121, 137) pour harpe \u00e0 p\u00e9dales ou harpe celtique - Camac Harps Shop","description":"REUBEN Nehama : 3 psaumes (115, 121, 137) pour harpe \u00e0 p\u00e9dales ou harpe celtique. Disponible dans la boutique en ligne des Harpes Camac. Exp\u00e9dition dans le monde entier depuis la France.","robots":{"index":"index","follow":"follow","max-snippet":"max-snippet:-1","max-image-preview":"max-image-preview:large","max-video-preview":"max-video-preview:-1"},"canonical":"https:\/\/shop.camac-harps.com\/fr\/produit\/reuben-nehama-3-psaumes-115-121-137-pour-harpe-a-pedales-ou-harpe-celtique\/","og_locale":"fr_FR","og_type":"article","og_title":"REUBEN Nehama : 3 psaumes (115, 121, 137) pour harpe \u00e0 p\u00e9dales ou harpe celtique - Camac Harps Shop","og_description":"REUBEN Nehama : 3 psaumes (115, 121, 137) pour harpe \u00e0 p\u00e9dales ou harpe celtique. Disponible dans la boutique en ligne des Harpes Camac. Exp\u00e9dition dans le monde entier depuis la France.","og_url":"https:\/\/shop.camac-harps.com\/fr\/produit\/reuben-nehama-3-psaumes-115-121-137-pour-harpe-a-pedales-ou-harpe-celtique\/","og_site_name":"Camac Harps Shop","article_modified_time":"2026-04-17T13:43:46+00:00","og_image":[{"width":579,"height":780,"url":"https:\/\/shop.camac-harps.com\/wp-content\/uploads\/sites\/25\/2023\/08\/rnn02-1.jpg","type":"image\/jpeg"}],"twitter_card":"summary_large_image","twitter_misc":{"Dur\u00e9e de lecture estim\u00e9e":"1 minute"},"schema":{"@context":"https:\/\/schema.org","@graph":[{"@type":"WebPage","@id":"https:\/\/shop.camac-harps.com\/fr\/produit\/reuben-nehama-3-psaumes-115-121-137-pour-harpe-a-pedales-ou-harpe-celtique\/","url":"https:\/\/shop.camac-harps.com\/fr\/produit\/reuben-nehama-3-psaumes-115-121-137-pour-harpe-a-pedales-ou-harpe-celtique\/","name":"REUBEN Nehama : 3 psaumes (115, 121, 137) pour harpe \u00e0 p\u00e9dales ou harpe celtique - Camac Harps Shop","isPartOf":{"@id":"https:\/\/shop.camac-harps.com\/fr\/#website"},"primaryImageOfPage":{"@id":"https:\/\/shop.camac-harps.com\/fr\/produit\/reuben-nehama-3-psaumes-115-121-137-pour-harpe-a-pedales-ou-harpe-celtique\/#primaryimage"},"image":{"@id":"https:\/\/shop.camac-harps.com\/fr\/produit\/reuben-nehama-3-psaumes-115-121-137-pour-harpe-a-pedales-ou-harpe-celtique\/#primaryimage"},"thumbnailUrl":"https:\/\/shop.camac-harps.com\/wp-content\/uploads\/sites\/25\/2023\/08\/rnn02-1.jpg","datePublished":"2023-08-25T12:08:39+00:00","dateModified":"2026-04-17T13:43:46+00:00","description":"REUBEN Nehama : 3 psaumes (115, 121, 137) pour harpe \u00e0 p\u00e9dales ou harpe celtique. Disponible dans la boutique en ligne des Harpes Camac. Exp\u00e9dition dans le monde entier depuis la France.","breadcrumb":{"@id":"https:\/\/shop.camac-harps.com\/fr\/produit\/reuben-nehama-3-psaumes-115-121-137-pour-harpe-a-pedales-ou-harpe-celtique\/#breadcrumb"},"inLanguage":"fr-FR","potentialAction":[{"@type":"ReadAction","target":["https:\/\/shop.camac-harps.com\/fr\/produit\/reuben-nehama-3-psaumes-115-121-137-pour-harpe-a-pedales-ou-harpe-celtique\/"]}]},{"@type":"ImageObject","inLanguage":"fr-FR","@id":"https:\/\/shop.camac-harps.com\/fr\/produit\/reuben-nehama-3-psaumes-115-121-137-pour-harpe-a-pedales-ou-harpe-celtique\/#primaryimage","url":"https:\/\/shop.camac-harps.com\/wp-content\/uploads\/sites\/25\/2023\/08\/rnn02-1.jpg","contentUrl":"https:\/\/shop.camac-harps.com\/wp-content\/uploads\/sites\/25\/2023\/08\/rnn02-1.jpg","width":579,"height":780,"caption":"REUBEN Nehama : 3 psaumes pour harpe \u00e0 p\u00e9dales ou harpe celtique"},{"@type":"BreadcrumbList","@id":"https:\/\/shop.camac-harps.com\/fr\/produit\/reuben-nehama-3-psaumes-115-121-137-pour-harpe-a-pedales-ou-harpe-celtique\/#breadcrumb","itemListElement":[{"@type":"ListItem","position":1,"name":"Home","item":"https:\/\/shop.camac-harps.com\/fr\/homepage\/"},{"@type":"ListItem","position":2,"name":"Accueil","item":"https:\/\/shop.camac-harps.com\/fr\/homepage\/"},{"@type":"ListItem","position":3,"name":"REUBEN Nehama : 3 psaumes (115, 121, 137) pour harpe \u00e0 p\u00e9dales ou harpe celtique"}]},{"@type":"WebSite","@id":"https:\/\/shop.camac-harps.com\/fr\/#website","url":"https:\/\/shop.camac-harps.com\/fr\/","name":"Camac Harps Shop","description":"","potentialAction":[{"@type":"SearchAction","target":{"@type":"EntryPoint","urlTemplate":"https:\/\/shop.camac-harps.com\/fr\/?s={search_term_string}"},"query-input":{"@type":"PropertyValueSpecification","valueRequired":true,"valueName":"search_term_string"}}],"inLanguage":"fr-FR"}]}},"_links":{"self":[{"href":"https:\/\/shop.camac-harps.com\/fr\/wp-json\/wp\/v2\/product\/55569","targetHints":{"allow":["GET"]}}],"collection":[{"href":"https:\/\/shop.camac-harps.com\/fr\/wp-json\/wp\/v2\/product"}],"about":[{"href":"https:\/\/shop.camac-harps.com\/fr\/wp-json\/wp\/v2\/types\/product"}],"replies":[{"embeddable":true,"href":"https:\/\/shop.camac-harps.com\/fr\/wp-json\/wp\/v2\/comments?post=55569"}],"wp:featuredmedia":[{"embeddable":true,"href":"https:\/\/shop.camac-harps.com\/fr\/wp-json\/wp\/v2\/media\/55566"}],"wp:attachment":[{"href":"https:\/\/shop.camac-harps.com\/fr\/wp-json\/wp\/v2\/media?parent=55569"}],"wp:term":[{"taxonomy":"product_brand","embeddable":true,"href":"https:\/\/shop.camac-harps.com\/fr\/wp-json\/wp\/v2\/product_brand?post=55569"},{"taxonomy":"product_cat","embeddable":true,"href":"https:\/\/shop.camac-harps.com\/fr\/wp-json\/wp\/v2\/product_cat?post=55569"},{"taxonomy":"product_tag","embeddable":true,"href":"https:\/\/shop.camac-harps.com\/fr\/wp-json\/wp\/v2\/product_tag?post=55569"}],"curies":[{"name":"wp","href":"https:\/\/api.w.org\/{rel}","templated":true}]}}