{"id":59626,"date":"2024-03-01T13:26:28","date_gmt":"2024-03-01T13:26:28","guid":{"rendered":"https:\/\/shop.camac-harps.com\/?post_type=product&#038;p=59626"},"modified":"2025-02-05T13:35:03","modified_gmt":"2025-02-05T13:35:03","slug":"colard-elisabeth-la-harpe-au-sein-de-lorchestre","status":"publish","type":"product","link":"https:\/\/shop.camac-harps.com\/fr\/produit\/colard-elisabeth-la-harpe-au-sein-de-lorchestre\/","title":{"rendered":"COLARD Elisabeth : La harpe au sein de l&rsquo;orchestre &#8211; Volume 3"},"content":{"rendered":"","protected":false},"excerpt":{"rendered":"","protected":false},"featured_media":59623,"comment_status":"open","ping_status":"closed","template":"","meta":{"_acf_changed":false},"product_brand":[],"product_cat":[57,33],"product_tag":[],"class_list":{"0":"post-59626","1":"product","2":"type-product","3":"status-publish","4":"has-post-thumbnail","6":"product_cat-concertos-traits-dorchestre","7":"product_cat-partitions-pour-harpe","9":"first","10":"instock","11":"taxable","12":"shipping-taxable","13":"purchasable","14":"product-type-simple"},"acf":[],"yoast_head":"<title>COLARD Elisabeth : La harpe au sein de l&#039;orchestre - Volume 3 - Camac Harps Shop<\/title>\n<meta name=\"description\" content=\"A la d\u00e9couverte du R\u00e9pertoire d&#039;Orchestre. Boutique en ligne des Harpes Camac. Disponible \u00e0 la vente sur la boutique en ligne des Harpes Camac. Exp\u00e9dition dans le monde entier depuis la France.\" \/>\n<meta name=\"robots\" content=\"index, follow, max-snippet:-1, max-image-preview:large, max-video-preview:-1\" \/>\n<link rel=\"canonical\" href=\"https:\/\/shop.camac-harps.com\/fr\/produit\/colard-elisabeth-la-harpe-au-sein-de-lorchestre\/\" \/>\n<meta property=\"og:locale\" content=\"fr_FR\" \/>\n<meta property=\"og:type\" content=\"article\" \/>\n<meta property=\"og:title\" content=\"COLARD Elisabeth : La harpe au sein de l&#039;orchestre - Volume 3 - Camac Harps Shop\" \/>\n<meta property=\"og:description\" content=\"A la d\u00e9couverte du R\u00e9pertoire d&#039;Orchestre. Boutique en ligne des Harpes Camac. Disponible \u00e0 la vente sur la boutique en ligne des Harpes Camac. Exp\u00e9dition dans le monde entier depuis la France.\" \/>\n<meta property=\"og:url\" content=\"https:\/\/shop.camac-harps.com\/fr\/produit\/colard-elisabeth-la-harpe-au-sein-de-lorchestre\/\" \/>\n<meta property=\"og:site_name\" content=\"Camac Harps Shop\" \/>\n<meta property=\"article:modified_time\" content=\"2025-02-05T13:35:03+00:00\" \/>\n<meta property=\"og:image\" content=\"https:\/\/shop.camac-harps.com\/wp-content\/uploads\/sites\/25\/2024\/03\/cde04-1.jpg\" \/>\n\t<meta property=\"og:image:width\" content=\"1215\" \/>\n\t<meta property=\"og:image:height\" content=\"1745\" \/>\n\t<meta property=\"og:image:type\" content=\"image\/jpeg\" \/>\n<meta name=\"twitter:card\" content=\"summary_large_image\" \/>\n<meta name=\"twitter:label1\" content=\"Dur\u00e9e de lecture estim\u00e9e\" \/>\n\t<meta name=\"twitter:data1\" content=\"1 minute\" \/>\n<script type=\"application\/ld+json\" class=\"yoast-schema-graph\">{\"@context\":\"https:\/\/schema.org\",\"@graph\":[{\"@type\":\"WebPage\",\"@id\":\"https:\/\/shop.camac-harps.com\/fr\/produit\/colard-elisabeth-la-harpe-au-sein-de-lorchestre\/\",\"url\":\"https:\/\/shop.camac-harps.com\/fr\/produit\/colard-elisabeth-la-harpe-au-sein-de-lorchestre\/\",\"name\":\"COLARD Elisabeth : La harpe au sein de l'orchestre - Volume 3 - Camac Harps Shop\",\"isPartOf\":{\"@id\":\"https:\/\/shop.camac-harps.com\/fr\/#website\"},\"primaryImageOfPage\":{\"@id\":\"https:\/\/shop.camac-harps.com\/fr\/produit\/colard-elisabeth-la-harpe-au-sein-de-lorchestre\/#primaryimage\"},\"image\":{\"@id\":\"https:\/\/shop.camac-harps.com\/fr\/produit\/colard-elisabeth-la-harpe-au-sein-de-lorchestre\/#primaryimage\"},\"thumbnailUrl\":\"https:\/\/shop.camac-harps.com\/wp-content\/uploads\/sites\/25\/2024\/03\/cde04-1.jpg\",\"datePublished\":\"2024-03-01T13:26:28+00:00\",\"dateModified\":\"2025-02-05T13:35:03+00:00\",\"description\":\"A la d\u00e9couverte du R\u00e9pertoire d'Orchestre. Boutique en ligne des Harpes Camac. Disponible \u00e0 la vente sur la boutique en ligne des Harpes Camac. Exp\u00e9dition dans le monde entier depuis la France.\",\"breadcrumb\":{\"@id\":\"https:\/\/shop.camac-harps.com\/fr\/produit\/colard-elisabeth-la-harpe-au-sein-de-lorchestre\/#breadcrumb\"},\"inLanguage\":\"fr-FR\",\"potentialAction\":[{\"@type\":\"ReadAction\",\"target\":[\"https:\/\/shop.camac-harps.com\/fr\/produit\/colard-elisabeth-la-harpe-au-sein-de-lorchestre\/\"]}]},{\"@type\":\"ImageObject\",\"inLanguage\":\"fr-FR\",\"@id\":\"https:\/\/shop.camac-harps.com\/fr\/produit\/colard-elisabeth-la-harpe-au-sein-de-lorchestre\/#primaryimage\",\"url\":\"https:\/\/shop.camac-harps.com\/wp-content\/uploads\/sites\/25\/2024\/03\/cde04-1.jpg\",\"contentUrl\":\"https:\/\/shop.camac-harps.com\/wp-content\/uploads\/sites\/25\/2024\/03\/cde04-1.jpg\",\"width\":1215,\"height\":1745,\"caption\":\"COLARD Elisabeth : La Harpe au sein de l'orchestre\"},{\"@type\":\"BreadcrumbList\",\"@id\":\"https:\/\/shop.camac-harps.com\/fr\/produit\/colard-elisabeth-la-harpe-au-sein-de-lorchestre\/#breadcrumb\",\"itemListElement\":[{\"@type\":\"ListItem\",\"position\":1,\"name\":\"Home\",\"item\":\"https:\/\/shop.camac-harps.com\/fr\/homepage\/\"},{\"@type\":\"ListItem\",\"position\":2,\"name\":\"Accueil\",\"item\":\"https:\/\/shop.camac-harps.com\/fr\/homepage\/\"},{\"@type\":\"ListItem\",\"position\":3,\"name\":\"COLARD Elisabeth : La harpe au sein de l&#8217;orchestre &#8211; Volume 3\"}]},{\"@type\":\"WebSite\",\"@id\":\"https:\/\/shop.camac-harps.com\/fr\/#website\",\"url\":\"https:\/\/shop.camac-harps.com\/fr\/\",\"name\":\"Camac Harps Shop\",\"description\":\"\",\"potentialAction\":[{\"@type\":\"SearchAction\",\"target\":{\"@type\":\"EntryPoint\",\"urlTemplate\":\"https:\/\/shop.camac-harps.com\/fr\/?s={search_term_string}\"},\"query-input\":{\"@type\":\"PropertyValueSpecification\",\"valueRequired\":true,\"valueName\":\"search_term_string\"}}],\"inLanguage\":\"fr-FR\"}]}<\/script>","yoast_head_json":{"title":"COLARD Elisabeth : La harpe au sein de l'orchestre - Volume 3 - Camac Harps Shop","description":"A la d\u00e9couverte du R\u00e9pertoire d'Orchestre. Boutique en ligne des Harpes Camac. Disponible \u00e0 la vente sur la boutique en ligne des Harpes Camac. Exp\u00e9dition dans le monde entier depuis la France.","robots":{"index":"index","follow":"follow","max-snippet":"max-snippet:-1","max-image-preview":"max-image-preview:large","max-video-preview":"max-video-preview:-1"},"canonical":"https:\/\/shop.camac-harps.com\/fr\/produit\/colard-elisabeth-la-harpe-au-sein-de-lorchestre\/","og_locale":"fr_FR","og_type":"article","og_title":"COLARD Elisabeth : La harpe au sein de l'orchestre - Volume 3 - Camac Harps Shop","og_description":"A la d\u00e9couverte du R\u00e9pertoire d'Orchestre. Boutique en ligne des Harpes Camac. Disponible \u00e0 la vente sur la boutique en ligne des Harpes Camac. Exp\u00e9dition dans le monde entier depuis la France.","og_url":"https:\/\/shop.camac-harps.com\/fr\/produit\/colard-elisabeth-la-harpe-au-sein-de-lorchestre\/","og_site_name":"Camac Harps Shop","article_modified_time":"2025-02-05T13:35:03+00:00","og_image":[{"width":1215,"height":1745,"url":"https:\/\/shop.camac-harps.com\/wp-content\/uploads\/sites\/25\/2024\/03\/cde04-1.jpg","type":"image\/jpeg"}],"twitter_card":"summary_large_image","twitter_misc":{"Dur\u00e9e de lecture estim\u00e9e":"1 minute"},"schema":{"@context":"https:\/\/schema.org","@graph":[{"@type":"WebPage","@id":"https:\/\/shop.camac-harps.com\/fr\/produit\/colard-elisabeth-la-harpe-au-sein-de-lorchestre\/","url":"https:\/\/shop.camac-harps.com\/fr\/produit\/colard-elisabeth-la-harpe-au-sein-de-lorchestre\/","name":"COLARD Elisabeth : La harpe au sein de l'orchestre - Volume 3 - Camac Harps Shop","isPartOf":{"@id":"https:\/\/shop.camac-harps.com\/fr\/#website"},"primaryImageOfPage":{"@id":"https:\/\/shop.camac-harps.com\/fr\/produit\/colard-elisabeth-la-harpe-au-sein-de-lorchestre\/#primaryimage"},"image":{"@id":"https:\/\/shop.camac-harps.com\/fr\/produit\/colard-elisabeth-la-harpe-au-sein-de-lorchestre\/#primaryimage"},"thumbnailUrl":"https:\/\/shop.camac-harps.com\/wp-content\/uploads\/sites\/25\/2024\/03\/cde04-1.jpg","datePublished":"2024-03-01T13:26:28+00:00","dateModified":"2025-02-05T13:35:03+00:00","description":"A la d\u00e9couverte du R\u00e9pertoire d'Orchestre. Boutique en ligne des Harpes Camac. Disponible \u00e0 la vente sur la boutique en ligne des Harpes Camac. Exp\u00e9dition dans le monde entier depuis la France.","breadcrumb":{"@id":"https:\/\/shop.camac-harps.com\/fr\/produit\/colard-elisabeth-la-harpe-au-sein-de-lorchestre\/#breadcrumb"},"inLanguage":"fr-FR","potentialAction":[{"@type":"ReadAction","target":["https:\/\/shop.camac-harps.com\/fr\/produit\/colard-elisabeth-la-harpe-au-sein-de-lorchestre\/"]}]},{"@type":"ImageObject","inLanguage":"fr-FR","@id":"https:\/\/shop.camac-harps.com\/fr\/produit\/colard-elisabeth-la-harpe-au-sein-de-lorchestre\/#primaryimage","url":"https:\/\/shop.camac-harps.com\/wp-content\/uploads\/sites\/25\/2024\/03\/cde04-1.jpg","contentUrl":"https:\/\/shop.camac-harps.com\/wp-content\/uploads\/sites\/25\/2024\/03\/cde04-1.jpg","width":1215,"height":1745,"caption":"COLARD Elisabeth : La Harpe au sein de l'orchestre"},{"@type":"BreadcrumbList","@id":"https:\/\/shop.camac-harps.com\/fr\/produit\/colard-elisabeth-la-harpe-au-sein-de-lorchestre\/#breadcrumb","itemListElement":[{"@type":"ListItem","position":1,"name":"Home","item":"https:\/\/shop.camac-harps.com\/fr\/homepage\/"},{"@type":"ListItem","position":2,"name":"Accueil","item":"https:\/\/shop.camac-harps.com\/fr\/homepage\/"},{"@type":"ListItem","position":3,"name":"COLARD Elisabeth : La harpe au sein de l&#8217;orchestre &#8211; Volume 3"}]},{"@type":"WebSite","@id":"https:\/\/shop.camac-harps.com\/fr\/#website","url":"https:\/\/shop.camac-harps.com\/fr\/","name":"Camac Harps Shop","description":"","potentialAction":[{"@type":"SearchAction","target":{"@type":"EntryPoint","urlTemplate":"https:\/\/shop.camac-harps.com\/fr\/?s={search_term_string}"},"query-input":{"@type":"PropertyValueSpecification","valueRequired":true,"valueName":"search_term_string"}}],"inLanguage":"fr-FR"}]}},"_links":{"self":[{"href":"https:\/\/shop.camac-harps.com\/fr\/wp-json\/wp\/v2\/product\/59626","targetHints":{"allow":["GET"]}}],"collection":[{"href":"https:\/\/shop.camac-harps.com\/fr\/wp-json\/wp\/v2\/product"}],"about":[{"href":"https:\/\/shop.camac-harps.com\/fr\/wp-json\/wp\/v2\/types\/product"}],"replies":[{"embeddable":true,"href":"https:\/\/shop.camac-harps.com\/fr\/wp-json\/wp\/v2\/comments?post=59626"}],"wp:featuredmedia":[{"embeddable":true,"href":"https:\/\/shop.camac-harps.com\/fr\/wp-json\/wp\/v2\/media\/59623"}],"wp:attachment":[{"href":"https:\/\/shop.camac-harps.com\/fr\/wp-json\/wp\/v2\/media?parent=59626"}],"wp:term":[{"taxonomy":"product_brand","embeddable":true,"href":"https:\/\/shop.camac-harps.com\/fr\/wp-json\/wp\/v2\/product_brand?post=59626"},{"taxonomy":"product_cat","embeddable":true,"href":"https:\/\/shop.camac-harps.com\/fr\/wp-json\/wp\/v2\/product_cat?post=59626"},{"taxonomy":"product_tag","embeddable":true,"href":"https:\/\/shop.camac-harps.com\/fr\/wp-json\/wp\/v2\/product_tag?post=59626"}],"curies":[{"name":"wp","href":"https:\/\/api.w.org\/{rel}","templated":true}]}}