{"id":59841,"date":"2024-03-15T10:30:22","date_gmt":"2024-03-15T10:30:22","guid":{"rendered":"https:\/\/shop.camac-harps.com\/?post_type=product&#038;p=59841"},"modified":"2025-09-12T13:26:47","modified_gmt":"2025-09-12T13:26:47","slug":"accordeur-electronique-avec-capteur-korg-tm-70c-bk","status":"publish","type":"product","link":"https:\/\/shop.camac-harps.com\/fr\/produit\/accordeur-electronique-avec-capteur-korg-tm-70c-bk\/","title":{"rendered":"Combo accordeur-m\u00e9tronome pour harpe \u00e0 p\u00e9dales (avec capteur) KORG TM-70C BK"},"content":{"rendered":"<h1 class=\"header1\"><span style=\"font-size: 12pt; font-family: verdana, geneva, sans-serif;\">Une fonctionnalit\u00e9 compl\u00e8te dans un bo\u00eetier compact. La s\u00e9rie TM, concept novateur d&rsquo;accordeur et de m\u00e9tronome combin\u00e9s, offre une grande vari\u00e9t\u00e9 de fonctions et une visibilit\u00e9 exceptionnelle. C&rsquo;est l&rsquo;outil id\u00e9al pour l&rsquo;apprentissage de l&rsquo;accordage et du rythme.<\/span><br \/>\n<span style=\"font-size: 12pt; font-family: verdana, geneva, sans-serif;\">Le dernier mod\u00e8le, le TM-70T, am\u00e9liore encore le concept original en le rendant plus facile \u00e0 utiliser que jamais. Non seulement il est suffisamment petit pour tenir dans une poche, mais il est dot\u00e9 d&rsquo;un nouvel \u00e9cran offrant une meilleure visibilit\u00e9 et d&rsquo;une nouvelle fonction de transposition (Fa, Sib, Mib), ce qui en fait le partenaire id\u00e9al de tout musicien. La qualit\u00e9 sonore du m\u00e9tronome et de la sortie audio a \u00e9galement \u00e9t\u00e9 am\u00e9lior\u00e9e, de sorte qu&rsquo;il est facile \u00e0 entendre, m\u00eame dans les environnements bruyants.<\/span><br \/>\n<span style=\"font-size: 12pt; font-family: verdana, geneva, sans-serif;\">La qualit\u00e9, la rapidit\u00e9 et la pr\u00e9cision de l&rsquo;accordage, essentiel \u00e0 toute prestation, ont \u00e9galement \u00e9t\u00e9 am\u00e9lior\u00e9es.<\/span><br \/>\n<span style=\"font-size: 12pt; font-family: verdana, geneva, sans-serif;\">Le TM-70T est enti\u00e8rement \u00ab\u00a0Made in Japan\u00a0\u00bb.<\/span><\/h1>\n","protected":false},"excerpt":{"rendered":"<p>Une fonctionnalit\u00e9 compl\u00e8te dans un bo\u00eetier compact. La s\u00e9rie TM, concept novateur d&rsquo;accordeur et de m\u00e9tronome combin\u00e9s, offre une grande vari\u00e9t\u00e9 de fonctions et une visibilit\u00e9 exceptionnelle. C&rsquo;est l&rsquo;outil id\u00e9al pour l&rsquo;apprentissage de l&rsquo;accordage et du rythme. Le dernier mod\u00e8le, le TM-70T, am\u00e9liore encore le concept original en le rendant plus facile \u00e0 utiliser que [&hellip;]<\/p>\n","protected":false},"featured_media":59835,"comment_status":"open","ping_status":"closed","template":"","meta":{"_acf_changed":false},"product_brand":[],"product_cat":[39,78],"product_tag":[],"class_list":{"0":"post-59841","1":"product","2":"type-product","3":"status-publish","4":"has-post-thumbnail","6":"product_cat-accessoires-housses","7":"product_cat-accordeurs","9":"first","10":"instock","11":"taxable","12":"shipping-taxable","13":"purchasable","14":"product-type-simple"},"acf":[],"yoast_head":"<title>Combo accordeur-m\u00e9tronome pour harpe \u00e0 p\u00e9dales (avec capteur) KORG TM-70C BK - Camac Harps Shop<\/title>\n<meta name=\"description\" content=\"Disponible \u00e0 la vente sur la boutique en ligne des Harpes Camac. Exp\u00e9dition dans le monde entier depuis la France.\" \/>\n<meta name=\"robots\" content=\"index, follow, max-snippet:-1, max-image-preview:large, max-video-preview:-1\" \/>\n<link rel=\"canonical\" href=\"https:\/\/shop.camac-harps.com\/fr\/produit\/accordeur-electronique-avec-capteur-korg-tm-70c-bk\/\" \/>\n<meta property=\"og:locale\" content=\"fr_FR\" \/>\n<meta property=\"og:type\" content=\"article\" \/>\n<meta property=\"og:title\" content=\"Combo accordeur-m\u00e9tronome pour harpe \u00e0 p\u00e9dales (avec capteur) KORG TM-70C BK - Camac Harps Shop\" \/>\n<meta property=\"og:description\" content=\"Disponible \u00e0 la vente sur la boutique en ligne des Harpes Camac. Exp\u00e9dition dans le monde entier depuis la France.\" \/>\n<meta property=\"og:url\" content=\"https:\/\/shop.camac-harps.com\/fr\/produit\/accordeur-electronique-avec-capteur-korg-tm-70c-bk\/\" \/>\n<meta property=\"og:site_name\" content=\"Camac Harps Shop\" \/>\n<meta property=\"article:modified_time\" content=\"2025-09-12T13:26:47+00:00\" \/>\n<meta property=\"og:image\" content=\"https:\/\/shop.camac-harps.com\/wp-content\/uploads\/sites\/25\/2024\/03\/ac1-1.jpg\" \/>\n\t<meta property=\"og:image:width\" content=\"800\" \/>\n\t<meta property=\"og:image:height\" content=\"800\" \/>\n\t<meta property=\"og:image:type\" content=\"image\/jpeg\" \/>\n<meta name=\"twitter:card\" content=\"summary_large_image\" \/>\n<meta name=\"twitter:label1\" content=\"Dur\u00e9e de lecture estim\u00e9e\" \/>\n\t<meta name=\"twitter:data1\" content=\"1 minute\" \/>\n<script type=\"application\/ld+json\" class=\"yoast-schema-graph\">{\"@context\":\"https:\/\/schema.org\",\"@graph\":[{\"@type\":\"WebPage\",\"@id\":\"https:\/\/shop.camac-harps.com\/fr\/produit\/accordeur-electronique-avec-capteur-korg-tm-70c-bk\/\",\"url\":\"https:\/\/shop.camac-harps.com\/fr\/produit\/accordeur-electronique-avec-capteur-korg-tm-70c-bk\/\",\"name\":\"Combo accordeur-m\u00e9tronome pour harpe \u00e0 p\u00e9dales (avec capteur) KORG TM-70C BK - Camac Harps Shop\",\"isPartOf\":{\"@id\":\"https:\/\/shop.camac-harps.com\/fr\/#website\"},\"primaryImageOfPage\":{\"@id\":\"https:\/\/shop.camac-harps.com\/fr\/produit\/accordeur-electronique-avec-capteur-korg-tm-70c-bk\/#primaryimage\"},\"image\":{\"@id\":\"https:\/\/shop.camac-harps.com\/fr\/produit\/accordeur-electronique-avec-capteur-korg-tm-70c-bk\/#primaryimage\"},\"thumbnailUrl\":\"https:\/\/shop.camac-harps.com\/wp-content\/uploads\/sites\/25\/2024\/03\/ac1-1.jpg\",\"datePublished\":\"2024-03-15T10:30:22+00:00\",\"dateModified\":\"2025-09-12T13:26:47+00:00\",\"description\":\"Disponible \u00e0 la vente sur la boutique en ligne des Harpes Camac. Exp\u00e9dition dans le monde entier depuis la France.\",\"breadcrumb\":{\"@id\":\"https:\/\/shop.camac-harps.com\/fr\/produit\/accordeur-electronique-avec-capteur-korg-tm-70c-bk\/#breadcrumb\"},\"inLanguage\":\"fr-FR\",\"potentialAction\":[{\"@type\":\"ReadAction\",\"target\":[\"https:\/\/shop.camac-harps.com\/fr\/produit\/accordeur-electronique-avec-capteur-korg-tm-70c-bk\/\"]}]},{\"@type\":\"ImageObject\",\"inLanguage\":\"fr-FR\",\"@id\":\"https:\/\/shop.camac-harps.com\/fr\/produit\/accordeur-electronique-avec-capteur-korg-tm-70c-bk\/#primaryimage\",\"url\":\"https:\/\/shop.camac-harps.com\/wp-content\/uploads\/sites\/25\/2024\/03\/ac1-1.jpg\",\"contentUrl\":\"https:\/\/shop.camac-harps.com\/wp-content\/uploads\/sites\/25\/2024\/03\/ac1-1.jpg\",\"width\":800,\"height\":800,\"caption\":\"Accordeur \u00e9lectronique (avec capteur) KORG TM-70C BK\"},{\"@type\":\"BreadcrumbList\",\"@id\":\"https:\/\/shop.camac-harps.com\/fr\/produit\/accordeur-electronique-avec-capteur-korg-tm-70c-bk\/#breadcrumb\",\"itemListElement\":[{\"@type\":\"ListItem\",\"position\":1,\"name\":\"Home\",\"item\":\"https:\/\/shop.camac-harps.com\/fr\/homepage\/\"},{\"@type\":\"ListItem\",\"position\":2,\"name\":\"Accueil\",\"item\":\"https:\/\/shop.camac-harps.com\/fr\/homepage\/\"},{\"@type\":\"ListItem\",\"position\":3,\"name\":\"Combo accordeur-m\u00e9tronome pour harpe \u00e0 p\u00e9dales (avec capteur) KORG TM-70C BK\"}]},{\"@type\":\"WebSite\",\"@id\":\"https:\/\/shop.camac-harps.com\/fr\/#website\",\"url\":\"https:\/\/shop.camac-harps.com\/fr\/\",\"name\":\"Camac Harps Shop\",\"description\":\"\",\"potentialAction\":[{\"@type\":\"SearchAction\",\"target\":{\"@type\":\"EntryPoint\",\"urlTemplate\":\"https:\/\/shop.camac-harps.com\/fr\/?s={search_term_string}\"},\"query-input\":{\"@type\":\"PropertyValueSpecification\",\"valueRequired\":true,\"valueName\":\"search_term_string\"}}],\"inLanguage\":\"fr-FR\"}]}<\/script>","yoast_head_json":{"title":"Combo accordeur-m\u00e9tronome pour harpe \u00e0 p\u00e9dales (avec capteur) KORG TM-70C BK - Camac Harps Shop","description":"Disponible \u00e0 la vente sur la boutique en ligne des Harpes Camac. Exp\u00e9dition dans le monde entier depuis la France.","robots":{"index":"index","follow":"follow","max-snippet":"max-snippet:-1","max-image-preview":"max-image-preview:large","max-video-preview":"max-video-preview:-1"},"canonical":"https:\/\/shop.camac-harps.com\/fr\/produit\/accordeur-electronique-avec-capteur-korg-tm-70c-bk\/","og_locale":"fr_FR","og_type":"article","og_title":"Combo accordeur-m\u00e9tronome pour harpe \u00e0 p\u00e9dales (avec capteur) KORG TM-70C BK - Camac Harps Shop","og_description":"Disponible \u00e0 la vente sur la boutique en ligne des Harpes Camac. Exp\u00e9dition dans le monde entier depuis la France.","og_url":"https:\/\/shop.camac-harps.com\/fr\/produit\/accordeur-electronique-avec-capteur-korg-tm-70c-bk\/","og_site_name":"Camac Harps Shop","article_modified_time":"2025-09-12T13:26:47+00:00","og_image":[{"width":800,"height":800,"url":"https:\/\/shop.camac-harps.com\/wp-content\/uploads\/sites\/25\/2024\/03\/ac1-1.jpg","type":"image\/jpeg"}],"twitter_card":"summary_large_image","twitter_misc":{"Dur\u00e9e de lecture estim\u00e9e":"1 minute"},"schema":{"@context":"https:\/\/schema.org","@graph":[{"@type":"WebPage","@id":"https:\/\/shop.camac-harps.com\/fr\/produit\/accordeur-electronique-avec-capteur-korg-tm-70c-bk\/","url":"https:\/\/shop.camac-harps.com\/fr\/produit\/accordeur-electronique-avec-capteur-korg-tm-70c-bk\/","name":"Combo accordeur-m\u00e9tronome pour harpe \u00e0 p\u00e9dales (avec capteur) KORG TM-70C BK - Camac Harps Shop","isPartOf":{"@id":"https:\/\/shop.camac-harps.com\/fr\/#website"},"primaryImageOfPage":{"@id":"https:\/\/shop.camac-harps.com\/fr\/produit\/accordeur-electronique-avec-capteur-korg-tm-70c-bk\/#primaryimage"},"image":{"@id":"https:\/\/shop.camac-harps.com\/fr\/produit\/accordeur-electronique-avec-capteur-korg-tm-70c-bk\/#primaryimage"},"thumbnailUrl":"https:\/\/shop.camac-harps.com\/wp-content\/uploads\/sites\/25\/2024\/03\/ac1-1.jpg","datePublished":"2024-03-15T10:30:22+00:00","dateModified":"2025-09-12T13:26:47+00:00","description":"Disponible \u00e0 la vente sur la boutique en ligne des Harpes Camac. Exp\u00e9dition dans le monde entier depuis la France.","breadcrumb":{"@id":"https:\/\/shop.camac-harps.com\/fr\/produit\/accordeur-electronique-avec-capteur-korg-tm-70c-bk\/#breadcrumb"},"inLanguage":"fr-FR","potentialAction":[{"@type":"ReadAction","target":["https:\/\/shop.camac-harps.com\/fr\/produit\/accordeur-electronique-avec-capteur-korg-tm-70c-bk\/"]}]},{"@type":"ImageObject","inLanguage":"fr-FR","@id":"https:\/\/shop.camac-harps.com\/fr\/produit\/accordeur-electronique-avec-capteur-korg-tm-70c-bk\/#primaryimage","url":"https:\/\/shop.camac-harps.com\/wp-content\/uploads\/sites\/25\/2024\/03\/ac1-1.jpg","contentUrl":"https:\/\/shop.camac-harps.com\/wp-content\/uploads\/sites\/25\/2024\/03\/ac1-1.jpg","width":800,"height":800,"caption":"Accordeur \u00e9lectronique (avec capteur) KORG TM-70C BK"},{"@type":"BreadcrumbList","@id":"https:\/\/shop.camac-harps.com\/fr\/produit\/accordeur-electronique-avec-capteur-korg-tm-70c-bk\/#breadcrumb","itemListElement":[{"@type":"ListItem","position":1,"name":"Home","item":"https:\/\/shop.camac-harps.com\/fr\/homepage\/"},{"@type":"ListItem","position":2,"name":"Accueil","item":"https:\/\/shop.camac-harps.com\/fr\/homepage\/"},{"@type":"ListItem","position":3,"name":"Combo accordeur-m\u00e9tronome pour harpe \u00e0 p\u00e9dales (avec capteur) KORG TM-70C BK"}]},{"@type":"WebSite","@id":"https:\/\/shop.camac-harps.com\/fr\/#website","url":"https:\/\/shop.camac-harps.com\/fr\/","name":"Camac Harps Shop","description":"","potentialAction":[{"@type":"SearchAction","target":{"@type":"EntryPoint","urlTemplate":"https:\/\/shop.camac-harps.com\/fr\/?s={search_term_string}"},"query-input":{"@type":"PropertyValueSpecification","valueRequired":true,"valueName":"search_term_string"}}],"inLanguage":"fr-FR"}]}},"_links":{"self":[{"href":"https:\/\/shop.camac-harps.com\/fr\/wp-json\/wp\/v2\/product\/59841","targetHints":{"allow":["GET"]}}],"collection":[{"href":"https:\/\/shop.camac-harps.com\/fr\/wp-json\/wp\/v2\/product"}],"about":[{"href":"https:\/\/shop.camac-harps.com\/fr\/wp-json\/wp\/v2\/types\/product"}],"replies":[{"embeddable":true,"href":"https:\/\/shop.camac-harps.com\/fr\/wp-json\/wp\/v2\/comments?post=59841"}],"wp:featuredmedia":[{"embeddable":true,"href":"https:\/\/shop.camac-harps.com\/fr\/wp-json\/wp\/v2\/media\/59835"}],"wp:attachment":[{"href":"https:\/\/shop.camac-harps.com\/fr\/wp-json\/wp\/v2\/media?parent=59841"}],"wp:term":[{"taxonomy":"product_brand","embeddable":true,"href":"https:\/\/shop.camac-harps.com\/fr\/wp-json\/wp\/v2\/product_brand?post=59841"},{"taxonomy":"product_cat","embeddable":true,"href":"https:\/\/shop.camac-harps.com\/fr\/wp-json\/wp\/v2\/product_cat?post=59841"},{"taxonomy":"product_tag","embeddable":true,"href":"https:\/\/shop.camac-harps.com\/fr\/wp-json\/wp\/v2\/product_tag?post=59841"}],"curies":[{"name":"wp","href":"https:\/\/api.w.org\/{rel}","templated":true}]}}