{"id":59854,"date":"2024-03-15T13:55:40","date_gmt":"2024-03-15T13:55:40","guid":{"rendered":"https:\/\/shop.camac-harps.com\/?post_type=product&#038;p=59854"},"modified":"2025-09-12T13:26:07","modified_gmt":"2025-09-12T13:26:07","slug":"accordeur-electronique-harpe-celtique-korg-tm-70t-bk-sans-capteur","status":"publish","type":"product","link":"https:\/\/shop.camac-harps.com\/fr\/produit\/accordeur-electronique-harpe-celtique-korg-tm-70t-bk-sans-capteur\/","title":{"rendered":"Combo accordeur-m\u00e9tronome pour harpe \u00e0 p\u00e9dales KORG TM-70T BK (sans capteur)"},"content":{"rendered":"<h1 class=\"header1\" style=\"text-align: left;\"><span style=\"font-size: 12pt;\">Vendu sans capteur. <\/span><\/h1>\n<h1 class=\"header1\" style=\"text-align: left;\"><span style=\"font-size: 12pt;\">Une fonctionnalit\u00e9 compl\u00e8te dans un bo\u00eetier compact. La s\u00e9rie TM, concept novateur d\u2019accordeur et de m\u00e9tronome combin\u00e9s, offre une grande vari\u00e9t\u00e9 de fonctions et une visibilit\u00e9 exceptionnelle. C\u2019est l\u2019outil id\u00e9al pour l\u2019apprentissage de l\u2019accordage et du rythme. <\/span><span style=\"font-size: 12pt;\">Le dernier mod\u00e8le, le TM-70T, am\u00e9liore encore le concept original en le rendant plus facile \u00e0 utiliser que jamais. Non seulement il est suffisamment petit pour tenir dans une poche, mais il est dot\u00e9 d\u2019un nouvel \u00e9cran offrant une meilleure visibilit\u00e9 et d\u2019une nouvelle fonction de transposition (Fa, Sib, Mib), ce qui en fait le partenaire id\u00e9al de tout musicien. La qualit\u00e9 sonore du m\u00e9tronome et de la sortie audio a \u00e9galement \u00e9t\u00e9 am\u00e9lior\u00e9e, de sorte qu\u2019il est facile \u00e0 entendre, m\u00eame dans les environnements bruyants. <\/span><span style=\"font-size: 12pt;\">La qualit\u00e9, la rapidit\u00e9 et la pr\u00e9cision de l\u2019accordage, essentiel \u00e0 toute prestation, ont \u00e9galement \u00e9t\u00e9 am\u00e9lior\u00e9es.<\/span><br \/>\n<span style=\"font-size: 12pt;\">Le TM-70T est enti\u00e8rement \u00ab\u00a0Made in Japan\u00a0\u00bb.<\/span><\/h1>\n","protected":false},"excerpt":{"rendered":"<p>Vendu sans capteur. Une fonctionnalit\u00e9 compl\u00e8te dans un bo\u00eetier compact. La s\u00e9rie TM, concept novateur d\u2019accordeur et de m\u00e9tronome combin\u00e9s, offre une grande vari\u00e9t\u00e9 de fonctions et une visibilit\u00e9 exceptionnelle. C\u2019est l\u2019outil id\u00e9al pour l\u2019apprentissage de l\u2019accordage et du rythme. Le dernier mod\u00e8le, le TM-70T, am\u00e9liore encore le concept original en le rendant plus facile [&hellip;]<\/p>\n","protected":false},"featured_media":59845,"comment_status":"open","ping_status":"closed","template":"","meta":{"_acf_changed":false},"product_brand":[],"product_cat":[39,78],"product_tag":[],"class_list":{"0":"post-59854","1":"product","2":"type-product","3":"status-publish","4":"has-post-thumbnail","6":"product_cat-accessoires-housses","7":"product_cat-accordeurs","9":"first","10":"instock","11":"taxable","12":"shipping-taxable","13":"purchasable","14":"product-type-simple"},"acf":[],"yoast_head":"<title>Combo accordeur-m\u00e9tronome pour harpe \u00e0 p\u00e9dales KORG TM-70T BK (sans capteur) - Camac Harps Shop<\/title>\n<meta name=\"description\" content=\"Disponible \u00e0 la vente sur la boutique en ligne des Harpes Camac. Exp\u00e9dition dans le monde entier depuis la France.\" \/>\n<meta name=\"robots\" content=\"index, follow, max-snippet:-1, max-image-preview:large, max-video-preview:-1\" \/>\n<link rel=\"canonical\" href=\"https:\/\/shop.camac-harps.com\/fr\/produit\/accordeur-electronique-harpe-celtique-korg-tm-70t-bk-sans-capteur\/\" \/>\n<meta property=\"og:locale\" content=\"fr_FR\" \/>\n<meta property=\"og:type\" content=\"article\" \/>\n<meta property=\"og:title\" content=\"Combo accordeur-m\u00e9tronome pour harpe \u00e0 p\u00e9dales KORG TM-70T BK (sans capteur) - Camac Harps Shop\" \/>\n<meta property=\"og:description\" content=\"Disponible \u00e0 la vente sur la boutique en ligne des Harpes Camac. Exp\u00e9dition dans le monde entier depuis la France.\" \/>\n<meta property=\"og:url\" content=\"https:\/\/shop.camac-harps.com\/fr\/produit\/accordeur-electronique-harpe-celtique-korg-tm-70t-bk-sans-capteur\/\" \/>\n<meta property=\"og:site_name\" content=\"Camac Harps Shop\" \/>\n<meta property=\"article:modified_time\" content=\"2025-09-12T13:26:07+00:00\" \/>\n<meta property=\"og:image\" content=\"https:\/\/shop.camac-harps.com\/wp-content\/uploads\/sites\/25\/2024\/03\/ac3-2.jpg\" \/>\n\t<meta property=\"og:image:width\" content=\"800\" \/>\n\t<meta property=\"og:image:height\" content=\"800\" \/>\n\t<meta property=\"og:image:type\" content=\"image\/jpeg\" \/>\n<meta name=\"twitter:card\" content=\"summary_large_image\" \/>\n<meta name=\"twitter:label1\" content=\"Dur\u00e9e de lecture estim\u00e9e\" \/>\n\t<meta name=\"twitter:data1\" content=\"1 minute\" \/>\n<script type=\"application\/ld+json\" class=\"yoast-schema-graph\">{\"@context\":\"https:\/\/schema.org\",\"@graph\":[{\"@type\":\"WebPage\",\"@id\":\"https:\/\/shop.camac-harps.com\/fr\/produit\/accordeur-electronique-harpe-celtique-korg-tm-70t-bk-sans-capteur\/\",\"url\":\"https:\/\/shop.camac-harps.com\/fr\/produit\/accordeur-electronique-harpe-celtique-korg-tm-70t-bk-sans-capteur\/\",\"name\":\"Combo accordeur-m\u00e9tronome pour harpe \u00e0 p\u00e9dales KORG TM-70T BK (sans capteur) - Camac Harps Shop\",\"isPartOf\":{\"@id\":\"https:\/\/shop.camac-harps.com\/fr\/#website\"},\"primaryImageOfPage\":{\"@id\":\"https:\/\/shop.camac-harps.com\/fr\/produit\/accordeur-electronique-harpe-celtique-korg-tm-70t-bk-sans-capteur\/#primaryimage\"},\"image\":{\"@id\":\"https:\/\/shop.camac-harps.com\/fr\/produit\/accordeur-electronique-harpe-celtique-korg-tm-70t-bk-sans-capteur\/#primaryimage\"},\"thumbnailUrl\":\"https:\/\/shop.camac-harps.com\/wp-content\/uploads\/sites\/25\/2024\/03\/ac3-2.jpg\",\"datePublished\":\"2024-03-15T13:55:40+00:00\",\"dateModified\":\"2025-09-12T13:26:07+00:00\",\"description\":\"Disponible \u00e0 la vente sur la boutique en ligne des Harpes Camac. Exp\u00e9dition dans le monde entier depuis la France.\",\"breadcrumb\":{\"@id\":\"https:\/\/shop.camac-harps.com\/fr\/produit\/accordeur-electronique-harpe-celtique-korg-tm-70t-bk-sans-capteur\/#breadcrumb\"},\"inLanguage\":\"fr-FR\",\"potentialAction\":[{\"@type\":\"ReadAction\",\"target\":[\"https:\/\/shop.camac-harps.com\/fr\/produit\/accordeur-electronique-harpe-celtique-korg-tm-70t-bk-sans-capteur\/\"]}]},{\"@type\":\"ImageObject\",\"inLanguage\":\"fr-FR\",\"@id\":\"https:\/\/shop.camac-harps.com\/fr\/produit\/accordeur-electronique-harpe-celtique-korg-tm-70t-bk-sans-capteur\/#primaryimage\",\"url\":\"https:\/\/shop.camac-harps.com\/wp-content\/uploads\/sites\/25\/2024\/03\/ac3-2.jpg\",\"contentUrl\":\"https:\/\/shop.camac-harps.com\/wp-content\/uploads\/sites\/25\/2024\/03\/ac3-2.jpg\",\"width\":800,\"height\":800,\"caption\":\"Accordeur \u00e9lectronique KORG TM-70T BK\"},{\"@type\":\"BreadcrumbList\",\"@id\":\"https:\/\/shop.camac-harps.com\/fr\/produit\/accordeur-electronique-harpe-celtique-korg-tm-70t-bk-sans-capteur\/#breadcrumb\",\"itemListElement\":[{\"@type\":\"ListItem\",\"position\":1,\"name\":\"Home\",\"item\":\"https:\/\/shop.camac-harps.com\/fr\/homepage\/\"},{\"@type\":\"ListItem\",\"position\":2,\"name\":\"Accueil\",\"item\":\"https:\/\/shop.camac-harps.com\/fr\/homepage\/\"},{\"@type\":\"ListItem\",\"position\":3,\"name\":\"Combo accordeur-m\u00e9tronome pour harpe \u00e0 p\u00e9dales KORG TM-70T BK (sans capteur)\"}]},{\"@type\":\"WebSite\",\"@id\":\"https:\/\/shop.camac-harps.com\/fr\/#website\",\"url\":\"https:\/\/shop.camac-harps.com\/fr\/\",\"name\":\"Camac Harps Shop\",\"description\":\"\",\"potentialAction\":[{\"@type\":\"SearchAction\",\"target\":{\"@type\":\"EntryPoint\",\"urlTemplate\":\"https:\/\/shop.camac-harps.com\/fr\/?s={search_term_string}\"},\"query-input\":{\"@type\":\"PropertyValueSpecification\",\"valueRequired\":true,\"valueName\":\"search_term_string\"}}],\"inLanguage\":\"fr-FR\"}]}<\/script>","yoast_head_json":{"title":"Combo accordeur-m\u00e9tronome pour harpe \u00e0 p\u00e9dales KORG TM-70T BK (sans capteur) - Camac Harps Shop","description":"Disponible \u00e0 la vente sur la boutique en ligne des Harpes Camac. Exp\u00e9dition dans le monde entier depuis la France.","robots":{"index":"index","follow":"follow","max-snippet":"max-snippet:-1","max-image-preview":"max-image-preview:large","max-video-preview":"max-video-preview:-1"},"canonical":"https:\/\/shop.camac-harps.com\/fr\/produit\/accordeur-electronique-harpe-celtique-korg-tm-70t-bk-sans-capteur\/","og_locale":"fr_FR","og_type":"article","og_title":"Combo accordeur-m\u00e9tronome pour harpe \u00e0 p\u00e9dales KORG TM-70T BK (sans capteur) - Camac Harps Shop","og_description":"Disponible \u00e0 la vente sur la boutique en ligne des Harpes Camac. Exp\u00e9dition dans le monde entier depuis la France.","og_url":"https:\/\/shop.camac-harps.com\/fr\/produit\/accordeur-electronique-harpe-celtique-korg-tm-70t-bk-sans-capteur\/","og_site_name":"Camac Harps Shop","article_modified_time":"2025-09-12T13:26:07+00:00","og_image":[{"width":800,"height":800,"url":"https:\/\/shop.camac-harps.com\/wp-content\/uploads\/sites\/25\/2024\/03\/ac3-2.jpg","type":"image\/jpeg"}],"twitter_card":"summary_large_image","twitter_misc":{"Dur\u00e9e de lecture estim\u00e9e":"1 minute"},"schema":{"@context":"https:\/\/schema.org","@graph":[{"@type":"WebPage","@id":"https:\/\/shop.camac-harps.com\/fr\/produit\/accordeur-electronique-harpe-celtique-korg-tm-70t-bk-sans-capteur\/","url":"https:\/\/shop.camac-harps.com\/fr\/produit\/accordeur-electronique-harpe-celtique-korg-tm-70t-bk-sans-capteur\/","name":"Combo accordeur-m\u00e9tronome pour harpe \u00e0 p\u00e9dales KORG TM-70T BK (sans capteur) - Camac Harps Shop","isPartOf":{"@id":"https:\/\/shop.camac-harps.com\/fr\/#website"},"primaryImageOfPage":{"@id":"https:\/\/shop.camac-harps.com\/fr\/produit\/accordeur-electronique-harpe-celtique-korg-tm-70t-bk-sans-capteur\/#primaryimage"},"image":{"@id":"https:\/\/shop.camac-harps.com\/fr\/produit\/accordeur-electronique-harpe-celtique-korg-tm-70t-bk-sans-capteur\/#primaryimage"},"thumbnailUrl":"https:\/\/shop.camac-harps.com\/wp-content\/uploads\/sites\/25\/2024\/03\/ac3-2.jpg","datePublished":"2024-03-15T13:55:40+00:00","dateModified":"2025-09-12T13:26:07+00:00","description":"Disponible \u00e0 la vente sur la boutique en ligne des Harpes Camac. Exp\u00e9dition dans le monde entier depuis la France.","breadcrumb":{"@id":"https:\/\/shop.camac-harps.com\/fr\/produit\/accordeur-electronique-harpe-celtique-korg-tm-70t-bk-sans-capteur\/#breadcrumb"},"inLanguage":"fr-FR","potentialAction":[{"@type":"ReadAction","target":["https:\/\/shop.camac-harps.com\/fr\/produit\/accordeur-electronique-harpe-celtique-korg-tm-70t-bk-sans-capteur\/"]}]},{"@type":"ImageObject","inLanguage":"fr-FR","@id":"https:\/\/shop.camac-harps.com\/fr\/produit\/accordeur-electronique-harpe-celtique-korg-tm-70t-bk-sans-capteur\/#primaryimage","url":"https:\/\/shop.camac-harps.com\/wp-content\/uploads\/sites\/25\/2024\/03\/ac3-2.jpg","contentUrl":"https:\/\/shop.camac-harps.com\/wp-content\/uploads\/sites\/25\/2024\/03\/ac3-2.jpg","width":800,"height":800,"caption":"Accordeur \u00e9lectronique KORG TM-70T BK"},{"@type":"BreadcrumbList","@id":"https:\/\/shop.camac-harps.com\/fr\/produit\/accordeur-electronique-harpe-celtique-korg-tm-70t-bk-sans-capteur\/#breadcrumb","itemListElement":[{"@type":"ListItem","position":1,"name":"Home","item":"https:\/\/shop.camac-harps.com\/fr\/homepage\/"},{"@type":"ListItem","position":2,"name":"Accueil","item":"https:\/\/shop.camac-harps.com\/fr\/homepage\/"},{"@type":"ListItem","position":3,"name":"Combo accordeur-m\u00e9tronome pour harpe \u00e0 p\u00e9dales KORG TM-70T BK (sans capteur)"}]},{"@type":"WebSite","@id":"https:\/\/shop.camac-harps.com\/fr\/#website","url":"https:\/\/shop.camac-harps.com\/fr\/","name":"Camac Harps Shop","description":"","potentialAction":[{"@type":"SearchAction","target":{"@type":"EntryPoint","urlTemplate":"https:\/\/shop.camac-harps.com\/fr\/?s={search_term_string}"},"query-input":{"@type":"PropertyValueSpecification","valueRequired":true,"valueName":"search_term_string"}}],"inLanguage":"fr-FR"}]}},"_links":{"self":[{"href":"https:\/\/shop.camac-harps.com\/fr\/wp-json\/wp\/v2\/product\/59854","targetHints":{"allow":["GET"]}}],"collection":[{"href":"https:\/\/shop.camac-harps.com\/fr\/wp-json\/wp\/v2\/product"}],"about":[{"href":"https:\/\/shop.camac-harps.com\/fr\/wp-json\/wp\/v2\/types\/product"}],"replies":[{"embeddable":true,"href":"https:\/\/shop.camac-harps.com\/fr\/wp-json\/wp\/v2\/comments?post=59854"}],"wp:featuredmedia":[{"embeddable":true,"href":"https:\/\/shop.camac-harps.com\/fr\/wp-json\/wp\/v2\/media\/59845"}],"wp:attachment":[{"href":"https:\/\/shop.camac-harps.com\/fr\/wp-json\/wp\/v2\/media?parent=59854"}],"wp:term":[{"taxonomy":"product_brand","embeddable":true,"href":"https:\/\/shop.camac-harps.com\/fr\/wp-json\/wp\/v2\/product_brand?post=59854"},{"taxonomy":"product_cat","embeddable":true,"href":"https:\/\/shop.camac-harps.com\/fr\/wp-json\/wp\/v2\/product_cat?post=59854"},{"taxonomy":"product_tag","embeddable":true,"href":"https:\/\/shop.camac-harps.com\/fr\/wp-json\/wp\/v2\/product_tag?post=59854"}],"curies":[{"name":"wp","href":"https:\/\/api.w.org\/{rel}","templated":true}]}}