{"id":61080,"date":"2024-05-28T13:07:21","date_gmt":"2024-05-28T13:07:21","guid":{"rendered":"https:\/\/shop.camac-harps.com\/?post_type=product&#038;p=61080"},"modified":"2025-03-26T16:44:49","modified_gmt":"2025-03-26T16:44:49","slug":"tabouret-rotary-pour-harpe-celtique-reglable-en-hauteur-assise-noire","status":"publish","type":"product","link":"https:\/\/shop.camac-harps.com\/fr\/produit\/tabouret-rotary-pour-harpe-celtique-reglable-en-hauteur-assise-noire\/","title":{"rendered":"Tabouret \u00ab\u00a0Rotary\u00a0\u00bb pour harpe celtique &#8211; r\u00e9glable en hauteur, assise noire"},"content":{"rendered":"","protected":false},"excerpt":{"rendered":"<p><strong>Pourquoi existe-t-il deux hauteurs de tabouret\u00a0?<\/strong><\/p>\n<p>&nbsp;<\/p>\n<p>Pour jouer sur une harpe celtique de grande taille (38 cordes), nous vous conseillons le tabouret r\u00e9glable standard. Sa hauteur minimum de 45 cm pourra s\u2019ajuster jusqu\u2019\u00e0 53 cm.<\/p>\n<p>Un harpiste adulte qui jouerait sur une harpe celtique \u00e0 34 cordes (de type <a href=\"https:\/\/www.camac-harps.com\/fr\/harps-fr\/lever-fr\/hermine\/\">Hermine<\/a>, <a href=\"https:\/\/www.camac-harps.com\/fr\/harps-fr\/lever-fr\/aziliz\/\">Aziliz<\/a>, <a href=\"https:\/\/www.camac-harps.com\/fr\/harps-fr\/lever-fr\/ulysse-2\/\">Ulysse<\/a>\u2026), pourrait trouver que le tabouret standard n\u2019est pas assez bas pour obtenir une position confortable. C\u2019est pourquoi nous vous proposons une version abaiss\u00e9e, dont la hauteur d\u2019assise varie de 35 cm \u00e0 43 cm.<\/p>\n","protected":false},"featured_media":61093,"comment_status":"open","ping_status":"closed","template":"","meta":{"_acf_changed":false},"product_brand":[],"product_cat":[39,72,32],"product_tag":[],"class_list":{"0":"post-61080","1":"product","2":"type-product","3":"status-publish","4":"has-post-thumbnail","6":"product_cat-accessoires-housses","7":"product_cat-sieges","8":"product_cat-uncategorized-fr","10":"first","11":"instock","12":"taxable","13":"shipping-taxable","14":"product-type-variable"},"acf":[],"yoast_head":"<title>Tabouret &quot;Rotary&quot; pour harpe celtique - r\u00e9glable en hauteur, assise noire - Camac Harps Shop<\/title>\n<meta name=\"description\" content=\"Disponible \u00e0 la vente sur la boutique en ligne des Harpes Camac. Exp\u00e9dition dans le monde entier depuis la France.\" \/>\n<meta name=\"robots\" content=\"index, follow, max-snippet:-1, max-image-preview:large, max-video-preview:-1\" \/>\n<link rel=\"canonical\" href=\"https:\/\/shop.camac-harps.com\/fr\/produit\/tabouret-rotary-pour-harpe-celtique-reglable-en-hauteur-assise-noire\/\" \/>\n<meta property=\"og:locale\" content=\"fr_FR\" \/>\n<meta property=\"og:type\" content=\"article\" \/>\n<meta property=\"og:title\" content=\"Tabouret &quot;Rotary&quot; pour harpe celtique - r\u00e9glable en hauteur, assise noire - Camac Harps Shop\" \/>\n<meta property=\"og:description\" content=\"Disponible \u00e0 la vente sur la boutique en ligne des Harpes Camac. Exp\u00e9dition dans le monde entier depuis la France.\" \/>\n<meta property=\"og:url\" content=\"https:\/\/shop.camac-harps.com\/fr\/produit\/tabouret-rotary-pour-harpe-celtique-reglable-en-hauteur-assise-noire\/\" \/>\n<meta property=\"og:site_name\" content=\"Camac Harps Shop\" \/>\n<meta property=\"article:modified_time\" content=\"2025-03-26T16:44:49+00:00\" \/>\n<meta property=\"og:image\" content=\"https:\/\/shop.camac-harps.com\/wp-content\/uploads\/sites\/25\/2024\/05\/tr2-4-naturel.jpg\" \/>\n\t<meta property=\"og:image:width\" content=\"2400\" \/>\n\t<meta property=\"og:image:height\" content=\"1800\" \/>\n\t<meta property=\"og:image:type\" content=\"image\/jpeg\" \/>\n<meta name=\"twitter:card\" content=\"summary_large_image\" \/>\n<meta name=\"twitter:label1\" content=\"Dur\u00e9e de lecture estim\u00e9e\" \/>\n\t<meta name=\"twitter:data1\" content=\"1 minute\" \/>\n<script type=\"application\/ld+json\" class=\"yoast-schema-graph\">{\"@context\":\"https:\/\/schema.org\",\"@graph\":[{\"@type\":\"WebPage\",\"@id\":\"https:\/\/shop.camac-harps.com\/fr\/produit\/tabouret-rotary-pour-harpe-celtique-reglable-en-hauteur-assise-noire\/\",\"url\":\"https:\/\/shop.camac-harps.com\/fr\/produit\/tabouret-rotary-pour-harpe-celtique-reglable-en-hauteur-assise-noire\/\",\"name\":\"Tabouret \\\"Rotary\\\" pour harpe celtique - r\u00e9glable en hauteur, assise noire - Camac Harps Shop\",\"isPartOf\":{\"@id\":\"https:\/\/shop.camac-harps.com\/fr\/#website\"},\"primaryImageOfPage\":{\"@id\":\"https:\/\/shop.camac-harps.com\/fr\/produit\/tabouret-rotary-pour-harpe-celtique-reglable-en-hauteur-assise-noire\/#primaryimage\"},\"image\":{\"@id\":\"https:\/\/shop.camac-harps.com\/fr\/produit\/tabouret-rotary-pour-harpe-celtique-reglable-en-hauteur-assise-noire\/#primaryimage\"},\"thumbnailUrl\":\"https:\/\/shop.camac-harps.com\/wp-content\/uploads\/sites\/25\/2024\/05\/tr2-4-naturel.jpg\",\"datePublished\":\"2024-05-28T13:07:21+00:00\",\"dateModified\":\"2025-03-26T16:44:49+00:00\",\"description\":\"Disponible \u00e0 la vente sur la boutique en ligne des Harpes Camac. Exp\u00e9dition dans le monde entier depuis la France.\",\"breadcrumb\":{\"@id\":\"https:\/\/shop.camac-harps.com\/fr\/produit\/tabouret-rotary-pour-harpe-celtique-reglable-en-hauteur-assise-noire\/#breadcrumb\"},\"inLanguage\":\"fr-FR\",\"potentialAction\":[{\"@type\":\"ReadAction\",\"target\":[\"https:\/\/shop.camac-harps.com\/fr\/produit\/tabouret-rotary-pour-harpe-celtique-reglable-en-hauteur-assise-noire\/\"]}]},{\"@type\":\"ImageObject\",\"inLanguage\":\"fr-FR\",\"@id\":\"https:\/\/shop.camac-harps.com\/fr\/produit\/tabouret-rotary-pour-harpe-celtique-reglable-en-hauteur-assise-noire\/#primaryimage\",\"url\":\"https:\/\/shop.camac-harps.com\/wp-content\/uploads\/sites\/25\/2024\/05\/tr2-4-naturel.jpg\",\"contentUrl\":\"https:\/\/shop.camac-harps.com\/wp-content\/uploads\/sites\/25\/2024\/05\/tr2-4-naturel.jpg\",\"width\":2400,\"height\":1800,\"caption\":\"Tabouret 'Rotary' pour harpe celtique - r\u00e9glable en hauteur, assise noire\"},{\"@type\":\"BreadcrumbList\",\"@id\":\"https:\/\/shop.camac-harps.com\/fr\/produit\/tabouret-rotary-pour-harpe-celtique-reglable-en-hauteur-assise-noire\/#breadcrumb\",\"itemListElement\":[{\"@type\":\"ListItem\",\"position\":1,\"name\":\"Home\",\"item\":\"https:\/\/shop.camac-harps.com\/fr\/homepage\/\"},{\"@type\":\"ListItem\",\"position\":2,\"name\":\"Accueil\",\"item\":\"https:\/\/shop.camac-harps.com\/fr\/homepage\/\"},{\"@type\":\"ListItem\",\"position\":3,\"name\":\"Tabouret &#8220;Rotary&#8221; pour harpe celtique &#8211; r\u00e9glable en hauteur, assise noire\"}]},{\"@type\":\"WebSite\",\"@id\":\"https:\/\/shop.camac-harps.com\/fr\/#website\",\"url\":\"https:\/\/shop.camac-harps.com\/fr\/\",\"name\":\"Camac Harps Shop\",\"description\":\"\",\"potentialAction\":[{\"@type\":\"SearchAction\",\"target\":{\"@type\":\"EntryPoint\",\"urlTemplate\":\"https:\/\/shop.camac-harps.com\/fr\/?s={search_term_string}\"},\"query-input\":{\"@type\":\"PropertyValueSpecification\",\"valueRequired\":true,\"valueName\":\"search_term_string\"}}],\"inLanguage\":\"fr-FR\"}]}<\/script>","yoast_head_json":{"title":"Tabouret \"Rotary\" pour harpe celtique - r\u00e9glable en hauteur, assise noire - Camac Harps Shop","description":"Disponible \u00e0 la vente sur la boutique en ligne des Harpes Camac. Exp\u00e9dition dans le monde entier depuis la France.","robots":{"index":"index","follow":"follow","max-snippet":"max-snippet:-1","max-image-preview":"max-image-preview:large","max-video-preview":"max-video-preview:-1"},"canonical":"https:\/\/shop.camac-harps.com\/fr\/produit\/tabouret-rotary-pour-harpe-celtique-reglable-en-hauteur-assise-noire\/","og_locale":"fr_FR","og_type":"article","og_title":"Tabouret \"Rotary\" pour harpe celtique - r\u00e9glable en hauteur, assise noire - Camac Harps Shop","og_description":"Disponible \u00e0 la vente sur la boutique en ligne des Harpes Camac. Exp\u00e9dition dans le monde entier depuis la France.","og_url":"https:\/\/shop.camac-harps.com\/fr\/produit\/tabouret-rotary-pour-harpe-celtique-reglable-en-hauteur-assise-noire\/","og_site_name":"Camac Harps Shop","article_modified_time":"2025-03-26T16:44:49+00:00","og_image":[{"width":2400,"height":1800,"url":"https:\/\/shop.camac-harps.com\/wp-content\/uploads\/sites\/25\/2024\/05\/tr2-4-naturel.jpg","type":"image\/jpeg"}],"twitter_card":"summary_large_image","twitter_misc":{"Dur\u00e9e de lecture estim\u00e9e":"1 minute"},"schema":{"@context":"https:\/\/schema.org","@graph":[{"@type":"WebPage","@id":"https:\/\/shop.camac-harps.com\/fr\/produit\/tabouret-rotary-pour-harpe-celtique-reglable-en-hauteur-assise-noire\/","url":"https:\/\/shop.camac-harps.com\/fr\/produit\/tabouret-rotary-pour-harpe-celtique-reglable-en-hauteur-assise-noire\/","name":"Tabouret \"Rotary\" pour harpe celtique - r\u00e9glable en hauteur, assise noire - Camac Harps Shop","isPartOf":{"@id":"https:\/\/shop.camac-harps.com\/fr\/#website"},"primaryImageOfPage":{"@id":"https:\/\/shop.camac-harps.com\/fr\/produit\/tabouret-rotary-pour-harpe-celtique-reglable-en-hauteur-assise-noire\/#primaryimage"},"image":{"@id":"https:\/\/shop.camac-harps.com\/fr\/produit\/tabouret-rotary-pour-harpe-celtique-reglable-en-hauteur-assise-noire\/#primaryimage"},"thumbnailUrl":"https:\/\/shop.camac-harps.com\/wp-content\/uploads\/sites\/25\/2024\/05\/tr2-4-naturel.jpg","datePublished":"2024-05-28T13:07:21+00:00","dateModified":"2025-03-26T16:44:49+00:00","description":"Disponible \u00e0 la vente sur la boutique en ligne des Harpes Camac. Exp\u00e9dition dans le monde entier depuis la France.","breadcrumb":{"@id":"https:\/\/shop.camac-harps.com\/fr\/produit\/tabouret-rotary-pour-harpe-celtique-reglable-en-hauteur-assise-noire\/#breadcrumb"},"inLanguage":"fr-FR","potentialAction":[{"@type":"ReadAction","target":["https:\/\/shop.camac-harps.com\/fr\/produit\/tabouret-rotary-pour-harpe-celtique-reglable-en-hauteur-assise-noire\/"]}]},{"@type":"ImageObject","inLanguage":"fr-FR","@id":"https:\/\/shop.camac-harps.com\/fr\/produit\/tabouret-rotary-pour-harpe-celtique-reglable-en-hauteur-assise-noire\/#primaryimage","url":"https:\/\/shop.camac-harps.com\/wp-content\/uploads\/sites\/25\/2024\/05\/tr2-4-naturel.jpg","contentUrl":"https:\/\/shop.camac-harps.com\/wp-content\/uploads\/sites\/25\/2024\/05\/tr2-4-naturel.jpg","width":2400,"height":1800,"caption":"Tabouret 'Rotary' pour harpe celtique - r\u00e9glable en hauteur, assise noire"},{"@type":"BreadcrumbList","@id":"https:\/\/shop.camac-harps.com\/fr\/produit\/tabouret-rotary-pour-harpe-celtique-reglable-en-hauteur-assise-noire\/#breadcrumb","itemListElement":[{"@type":"ListItem","position":1,"name":"Home","item":"https:\/\/shop.camac-harps.com\/fr\/homepage\/"},{"@type":"ListItem","position":2,"name":"Accueil","item":"https:\/\/shop.camac-harps.com\/fr\/homepage\/"},{"@type":"ListItem","position":3,"name":"Tabouret &#8220;Rotary&#8221; pour harpe celtique &#8211; r\u00e9glable en hauteur, assise noire"}]},{"@type":"WebSite","@id":"https:\/\/shop.camac-harps.com\/fr\/#website","url":"https:\/\/shop.camac-harps.com\/fr\/","name":"Camac Harps Shop","description":"","potentialAction":[{"@type":"SearchAction","target":{"@type":"EntryPoint","urlTemplate":"https:\/\/shop.camac-harps.com\/fr\/?s={search_term_string}"},"query-input":{"@type":"PropertyValueSpecification","valueRequired":true,"valueName":"search_term_string"}}],"inLanguage":"fr-FR"}]}},"_links":{"self":[{"href":"https:\/\/shop.camac-harps.com\/fr\/wp-json\/wp\/v2\/product\/61080","targetHints":{"allow":["GET"]}}],"collection":[{"href":"https:\/\/shop.camac-harps.com\/fr\/wp-json\/wp\/v2\/product"}],"about":[{"href":"https:\/\/shop.camac-harps.com\/fr\/wp-json\/wp\/v2\/types\/product"}],"replies":[{"embeddable":true,"href":"https:\/\/shop.camac-harps.com\/fr\/wp-json\/wp\/v2\/comments?post=61080"}],"wp:featuredmedia":[{"embeddable":true,"href":"https:\/\/shop.camac-harps.com\/fr\/wp-json\/wp\/v2\/media\/61093"}],"wp:attachment":[{"href":"https:\/\/shop.camac-harps.com\/fr\/wp-json\/wp\/v2\/media?parent=61080"}],"wp:term":[{"taxonomy":"product_brand","embeddable":true,"href":"https:\/\/shop.camac-harps.com\/fr\/wp-json\/wp\/v2\/product_brand?post=61080"},{"taxonomy":"product_cat","embeddable":true,"href":"https:\/\/shop.camac-harps.com\/fr\/wp-json\/wp\/v2\/product_cat?post=61080"},{"taxonomy":"product_tag","embeddable":true,"href":"https:\/\/shop.camac-harps.com\/fr\/wp-json\/wp\/v2\/product_tag?post=61080"}],"curies":[{"name":"wp","href":"https:\/\/api.w.org\/{rel}","templated":true}]}}