{"id":61186,"date":"2024-05-30T14:07:01","date_gmt":"2024-05-30T14:07:01","guid":{"rendered":"https:\/\/shop.camac-harps.com\/?post_type=product&#038;p=61186"},"modified":"2026-03-25T10:57:55","modified_gmt":"2026-03-25T10:57:55","slug":"ischellbox-jack-ref-i-box3c","status":"publish","type":"product","link":"https:\/\/shop.camac-harps.com\/fr\/produit\/ischellbox-jack-ref-i-box3c\/","title":{"rendered":"IschellBox Jack r\u00e9f. I-BOX3C"},"content":{"rendered":"<p>La nouvelle g\u00e9n\u00e9ration du c\u00e9l\u00e8bre Syst\u00e8me Ischell nomade : le magnifique I-BOX3C et son micro-contact C3 dans sa version compacte la plus simple d\u2019utilisation, avec sortie jack traditionnelle (signal asym\u00e9trique) aliment\u00e9e par pile 9v (incluse). Se connecte simplement \u00e0 n\u2019importe quel ampli ou table de mixage par c\u00e2ble Jack mono (non fourni).<\/p>\n<p>&nbsp;<\/p>\n<p>Sp\u00e9cifications :<\/p>\n<p>Nouveau micro de contact C3 Ischell et son module de pr\u00e9ampli \u00e0 transistors<\/p>\n<p>Fonctionnement sur pile carr\u00e9e 9v 6LR61 (fournie)<\/p>\n<p>Autonomie de fonctionnement branch\u00e9 250 heures environ<\/p>\n<p>Filtre coupe bas 2 positions disponibles sur le boitier : Flat \/ 180Hz<\/p>\n<p>C\u00e2ble de 100 cm &#8211; diam\u00e8tre 2,2 mm<\/p>\n<p>Sortie Jack asym\u00e9trique, se connecte \u00e0 l\u2019ampli avec un c\u00e2ble Jack\/Jack mono (non fourni)<\/p>\n<p>P\u00e2te adh\u00e9sive audio pour micro de contact Ischell (fournie)<\/p>\n<p>Le module peut \u00eatre fix\u00e9 \u00e0 l&rsquo;int\u00e9rieur de l\u2019instrument par Velcro (fourni)<\/p>\n<p>Dimensions du micro : hauteur 12 \/13 mm avec la p\u00e2te &#8211; Diam\u00e8tre : 25 mm environ<\/p>\n<p>Dimensions du module : 70 x 30 x 25 mm<\/p>\n<p>Manuel utilisateur en ligne sur le site www.ischell.com<\/p>\n<p>\u00c9tui de rangement semi-rigide<\/p>\n","protected":false},"excerpt":{"rendered":"<p>La nouvelle g\u00e9n\u00e9ration du c\u00e9l\u00e8bre Syst\u00e8me Ischell nomade : le magnifique I-BOX3C et son micro-contact C3 dans sa version compacte la plus simple d\u2019utilisation, avec sortie jack traditionnelle (signal asym\u00e9trique) aliment\u00e9e par pile 9v (incluse). Se connecte simplement \u00e0 n\u2019importe quel ampli ou table de mixage par c\u00e2ble Jack mono (non fourni). &nbsp; Sp\u00e9cifications : [&hellip;]<\/p>\n","protected":false},"featured_media":61183,"comment_status":"open","ping_status":"closed","template":"","meta":{"_acf_changed":false},"product_brand":[],"product_cat":[39,84],"product_tag":[],"class_list":{"0":"post-61186","1":"product","2":"type-product","3":"status-publish","4":"has-post-thumbnail","6":"product_cat-accessoires-housses","7":"product_cat-capteurs-amplis-et-cables","9":"first","10":"instock","11":"taxable","12":"shipping-taxable","13":"purchasable","14":"product-type-simple"},"acf":[],"yoast_head":"<title>IschellBox Jack r\u00e9f. I-BOX3C - Camac Harps Shop<\/title>\n<meta name=\"description\" content=\"IschellBox Jack ref. I-BOX3C. Disponible \u00e0 la vente sur la boutique en ligne des Harpes Camac. Exp\u00e9dition dans le monde entier depuis la France.\" \/>\n<meta name=\"robots\" content=\"index, follow, max-snippet:-1, max-image-preview:large, max-video-preview:-1\" \/>\n<link rel=\"canonical\" href=\"https:\/\/shop.camac-harps.com\/fr\/produit\/ischellbox-jack-ref-i-box3c\/\" \/>\n<meta property=\"og:locale\" content=\"fr_FR\" \/>\n<meta property=\"og:type\" content=\"article\" \/>\n<meta property=\"og:title\" content=\"IschellBox Jack r\u00e9f. I-BOX3C - Camac Harps Shop\" \/>\n<meta property=\"og:description\" content=\"IschellBox Jack ref. I-BOX3C. Disponible \u00e0 la vente sur la boutique en ligne des Harpes Camac. Exp\u00e9dition dans le monde entier depuis la France.\" \/>\n<meta property=\"og:url\" content=\"https:\/\/shop.camac-harps.com\/fr\/produit\/ischellbox-jack-ref-i-box3c\/\" \/>\n<meta property=\"og:site_name\" content=\"Camac Harps Shop\" \/>\n<meta property=\"article:modified_time\" content=\"2026-03-25T10:57:55+00:00\" \/>\n<meta property=\"og:image\" content=\"https:\/\/shop.camac-harps.com\/wp-content\/uploads\/sites\/25\/2024\/05\/ischellbox-jack-2.jpg\" \/>\n\t<meta property=\"og:image:width\" content=\"1000\" \/>\n\t<meta property=\"og:image:height\" content=\"1000\" \/>\n\t<meta property=\"og:image:type\" content=\"image\/jpeg\" \/>\n<meta name=\"twitter:card\" content=\"summary_large_image\" \/>\n<meta name=\"twitter:label1\" content=\"Dur\u00e9e de lecture estim\u00e9e\" \/>\n\t<meta name=\"twitter:data1\" content=\"1 minute\" \/>\n<script type=\"application\/ld+json\" class=\"yoast-schema-graph\">{\"@context\":\"https:\/\/schema.org\",\"@graph\":[{\"@type\":\"WebPage\",\"@id\":\"https:\/\/shop.camac-harps.com\/fr\/produit\/ischellbox-jack-ref-i-box3c\/\",\"url\":\"https:\/\/shop.camac-harps.com\/fr\/produit\/ischellbox-jack-ref-i-box3c\/\",\"name\":\"IschellBox Jack r\u00e9f. I-BOX3C - Camac Harps Shop\",\"isPartOf\":{\"@id\":\"https:\/\/shop.camac-harps.com\/fr\/#website\"},\"primaryImageOfPage\":{\"@id\":\"https:\/\/shop.camac-harps.com\/fr\/produit\/ischellbox-jack-ref-i-box3c\/#primaryimage\"},\"image\":{\"@id\":\"https:\/\/shop.camac-harps.com\/fr\/produit\/ischellbox-jack-ref-i-box3c\/#primaryimage\"},\"thumbnailUrl\":\"https:\/\/shop.camac-harps.com\/wp-content\/uploads\/sites\/25\/2024\/05\/ischellbox-jack-2.jpg\",\"datePublished\":\"2024-05-30T14:07:01+00:00\",\"dateModified\":\"2026-03-25T10:57:55+00:00\",\"description\":\"IschellBox Jack ref. I-BOX3C. Disponible \u00e0 la vente sur la boutique en ligne des Harpes Camac. Exp\u00e9dition dans le monde entier depuis la France.\",\"breadcrumb\":{\"@id\":\"https:\/\/shop.camac-harps.com\/fr\/produit\/ischellbox-jack-ref-i-box3c\/#breadcrumb\"},\"inLanguage\":\"fr-FR\",\"potentialAction\":[{\"@type\":\"ReadAction\",\"target\":[\"https:\/\/shop.camac-harps.com\/fr\/produit\/ischellbox-jack-ref-i-box3c\/\"]}]},{\"@type\":\"ImageObject\",\"inLanguage\":\"fr-FR\",\"@id\":\"https:\/\/shop.camac-harps.com\/fr\/produit\/ischellbox-jack-ref-i-box3c\/#primaryimage\",\"url\":\"https:\/\/shop.camac-harps.com\/wp-content\/uploads\/sites\/25\/2024\/05\/ischellbox-jack-2.jpg\",\"contentUrl\":\"https:\/\/shop.camac-harps.com\/wp-content\/uploads\/sites\/25\/2024\/05\/ischellbox-jack-2.jpg\",\"width\":1000,\"height\":1000,\"caption\":\"IschellBox Jack ref. I-BOX3C\"},{\"@type\":\"BreadcrumbList\",\"@id\":\"https:\/\/shop.camac-harps.com\/fr\/produit\/ischellbox-jack-ref-i-box3c\/#breadcrumb\",\"itemListElement\":[{\"@type\":\"ListItem\",\"position\":1,\"name\":\"Home\",\"item\":\"https:\/\/shop.camac-harps.com\/fr\/homepage\/\"},{\"@type\":\"ListItem\",\"position\":2,\"name\":\"Accueil\",\"item\":\"https:\/\/shop.camac-harps.com\/fr\/homepage\/\"},{\"@type\":\"ListItem\",\"position\":3,\"name\":\"IschellBox Jack r\u00e9f. I-BOX3C\"}]},{\"@type\":\"WebSite\",\"@id\":\"https:\/\/shop.camac-harps.com\/fr\/#website\",\"url\":\"https:\/\/shop.camac-harps.com\/fr\/\",\"name\":\"Camac Harps Shop\",\"description\":\"\",\"potentialAction\":[{\"@type\":\"SearchAction\",\"target\":{\"@type\":\"EntryPoint\",\"urlTemplate\":\"https:\/\/shop.camac-harps.com\/fr\/?s={search_term_string}\"},\"query-input\":{\"@type\":\"PropertyValueSpecification\",\"valueRequired\":true,\"valueName\":\"search_term_string\"}}],\"inLanguage\":\"fr-FR\"}]}<\/script>","yoast_head_json":{"title":"IschellBox Jack r\u00e9f. I-BOX3C - Camac Harps Shop","description":"IschellBox Jack ref. I-BOX3C. Disponible \u00e0 la vente sur la boutique en ligne des Harpes Camac. Exp\u00e9dition dans le monde entier depuis la France.","robots":{"index":"index","follow":"follow","max-snippet":"max-snippet:-1","max-image-preview":"max-image-preview:large","max-video-preview":"max-video-preview:-1"},"canonical":"https:\/\/shop.camac-harps.com\/fr\/produit\/ischellbox-jack-ref-i-box3c\/","og_locale":"fr_FR","og_type":"article","og_title":"IschellBox Jack r\u00e9f. I-BOX3C - Camac Harps Shop","og_description":"IschellBox Jack ref. I-BOX3C. Disponible \u00e0 la vente sur la boutique en ligne des Harpes Camac. Exp\u00e9dition dans le monde entier depuis la France.","og_url":"https:\/\/shop.camac-harps.com\/fr\/produit\/ischellbox-jack-ref-i-box3c\/","og_site_name":"Camac Harps Shop","article_modified_time":"2026-03-25T10:57:55+00:00","og_image":[{"width":1000,"height":1000,"url":"https:\/\/shop.camac-harps.com\/wp-content\/uploads\/sites\/25\/2024\/05\/ischellbox-jack-2.jpg","type":"image\/jpeg"}],"twitter_card":"summary_large_image","twitter_misc":{"Dur\u00e9e de lecture estim\u00e9e":"1 minute"},"schema":{"@context":"https:\/\/schema.org","@graph":[{"@type":"WebPage","@id":"https:\/\/shop.camac-harps.com\/fr\/produit\/ischellbox-jack-ref-i-box3c\/","url":"https:\/\/shop.camac-harps.com\/fr\/produit\/ischellbox-jack-ref-i-box3c\/","name":"IschellBox Jack r\u00e9f. I-BOX3C - Camac Harps Shop","isPartOf":{"@id":"https:\/\/shop.camac-harps.com\/fr\/#website"},"primaryImageOfPage":{"@id":"https:\/\/shop.camac-harps.com\/fr\/produit\/ischellbox-jack-ref-i-box3c\/#primaryimage"},"image":{"@id":"https:\/\/shop.camac-harps.com\/fr\/produit\/ischellbox-jack-ref-i-box3c\/#primaryimage"},"thumbnailUrl":"https:\/\/shop.camac-harps.com\/wp-content\/uploads\/sites\/25\/2024\/05\/ischellbox-jack-2.jpg","datePublished":"2024-05-30T14:07:01+00:00","dateModified":"2026-03-25T10:57:55+00:00","description":"IschellBox Jack ref. I-BOX3C. Disponible \u00e0 la vente sur la boutique en ligne des Harpes Camac. Exp\u00e9dition dans le monde entier depuis la France.","breadcrumb":{"@id":"https:\/\/shop.camac-harps.com\/fr\/produit\/ischellbox-jack-ref-i-box3c\/#breadcrumb"},"inLanguage":"fr-FR","potentialAction":[{"@type":"ReadAction","target":["https:\/\/shop.camac-harps.com\/fr\/produit\/ischellbox-jack-ref-i-box3c\/"]}]},{"@type":"ImageObject","inLanguage":"fr-FR","@id":"https:\/\/shop.camac-harps.com\/fr\/produit\/ischellbox-jack-ref-i-box3c\/#primaryimage","url":"https:\/\/shop.camac-harps.com\/wp-content\/uploads\/sites\/25\/2024\/05\/ischellbox-jack-2.jpg","contentUrl":"https:\/\/shop.camac-harps.com\/wp-content\/uploads\/sites\/25\/2024\/05\/ischellbox-jack-2.jpg","width":1000,"height":1000,"caption":"IschellBox Jack ref. I-BOX3C"},{"@type":"BreadcrumbList","@id":"https:\/\/shop.camac-harps.com\/fr\/produit\/ischellbox-jack-ref-i-box3c\/#breadcrumb","itemListElement":[{"@type":"ListItem","position":1,"name":"Home","item":"https:\/\/shop.camac-harps.com\/fr\/homepage\/"},{"@type":"ListItem","position":2,"name":"Accueil","item":"https:\/\/shop.camac-harps.com\/fr\/homepage\/"},{"@type":"ListItem","position":3,"name":"IschellBox Jack r\u00e9f. I-BOX3C"}]},{"@type":"WebSite","@id":"https:\/\/shop.camac-harps.com\/fr\/#website","url":"https:\/\/shop.camac-harps.com\/fr\/","name":"Camac Harps Shop","description":"","potentialAction":[{"@type":"SearchAction","target":{"@type":"EntryPoint","urlTemplate":"https:\/\/shop.camac-harps.com\/fr\/?s={search_term_string}"},"query-input":{"@type":"PropertyValueSpecification","valueRequired":true,"valueName":"search_term_string"}}],"inLanguage":"fr-FR"}]}},"_links":{"self":[{"href":"https:\/\/shop.camac-harps.com\/fr\/wp-json\/wp\/v2\/product\/61186","targetHints":{"allow":["GET"]}}],"collection":[{"href":"https:\/\/shop.camac-harps.com\/fr\/wp-json\/wp\/v2\/product"}],"about":[{"href":"https:\/\/shop.camac-harps.com\/fr\/wp-json\/wp\/v2\/types\/product"}],"replies":[{"embeddable":true,"href":"https:\/\/shop.camac-harps.com\/fr\/wp-json\/wp\/v2\/comments?post=61186"}],"wp:featuredmedia":[{"embeddable":true,"href":"https:\/\/shop.camac-harps.com\/fr\/wp-json\/wp\/v2\/media\/61183"}],"wp:attachment":[{"href":"https:\/\/shop.camac-harps.com\/fr\/wp-json\/wp\/v2\/media?parent=61186"}],"wp:term":[{"taxonomy":"product_brand","embeddable":true,"href":"https:\/\/shop.camac-harps.com\/fr\/wp-json\/wp\/v2\/product_brand?post=61186"},{"taxonomy":"product_cat","embeddable":true,"href":"https:\/\/shop.camac-harps.com\/fr\/wp-json\/wp\/v2\/product_cat?post=61186"},{"taxonomy":"product_tag","embeddable":true,"href":"https:\/\/shop.camac-harps.com\/fr\/wp-json\/wp\/v2\/product_tag?post=61186"}],"curies":[{"name":"wp","href":"https:\/\/api.w.org\/{rel}","templated":true}]}}