{"id":62173,"date":"2024-07-17T14:32:37","date_gmt":"2024-07-17T14:32:37","guid":{"rendered":"https:\/\/shop.camac-harps.com\/?post_type=product&#038;p=62173"},"modified":"2024-07-17T14:35:00","modified_gmt":"2024-07-17T14:35:00","slug":"petit-volta-ghislaine-trio-antara-concert-pour-debussy","status":"publish","type":"product","link":"https:\/\/shop.camac-harps.com\/fr\/produit\/petit-volta-ghislaine-trio-antara-concert-pour-debussy\/","title":{"rendered":"PETIT-VOLTA Ghislaine &#038; Trio Antara : Concert pour Debussy"},"content":{"rendered":"<p>La culture baroque et Claude Debussy : rencontre avec le Trio Antara !<br \/>\nLe projet \u00ab\u00a0Concert pour Debussy\u00a0\u00bb est le fruit d&rsquo;une collaboration de plusieurs ann\u00e9es entre le Trio Antara (Emmanuelle Oph\u00e8le \u00e0 la fl\u00fbte, Audile Auboin \u00e0 l&rsquo;alto, Ghislaine Petit-Volta \u00e0 la harpe) et le compositeur Beno\u00eet Sitzia. Cet enregistrement met en lumi\u00e8re un travail approfondi sur la Sonate pour fl\u00fbte, alto et harpe de Debussy. Il explore \u00e9galement le sens profond du cycle inachev\u00e9 des Six Sonates pour divers instruments, \u00e9crits entre 1915 et 1917. La sonate pour fl\u00fbte, alto et harpe, v\u00e9ritable laboratoire de la pens\u00e9e et de la po\u00e9tique de Debussy, a contribu\u00e9 \u00e0 la notori\u00e9t\u00e9 de cette formation chambriste. Le projet s&rsquo;articule autour de l&rsquo;id\u00e9e du \u00ab\u00a0concert\u00a0\u00bb baroque, avec ses hommages nominatifs et imaginaires, en \u00e9cho aux visions po\u00e9tiques de Debussy, de ses contemporains.<\/p>\n","protected":false},"excerpt":{"rendered":"<p>La culture baroque et Claude Debussy : rencontre avec le Trio Antara ! Le projet \u00ab\u00a0Concert pour Debussy\u00a0\u00bb est le fruit d&rsquo;une collaboration de plusieurs ann\u00e9es entre le Trio Antara (Emmanuelle Oph\u00e8le \u00e0 la fl\u00fbte, Audile Auboin \u00e0 l&rsquo;alto, Ghislaine Petit-Volta \u00e0 la harpe) et le compositeur Beno\u00eet Sitzia. Cet enregistrement met en lumi\u00e8re un [&hellip;]<\/p>\n","protected":false},"featured_media":62170,"comment_status":"open","ping_status":"closed","template":"","meta":{"_acf_changed":false},"product_brand":[],"product_cat":[366,96],"product_tag":[],"class_list":{"0":"post-62173","1":"product","2":"type-product","3":"status-publish","4":"has-post-thumbnail","6":"product_cat-cd","7":"product_cat-cd-dvd-fr","9":"first","10":"instock","11":"taxable","12":"shipping-taxable","13":"purchasable","14":"product-type-simple"},"acf":[],"yoast_head":"<title>PETIT-VOLTA Ghislaine &amp; Trio Antara : Concert pour Debussy - Camac Harps Shop<\/title>\n<meta name=\"description\" content=\"Disponible \u00e0 la vente sur la boutique en ligne des Harpes Camac. Exp\u00e9dition dans le monde entier depuis la France.\" \/>\n<meta name=\"robots\" content=\"index, follow, max-snippet:-1, max-image-preview:large, max-video-preview:-1\" \/>\n<link rel=\"canonical\" href=\"https:\/\/shop.camac-harps.com\/fr\/produit\/petit-volta-ghislaine-trio-antara-concert-pour-debussy\/\" \/>\n<meta property=\"og:locale\" content=\"fr_FR\" \/>\n<meta property=\"og:type\" content=\"article\" \/>\n<meta property=\"og:title\" content=\"PETIT-VOLTA Ghislaine &amp; Trio Antara : Concert pour Debussy - Camac Harps Shop\" \/>\n<meta property=\"og:description\" content=\"Disponible \u00e0 la vente sur la boutique en ligne des Harpes Camac. Exp\u00e9dition dans le monde entier depuis la France.\" \/>\n<meta property=\"og:url\" content=\"https:\/\/shop.camac-harps.com\/fr\/produit\/petit-volta-ghislaine-trio-antara-concert-pour-debussy\/\" \/>\n<meta property=\"og:site_name\" content=\"Camac Harps Shop\" \/>\n<meta property=\"article:modified_time\" content=\"2024-07-17T14:35:00+00:00\" \/>\n<meta property=\"og:image\" content=\"https:\/\/shop.camac-harps.com\/wp-content\/uploads\/sites\/25\/2024\/07\/cdpag02-1.jpg\" \/>\n\t<meta property=\"og:image:width\" content=\"916\" \/>\n\t<meta property=\"og:image:height\" content=\"915\" \/>\n\t<meta property=\"og:image:type\" content=\"image\/jpeg\" \/>\n<meta name=\"twitter:card\" content=\"summary_large_image\" \/>\n<meta name=\"twitter:label1\" content=\"Dur\u00e9e de lecture estim\u00e9e\" \/>\n\t<meta name=\"twitter:data1\" content=\"1 minute\" \/>\n<script type=\"application\/ld+json\" class=\"yoast-schema-graph\">{\"@context\":\"https:\/\/schema.org\",\"@graph\":[{\"@type\":\"WebPage\",\"@id\":\"https:\/\/shop.camac-harps.com\/fr\/produit\/petit-volta-ghislaine-trio-antara-concert-pour-debussy\/\",\"url\":\"https:\/\/shop.camac-harps.com\/fr\/produit\/petit-volta-ghislaine-trio-antara-concert-pour-debussy\/\",\"name\":\"PETIT-VOLTA Ghislaine & Trio Antara : Concert pour Debussy - Camac Harps Shop\",\"isPartOf\":{\"@id\":\"https:\/\/shop.camac-harps.com\/fr\/#website\"},\"primaryImageOfPage\":{\"@id\":\"https:\/\/shop.camac-harps.com\/fr\/produit\/petit-volta-ghislaine-trio-antara-concert-pour-debussy\/#primaryimage\"},\"image\":{\"@id\":\"https:\/\/shop.camac-harps.com\/fr\/produit\/petit-volta-ghislaine-trio-antara-concert-pour-debussy\/#primaryimage\"},\"thumbnailUrl\":\"https:\/\/shop.camac-harps.com\/wp-content\/uploads\/sites\/25\/2024\/07\/cdpag02-1.jpg\",\"datePublished\":\"2024-07-17T14:32:37+00:00\",\"dateModified\":\"2024-07-17T14:35:00+00:00\",\"description\":\"Disponible \u00e0 la vente sur la boutique en ligne des Harpes Camac. Exp\u00e9dition dans le monde entier depuis la France.\",\"breadcrumb\":{\"@id\":\"https:\/\/shop.camac-harps.com\/fr\/produit\/petit-volta-ghislaine-trio-antara-concert-pour-debussy\/#breadcrumb\"},\"inLanguage\":\"fr-FR\",\"potentialAction\":[{\"@type\":\"ReadAction\",\"target\":[\"https:\/\/shop.camac-harps.com\/fr\/produit\/petit-volta-ghislaine-trio-antara-concert-pour-debussy\/\"]}]},{\"@type\":\"ImageObject\",\"inLanguage\":\"fr-FR\",\"@id\":\"https:\/\/shop.camac-harps.com\/fr\/produit\/petit-volta-ghislaine-trio-antara-concert-pour-debussy\/#primaryimage\",\"url\":\"https:\/\/shop.camac-harps.com\/wp-content\/uploads\/sites\/25\/2024\/07\/cdpag02-1.jpg\",\"contentUrl\":\"https:\/\/shop.camac-harps.com\/wp-content\/uploads\/sites\/25\/2024\/07\/cdpag02-1.jpg\",\"width\":916,\"height\":915,\"caption\":\"TRIO ANTARA : Concert pour Debussy\"},{\"@type\":\"BreadcrumbList\",\"@id\":\"https:\/\/shop.camac-harps.com\/fr\/produit\/petit-volta-ghislaine-trio-antara-concert-pour-debussy\/#breadcrumb\",\"itemListElement\":[{\"@type\":\"ListItem\",\"position\":1,\"name\":\"Home\",\"item\":\"https:\/\/shop.camac-harps.com\/fr\/homepage\/\"},{\"@type\":\"ListItem\",\"position\":2,\"name\":\"Accueil\",\"item\":\"https:\/\/shop.camac-harps.com\/fr\/homepage\/\"},{\"@type\":\"ListItem\",\"position\":3,\"name\":\"PETIT-VOLTA Ghislaine &#038; Trio Antara : Concert pour Debussy\"}]},{\"@type\":\"WebSite\",\"@id\":\"https:\/\/shop.camac-harps.com\/fr\/#website\",\"url\":\"https:\/\/shop.camac-harps.com\/fr\/\",\"name\":\"Camac Harps Shop\",\"description\":\"\",\"potentialAction\":[{\"@type\":\"SearchAction\",\"target\":{\"@type\":\"EntryPoint\",\"urlTemplate\":\"https:\/\/shop.camac-harps.com\/fr\/?s={search_term_string}\"},\"query-input\":{\"@type\":\"PropertyValueSpecification\",\"valueRequired\":true,\"valueName\":\"search_term_string\"}}],\"inLanguage\":\"fr-FR\"}]}<\/script>","yoast_head_json":{"title":"PETIT-VOLTA Ghislaine & Trio Antara : Concert pour Debussy - Camac Harps Shop","description":"Disponible \u00e0 la vente sur la boutique en ligne des Harpes Camac. Exp\u00e9dition dans le monde entier depuis la France.","robots":{"index":"index","follow":"follow","max-snippet":"max-snippet:-1","max-image-preview":"max-image-preview:large","max-video-preview":"max-video-preview:-1"},"canonical":"https:\/\/shop.camac-harps.com\/fr\/produit\/petit-volta-ghislaine-trio-antara-concert-pour-debussy\/","og_locale":"fr_FR","og_type":"article","og_title":"PETIT-VOLTA Ghislaine & Trio Antara : Concert pour Debussy - Camac Harps Shop","og_description":"Disponible \u00e0 la vente sur la boutique en ligne des Harpes Camac. Exp\u00e9dition dans le monde entier depuis la France.","og_url":"https:\/\/shop.camac-harps.com\/fr\/produit\/petit-volta-ghislaine-trio-antara-concert-pour-debussy\/","og_site_name":"Camac Harps Shop","article_modified_time":"2024-07-17T14:35:00+00:00","og_image":[{"width":916,"height":915,"url":"https:\/\/shop.camac-harps.com\/wp-content\/uploads\/sites\/25\/2024\/07\/cdpag02-1.jpg","type":"image\/jpeg"}],"twitter_card":"summary_large_image","twitter_misc":{"Dur\u00e9e de lecture estim\u00e9e":"1 minute"},"schema":{"@context":"https:\/\/schema.org","@graph":[{"@type":"WebPage","@id":"https:\/\/shop.camac-harps.com\/fr\/produit\/petit-volta-ghislaine-trio-antara-concert-pour-debussy\/","url":"https:\/\/shop.camac-harps.com\/fr\/produit\/petit-volta-ghislaine-trio-antara-concert-pour-debussy\/","name":"PETIT-VOLTA Ghislaine & Trio Antara : Concert pour Debussy - Camac Harps Shop","isPartOf":{"@id":"https:\/\/shop.camac-harps.com\/fr\/#website"},"primaryImageOfPage":{"@id":"https:\/\/shop.camac-harps.com\/fr\/produit\/petit-volta-ghislaine-trio-antara-concert-pour-debussy\/#primaryimage"},"image":{"@id":"https:\/\/shop.camac-harps.com\/fr\/produit\/petit-volta-ghislaine-trio-antara-concert-pour-debussy\/#primaryimage"},"thumbnailUrl":"https:\/\/shop.camac-harps.com\/wp-content\/uploads\/sites\/25\/2024\/07\/cdpag02-1.jpg","datePublished":"2024-07-17T14:32:37+00:00","dateModified":"2024-07-17T14:35:00+00:00","description":"Disponible \u00e0 la vente sur la boutique en ligne des Harpes Camac. Exp\u00e9dition dans le monde entier depuis la France.","breadcrumb":{"@id":"https:\/\/shop.camac-harps.com\/fr\/produit\/petit-volta-ghislaine-trio-antara-concert-pour-debussy\/#breadcrumb"},"inLanguage":"fr-FR","potentialAction":[{"@type":"ReadAction","target":["https:\/\/shop.camac-harps.com\/fr\/produit\/petit-volta-ghislaine-trio-antara-concert-pour-debussy\/"]}]},{"@type":"ImageObject","inLanguage":"fr-FR","@id":"https:\/\/shop.camac-harps.com\/fr\/produit\/petit-volta-ghislaine-trio-antara-concert-pour-debussy\/#primaryimage","url":"https:\/\/shop.camac-harps.com\/wp-content\/uploads\/sites\/25\/2024\/07\/cdpag02-1.jpg","contentUrl":"https:\/\/shop.camac-harps.com\/wp-content\/uploads\/sites\/25\/2024\/07\/cdpag02-1.jpg","width":916,"height":915,"caption":"TRIO ANTARA : Concert pour Debussy"},{"@type":"BreadcrumbList","@id":"https:\/\/shop.camac-harps.com\/fr\/produit\/petit-volta-ghislaine-trio-antara-concert-pour-debussy\/#breadcrumb","itemListElement":[{"@type":"ListItem","position":1,"name":"Home","item":"https:\/\/shop.camac-harps.com\/fr\/homepage\/"},{"@type":"ListItem","position":2,"name":"Accueil","item":"https:\/\/shop.camac-harps.com\/fr\/homepage\/"},{"@type":"ListItem","position":3,"name":"PETIT-VOLTA Ghislaine &#038; Trio Antara : Concert pour Debussy"}]},{"@type":"WebSite","@id":"https:\/\/shop.camac-harps.com\/fr\/#website","url":"https:\/\/shop.camac-harps.com\/fr\/","name":"Camac Harps Shop","description":"","potentialAction":[{"@type":"SearchAction","target":{"@type":"EntryPoint","urlTemplate":"https:\/\/shop.camac-harps.com\/fr\/?s={search_term_string}"},"query-input":{"@type":"PropertyValueSpecification","valueRequired":true,"valueName":"search_term_string"}}],"inLanguage":"fr-FR"}]}},"_links":{"self":[{"href":"https:\/\/shop.camac-harps.com\/fr\/wp-json\/wp\/v2\/product\/62173","targetHints":{"allow":["GET"]}}],"collection":[{"href":"https:\/\/shop.camac-harps.com\/fr\/wp-json\/wp\/v2\/product"}],"about":[{"href":"https:\/\/shop.camac-harps.com\/fr\/wp-json\/wp\/v2\/types\/product"}],"replies":[{"embeddable":true,"href":"https:\/\/shop.camac-harps.com\/fr\/wp-json\/wp\/v2\/comments?post=62173"}],"wp:featuredmedia":[{"embeddable":true,"href":"https:\/\/shop.camac-harps.com\/fr\/wp-json\/wp\/v2\/media\/62170"}],"wp:attachment":[{"href":"https:\/\/shop.camac-harps.com\/fr\/wp-json\/wp\/v2\/media?parent=62173"}],"wp:term":[{"taxonomy":"product_brand","embeddable":true,"href":"https:\/\/shop.camac-harps.com\/fr\/wp-json\/wp\/v2\/product_brand?post=62173"},{"taxonomy":"product_cat","embeddable":true,"href":"https:\/\/shop.camac-harps.com\/fr\/wp-json\/wp\/v2\/product_cat?post=62173"},{"taxonomy":"product_tag","embeddable":true,"href":"https:\/\/shop.camac-harps.com\/fr\/wp-json\/wp\/v2\/product_tag?post=62173"}],"curies":[{"name":"wp","href":"https:\/\/api.w.org\/{rel}","templated":true}]}}