{"id":65048,"date":"2024-12-05T13:01:07","date_gmt":"2024-12-05T13:01:07","guid":{"rendered":"https:\/\/shop.camac-harps.com\/?post_type=product&#038;p=65048"},"modified":"2024-12-05T13:01:08","modified_gmt":"2024-12-05T13:01:08","slug":"corbel-cecile-graal","status":"publish","type":"product","link":"https:\/\/shop.camac-harps.com\/fr\/produit\/corbel-cecile-graal\/","title":{"rendered":"CORBEL C\u00e9cile : Graal"},"content":{"rendered":"<div>\u00ab\u00a0Graal\u00a0\u00bb NOUVEL ALBUM de C\u00e9cile Corbel<br \/>\nformat livre-disque 17x24cm couverture cartonn\u00e9e<br \/>\n54 pages couleurs incluant un carnet de notes et de dessins de l&rsquo;artiste* et les paroles des chansons<br \/>\n+ CD avec 12 chansons originales<\/p>\n<p>1. Demoiselle (La Ballade de Viviane)<br \/>\n2. Morgane<br \/>\n3. Folle Pens\u00e9e (Merlin)<br \/>\n4. Tristan &amp; Yseult<br \/>\n5. Le Roi s\u2019en va Chasser<br \/>\n6. Le Roi P\u00eacheur<br \/>\n7. Trois Gouttes de Sang (Perceval)<br \/>\n8. Dans les Yeux de ma Belle (Lancelot)<br \/>\n9. Arthur<\/div>\n<div>10. Une Reine<br \/>\n11. Le Roi des F\u00e9es<br \/>\n12. La Porte est en Dedans<\/div>\n","protected":false},"excerpt":{"rendered":"<p>\u00ab\u00a0Graal\u00a0\u00bb NOUVEL ALBUM de C\u00e9cile Corbel format livre-disque 17x24cm couverture cartonn\u00e9e 54 pages couleurs incluant un carnet de notes et de dessins de l&rsquo;artiste* et les paroles des chansons + CD avec 12 chansons originales 1. Demoiselle (La Ballade de Viviane) 2. Morgane 3. Folle Pens\u00e9e (Merlin) 4. Tristan &amp; Yseult 5. Le Roi s\u2019en [&hellip;]<\/p>\n","protected":false},"featured_media":65045,"comment_status":"open","ping_status":"closed","template":"","meta":{"_acf_changed":false},"product_brand":[],"product_cat":[366,96],"product_tag":[],"class_list":{"0":"post-65048","1":"product","2":"type-product","3":"status-publish","4":"has-post-thumbnail","6":"product_cat-cd","7":"product_cat-cd-dvd-fr","9":"first","10":"instock","11":"taxable","12":"shipping-taxable","13":"purchasable","14":"product-type-simple"},"acf":[],"yoast_head":"<title>CORBEL C\u00e9cile : Graal - Camac Harps Shop<\/title>\n<meta name=\"description\" content=\"Boutique en ligne des Harpes Camac. Disponible \u00e0 la vente sur la boutique en ligne des Harpes Camac. Exp\u00e9dition dans le monde entier depuis la France.\" \/>\n<meta name=\"robots\" content=\"index, follow, max-snippet:-1, max-image-preview:large, max-video-preview:-1\" \/>\n<link rel=\"canonical\" href=\"https:\/\/shop.camac-harps.com\/fr\/produit\/corbel-cecile-graal\/\" \/>\n<meta property=\"og:locale\" content=\"fr_FR\" \/>\n<meta property=\"og:type\" content=\"article\" \/>\n<meta property=\"og:title\" content=\"CORBEL C\u00e9cile : Graal - Camac Harps Shop\" \/>\n<meta property=\"og:description\" content=\"Boutique en ligne des Harpes Camac. Disponible \u00e0 la vente sur la boutique en ligne des Harpes Camac. Exp\u00e9dition dans le monde entier depuis la France.\" \/>\n<meta property=\"og:url\" content=\"https:\/\/shop.camac-harps.com\/fr\/produit\/corbel-cecile-graal\/\" \/>\n<meta property=\"og:site_name\" content=\"Camac Harps Shop\" \/>\n<meta property=\"article:modified_time\" content=\"2024-12-05T13:01:08+00:00\" \/>\n<meta property=\"og:image\" content=\"https:\/\/shop.camac-harps.com\/wp-content\/uploads\/sites\/25\/2024\/12\/cdclc01-1.jpg\" \/>\n\t<meta property=\"og:image:width\" content=\"845\" \/>\n\t<meta property=\"og:image:height\" content=\"1200\" \/>\n\t<meta property=\"og:image:type\" content=\"image\/jpeg\" \/>\n<meta name=\"twitter:card\" content=\"summary_large_image\" \/>\n<meta name=\"twitter:label1\" content=\"Dur\u00e9e de lecture estim\u00e9e\" \/>\n\t<meta name=\"twitter:data1\" content=\"1 minute\" \/>\n<script type=\"application\/ld+json\" class=\"yoast-schema-graph\">{\"@context\":\"https:\/\/schema.org\",\"@graph\":[{\"@type\":\"WebPage\",\"@id\":\"https:\/\/shop.camac-harps.com\/fr\/produit\/corbel-cecile-graal\/\",\"url\":\"https:\/\/shop.camac-harps.com\/fr\/produit\/corbel-cecile-graal\/\",\"name\":\"CORBEL C\u00e9cile : Graal - Camac Harps Shop\",\"isPartOf\":{\"@id\":\"https:\/\/shop.camac-harps.com\/fr\/#website\"},\"primaryImageOfPage\":{\"@id\":\"https:\/\/shop.camac-harps.com\/fr\/produit\/corbel-cecile-graal\/#primaryimage\"},\"image\":{\"@id\":\"https:\/\/shop.camac-harps.com\/fr\/produit\/corbel-cecile-graal\/#primaryimage\"},\"thumbnailUrl\":\"https:\/\/shop.camac-harps.com\/wp-content\/uploads\/sites\/25\/2024\/12\/cdclc01-1.jpg\",\"datePublished\":\"2024-12-05T13:01:07+00:00\",\"dateModified\":\"2024-12-05T13:01:08+00:00\",\"description\":\"Boutique en ligne des Harpes Camac. Disponible \u00e0 la vente sur la boutique en ligne des Harpes Camac. Exp\u00e9dition dans le monde entier depuis la France.\",\"breadcrumb\":{\"@id\":\"https:\/\/shop.camac-harps.com\/fr\/produit\/corbel-cecile-graal\/#breadcrumb\"},\"inLanguage\":\"fr-FR\",\"potentialAction\":[{\"@type\":\"ReadAction\",\"target\":[\"https:\/\/shop.camac-harps.com\/fr\/produit\/corbel-cecile-graal\/\"]}]},{\"@type\":\"ImageObject\",\"inLanguage\":\"fr-FR\",\"@id\":\"https:\/\/shop.camac-harps.com\/fr\/produit\/corbel-cecile-graal\/#primaryimage\",\"url\":\"https:\/\/shop.camac-harps.com\/wp-content\/uploads\/sites\/25\/2024\/12\/cdclc01-1.jpg\",\"contentUrl\":\"https:\/\/shop.camac-harps.com\/wp-content\/uploads\/sites\/25\/2024\/12\/cdclc01-1.jpg\",\"width\":845,\"height\":1200},{\"@type\":\"BreadcrumbList\",\"@id\":\"https:\/\/shop.camac-harps.com\/fr\/produit\/corbel-cecile-graal\/#breadcrumb\",\"itemListElement\":[{\"@type\":\"ListItem\",\"position\":1,\"name\":\"Home\",\"item\":\"https:\/\/shop.camac-harps.com\/fr\/homepage\/\"},{\"@type\":\"ListItem\",\"position\":2,\"name\":\"Accueil\",\"item\":\"https:\/\/shop.camac-harps.com\/fr\/homepage\/\"},{\"@type\":\"ListItem\",\"position\":3,\"name\":\"CORBEL C\u00e9cile : Graal\"}]},{\"@type\":\"WebSite\",\"@id\":\"https:\/\/shop.camac-harps.com\/fr\/#website\",\"url\":\"https:\/\/shop.camac-harps.com\/fr\/\",\"name\":\"Camac Harps Shop\",\"description\":\"\",\"potentialAction\":[{\"@type\":\"SearchAction\",\"target\":{\"@type\":\"EntryPoint\",\"urlTemplate\":\"https:\/\/shop.camac-harps.com\/fr\/?s={search_term_string}\"},\"query-input\":{\"@type\":\"PropertyValueSpecification\",\"valueRequired\":true,\"valueName\":\"search_term_string\"}}],\"inLanguage\":\"fr-FR\"}]}<\/script>","yoast_head_json":{"title":"CORBEL C\u00e9cile : Graal - Camac Harps Shop","description":"Boutique en ligne des Harpes Camac. Disponible \u00e0 la vente sur la boutique en ligne des Harpes Camac. Exp\u00e9dition dans le monde entier depuis la France.","robots":{"index":"index","follow":"follow","max-snippet":"max-snippet:-1","max-image-preview":"max-image-preview:large","max-video-preview":"max-video-preview:-1"},"canonical":"https:\/\/shop.camac-harps.com\/fr\/produit\/corbel-cecile-graal\/","og_locale":"fr_FR","og_type":"article","og_title":"CORBEL C\u00e9cile : Graal - Camac Harps Shop","og_description":"Boutique en ligne des Harpes Camac. Disponible \u00e0 la vente sur la boutique en ligne des Harpes Camac. Exp\u00e9dition dans le monde entier depuis la France.","og_url":"https:\/\/shop.camac-harps.com\/fr\/produit\/corbel-cecile-graal\/","og_site_name":"Camac Harps Shop","article_modified_time":"2024-12-05T13:01:08+00:00","og_image":[{"width":845,"height":1200,"url":"https:\/\/shop.camac-harps.com\/wp-content\/uploads\/sites\/25\/2024\/12\/cdclc01-1.jpg","type":"image\/jpeg"}],"twitter_card":"summary_large_image","twitter_misc":{"Dur\u00e9e de lecture estim\u00e9e":"1 minute"},"schema":{"@context":"https:\/\/schema.org","@graph":[{"@type":"WebPage","@id":"https:\/\/shop.camac-harps.com\/fr\/produit\/corbel-cecile-graal\/","url":"https:\/\/shop.camac-harps.com\/fr\/produit\/corbel-cecile-graal\/","name":"CORBEL C\u00e9cile : Graal - Camac Harps Shop","isPartOf":{"@id":"https:\/\/shop.camac-harps.com\/fr\/#website"},"primaryImageOfPage":{"@id":"https:\/\/shop.camac-harps.com\/fr\/produit\/corbel-cecile-graal\/#primaryimage"},"image":{"@id":"https:\/\/shop.camac-harps.com\/fr\/produit\/corbel-cecile-graal\/#primaryimage"},"thumbnailUrl":"https:\/\/shop.camac-harps.com\/wp-content\/uploads\/sites\/25\/2024\/12\/cdclc01-1.jpg","datePublished":"2024-12-05T13:01:07+00:00","dateModified":"2024-12-05T13:01:08+00:00","description":"Boutique en ligne des Harpes Camac. Disponible \u00e0 la vente sur la boutique en ligne des Harpes Camac. Exp\u00e9dition dans le monde entier depuis la France.","breadcrumb":{"@id":"https:\/\/shop.camac-harps.com\/fr\/produit\/corbel-cecile-graal\/#breadcrumb"},"inLanguage":"fr-FR","potentialAction":[{"@type":"ReadAction","target":["https:\/\/shop.camac-harps.com\/fr\/produit\/corbel-cecile-graal\/"]}]},{"@type":"ImageObject","inLanguage":"fr-FR","@id":"https:\/\/shop.camac-harps.com\/fr\/produit\/corbel-cecile-graal\/#primaryimage","url":"https:\/\/shop.camac-harps.com\/wp-content\/uploads\/sites\/25\/2024\/12\/cdclc01-1.jpg","contentUrl":"https:\/\/shop.camac-harps.com\/wp-content\/uploads\/sites\/25\/2024\/12\/cdclc01-1.jpg","width":845,"height":1200},{"@type":"BreadcrumbList","@id":"https:\/\/shop.camac-harps.com\/fr\/produit\/corbel-cecile-graal\/#breadcrumb","itemListElement":[{"@type":"ListItem","position":1,"name":"Home","item":"https:\/\/shop.camac-harps.com\/fr\/homepage\/"},{"@type":"ListItem","position":2,"name":"Accueil","item":"https:\/\/shop.camac-harps.com\/fr\/homepage\/"},{"@type":"ListItem","position":3,"name":"CORBEL C\u00e9cile : Graal"}]},{"@type":"WebSite","@id":"https:\/\/shop.camac-harps.com\/fr\/#website","url":"https:\/\/shop.camac-harps.com\/fr\/","name":"Camac Harps Shop","description":"","potentialAction":[{"@type":"SearchAction","target":{"@type":"EntryPoint","urlTemplate":"https:\/\/shop.camac-harps.com\/fr\/?s={search_term_string}"},"query-input":{"@type":"PropertyValueSpecification","valueRequired":true,"valueName":"search_term_string"}}],"inLanguage":"fr-FR"}]}},"_links":{"self":[{"href":"https:\/\/shop.camac-harps.com\/fr\/wp-json\/wp\/v2\/product\/65048","targetHints":{"allow":["GET"]}}],"collection":[{"href":"https:\/\/shop.camac-harps.com\/fr\/wp-json\/wp\/v2\/product"}],"about":[{"href":"https:\/\/shop.camac-harps.com\/fr\/wp-json\/wp\/v2\/types\/product"}],"replies":[{"embeddable":true,"href":"https:\/\/shop.camac-harps.com\/fr\/wp-json\/wp\/v2\/comments?post=65048"}],"wp:featuredmedia":[{"embeddable":true,"href":"https:\/\/shop.camac-harps.com\/fr\/wp-json\/wp\/v2\/media\/65045"}],"wp:attachment":[{"href":"https:\/\/shop.camac-harps.com\/fr\/wp-json\/wp\/v2\/media?parent=65048"}],"wp:term":[{"taxonomy":"product_brand","embeddable":true,"href":"https:\/\/shop.camac-harps.com\/fr\/wp-json\/wp\/v2\/product_brand?post=65048"},{"taxonomy":"product_cat","embeddable":true,"href":"https:\/\/shop.camac-harps.com\/fr\/wp-json\/wp\/v2\/product_cat?post=65048"},{"taxonomy":"product_tag","embeddable":true,"href":"https:\/\/shop.camac-harps.com\/fr\/wp-json\/wp\/v2\/product_tag?post=65048"}],"curies":[{"name":"wp","href":"https:\/\/api.w.org\/{rel}","templated":true}]}}