{"id":66036,"date":"2025-02-07T12:52:46","date_gmt":"2025-02-07T12:52:46","guid":{"rendered":"https:\/\/shop.camac-harps.com\/?post_type=product&#038;p=66036"},"modified":"2025-03-11T16:25:18","modified_gmt":"2025-03-11T16:25:18","slug":"housse-de-transport-avion-avec-roues-pour-ulysse","status":"publish","type":"product","link":"https:\/\/shop.camac-harps.com\/fr\/produit\/housse-de-transport-avion-avec-roues-pour-ulysse\/","title":{"rendered":"Housse de transport avion avec roues pour Ulysse"},"content":{"rendered":"<p>L\u00e9g\u00e8re et tr\u00e8s r\u00e9sistante, cette housse de transport semi-rigide triple \u00e9paisseur est sp\u00e9cialement con\u00e7ue pour prot\u00e9ger la harpe Ulysse en toute s\u00e9curit\u00e9 lors des voyages en avion. Parfaitement adapt\u00e9e \u00e0 la forme de la harpe, elle absorbe les chocs, r\u00e9duit l\u2019exposition \u00e0 des conditions environnementales d\u00e9favorables et emp\u00eache les mouvements internes susceptibles d\u2019entra\u00eener une usure. \u00c9quip\u00e9e de roues amovibles (rang\u00e9es dans la poche de la housse) et d\u2019une poign\u00e9e, l\u2019Ulysse vous accompagnera confortablement lors de vos tourn\u00e9es de concert.<\/p>\n","protected":false},"excerpt":{"rendered":"<p>L\u00e9g\u00e8re et tr\u00e8s r\u00e9sistante, cette housse de transport semi-rigide triple \u00e9paisseur est sp\u00e9cialement con\u00e7ue pour prot\u00e9ger la harpe Ulysse en toute s\u00e9curit\u00e9 lors des voyages en avion. Parfaitement adapt\u00e9e \u00e0 la forme de la harpe, elle absorbe les chocs, r\u00e9duit l\u2019exposition \u00e0 des conditions environnementales d\u00e9favorables et emp\u00eache les mouvements internes susceptibles d\u2019entra\u00eener une usure. [&hellip;]<\/p>\n","protected":false},"featured_media":66596,"comment_status":"open","ping_status":"closed","template":"","meta":{"_acf_changed":false},"product_brand":[],"product_cat":[39,147,527,93,252],"product_tag":[],"class_list":{"0":"post-66036","1":"product","2":"type-product","3":"status-publish","4":"has-post-thumbnail","6":"product_cat-accessoires-housses","7":"product_cat-harpes-celtiques","8":"product_cat-housses-de-transport","9":"product_cat-housses-pour-harpe","10":"product_cat-pour-harpe-34-cordes","12":"first","13":"instock","14":"taxable","15":"shipping-taxable","16":"product-type-simple"},"acf":[],"yoast_head":"<title>Housse de transport avion avec roues pour Ulysse - Camac Harps Shop<\/title>\n<meta name=\"robots\" content=\"index, follow, max-snippet:-1, max-image-preview:large, max-video-preview:-1\" \/>\n<link rel=\"canonical\" href=\"https:\/\/shop.camac-harps.com\/fr\/produit\/housse-de-transport-avion-avec-roues-pour-ulysse\/\" \/>\n<meta property=\"og:locale\" content=\"fr_FR\" \/>\n<meta property=\"og:type\" content=\"article\" \/>\n<meta property=\"og:title\" content=\"Housse de transport avion avec roues pour Ulysse - Camac Harps Shop\" \/>\n<meta property=\"og:description\" content=\"L\u00e9g\u00e8re et tr\u00e8s r\u00e9sistante, cette housse de transport semi-rigide triple \u00e9paisseur est sp\u00e9cialement con\u00e7ue pour prot\u00e9ger la harpe Ulysse en toute s\u00e9curit\u00e9 lors des voyages en avion. Parfaitement adapt\u00e9e \u00e0 la forme de la harpe, elle absorbe les chocs, r\u00e9duit l\u2019exposition \u00e0 des conditions environnementales d\u00e9favorables et emp\u00eache les mouvements internes susceptibles d\u2019entra\u00eener une usure. [&hellip;]\" \/>\n<meta property=\"og:url\" content=\"https:\/\/shop.camac-harps.com\/fr\/produit\/housse-de-transport-avion-avec-roues-pour-ulysse\/\" \/>\n<meta property=\"og:site_name\" content=\"Camac Harps Shop\" \/>\n<meta property=\"article:modified_time\" content=\"2025-03-11T16:25:18+00:00\" \/>\n<meta property=\"og:image\" content=\"https:\/\/shop.camac-harps.com\/wp-content\/uploads\/sites\/25\/2025\/03\/htau-6.jpg\" \/>\n\t<meta property=\"og:image:width\" content=\"1200\" \/>\n\t<meta property=\"og:image:height\" content=\"693\" \/>\n\t<meta property=\"og:image:type\" content=\"image\/jpeg\" \/>\n<meta name=\"twitter:card\" content=\"summary_large_image\" \/>\n<meta name=\"twitter:label1\" content=\"Dur\u00e9e de lecture estim\u00e9e\" \/>\n\t<meta name=\"twitter:data1\" content=\"1 minute\" \/>\n<script type=\"application\/ld+json\" class=\"yoast-schema-graph\">{\"@context\":\"https:\/\/schema.org\",\"@graph\":[{\"@type\":\"WebPage\",\"@id\":\"https:\/\/shop.camac-harps.com\/fr\/produit\/housse-de-transport-avion-avec-roues-pour-ulysse\/\",\"url\":\"https:\/\/shop.camac-harps.com\/fr\/produit\/housse-de-transport-avion-avec-roues-pour-ulysse\/\",\"name\":\"Housse de transport avion avec roues pour Ulysse - Camac Harps Shop\",\"isPartOf\":{\"@id\":\"https:\/\/shop.camac-harps.com\/fr\/#website\"},\"primaryImageOfPage\":{\"@id\":\"https:\/\/shop.camac-harps.com\/fr\/produit\/housse-de-transport-avion-avec-roues-pour-ulysse\/#primaryimage\"},\"image\":{\"@id\":\"https:\/\/shop.camac-harps.com\/fr\/produit\/housse-de-transport-avion-avec-roues-pour-ulysse\/#primaryimage\"},\"thumbnailUrl\":\"https:\/\/shop.camac-harps.com\/wp-content\/uploads\/sites\/25\/2025\/03\/htau-6.jpg\",\"datePublished\":\"2025-02-07T12:52:46+00:00\",\"dateModified\":\"2025-03-11T16:25:18+00:00\",\"breadcrumb\":{\"@id\":\"https:\/\/shop.camac-harps.com\/fr\/produit\/housse-de-transport-avion-avec-roues-pour-ulysse\/#breadcrumb\"},\"inLanguage\":\"fr-FR\",\"potentialAction\":[{\"@type\":\"ReadAction\",\"target\":[\"https:\/\/shop.camac-harps.com\/fr\/produit\/housse-de-transport-avion-avec-roues-pour-ulysse\/\"]}]},{\"@type\":\"ImageObject\",\"inLanguage\":\"fr-FR\",\"@id\":\"https:\/\/shop.camac-harps.com\/fr\/produit\/housse-de-transport-avion-avec-roues-pour-ulysse\/#primaryimage\",\"url\":\"https:\/\/shop.camac-harps.com\/wp-content\/uploads\/sites\/25\/2025\/03\/htau-6.jpg\",\"contentUrl\":\"https:\/\/shop.camac-harps.com\/wp-content\/uploads\/sites\/25\/2025\/03\/htau-6.jpg\",\"width\":1200,\"height\":693,\"caption\":\"Housse de transport avion avec roues pour Ulysse\"},{\"@type\":\"BreadcrumbList\",\"@id\":\"https:\/\/shop.camac-harps.com\/fr\/produit\/housse-de-transport-avion-avec-roues-pour-ulysse\/#breadcrumb\",\"itemListElement\":[{\"@type\":\"ListItem\",\"position\":1,\"name\":\"Home\",\"item\":\"https:\/\/shop.camac-harps.com\/fr\/homepage\/\"},{\"@type\":\"ListItem\",\"position\":2,\"name\":\"Accueil\",\"item\":\"https:\/\/shop.camac-harps.com\/fr\/homepage\/\"},{\"@type\":\"ListItem\",\"position\":3,\"name\":\"Housse de transport avion avec roues pour Ulysse\"}]},{\"@type\":\"WebSite\",\"@id\":\"https:\/\/shop.camac-harps.com\/fr\/#website\",\"url\":\"https:\/\/shop.camac-harps.com\/fr\/\",\"name\":\"Camac Harps Shop\",\"description\":\"\",\"potentialAction\":[{\"@type\":\"SearchAction\",\"target\":{\"@type\":\"EntryPoint\",\"urlTemplate\":\"https:\/\/shop.camac-harps.com\/fr\/?s={search_term_string}\"},\"query-input\":{\"@type\":\"PropertyValueSpecification\",\"valueRequired\":true,\"valueName\":\"search_term_string\"}}],\"inLanguage\":\"fr-FR\"}]}<\/script>","yoast_head_json":{"title":"Housse de transport avion avec roues pour Ulysse - Camac Harps Shop","robots":{"index":"index","follow":"follow","max-snippet":"max-snippet:-1","max-image-preview":"max-image-preview:large","max-video-preview":"max-video-preview:-1"},"canonical":"https:\/\/shop.camac-harps.com\/fr\/produit\/housse-de-transport-avion-avec-roues-pour-ulysse\/","og_locale":"fr_FR","og_type":"article","og_title":"Housse de transport avion avec roues pour Ulysse - Camac Harps Shop","og_description":"L\u00e9g\u00e8re et tr\u00e8s r\u00e9sistante, cette housse de transport semi-rigide triple \u00e9paisseur est sp\u00e9cialement con\u00e7ue pour prot\u00e9ger la harpe Ulysse en toute s\u00e9curit\u00e9 lors des voyages en avion. Parfaitement adapt\u00e9e \u00e0 la forme de la harpe, elle absorbe les chocs, r\u00e9duit l\u2019exposition \u00e0 des conditions environnementales d\u00e9favorables et emp\u00eache les mouvements internes susceptibles d\u2019entra\u00eener une usure. [&hellip;]","og_url":"https:\/\/shop.camac-harps.com\/fr\/produit\/housse-de-transport-avion-avec-roues-pour-ulysse\/","og_site_name":"Camac Harps Shop","article_modified_time":"2025-03-11T16:25:18+00:00","og_image":[{"width":1200,"height":693,"url":"https:\/\/shop.camac-harps.com\/wp-content\/uploads\/sites\/25\/2025\/03\/htau-6.jpg","type":"image\/jpeg"}],"twitter_card":"summary_large_image","twitter_misc":{"Dur\u00e9e de lecture estim\u00e9e":"1 minute"},"schema":{"@context":"https:\/\/schema.org","@graph":[{"@type":"WebPage","@id":"https:\/\/shop.camac-harps.com\/fr\/produit\/housse-de-transport-avion-avec-roues-pour-ulysse\/","url":"https:\/\/shop.camac-harps.com\/fr\/produit\/housse-de-transport-avion-avec-roues-pour-ulysse\/","name":"Housse de transport avion avec roues pour Ulysse - Camac Harps Shop","isPartOf":{"@id":"https:\/\/shop.camac-harps.com\/fr\/#website"},"primaryImageOfPage":{"@id":"https:\/\/shop.camac-harps.com\/fr\/produit\/housse-de-transport-avion-avec-roues-pour-ulysse\/#primaryimage"},"image":{"@id":"https:\/\/shop.camac-harps.com\/fr\/produit\/housse-de-transport-avion-avec-roues-pour-ulysse\/#primaryimage"},"thumbnailUrl":"https:\/\/shop.camac-harps.com\/wp-content\/uploads\/sites\/25\/2025\/03\/htau-6.jpg","datePublished":"2025-02-07T12:52:46+00:00","dateModified":"2025-03-11T16:25:18+00:00","breadcrumb":{"@id":"https:\/\/shop.camac-harps.com\/fr\/produit\/housse-de-transport-avion-avec-roues-pour-ulysse\/#breadcrumb"},"inLanguage":"fr-FR","potentialAction":[{"@type":"ReadAction","target":["https:\/\/shop.camac-harps.com\/fr\/produit\/housse-de-transport-avion-avec-roues-pour-ulysse\/"]}]},{"@type":"ImageObject","inLanguage":"fr-FR","@id":"https:\/\/shop.camac-harps.com\/fr\/produit\/housse-de-transport-avion-avec-roues-pour-ulysse\/#primaryimage","url":"https:\/\/shop.camac-harps.com\/wp-content\/uploads\/sites\/25\/2025\/03\/htau-6.jpg","contentUrl":"https:\/\/shop.camac-harps.com\/wp-content\/uploads\/sites\/25\/2025\/03\/htau-6.jpg","width":1200,"height":693,"caption":"Housse de transport avion avec roues pour Ulysse"},{"@type":"BreadcrumbList","@id":"https:\/\/shop.camac-harps.com\/fr\/produit\/housse-de-transport-avion-avec-roues-pour-ulysse\/#breadcrumb","itemListElement":[{"@type":"ListItem","position":1,"name":"Home","item":"https:\/\/shop.camac-harps.com\/fr\/homepage\/"},{"@type":"ListItem","position":2,"name":"Accueil","item":"https:\/\/shop.camac-harps.com\/fr\/homepage\/"},{"@type":"ListItem","position":3,"name":"Housse de transport avion avec roues pour Ulysse"}]},{"@type":"WebSite","@id":"https:\/\/shop.camac-harps.com\/fr\/#website","url":"https:\/\/shop.camac-harps.com\/fr\/","name":"Camac Harps Shop","description":"","potentialAction":[{"@type":"SearchAction","target":{"@type":"EntryPoint","urlTemplate":"https:\/\/shop.camac-harps.com\/fr\/?s={search_term_string}"},"query-input":{"@type":"PropertyValueSpecification","valueRequired":true,"valueName":"search_term_string"}}],"inLanguage":"fr-FR"}]}},"_links":{"self":[{"href":"https:\/\/shop.camac-harps.com\/fr\/wp-json\/wp\/v2\/product\/66036","targetHints":{"allow":["GET"]}}],"collection":[{"href":"https:\/\/shop.camac-harps.com\/fr\/wp-json\/wp\/v2\/product"}],"about":[{"href":"https:\/\/shop.camac-harps.com\/fr\/wp-json\/wp\/v2\/types\/product"}],"replies":[{"embeddable":true,"href":"https:\/\/shop.camac-harps.com\/fr\/wp-json\/wp\/v2\/comments?post=66036"}],"wp:featuredmedia":[{"embeddable":true,"href":"https:\/\/shop.camac-harps.com\/fr\/wp-json\/wp\/v2\/media\/66596"}],"wp:attachment":[{"href":"https:\/\/shop.camac-harps.com\/fr\/wp-json\/wp\/v2\/media?parent=66036"}],"wp:term":[{"taxonomy":"product_brand","embeddable":true,"href":"https:\/\/shop.camac-harps.com\/fr\/wp-json\/wp\/v2\/product_brand?post=66036"},{"taxonomy":"product_cat","embeddable":true,"href":"https:\/\/shop.camac-harps.com\/fr\/wp-json\/wp\/v2\/product_cat?post=66036"},{"taxonomy":"product_tag","embeddable":true,"href":"https:\/\/shop.camac-harps.com\/fr\/wp-json\/wp\/v2\/product_tag?post=66036"}],"curies":[{"name":"wp","href":"https:\/\/api.w.org\/{rel}","templated":true}]}}