{"id":66376,"date":"2025-02-27T14:48:35","date_gmt":"2025-02-27T14:48:35","guid":{"rendered":"https:\/\/shop.camac-harps.com\/?post_type=product&#038;p=66376"},"modified":"2025-02-27T15:12:36","modified_gmt":"2025-02-27T15:12:36","slug":"canton-sabien-on-stage-2","status":"publish","type":"product","link":"https:\/\/shop.camac-harps.com\/fr\/produit\/canton-sabien-on-stage-2\/","title":{"rendered":"CANTON Sabien : On Stage 2"},"content":{"rendered":"<p>La s\u00e9rie On Stage comprend six volumes pour les harpistes de d\u00e9butants \u00e0 tr\u00e8s avanc\u00e9s. Dans chaque volume, il y a environ dix pi\u00e8ces \u00e0 pr\u00e9senter qui sont belles, captivantes ou suffisamment touchantes pour \u00eatre jou\u00e9es sur sc\u00e8ne.<\/p>\n<p>Et une sc\u00e8ne, cela peut \u00eatre n\u2019importe o\u00f9 : une salle de concert, mais aussi chez soi avec un canap\u00e9 pour des c\u00e2lins, chez grand-m\u00e8re, devant la classe ou la cam\u00e9ra. Ferme les yeux et imagine ta propre sc\u00e8ne !<\/p>\n<p>Les morceaux de On Stage 2 \u00e9voquent des pieces classiques, des chansons espagnoles excitantes et m\u00eame une com\u00e9die musicale intitul\u00e9e Spooky Story. On Stage est jouable sur harpes \u00e0 leviers apr\u00e8s environ un \/ deux ans de cours.<\/p>\n<p>Parce que chacun apprend \u00e0 son propre rythme et niveau, les chansons sont jouables \u00e0 diff\u00e9rents \u00ab niveaux \u00bb. Si vous pouvez jouer le niveau 1, vous pouvez d\u00e9j\u00e0 participer. Voulez-vous un peu plus de d\u00e9fi ? Alors passez au niveau 2. Ou m\u00eame au niveau 3.<br \/>\nPratique pour les cours en groupe et workshops!<\/p>\n<p>Chaque chanson dispose d\u2019un accompagnement richement arrang\u00e9, afin que ta performance \u2013 sur sc\u00e8ne ou en dehors \u2013 gagne encore plus de couleur.<\/p>\n<p>Certains morceaux ont play along track , produite par Remko K\u00fchne. Celles-ci sont disponibles sur la cha\u00eene YouTube Harpologie ou peuvent \u00eatre t\u00e9l\u00e9charg\u00e9es gratuitement via le site\u00a0<a href=\"https:\/\/harpologie.com\/\">https:\/\/harpologie.com\/<\/a><\/p>\n","protected":false},"excerpt":{"rendered":"<p>La s\u00e9rie On Stage comprend six volumes pour les harpistes de d\u00e9butants \u00e0 tr\u00e8s avanc\u00e9s. Dans chaque volume, il y a environ dix pi\u00e8ces \u00e0 pr\u00e9senter qui sont belles, captivantes ou suffisamment touchantes pour \u00eatre jou\u00e9es sur sc\u00e8ne. Et une sc\u00e8ne, cela peut \u00eatre n\u2019importe o\u00f9 : une salle de concert, mais aussi chez soi [&hellip;]<\/p>\n","protected":false},"featured_media":66370,"comment_status":"open","ping_status":"closed","template":"","meta":{"_acf_changed":false},"product_brand":[],"product_cat":[42,108,33],"product_tag":[],"class_list":{"0":"post-66376","1":"product","2":"type-product","3":"status-publish","4":"has-post-thumbnail","6":"product_cat-methodes-exercices-etudes","7":"product_cat-musique-harpe-celtique","8":"product_cat-partitions-pour-harpe","10":"first","11":"instock","12":"taxable","13":"shipping-taxable","14":"purchasable","15":"product-type-simple"},"acf":[],"yoast_head":"<title>CANTON Sabien : On Stage 2 - Camac Harps Shop<\/title>\n<meta name=\"robots\" content=\"index, follow, max-snippet:-1, max-image-preview:large, max-video-preview:-1\" \/>\n<link rel=\"canonical\" href=\"https:\/\/shop.camac-harps.com\/fr\/produit\/canton-sabien-on-stage-2\/\" \/>\n<meta property=\"og:locale\" content=\"fr_FR\" \/>\n<meta property=\"og:type\" content=\"article\" \/>\n<meta property=\"og:title\" content=\"CANTON Sabien : On Stage 2 - Camac Harps Shop\" \/>\n<meta property=\"og:description\" content=\"La s\u00e9rie On Stage comprend six volumes pour les harpistes de d\u00e9butants \u00e0 tr\u00e8s avanc\u00e9s. Dans chaque volume, il y a environ dix pi\u00e8ces \u00e0 pr\u00e9senter qui sont belles, captivantes ou suffisamment touchantes pour \u00eatre jou\u00e9es sur sc\u00e8ne. Et une sc\u00e8ne, cela peut \u00eatre n\u2019importe o\u00f9 : une salle de concert, mais aussi chez soi [&hellip;]\" \/>\n<meta property=\"og:url\" content=\"https:\/\/shop.camac-harps.com\/fr\/produit\/canton-sabien-on-stage-2\/\" \/>\n<meta property=\"og:site_name\" content=\"Camac Harps Shop\" \/>\n<meta property=\"article:modified_time\" content=\"2025-02-27T15:12:36+00:00\" \/>\n<meta property=\"og:image\" content=\"https:\/\/shop.camac-harps.com\/wp-content\/uploads\/sites\/25\/2025\/02\/cnsa13-1.jpg\" \/>\n\t<meta property=\"og:image:width\" content=\"1221\" \/>\n\t<meta property=\"og:image:height\" content=\"1732\" \/>\n\t<meta property=\"og:image:type\" content=\"image\/jpeg\" \/>\n<meta name=\"twitter:card\" content=\"summary_large_image\" \/>\n<meta name=\"twitter:label1\" content=\"Dur\u00e9e de lecture estim\u00e9e\" \/>\n\t<meta name=\"twitter:data1\" content=\"2 minutes\" \/>\n<script type=\"application\/ld+json\" class=\"yoast-schema-graph\">{\"@context\":\"https:\/\/schema.org\",\"@graph\":[{\"@type\":\"WebPage\",\"@id\":\"https:\/\/shop.camac-harps.com\/fr\/produit\/canton-sabien-on-stage-2\/\",\"url\":\"https:\/\/shop.camac-harps.com\/fr\/produit\/canton-sabien-on-stage-2\/\",\"name\":\"CANTON Sabien : On Stage 2 - Camac Harps Shop\",\"isPartOf\":{\"@id\":\"https:\/\/shop.camac-harps.com\/fr\/#website\"},\"primaryImageOfPage\":{\"@id\":\"https:\/\/shop.camac-harps.com\/fr\/produit\/canton-sabien-on-stage-2\/#primaryimage\"},\"image\":{\"@id\":\"https:\/\/shop.camac-harps.com\/fr\/produit\/canton-sabien-on-stage-2\/#primaryimage\"},\"thumbnailUrl\":\"https:\/\/shop.camac-harps.com\/wp-content\/uploads\/sites\/25\/2025\/02\/cnsa13-1.jpg\",\"datePublished\":\"2025-02-27T14:48:35+00:00\",\"dateModified\":\"2025-02-27T15:12:36+00:00\",\"breadcrumb\":{\"@id\":\"https:\/\/shop.camac-harps.com\/fr\/produit\/canton-sabien-on-stage-2\/#breadcrumb\"},\"inLanguage\":\"fr-FR\",\"potentialAction\":[{\"@type\":\"ReadAction\",\"target\":[\"https:\/\/shop.camac-harps.com\/fr\/produit\/canton-sabien-on-stage-2\/\"]}]},{\"@type\":\"ImageObject\",\"inLanguage\":\"fr-FR\",\"@id\":\"https:\/\/shop.camac-harps.com\/fr\/produit\/canton-sabien-on-stage-2\/#primaryimage\",\"url\":\"https:\/\/shop.camac-harps.com\/wp-content\/uploads\/sites\/25\/2025\/02\/cnsa13-1.jpg\",\"contentUrl\":\"https:\/\/shop.camac-harps.com\/wp-content\/uploads\/sites\/25\/2025\/02\/cnsa13-1.jpg\",\"width\":1221,\"height\":1732,\"caption\":\"CANTON SABIEN : On Stage 2\"},{\"@type\":\"BreadcrumbList\",\"@id\":\"https:\/\/shop.camac-harps.com\/fr\/produit\/canton-sabien-on-stage-2\/#breadcrumb\",\"itemListElement\":[{\"@type\":\"ListItem\",\"position\":1,\"name\":\"Home\",\"item\":\"https:\/\/shop.camac-harps.com\/fr\/homepage\/\"},{\"@type\":\"ListItem\",\"position\":2,\"name\":\"Accueil\",\"item\":\"https:\/\/shop.camac-harps.com\/fr\/homepage\/\"},{\"@type\":\"ListItem\",\"position\":3,\"name\":\"CANTON Sabien : On Stage 2\"}]},{\"@type\":\"WebSite\",\"@id\":\"https:\/\/shop.camac-harps.com\/fr\/#website\",\"url\":\"https:\/\/shop.camac-harps.com\/fr\/\",\"name\":\"Camac Harps Shop\",\"description\":\"\",\"potentialAction\":[{\"@type\":\"SearchAction\",\"target\":{\"@type\":\"EntryPoint\",\"urlTemplate\":\"https:\/\/shop.camac-harps.com\/fr\/?s={search_term_string}\"},\"query-input\":{\"@type\":\"PropertyValueSpecification\",\"valueRequired\":true,\"valueName\":\"search_term_string\"}}],\"inLanguage\":\"fr-FR\"}]}<\/script>","yoast_head_json":{"title":"CANTON Sabien : On Stage 2 - Camac Harps Shop","robots":{"index":"index","follow":"follow","max-snippet":"max-snippet:-1","max-image-preview":"max-image-preview:large","max-video-preview":"max-video-preview:-1"},"canonical":"https:\/\/shop.camac-harps.com\/fr\/produit\/canton-sabien-on-stage-2\/","og_locale":"fr_FR","og_type":"article","og_title":"CANTON Sabien : On Stage 2 - Camac Harps Shop","og_description":"La s\u00e9rie On Stage comprend six volumes pour les harpistes de d\u00e9butants \u00e0 tr\u00e8s avanc\u00e9s. Dans chaque volume, il y a environ dix pi\u00e8ces \u00e0 pr\u00e9senter qui sont belles, captivantes ou suffisamment touchantes pour \u00eatre jou\u00e9es sur sc\u00e8ne. Et une sc\u00e8ne, cela peut \u00eatre n\u2019importe o\u00f9 : une salle de concert, mais aussi chez soi [&hellip;]","og_url":"https:\/\/shop.camac-harps.com\/fr\/produit\/canton-sabien-on-stage-2\/","og_site_name":"Camac Harps Shop","article_modified_time":"2025-02-27T15:12:36+00:00","og_image":[{"width":1221,"height":1732,"url":"https:\/\/shop.camac-harps.com\/wp-content\/uploads\/sites\/25\/2025\/02\/cnsa13-1.jpg","type":"image\/jpeg"}],"twitter_card":"summary_large_image","twitter_misc":{"Dur\u00e9e de lecture estim\u00e9e":"2 minutes"},"schema":{"@context":"https:\/\/schema.org","@graph":[{"@type":"WebPage","@id":"https:\/\/shop.camac-harps.com\/fr\/produit\/canton-sabien-on-stage-2\/","url":"https:\/\/shop.camac-harps.com\/fr\/produit\/canton-sabien-on-stage-2\/","name":"CANTON Sabien : On Stage 2 - Camac Harps Shop","isPartOf":{"@id":"https:\/\/shop.camac-harps.com\/fr\/#website"},"primaryImageOfPage":{"@id":"https:\/\/shop.camac-harps.com\/fr\/produit\/canton-sabien-on-stage-2\/#primaryimage"},"image":{"@id":"https:\/\/shop.camac-harps.com\/fr\/produit\/canton-sabien-on-stage-2\/#primaryimage"},"thumbnailUrl":"https:\/\/shop.camac-harps.com\/wp-content\/uploads\/sites\/25\/2025\/02\/cnsa13-1.jpg","datePublished":"2025-02-27T14:48:35+00:00","dateModified":"2025-02-27T15:12:36+00:00","breadcrumb":{"@id":"https:\/\/shop.camac-harps.com\/fr\/produit\/canton-sabien-on-stage-2\/#breadcrumb"},"inLanguage":"fr-FR","potentialAction":[{"@type":"ReadAction","target":["https:\/\/shop.camac-harps.com\/fr\/produit\/canton-sabien-on-stage-2\/"]}]},{"@type":"ImageObject","inLanguage":"fr-FR","@id":"https:\/\/shop.camac-harps.com\/fr\/produit\/canton-sabien-on-stage-2\/#primaryimage","url":"https:\/\/shop.camac-harps.com\/wp-content\/uploads\/sites\/25\/2025\/02\/cnsa13-1.jpg","contentUrl":"https:\/\/shop.camac-harps.com\/wp-content\/uploads\/sites\/25\/2025\/02\/cnsa13-1.jpg","width":1221,"height":1732,"caption":"CANTON SABIEN : On Stage 2"},{"@type":"BreadcrumbList","@id":"https:\/\/shop.camac-harps.com\/fr\/produit\/canton-sabien-on-stage-2\/#breadcrumb","itemListElement":[{"@type":"ListItem","position":1,"name":"Home","item":"https:\/\/shop.camac-harps.com\/fr\/homepage\/"},{"@type":"ListItem","position":2,"name":"Accueil","item":"https:\/\/shop.camac-harps.com\/fr\/homepage\/"},{"@type":"ListItem","position":3,"name":"CANTON Sabien : On Stage 2"}]},{"@type":"WebSite","@id":"https:\/\/shop.camac-harps.com\/fr\/#website","url":"https:\/\/shop.camac-harps.com\/fr\/","name":"Camac Harps Shop","description":"","potentialAction":[{"@type":"SearchAction","target":{"@type":"EntryPoint","urlTemplate":"https:\/\/shop.camac-harps.com\/fr\/?s={search_term_string}"},"query-input":{"@type":"PropertyValueSpecification","valueRequired":true,"valueName":"search_term_string"}}],"inLanguage":"fr-FR"}]}},"_links":{"self":[{"href":"https:\/\/shop.camac-harps.com\/fr\/wp-json\/wp\/v2\/product\/66376","targetHints":{"allow":["GET"]}}],"collection":[{"href":"https:\/\/shop.camac-harps.com\/fr\/wp-json\/wp\/v2\/product"}],"about":[{"href":"https:\/\/shop.camac-harps.com\/fr\/wp-json\/wp\/v2\/types\/product"}],"replies":[{"embeddable":true,"href":"https:\/\/shop.camac-harps.com\/fr\/wp-json\/wp\/v2\/comments?post=66376"}],"wp:featuredmedia":[{"embeddable":true,"href":"https:\/\/shop.camac-harps.com\/fr\/wp-json\/wp\/v2\/media\/66370"}],"wp:attachment":[{"href":"https:\/\/shop.camac-harps.com\/fr\/wp-json\/wp\/v2\/media?parent=66376"}],"wp:term":[{"taxonomy":"product_brand","embeddable":true,"href":"https:\/\/shop.camac-harps.com\/fr\/wp-json\/wp\/v2\/product_brand?post=66376"},{"taxonomy":"product_cat","embeddable":true,"href":"https:\/\/shop.camac-harps.com\/fr\/wp-json\/wp\/v2\/product_cat?post=66376"},{"taxonomy":"product_tag","embeddable":true,"href":"https:\/\/shop.camac-harps.com\/fr\/wp-json\/wp\/v2\/product_tag?post=66376"}],"curies":[{"name":"wp","href":"https:\/\/api.w.org\/{rel}","templated":true}]}}