{"id":67309,"date":"2025-04-23T12:00:46","date_gmt":"2025-04-23T12:00:46","guid":{"rendered":"https:\/\/shop.camac-harps.com\/?post_type=product&#038;p=67309"},"modified":"2025-04-24T12:08:54","modified_gmt":"2025-04-24T12:08:54","slug":"ampli-acoustique-prodipe-natural-6-avec-housse-de-transport-140w-rms","status":"publish","type":"product","link":"https:\/\/shop.camac-harps.com\/fr\/produit\/ampli-acoustique-prodipe-natural-6-avec-housse-de-transport-140w-rms\/","title":{"rendered":"Ampli acoustique Prodipe Natural 6 avec housse de transport &#8211; 140W RMS"},"content":{"rendered":"<div>Ampli pour instrument acoustique, avec table de mixage int\u00e9gr\u00e9e tr\u00e8s compl\u00e8te :<\/div>\n<div>&#8211; Fournie avec housse ;<\/div>\n<div>&#8211; Trois entr\u00e9es XLR et deux sorties sym\u00e9triques XLR ;<br \/>\n&#8211; Trois entr\u00e9es Jack asym\u00e9triques et une sortie (Line out) asym\u00e9trique Jack ;<br \/>\n&#8211; \u00c9galiseur trois bandes sur les trois lignes ;<br \/>\n&#8211; Alimentation Phantom\u00a0;<br \/>\n&#8211; Reverb DSP num\u00e9rique 8 programmes ;<br \/>\n&#8211; Anti feedback ;<br \/>\n&#8211; Ground lift.<br \/>\nGr\u00e2ce \u00e0 la technologie \u00ab\u00a0Monitoring\u00a0\u00bb int\u00e9gr\u00e9e offrant une tr\u00e8s large bande passante, vous pourrez ais\u00e9ment connecter : ordinateur, clavier, synth\u00e9tiseur, bo\u00eete \u00e0 rythmes, batterie \u00e9lectronique, t\u00e9l\u00e9phone&#8230; Aller vers un autre ampli, ou tout simplement une carte son.<br \/>\nPieds d\u00e9pliables pour une utilisation en position \u00ab\u00a0Retour\u00a0\u00bb, ainsi qu&rsquo;une embase pour pied d&rsquo;enceinte.<\/div>\n<div>Finition Noyer<\/div>\n<div>390mm x 285mm x 320mm &#8211;\u00a012,2 kg<\/div>\n<div>Fiche technique :\u00a0<a href=\"https:\/\/www.prodipe.com\/fr\/combos-instruments\/512-natural-6-v2-walnut-wood-3760010257548.html#features\">https:\/\/www.prodipe.com\/fr\/combos-instruments\/512-natural-6-v2-walnut-wood-3760010257548.html#features<\/a><\/div>\n","protected":false},"excerpt":{"rendered":"<p>Ampli pour instrument acoustique, avec table de mixage int\u00e9gr\u00e9e tr\u00e8s compl\u00e8te : &#8211; Fournie avec housse ; &#8211; Trois entr\u00e9es XLR et deux sorties sym\u00e9triques XLR ; &#8211; Trois entr\u00e9es Jack asym\u00e9triques et une sortie (Line out) asym\u00e9trique Jack ; &#8211; \u00c9galiseur trois bandes sur les trois lignes ; &#8211; Alimentation Phantom\u00a0; &#8211; Reverb DSP [&hellip;]<\/p>\n","protected":false},"featured_media":67303,"comment_status":"open","ping_status":"closed","template":"","meta":{"_acf_changed":false},"product_brand":[],"product_cat":[39,84],"product_tag":[],"class_list":{"0":"post-67309","1":"product","2":"type-product","3":"status-publish","4":"has-post-thumbnail","6":"product_cat-accessoires-housses","7":"product_cat-capteurs-amplis-et-cables","9":"first","10":"instock","11":"taxable","12":"shipping-taxable","13":"product-type-simple"},"acf":[],"yoast_head":"<title>Ampli acoustique Prodipe Natural 6 avec housse de transport - 140W RMS - Camac Harps Shop<\/title>\n<meta name=\"description\" content=\"Disponible \u00e0 la vente sur la boutique en ligne des Harpes Camac. Exp\u00e9dition dans le monde entier depuis la France.\" \/>\n<meta name=\"robots\" content=\"index, follow, max-snippet:-1, max-image-preview:large, max-video-preview:-1\" \/>\n<link rel=\"canonical\" href=\"https:\/\/shop.camac-harps.com\/fr\/produit\/ampli-acoustique-prodipe-natural-6-avec-housse-de-transport-140w-rms\/\" \/>\n<meta property=\"og:locale\" content=\"fr_FR\" \/>\n<meta property=\"og:type\" content=\"article\" \/>\n<meta property=\"og:title\" content=\"Ampli acoustique Prodipe Natural 6 avec housse de transport - 140W RMS - Camac Harps Shop\" \/>\n<meta property=\"og:description\" content=\"Disponible \u00e0 la vente sur la boutique en ligne des Harpes Camac. Exp\u00e9dition dans le monde entier depuis la France.\" \/>\n<meta property=\"og:url\" content=\"https:\/\/shop.camac-harps.com\/fr\/produit\/ampli-acoustique-prodipe-natural-6-avec-housse-de-transport-140w-rms\/\" \/>\n<meta property=\"og:site_name\" content=\"Camac Harps Shop\" \/>\n<meta property=\"article:modified_time\" content=\"2025-04-24T12:08:54+00:00\" \/>\n<meta property=\"og:image\" content=\"https:\/\/shop.camac-harps.com\/wp-content\/uploads\/sites\/25\/2025\/04\/prodipenatural6-3.png\" \/>\n\t<meta property=\"og:image:width\" content=\"480\" \/>\n\t<meta property=\"og:image:height\" content=\"480\" \/>\n\t<meta property=\"og:image:type\" content=\"image\/png\" \/>\n<meta name=\"twitter:card\" content=\"summary_large_image\" \/>\n<meta name=\"twitter:label1\" content=\"Dur\u00e9e de lecture estim\u00e9e\" \/>\n\t<meta name=\"twitter:data1\" content=\"1 minute\" \/>\n<script type=\"application\/ld+json\" class=\"yoast-schema-graph\">{\"@context\":\"https:\/\/schema.org\",\"@graph\":[{\"@type\":\"WebPage\",\"@id\":\"https:\/\/shop.camac-harps.com\/fr\/produit\/ampli-acoustique-prodipe-natural-6-avec-housse-de-transport-140w-rms\/\",\"url\":\"https:\/\/shop.camac-harps.com\/fr\/produit\/ampli-acoustique-prodipe-natural-6-avec-housse-de-transport-140w-rms\/\",\"name\":\"Ampli acoustique Prodipe Natural 6 avec housse de transport - 140W RMS - Camac Harps Shop\",\"isPartOf\":{\"@id\":\"https:\/\/shop.camac-harps.com\/fr\/#website\"},\"primaryImageOfPage\":{\"@id\":\"https:\/\/shop.camac-harps.com\/fr\/produit\/ampli-acoustique-prodipe-natural-6-avec-housse-de-transport-140w-rms\/#primaryimage\"},\"image\":{\"@id\":\"https:\/\/shop.camac-harps.com\/fr\/produit\/ampli-acoustique-prodipe-natural-6-avec-housse-de-transport-140w-rms\/#primaryimage\"},\"thumbnailUrl\":\"https:\/\/shop.camac-harps.com\/wp-content\/uploads\/sites\/25\/2025\/04\/prodipenatural6-3.png\",\"datePublished\":\"2025-04-23T12:00:46+00:00\",\"dateModified\":\"2025-04-24T12:08:54+00:00\",\"description\":\"Disponible \u00e0 la vente sur la boutique en ligne des Harpes Camac. Exp\u00e9dition dans le monde entier depuis la France.\",\"breadcrumb\":{\"@id\":\"https:\/\/shop.camac-harps.com\/fr\/produit\/ampli-acoustique-prodipe-natural-6-avec-housse-de-transport-140w-rms\/#breadcrumb\"},\"inLanguage\":\"fr-FR\",\"potentialAction\":[{\"@type\":\"ReadAction\",\"target\":[\"https:\/\/shop.camac-harps.com\/fr\/produit\/ampli-acoustique-prodipe-natural-6-avec-housse-de-transport-140w-rms\/\"]}]},{\"@type\":\"ImageObject\",\"inLanguage\":\"fr-FR\",\"@id\":\"https:\/\/shop.camac-harps.com\/fr\/produit\/ampli-acoustique-prodipe-natural-6-avec-housse-de-transport-140w-rms\/#primaryimage\",\"url\":\"https:\/\/shop.camac-harps.com\/wp-content\/uploads\/sites\/25\/2025\/04\/prodipenatural6-3.png\",\"contentUrl\":\"https:\/\/shop.camac-harps.com\/wp-content\/uploads\/sites\/25\/2025\/04\/prodipenatural6-3.png\",\"width\":480,\"height\":480,\"caption\":\"Ampli acoustique Prodipe natural 6 - 140W RMS\"},{\"@type\":\"BreadcrumbList\",\"@id\":\"https:\/\/shop.camac-harps.com\/fr\/produit\/ampli-acoustique-prodipe-natural-6-avec-housse-de-transport-140w-rms\/#breadcrumb\",\"itemListElement\":[{\"@type\":\"ListItem\",\"position\":1,\"name\":\"Home\",\"item\":\"https:\/\/shop.camac-harps.com\/fr\/homepage\/\"},{\"@type\":\"ListItem\",\"position\":2,\"name\":\"Accueil\",\"item\":\"https:\/\/shop.camac-harps.com\/fr\/homepage\/\"},{\"@type\":\"ListItem\",\"position\":3,\"name\":\"Ampli acoustique Prodipe Natural 6 avec housse de transport &#8211; 140W RMS\"}]},{\"@type\":\"WebSite\",\"@id\":\"https:\/\/shop.camac-harps.com\/fr\/#website\",\"url\":\"https:\/\/shop.camac-harps.com\/fr\/\",\"name\":\"Camac Harps Shop\",\"description\":\"\",\"potentialAction\":[{\"@type\":\"SearchAction\",\"target\":{\"@type\":\"EntryPoint\",\"urlTemplate\":\"https:\/\/shop.camac-harps.com\/fr\/?s={search_term_string}\"},\"query-input\":{\"@type\":\"PropertyValueSpecification\",\"valueRequired\":true,\"valueName\":\"search_term_string\"}}],\"inLanguage\":\"fr-FR\"}]}<\/script>","yoast_head_json":{"title":"Ampli acoustique Prodipe Natural 6 avec housse de transport - 140W RMS - Camac Harps Shop","description":"Disponible \u00e0 la vente sur la boutique en ligne des Harpes Camac. Exp\u00e9dition dans le monde entier depuis la France.","robots":{"index":"index","follow":"follow","max-snippet":"max-snippet:-1","max-image-preview":"max-image-preview:large","max-video-preview":"max-video-preview:-1"},"canonical":"https:\/\/shop.camac-harps.com\/fr\/produit\/ampli-acoustique-prodipe-natural-6-avec-housse-de-transport-140w-rms\/","og_locale":"fr_FR","og_type":"article","og_title":"Ampli acoustique Prodipe Natural 6 avec housse de transport - 140W RMS - Camac Harps Shop","og_description":"Disponible \u00e0 la vente sur la boutique en ligne des Harpes Camac. Exp\u00e9dition dans le monde entier depuis la France.","og_url":"https:\/\/shop.camac-harps.com\/fr\/produit\/ampli-acoustique-prodipe-natural-6-avec-housse-de-transport-140w-rms\/","og_site_name":"Camac Harps Shop","article_modified_time":"2025-04-24T12:08:54+00:00","og_image":[{"width":480,"height":480,"url":"https:\/\/shop.camac-harps.com\/wp-content\/uploads\/sites\/25\/2025\/04\/prodipenatural6-3.png","type":"image\/png"}],"twitter_card":"summary_large_image","twitter_misc":{"Dur\u00e9e de lecture estim\u00e9e":"1 minute"},"schema":{"@context":"https:\/\/schema.org","@graph":[{"@type":"WebPage","@id":"https:\/\/shop.camac-harps.com\/fr\/produit\/ampli-acoustique-prodipe-natural-6-avec-housse-de-transport-140w-rms\/","url":"https:\/\/shop.camac-harps.com\/fr\/produit\/ampli-acoustique-prodipe-natural-6-avec-housse-de-transport-140w-rms\/","name":"Ampli acoustique Prodipe Natural 6 avec housse de transport - 140W RMS - Camac Harps Shop","isPartOf":{"@id":"https:\/\/shop.camac-harps.com\/fr\/#website"},"primaryImageOfPage":{"@id":"https:\/\/shop.camac-harps.com\/fr\/produit\/ampli-acoustique-prodipe-natural-6-avec-housse-de-transport-140w-rms\/#primaryimage"},"image":{"@id":"https:\/\/shop.camac-harps.com\/fr\/produit\/ampli-acoustique-prodipe-natural-6-avec-housse-de-transport-140w-rms\/#primaryimage"},"thumbnailUrl":"https:\/\/shop.camac-harps.com\/wp-content\/uploads\/sites\/25\/2025\/04\/prodipenatural6-3.png","datePublished":"2025-04-23T12:00:46+00:00","dateModified":"2025-04-24T12:08:54+00:00","description":"Disponible \u00e0 la vente sur la boutique en ligne des Harpes Camac. Exp\u00e9dition dans le monde entier depuis la France.","breadcrumb":{"@id":"https:\/\/shop.camac-harps.com\/fr\/produit\/ampli-acoustique-prodipe-natural-6-avec-housse-de-transport-140w-rms\/#breadcrumb"},"inLanguage":"fr-FR","potentialAction":[{"@type":"ReadAction","target":["https:\/\/shop.camac-harps.com\/fr\/produit\/ampli-acoustique-prodipe-natural-6-avec-housse-de-transport-140w-rms\/"]}]},{"@type":"ImageObject","inLanguage":"fr-FR","@id":"https:\/\/shop.camac-harps.com\/fr\/produit\/ampli-acoustique-prodipe-natural-6-avec-housse-de-transport-140w-rms\/#primaryimage","url":"https:\/\/shop.camac-harps.com\/wp-content\/uploads\/sites\/25\/2025\/04\/prodipenatural6-3.png","contentUrl":"https:\/\/shop.camac-harps.com\/wp-content\/uploads\/sites\/25\/2025\/04\/prodipenatural6-3.png","width":480,"height":480,"caption":"Ampli acoustique Prodipe natural 6 - 140W RMS"},{"@type":"BreadcrumbList","@id":"https:\/\/shop.camac-harps.com\/fr\/produit\/ampli-acoustique-prodipe-natural-6-avec-housse-de-transport-140w-rms\/#breadcrumb","itemListElement":[{"@type":"ListItem","position":1,"name":"Home","item":"https:\/\/shop.camac-harps.com\/fr\/homepage\/"},{"@type":"ListItem","position":2,"name":"Accueil","item":"https:\/\/shop.camac-harps.com\/fr\/homepage\/"},{"@type":"ListItem","position":3,"name":"Ampli acoustique Prodipe Natural 6 avec housse de transport &#8211; 140W RMS"}]},{"@type":"WebSite","@id":"https:\/\/shop.camac-harps.com\/fr\/#website","url":"https:\/\/shop.camac-harps.com\/fr\/","name":"Camac Harps Shop","description":"","potentialAction":[{"@type":"SearchAction","target":{"@type":"EntryPoint","urlTemplate":"https:\/\/shop.camac-harps.com\/fr\/?s={search_term_string}"},"query-input":{"@type":"PropertyValueSpecification","valueRequired":true,"valueName":"search_term_string"}}],"inLanguage":"fr-FR"}]}},"_links":{"self":[{"href":"https:\/\/shop.camac-harps.com\/fr\/wp-json\/wp\/v2\/product\/67309","targetHints":{"allow":["GET"]}}],"collection":[{"href":"https:\/\/shop.camac-harps.com\/fr\/wp-json\/wp\/v2\/product"}],"about":[{"href":"https:\/\/shop.camac-harps.com\/fr\/wp-json\/wp\/v2\/types\/product"}],"replies":[{"embeddable":true,"href":"https:\/\/shop.camac-harps.com\/fr\/wp-json\/wp\/v2\/comments?post=67309"}],"wp:featuredmedia":[{"embeddable":true,"href":"https:\/\/shop.camac-harps.com\/fr\/wp-json\/wp\/v2\/media\/67303"}],"wp:attachment":[{"href":"https:\/\/shop.camac-harps.com\/fr\/wp-json\/wp\/v2\/media?parent=67309"}],"wp:term":[{"taxonomy":"product_brand","embeddable":true,"href":"https:\/\/shop.camac-harps.com\/fr\/wp-json\/wp\/v2\/product_brand?post=67309"},{"taxonomy":"product_cat","embeddable":true,"href":"https:\/\/shop.camac-harps.com\/fr\/wp-json\/wp\/v2\/product_cat?post=67309"},{"taxonomy":"product_tag","embeddable":true,"href":"https:\/\/shop.camac-harps.com\/fr\/wp-json\/wp\/v2\/product_tag?post=67309"}],"curies":[{"name":"wp","href":"https:\/\/api.w.org\/{rel}","templated":true}]}}