{"id":67310,"date":"2025-04-23T12:07:58","date_gmt":"2025-04-23T12:07:58","guid":{"rendered":"https:\/\/shop.camac-harps.com\/?post_type=product&#038;p=67310"},"modified":"2025-07-20T05:11:55","modified_gmt":"2025-07-20T05:11:55","slug":"ampli-autonome-traveler-6-120w-rms","status":"publish","type":"product","link":"https:\/\/shop.camac-harps.com\/fr\/produit\/ampli-autonome-traveler-6-120w-rms\/","title":{"rendered":"Ampli autonome Traveler 6 &#8211; 120W RMS"},"content":{"rendered":"<div>Enceinte compacte et autonome (fonctionne sur batterie). L\u00e9g\u00e8re, autonome et puissante, elle vous accompagnera partout et sans compromis sur la qualit\u00e9 sonore. Avec sa table de mixage int\u00e9gr\u00e9e, le Traveler 6 offre une connectivit\u00e9 compl\u00e8te et une flexibilit\u00e9 sans pr\u00e9c\u00e9dent.<br \/>\n\u2022 Fournie avec housse ;<\/div>\n<div>\u2022 Effet Reverb \/ Delay DSP 4 modes ;<\/div>\n<div>\u2022 Alimentation fant\u00f4me (+48V) ;<br \/>\n\u2022 Entr\u00e9es polyvalentes Combo Jack\/XLR, avec contr\u00f4le de gain, \u00e9galisation 3 bandes et gestion du volume et de la reverb ;<br \/>\n\u2022 Bluetooth 5.0 et entr\u00e9e AUX : appairage instantan\u00e9 pour une connexion stable ou branchement via une prise Jack 3.5mm.<br \/>\n\u2022 Sorties multiples : profitez d\u2019une sortie mix XLR sym\u00e9trique, d\u2019une sortie ligne Jack, ainsi que d\u2019une sortie casque st\u00e9r\u00e9o avec r\u00e9glage de volume ind\u00e9pendant ;<\/div>\n<div>\u2022 Autonomie longue dur\u00e9e : jusqu\u2019\u00e0 8 heures d\u2019utilisation \u00e0 80% du volume.<br \/>\n\u2022 Pratique et intuitif : \u00e9cran de contr\u00f4le du niveau de batterie pour une gestion simplifi\u00e9e.<br \/>\nQue ce soit pour vos r\u00e9p\u00e9titions, vos concerts ou vos d\u00e9placements, le Traveler 6 est l\u2019alli\u00e9 id\u00e9al du harpiste voyageur.<br \/>\nFinition Vintage<\/div>\n<div>268mm x 298mm x 226mm &#8211; 6,65 kg<br \/>\nFiche technique :\u00a0<a href=\"https:\/\/www.prodipe.com\/fr\/combos-instruments\/492-traveler-6-3760010257555.html#features\">https:\/\/www.prodipe.com\/fr\/combos-instruments\/492-traveler-6-3760010257555.html#features<\/a><\/div>\n","protected":false},"excerpt":{"rendered":"<p>Enceinte compacte et autonome (fonctionne sur batterie). L\u00e9g\u00e8re, autonome et puissante, elle vous accompagnera partout et sans compromis sur la qualit\u00e9 sonore. Avec sa table de mixage int\u00e9gr\u00e9e, le Traveler 6 offre une connectivit\u00e9 compl\u00e8te et une flexibilit\u00e9 sans pr\u00e9c\u00e9dent. \u2022 Fournie avec housse ; \u2022 Effet Reverb \/ Delay DSP 4 modes ; \u2022 [&hellip;]<\/p>\n","protected":false},"featured_media":67282,"comment_status":"open","ping_status":"closed","template":"","meta":{"_acf_changed":false},"product_brand":[],"product_cat":[39,84],"product_tag":[],"class_list":{"0":"post-67310","1":"product","2":"type-product","3":"status-publish","4":"has-post-thumbnail","6":"product_cat-accessoires-housses","7":"product_cat-capteurs-amplis-et-cables","9":"first","10":"instock","11":"taxable","12":"shipping-taxable","13":"product-type-simple"},"acf":[],"yoast_head":"<title>Ampli autonome Traveler 6 - 120W RMS - Camac Harps Shop<\/title>\n<meta name=\"description\" content=\"Disponible \u00e0 la vente sur la boutique en ligne des Harpes Camac. Exp\u00e9dition dans le monde entier depuis la France.\" \/>\n<meta name=\"robots\" content=\"index, follow, max-snippet:-1, max-image-preview:large, max-video-preview:-1\" \/>\n<link rel=\"canonical\" href=\"https:\/\/shop.camac-harps.com\/fr\/produit\/ampli-autonome-traveler-6-120w-rms\/\" \/>\n<meta property=\"og:locale\" content=\"fr_FR\" \/>\n<meta property=\"og:type\" content=\"article\" \/>\n<meta property=\"og:title\" content=\"Ampli autonome Traveler 6 - 120W RMS - Camac Harps Shop\" \/>\n<meta property=\"og:description\" content=\"Disponible \u00e0 la vente sur la boutique en ligne des Harpes Camac. Exp\u00e9dition dans le monde entier depuis la France.\" \/>\n<meta property=\"og:url\" content=\"https:\/\/shop.camac-harps.com\/fr\/produit\/ampli-autonome-traveler-6-120w-rms\/\" \/>\n<meta property=\"og:site_name\" content=\"Camac Harps Shop\" \/>\n<meta property=\"article:modified_time\" content=\"2025-07-20T05:11:55+00:00\" \/>\n<meta property=\"og:image\" content=\"https:\/\/shop.camac-harps.com\/wp-content\/uploads\/sites\/25\/2025\/04\/prodipetraveler6-2.png\" \/>\n\t<meta property=\"og:image:width\" content=\"480\" \/>\n\t<meta property=\"og:image:height\" content=\"480\" \/>\n\t<meta property=\"og:image:type\" content=\"image\/png\" \/>\n<meta name=\"twitter:card\" content=\"summary_large_image\" \/>\n<meta name=\"twitter:label1\" content=\"Dur\u00e9e de lecture estim\u00e9e\" \/>\n\t<meta name=\"twitter:data1\" content=\"2 minutes\" \/>\n<script type=\"application\/ld+json\" class=\"yoast-schema-graph\">{\"@context\":\"https:\/\/schema.org\",\"@graph\":[{\"@type\":\"WebPage\",\"@id\":\"https:\/\/shop.camac-harps.com\/fr\/produit\/ampli-autonome-traveler-6-120w-rms\/\",\"url\":\"https:\/\/shop.camac-harps.com\/fr\/produit\/ampli-autonome-traveler-6-120w-rms\/\",\"name\":\"Ampli autonome Traveler 6 - 120W RMS - Camac Harps Shop\",\"isPartOf\":{\"@id\":\"https:\/\/shop.camac-harps.com\/fr\/#website\"},\"primaryImageOfPage\":{\"@id\":\"https:\/\/shop.camac-harps.com\/fr\/produit\/ampli-autonome-traveler-6-120w-rms\/#primaryimage\"},\"image\":{\"@id\":\"https:\/\/shop.camac-harps.com\/fr\/produit\/ampli-autonome-traveler-6-120w-rms\/#primaryimage\"},\"thumbnailUrl\":\"https:\/\/shop.camac-harps.com\/wp-content\/uploads\/sites\/25\/2025\/04\/prodipetraveler6-2.png\",\"datePublished\":\"2025-04-23T12:07:58+00:00\",\"dateModified\":\"2025-07-20T05:11:55+00:00\",\"description\":\"Disponible \u00e0 la vente sur la boutique en ligne des Harpes Camac. Exp\u00e9dition dans le monde entier depuis la France.\",\"breadcrumb\":{\"@id\":\"https:\/\/shop.camac-harps.com\/fr\/produit\/ampli-autonome-traveler-6-120w-rms\/#breadcrumb\"},\"inLanguage\":\"fr-FR\",\"potentialAction\":[{\"@type\":\"ReadAction\",\"target\":[\"https:\/\/shop.camac-harps.com\/fr\/produit\/ampli-autonome-traveler-6-120w-rms\/\"]}]},{\"@type\":\"ImageObject\",\"inLanguage\":\"fr-FR\",\"@id\":\"https:\/\/shop.camac-harps.com\/fr\/produit\/ampli-autonome-traveler-6-120w-rms\/#primaryimage\",\"url\":\"https:\/\/shop.camac-harps.com\/wp-content\/uploads\/sites\/25\/2025\/04\/prodipetraveler6-2.png\",\"contentUrl\":\"https:\/\/shop.camac-harps.com\/wp-content\/uploads\/sites\/25\/2025\/04\/prodipetraveler6-2.png\",\"width\":480,\"height\":480,\"caption\":\"Ampli autonome Traveler 6 - 120W RMS\"},{\"@type\":\"BreadcrumbList\",\"@id\":\"https:\/\/shop.camac-harps.com\/fr\/produit\/ampli-autonome-traveler-6-120w-rms\/#breadcrumb\",\"itemListElement\":[{\"@type\":\"ListItem\",\"position\":1,\"name\":\"Home\",\"item\":\"https:\/\/shop.camac-harps.com\/fr\/homepage\/\"},{\"@type\":\"ListItem\",\"position\":2,\"name\":\"Accueil\",\"item\":\"https:\/\/shop.camac-harps.com\/fr\/homepage\/\"},{\"@type\":\"ListItem\",\"position\":3,\"name\":\"Ampli autonome Traveler 6 &#8211; 120W RMS\"}]},{\"@type\":\"WebSite\",\"@id\":\"https:\/\/shop.camac-harps.com\/fr\/#website\",\"url\":\"https:\/\/shop.camac-harps.com\/fr\/\",\"name\":\"Camac Harps Shop\",\"description\":\"\",\"potentialAction\":[{\"@type\":\"SearchAction\",\"target\":{\"@type\":\"EntryPoint\",\"urlTemplate\":\"https:\/\/shop.camac-harps.com\/fr\/?s={search_term_string}\"},\"query-input\":{\"@type\":\"PropertyValueSpecification\",\"valueRequired\":true,\"valueName\":\"search_term_string\"}}],\"inLanguage\":\"fr-FR\"}]}<\/script>","yoast_head_json":{"title":"Ampli autonome Traveler 6 - 120W RMS - Camac Harps Shop","description":"Disponible \u00e0 la vente sur la boutique en ligne des Harpes Camac. Exp\u00e9dition dans le monde entier depuis la France.","robots":{"index":"index","follow":"follow","max-snippet":"max-snippet:-1","max-image-preview":"max-image-preview:large","max-video-preview":"max-video-preview:-1"},"canonical":"https:\/\/shop.camac-harps.com\/fr\/produit\/ampli-autonome-traveler-6-120w-rms\/","og_locale":"fr_FR","og_type":"article","og_title":"Ampli autonome Traveler 6 - 120W RMS - Camac Harps Shop","og_description":"Disponible \u00e0 la vente sur la boutique en ligne des Harpes Camac. Exp\u00e9dition dans le monde entier depuis la France.","og_url":"https:\/\/shop.camac-harps.com\/fr\/produit\/ampli-autonome-traveler-6-120w-rms\/","og_site_name":"Camac Harps Shop","article_modified_time":"2025-07-20T05:11:55+00:00","og_image":[{"width":480,"height":480,"url":"https:\/\/shop.camac-harps.com\/wp-content\/uploads\/sites\/25\/2025\/04\/prodipetraveler6-2.png","type":"image\/png"}],"twitter_card":"summary_large_image","twitter_misc":{"Dur\u00e9e de lecture estim\u00e9e":"2 minutes"},"schema":{"@context":"https:\/\/schema.org","@graph":[{"@type":"WebPage","@id":"https:\/\/shop.camac-harps.com\/fr\/produit\/ampli-autonome-traveler-6-120w-rms\/","url":"https:\/\/shop.camac-harps.com\/fr\/produit\/ampli-autonome-traveler-6-120w-rms\/","name":"Ampli autonome Traveler 6 - 120W RMS - Camac Harps Shop","isPartOf":{"@id":"https:\/\/shop.camac-harps.com\/fr\/#website"},"primaryImageOfPage":{"@id":"https:\/\/shop.camac-harps.com\/fr\/produit\/ampli-autonome-traveler-6-120w-rms\/#primaryimage"},"image":{"@id":"https:\/\/shop.camac-harps.com\/fr\/produit\/ampli-autonome-traveler-6-120w-rms\/#primaryimage"},"thumbnailUrl":"https:\/\/shop.camac-harps.com\/wp-content\/uploads\/sites\/25\/2025\/04\/prodipetraveler6-2.png","datePublished":"2025-04-23T12:07:58+00:00","dateModified":"2025-07-20T05:11:55+00:00","description":"Disponible \u00e0 la vente sur la boutique en ligne des Harpes Camac. Exp\u00e9dition dans le monde entier depuis la France.","breadcrumb":{"@id":"https:\/\/shop.camac-harps.com\/fr\/produit\/ampli-autonome-traveler-6-120w-rms\/#breadcrumb"},"inLanguage":"fr-FR","potentialAction":[{"@type":"ReadAction","target":["https:\/\/shop.camac-harps.com\/fr\/produit\/ampli-autonome-traveler-6-120w-rms\/"]}]},{"@type":"ImageObject","inLanguage":"fr-FR","@id":"https:\/\/shop.camac-harps.com\/fr\/produit\/ampli-autonome-traveler-6-120w-rms\/#primaryimage","url":"https:\/\/shop.camac-harps.com\/wp-content\/uploads\/sites\/25\/2025\/04\/prodipetraveler6-2.png","contentUrl":"https:\/\/shop.camac-harps.com\/wp-content\/uploads\/sites\/25\/2025\/04\/prodipetraveler6-2.png","width":480,"height":480,"caption":"Ampli autonome Traveler 6 - 120W RMS"},{"@type":"BreadcrumbList","@id":"https:\/\/shop.camac-harps.com\/fr\/produit\/ampli-autonome-traveler-6-120w-rms\/#breadcrumb","itemListElement":[{"@type":"ListItem","position":1,"name":"Home","item":"https:\/\/shop.camac-harps.com\/fr\/homepage\/"},{"@type":"ListItem","position":2,"name":"Accueil","item":"https:\/\/shop.camac-harps.com\/fr\/homepage\/"},{"@type":"ListItem","position":3,"name":"Ampli autonome Traveler 6 &#8211; 120W RMS"}]},{"@type":"WebSite","@id":"https:\/\/shop.camac-harps.com\/fr\/#website","url":"https:\/\/shop.camac-harps.com\/fr\/","name":"Camac Harps Shop","description":"","potentialAction":[{"@type":"SearchAction","target":{"@type":"EntryPoint","urlTemplate":"https:\/\/shop.camac-harps.com\/fr\/?s={search_term_string}"},"query-input":{"@type":"PropertyValueSpecification","valueRequired":true,"valueName":"search_term_string"}}],"inLanguage":"fr-FR"}]}},"_links":{"self":[{"href":"https:\/\/shop.camac-harps.com\/fr\/wp-json\/wp\/v2\/product\/67310","targetHints":{"allow":["GET"]}}],"collection":[{"href":"https:\/\/shop.camac-harps.com\/fr\/wp-json\/wp\/v2\/product"}],"about":[{"href":"https:\/\/shop.camac-harps.com\/fr\/wp-json\/wp\/v2\/types\/product"}],"replies":[{"embeddable":true,"href":"https:\/\/shop.camac-harps.com\/fr\/wp-json\/wp\/v2\/comments?post=67310"}],"wp:featuredmedia":[{"embeddable":true,"href":"https:\/\/shop.camac-harps.com\/fr\/wp-json\/wp\/v2\/media\/67282"}],"wp:attachment":[{"href":"https:\/\/shop.camac-harps.com\/fr\/wp-json\/wp\/v2\/media?parent=67310"}],"wp:term":[{"taxonomy":"product_brand","embeddable":true,"href":"https:\/\/shop.camac-harps.com\/fr\/wp-json\/wp\/v2\/product_brand?post=67310"},{"taxonomy":"product_cat","embeddable":true,"href":"https:\/\/shop.camac-harps.com\/fr\/wp-json\/wp\/v2\/product_cat?post=67310"},{"taxonomy":"product_tag","embeddable":true,"href":"https:\/\/shop.camac-harps.com\/fr\/wp-json\/wp\/v2\/product_tag?post=67310"}],"curies":[{"name":"wp","href":"https:\/\/api.w.org\/{rel}","templated":true}]}}