{"id":67417,"date":"2025-04-29T14:30:50","date_gmt":"2025-04-29T14:30:50","guid":{"rendered":"https:\/\/shop.camac-harps.com\/?post_type=product&#038;p=67417"},"modified":"2025-04-29T15:25:51","modified_gmt":"2025-04-29T15:25:51","slug":"luzzati-constance-trio-haydee-ciels-dor","status":"publish","type":"product","link":"https:\/\/shop.camac-harps.com\/fr\/produit\/luzzati-constance-trio-haydee-ciels-dor\/","title":{"rendered":"LUZZATI Constance &#8211; Trio Hayd\u00e9e : Ciels d&rsquo;or"},"content":{"rendered":"<p><span class=\"wixui-rich-text__text\">Ciels d\u2019or<\/span>\u00a0figure une travers\u00e9e lumineuse \u00e0 travers\u00a0<span class=\"wixui-rich-text__text\">cr\u00e9puscule flamboyant<\/span>\u00a0(Wertheim, Lejet),\u00a0<span class=\"wixui-rich-text__text\">nuit cauchemardesque<\/span>\u00a0(Williams),\u00a0<span class=\"wixui-rich-text__text\">r\u00eave flottant\u00a0<\/span>(Boulanger),\u00a0<span class=\"wixui-rich-text__text\">scintillantes \u00e9toiles<\/span>\u00a0(Gouirand-Gentil),\u00a0<span class=\"wixui-rich-text__text\">lumi\u00e8re spirituelle<\/span>\u00a0(Canat de Chizy),\u00a0<span class=\"wixui-rich-text__text\">aube blafarde\u00a0<\/span>(Diglee &amp; Stephenson) et\u00a0<span class=\"wixui-rich-text__text\">soleil br\u00fblant<\/span>\u00a0(Fabregas).\u00a0<span class=\"wixui-rich-text__text\">Les oiseaux\u00a0<\/span>(Viardot, Grandval) se font le porte-voix de ces moments de bascule o\u00f9 l\u2019\u00eatre humain se laisse toucher et joindre dans ce qu\u2019il a de plus intime.<\/p>\n","protected":false},"excerpt":{"rendered":"<p>Ciels d\u2019or\u00a0figure une travers\u00e9e lumineuse \u00e0 travers\u00a0cr\u00e9puscule flamboyant\u00a0(Wertheim, Lejet),\u00a0nuit cauchemardesque\u00a0(Williams),\u00a0r\u00eave flottant\u00a0(Boulanger),\u00a0scintillantes \u00e9toiles\u00a0(Gouirand-Gentil),\u00a0lumi\u00e8re spirituelle\u00a0(Canat de Chizy),\u00a0aube blafarde\u00a0(Diglee &amp; Stephenson) et\u00a0soleil br\u00fblant\u00a0(Fabregas).\u00a0Les oiseaux\u00a0(Viardot, Grandval) se font le porte-voix de ces moments de bascule o\u00f9 l\u2019\u00eatre humain se laisse toucher et joindre dans ce qu\u2019il a de plus intime.<\/p>\n","protected":false},"featured_media":67420,"comment_status":"open","ping_status":"closed","template":"","meta":{"_acf_changed":false},"product_brand":[],"product_cat":[366,96],"product_tag":[],"class_list":{"0":"post-67417","1":"product","2":"type-product","3":"status-publish","4":"has-post-thumbnail","6":"product_cat-cd","7":"product_cat-cd-dvd-fr","9":"first","10":"instock","11":"taxable","12":"shipping-taxable","13":"purchasable","14":"product-type-simple"},"acf":[],"yoast_head":"<title>LUZZATI Constance - Trio Hayd\u00e9e : Ciels d&#039;or - Camac Harps Shop<\/title>\n<meta name=\"description\" content=\"Disponible \u00e0 la vente sur la boutique en ligne des Harpes Camac. Exp\u00e9dition dans le monde entier depuis la France.\" \/>\n<meta name=\"robots\" content=\"index, follow, max-snippet:-1, max-image-preview:large, max-video-preview:-1\" \/>\n<link rel=\"canonical\" href=\"https:\/\/shop.camac-harps.com\/fr\/produit\/luzzati-constance-trio-haydee-ciels-dor\/\" \/>\n<meta property=\"og:locale\" content=\"fr_FR\" \/>\n<meta property=\"og:type\" content=\"article\" \/>\n<meta property=\"og:title\" content=\"LUZZATI Constance - Trio Hayd\u00e9e : Ciels d&#039;or - Camac Harps Shop\" \/>\n<meta property=\"og:description\" content=\"Disponible \u00e0 la vente sur la boutique en ligne des Harpes Camac. Exp\u00e9dition dans le monde entier depuis la France.\" \/>\n<meta property=\"og:url\" content=\"https:\/\/shop.camac-harps.com\/fr\/produit\/luzzati-constance-trio-haydee-ciels-dor\/\" \/>\n<meta property=\"og:site_name\" content=\"Camac Harps Shop\" \/>\n<meta property=\"article:modified_time\" content=\"2025-04-29T15:25:51+00:00\" \/>\n<meta property=\"og:image\" content=\"https:\/\/shop.camac-harps.com\/wp-content\/uploads\/sites\/25\/2025\/04\/cdlic03-1-1.jpg\" \/>\n\t<meta property=\"og:image:width\" content=\"538\" \/>\n\t<meta property=\"og:image:height\" content=\"537\" \/>\n\t<meta property=\"og:image:type\" content=\"image\/jpeg\" \/>\n<meta name=\"twitter:card\" content=\"summary_large_image\" \/>\n<meta name=\"twitter:label1\" content=\"Dur\u00e9e de lecture estim\u00e9e\" \/>\n\t<meta name=\"twitter:data1\" content=\"1 minute\" \/>\n<script type=\"application\/ld+json\" class=\"yoast-schema-graph\">{\"@context\":\"https:\/\/schema.org\",\"@graph\":[{\"@type\":\"WebPage\",\"@id\":\"https:\/\/shop.camac-harps.com\/fr\/produit\/luzzati-constance-trio-haydee-ciels-dor\/\",\"url\":\"https:\/\/shop.camac-harps.com\/fr\/produit\/luzzati-constance-trio-haydee-ciels-dor\/\",\"name\":\"LUZZATI Constance - Trio Hayd\u00e9e : Ciels d'or - Camac Harps Shop\",\"isPartOf\":{\"@id\":\"https:\/\/shop.camac-harps.com\/fr\/#website\"},\"primaryImageOfPage\":{\"@id\":\"https:\/\/shop.camac-harps.com\/fr\/produit\/luzzati-constance-trio-haydee-ciels-dor\/#primaryimage\"},\"image\":{\"@id\":\"https:\/\/shop.camac-harps.com\/fr\/produit\/luzzati-constance-trio-haydee-ciels-dor\/#primaryimage\"},\"thumbnailUrl\":\"https:\/\/shop.camac-harps.com\/wp-content\/uploads\/sites\/25\/2025\/04\/cdlic03-1-1.jpg\",\"datePublished\":\"2025-04-29T14:30:50+00:00\",\"dateModified\":\"2025-04-29T15:25:51+00:00\",\"description\":\"Disponible \u00e0 la vente sur la boutique en ligne des Harpes Camac. Exp\u00e9dition dans le monde entier depuis la France.\",\"breadcrumb\":{\"@id\":\"https:\/\/shop.camac-harps.com\/fr\/produit\/luzzati-constance-trio-haydee-ciels-dor\/#breadcrumb\"},\"inLanguage\":\"fr-FR\",\"potentialAction\":[{\"@type\":\"ReadAction\",\"target\":[\"https:\/\/shop.camac-harps.com\/fr\/produit\/luzzati-constance-trio-haydee-ciels-dor\/\"]}]},{\"@type\":\"ImageObject\",\"inLanguage\":\"fr-FR\",\"@id\":\"https:\/\/shop.camac-harps.com\/fr\/produit\/luzzati-constance-trio-haydee-ciels-dor\/#primaryimage\",\"url\":\"https:\/\/shop.camac-harps.com\/wp-content\/uploads\/sites\/25\/2025\/04\/cdlic03-1-1.jpg\",\"contentUrl\":\"https:\/\/shop.camac-harps.com\/wp-content\/uploads\/sites\/25\/2025\/04\/cdlic03-1-1.jpg\",\"width\":538,\"height\":537,\"caption\":\"LUZZATI Constance - Trio Hayd\u00e9e : Ciels d'or\"},{\"@type\":\"BreadcrumbList\",\"@id\":\"https:\/\/shop.camac-harps.com\/fr\/produit\/luzzati-constance-trio-haydee-ciels-dor\/#breadcrumb\",\"itemListElement\":[{\"@type\":\"ListItem\",\"position\":1,\"name\":\"Home\",\"item\":\"https:\/\/shop.camac-harps.com\/fr\/homepage\/\"},{\"@type\":\"ListItem\",\"position\":2,\"name\":\"Accueil\",\"item\":\"https:\/\/shop.camac-harps.com\/fr\/homepage\/\"},{\"@type\":\"ListItem\",\"position\":3,\"name\":\"LUZZATI Constance &#8211; Trio Hayd\u00e9e : Ciels d&#8217;or\"}]},{\"@type\":\"WebSite\",\"@id\":\"https:\/\/shop.camac-harps.com\/fr\/#website\",\"url\":\"https:\/\/shop.camac-harps.com\/fr\/\",\"name\":\"Camac Harps Shop\",\"description\":\"\",\"potentialAction\":[{\"@type\":\"SearchAction\",\"target\":{\"@type\":\"EntryPoint\",\"urlTemplate\":\"https:\/\/shop.camac-harps.com\/fr\/?s={search_term_string}\"},\"query-input\":{\"@type\":\"PropertyValueSpecification\",\"valueRequired\":true,\"valueName\":\"search_term_string\"}}],\"inLanguage\":\"fr-FR\"}]}<\/script>","yoast_head_json":{"title":"LUZZATI Constance - Trio Hayd\u00e9e : Ciels d'or - Camac Harps Shop","description":"Disponible \u00e0 la vente sur la boutique en ligne des Harpes Camac. Exp\u00e9dition dans le monde entier depuis la France.","robots":{"index":"index","follow":"follow","max-snippet":"max-snippet:-1","max-image-preview":"max-image-preview:large","max-video-preview":"max-video-preview:-1"},"canonical":"https:\/\/shop.camac-harps.com\/fr\/produit\/luzzati-constance-trio-haydee-ciels-dor\/","og_locale":"fr_FR","og_type":"article","og_title":"LUZZATI Constance - Trio Hayd\u00e9e : Ciels d'or - Camac Harps Shop","og_description":"Disponible \u00e0 la vente sur la boutique en ligne des Harpes Camac. Exp\u00e9dition dans le monde entier depuis la France.","og_url":"https:\/\/shop.camac-harps.com\/fr\/produit\/luzzati-constance-trio-haydee-ciels-dor\/","og_site_name":"Camac Harps Shop","article_modified_time":"2025-04-29T15:25:51+00:00","og_image":[{"width":538,"height":537,"url":"https:\/\/shop.camac-harps.com\/wp-content\/uploads\/sites\/25\/2025\/04\/cdlic03-1-1.jpg","type":"image\/jpeg"}],"twitter_card":"summary_large_image","twitter_misc":{"Dur\u00e9e de lecture estim\u00e9e":"1 minute"},"schema":{"@context":"https:\/\/schema.org","@graph":[{"@type":"WebPage","@id":"https:\/\/shop.camac-harps.com\/fr\/produit\/luzzati-constance-trio-haydee-ciels-dor\/","url":"https:\/\/shop.camac-harps.com\/fr\/produit\/luzzati-constance-trio-haydee-ciels-dor\/","name":"LUZZATI Constance - Trio Hayd\u00e9e : Ciels d'or - Camac Harps Shop","isPartOf":{"@id":"https:\/\/shop.camac-harps.com\/fr\/#website"},"primaryImageOfPage":{"@id":"https:\/\/shop.camac-harps.com\/fr\/produit\/luzzati-constance-trio-haydee-ciels-dor\/#primaryimage"},"image":{"@id":"https:\/\/shop.camac-harps.com\/fr\/produit\/luzzati-constance-trio-haydee-ciels-dor\/#primaryimage"},"thumbnailUrl":"https:\/\/shop.camac-harps.com\/wp-content\/uploads\/sites\/25\/2025\/04\/cdlic03-1-1.jpg","datePublished":"2025-04-29T14:30:50+00:00","dateModified":"2025-04-29T15:25:51+00:00","description":"Disponible \u00e0 la vente sur la boutique en ligne des Harpes Camac. Exp\u00e9dition dans le monde entier depuis la France.","breadcrumb":{"@id":"https:\/\/shop.camac-harps.com\/fr\/produit\/luzzati-constance-trio-haydee-ciels-dor\/#breadcrumb"},"inLanguage":"fr-FR","potentialAction":[{"@type":"ReadAction","target":["https:\/\/shop.camac-harps.com\/fr\/produit\/luzzati-constance-trio-haydee-ciels-dor\/"]}]},{"@type":"ImageObject","inLanguage":"fr-FR","@id":"https:\/\/shop.camac-harps.com\/fr\/produit\/luzzati-constance-trio-haydee-ciels-dor\/#primaryimage","url":"https:\/\/shop.camac-harps.com\/wp-content\/uploads\/sites\/25\/2025\/04\/cdlic03-1-1.jpg","contentUrl":"https:\/\/shop.camac-harps.com\/wp-content\/uploads\/sites\/25\/2025\/04\/cdlic03-1-1.jpg","width":538,"height":537,"caption":"LUZZATI Constance - Trio Hayd\u00e9e : Ciels d'or"},{"@type":"BreadcrumbList","@id":"https:\/\/shop.camac-harps.com\/fr\/produit\/luzzati-constance-trio-haydee-ciels-dor\/#breadcrumb","itemListElement":[{"@type":"ListItem","position":1,"name":"Home","item":"https:\/\/shop.camac-harps.com\/fr\/homepage\/"},{"@type":"ListItem","position":2,"name":"Accueil","item":"https:\/\/shop.camac-harps.com\/fr\/homepage\/"},{"@type":"ListItem","position":3,"name":"LUZZATI Constance &#8211; Trio Hayd\u00e9e : Ciels d&#8217;or"}]},{"@type":"WebSite","@id":"https:\/\/shop.camac-harps.com\/fr\/#website","url":"https:\/\/shop.camac-harps.com\/fr\/","name":"Camac Harps Shop","description":"","potentialAction":[{"@type":"SearchAction","target":{"@type":"EntryPoint","urlTemplate":"https:\/\/shop.camac-harps.com\/fr\/?s={search_term_string}"},"query-input":{"@type":"PropertyValueSpecification","valueRequired":true,"valueName":"search_term_string"}}],"inLanguage":"fr-FR"}]}},"_links":{"self":[{"href":"https:\/\/shop.camac-harps.com\/fr\/wp-json\/wp\/v2\/product\/67417","targetHints":{"allow":["GET"]}}],"collection":[{"href":"https:\/\/shop.camac-harps.com\/fr\/wp-json\/wp\/v2\/product"}],"about":[{"href":"https:\/\/shop.camac-harps.com\/fr\/wp-json\/wp\/v2\/types\/product"}],"replies":[{"embeddable":true,"href":"https:\/\/shop.camac-harps.com\/fr\/wp-json\/wp\/v2\/comments?post=67417"}],"wp:featuredmedia":[{"embeddable":true,"href":"https:\/\/shop.camac-harps.com\/fr\/wp-json\/wp\/v2\/media\/67420"}],"wp:attachment":[{"href":"https:\/\/shop.camac-harps.com\/fr\/wp-json\/wp\/v2\/media?parent=67417"}],"wp:term":[{"taxonomy":"product_brand","embeddable":true,"href":"https:\/\/shop.camac-harps.com\/fr\/wp-json\/wp\/v2\/product_brand?post=67417"},{"taxonomy":"product_cat","embeddable":true,"href":"https:\/\/shop.camac-harps.com\/fr\/wp-json\/wp\/v2\/product_cat?post=67417"},{"taxonomy":"product_tag","embeddable":true,"href":"https:\/\/shop.camac-harps.com\/fr\/wp-json\/wp\/v2\/product_tag?post=67417"}],"curies":[{"name":"wp","href":"https:\/\/api.w.org\/{rel}","templated":true}]}}