{"id":68237,"date":"2025-06-16T07:43:03","date_gmt":"2025-06-16T07:43:03","guid":{"rendered":"https:\/\/shop.camac-harps.com\/?post_type=product&#038;p=68237"},"modified":"2025-06-16T12:06:40","modified_gmt":"2025-06-16T12:06:40","slug":"metheney-megan-imaginer","status":"publish","type":"product","link":"https:\/\/shop.camac-harps.com\/fr\/produit\/metheney-megan-imaginer\/","title":{"rendered":"METHENEY Megan : Imaginer"},"content":{"rendered":"<p><a href=\"https:\/\/www.youtube.com\/watch?v=BYkQ18oumLw&amp;t=5s\">https:\/\/www.youtube.com\/watch?v=BYkQ18oumLw&amp;t=5s<\/a><\/p>\n","protected":false},"excerpt":{"rendered":"<p>En t\u00e9l\u00e9chargement chez l&rsquo;\u00e9diteur ici : <a href=\"https:\/\/www.meganmetheney.com\/imaginer.html\">https:\/\/www.meganmetheney.com\/imaginer.html<\/a><\/p>\n","protected":false},"featured_media":68241,"comment_status":"open","ping_status":"closed","template":"","meta":{"_acf_changed":false},"product_brand":[],"product_cat":[817,33,671],"product_tag":[],"class_list":{"0":"post-68237","1":"product","2":"type-product","3":"status-publish","4":"has-post-thumbnail","6":"product_cat-concours-des-juniors-nice-2025","7":"product_cat-partitions-pour-harpe","8":"product_cat-repertoire-pour-les-concours","10":"first","11":"instock","12":"taxable","13":"shipping-taxable","14":"product-type-simple"},"acf":[],"yoast_head":"<title>METHENEY Megan : Imaginer - Camac Harps Shop<\/title>\n<meta name=\"robots\" content=\"index, follow, max-snippet:-1, max-image-preview:large, max-video-preview:-1\" \/>\n<link rel=\"canonical\" href=\"https:\/\/shop.camac-harps.com\/fr\/produit\/metheney-megan-imaginer\/\" \/>\n<meta property=\"og:locale\" content=\"fr_FR\" \/>\n<meta property=\"og:type\" content=\"article\" \/>\n<meta property=\"og:title\" content=\"METHENEY Megan : Imaginer - Camac Harps Shop\" \/>\n<meta property=\"og:description\" content=\"En t\u00e9l\u00e9chargement chez l&#039;\u00e9diteur ici : https:\/\/www.meganmetheney.com\/imaginer.html\" \/>\n<meta property=\"og:url\" content=\"https:\/\/shop.camac-harps.com\/fr\/produit\/metheney-megan-imaginer\/\" \/>\n<meta property=\"og:site_name\" content=\"Camac Harps Shop\" \/>\n<meta property=\"article:modified_time\" content=\"2025-06-16T12:06:40+00:00\" \/>\n<meta property=\"og:image\" content=\"https:\/\/shop.camac-harps.com\/wp-content\/uploads\/sites\/25\/2025\/06\/mym1-1.jpg\" \/>\n\t<meta property=\"og:image:width\" content=\"337\" \/>\n\t<meta property=\"og:image:height\" content=\"474\" \/>\n\t<meta property=\"og:image:type\" content=\"image\/jpeg\" \/>\n<meta name=\"twitter:card\" content=\"summary_large_image\" \/>\n<meta name=\"twitter:label1\" content=\"Dur\u00e9e de lecture estim\u00e9e\" \/>\n\t<meta name=\"twitter:data1\" content=\"1 minute\" \/>\n<script type=\"application\/ld+json\" class=\"yoast-schema-graph\">{\"@context\":\"https:\/\/schema.org\",\"@graph\":[{\"@type\":\"WebPage\",\"@id\":\"https:\/\/shop.camac-harps.com\/fr\/produit\/metheney-megan-imaginer\/\",\"url\":\"https:\/\/shop.camac-harps.com\/fr\/produit\/metheney-megan-imaginer\/\",\"name\":\"METHENEY Megan : Imaginer - Camac Harps Shop\",\"isPartOf\":{\"@id\":\"https:\/\/shop.camac-harps.com\/fr\/#website\"},\"primaryImageOfPage\":{\"@id\":\"https:\/\/shop.camac-harps.com\/fr\/produit\/metheney-megan-imaginer\/#primaryimage\"},\"image\":{\"@id\":\"https:\/\/shop.camac-harps.com\/fr\/produit\/metheney-megan-imaginer\/#primaryimage\"},\"thumbnailUrl\":\"https:\/\/shop.camac-harps.com\/wp-content\/uploads\/sites\/25\/2025\/06\/mym1-1.jpg\",\"datePublished\":\"2025-06-16T07:43:03+00:00\",\"dateModified\":\"2025-06-16T12:06:40+00:00\",\"breadcrumb\":{\"@id\":\"https:\/\/shop.camac-harps.com\/fr\/produit\/metheney-megan-imaginer\/#breadcrumb\"},\"inLanguage\":\"fr-FR\",\"potentialAction\":[{\"@type\":\"ReadAction\",\"target\":[\"https:\/\/shop.camac-harps.com\/fr\/produit\/metheney-megan-imaginer\/\"]}]},{\"@type\":\"ImageObject\",\"inLanguage\":\"fr-FR\",\"@id\":\"https:\/\/shop.camac-harps.com\/fr\/produit\/metheney-megan-imaginer\/#primaryimage\",\"url\":\"https:\/\/shop.camac-harps.com\/wp-content\/uploads\/sites\/25\/2025\/06\/mym1-1.jpg\",\"contentUrl\":\"https:\/\/shop.camac-harps.com\/wp-content\/uploads\/sites\/25\/2025\/06\/mym1-1.jpg\",\"width\":337,\"height\":474},{\"@type\":\"BreadcrumbList\",\"@id\":\"https:\/\/shop.camac-harps.com\/fr\/produit\/metheney-megan-imaginer\/#breadcrumb\",\"itemListElement\":[{\"@type\":\"ListItem\",\"position\":1,\"name\":\"Home\",\"item\":\"https:\/\/shop.camac-harps.com\/fr\/homepage\/\"},{\"@type\":\"ListItem\",\"position\":2,\"name\":\"Accueil\",\"item\":\"https:\/\/shop.camac-harps.com\/fr\/homepage\/\"},{\"@type\":\"ListItem\",\"position\":3,\"name\":\"METHENEY Megan : Imaginer\"}]},{\"@type\":\"WebSite\",\"@id\":\"https:\/\/shop.camac-harps.com\/fr\/#website\",\"url\":\"https:\/\/shop.camac-harps.com\/fr\/\",\"name\":\"Camac Harps Shop\",\"description\":\"\",\"potentialAction\":[{\"@type\":\"SearchAction\",\"target\":{\"@type\":\"EntryPoint\",\"urlTemplate\":\"https:\/\/shop.camac-harps.com\/fr\/?s={search_term_string}\"},\"query-input\":{\"@type\":\"PropertyValueSpecification\",\"valueRequired\":true,\"valueName\":\"search_term_string\"}}],\"inLanguage\":\"fr-FR\"}]}<\/script>","yoast_head_json":{"title":"METHENEY Megan : Imaginer - Camac Harps Shop","robots":{"index":"index","follow":"follow","max-snippet":"max-snippet:-1","max-image-preview":"max-image-preview:large","max-video-preview":"max-video-preview:-1"},"canonical":"https:\/\/shop.camac-harps.com\/fr\/produit\/metheney-megan-imaginer\/","og_locale":"fr_FR","og_type":"article","og_title":"METHENEY Megan : Imaginer - Camac Harps Shop","og_description":"En t\u00e9l\u00e9chargement chez l'\u00e9diteur ici : https:\/\/www.meganmetheney.com\/imaginer.html","og_url":"https:\/\/shop.camac-harps.com\/fr\/produit\/metheney-megan-imaginer\/","og_site_name":"Camac Harps Shop","article_modified_time":"2025-06-16T12:06:40+00:00","og_image":[{"width":337,"height":474,"url":"https:\/\/shop.camac-harps.com\/wp-content\/uploads\/sites\/25\/2025\/06\/mym1-1.jpg","type":"image\/jpeg"}],"twitter_card":"summary_large_image","twitter_misc":{"Dur\u00e9e de lecture estim\u00e9e":"1 minute"},"schema":{"@context":"https:\/\/schema.org","@graph":[{"@type":"WebPage","@id":"https:\/\/shop.camac-harps.com\/fr\/produit\/metheney-megan-imaginer\/","url":"https:\/\/shop.camac-harps.com\/fr\/produit\/metheney-megan-imaginer\/","name":"METHENEY Megan : Imaginer - Camac Harps Shop","isPartOf":{"@id":"https:\/\/shop.camac-harps.com\/fr\/#website"},"primaryImageOfPage":{"@id":"https:\/\/shop.camac-harps.com\/fr\/produit\/metheney-megan-imaginer\/#primaryimage"},"image":{"@id":"https:\/\/shop.camac-harps.com\/fr\/produit\/metheney-megan-imaginer\/#primaryimage"},"thumbnailUrl":"https:\/\/shop.camac-harps.com\/wp-content\/uploads\/sites\/25\/2025\/06\/mym1-1.jpg","datePublished":"2025-06-16T07:43:03+00:00","dateModified":"2025-06-16T12:06:40+00:00","breadcrumb":{"@id":"https:\/\/shop.camac-harps.com\/fr\/produit\/metheney-megan-imaginer\/#breadcrumb"},"inLanguage":"fr-FR","potentialAction":[{"@type":"ReadAction","target":["https:\/\/shop.camac-harps.com\/fr\/produit\/metheney-megan-imaginer\/"]}]},{"@type":"ImageObject","inLanguage":"fr-FR","@id":"https:\/\/shop.camac-harps.com\/fr\/produit\/metheney-megan-imaginer\/#primaryimage","url":"https:\/\/shop.camac-harps.com\/wp-content\/uploads\/sites\/25\/2025\/06\/mym1-1.jpg","contentUrl":"https:\/\/shop.camac-harps.com\/wp-content\/uploads\/sites\/25\/2025\/06\/mym1-1.jpg","width":337,"height":474},{"@type":"BreadcrumbList","@id":"https:\/\/shop.camac-harps.com\/fr\/produit\/metheney-megan-imaginer\/#breadcrumb","itemListElement":[{"@type":"ListItem","position":1,"name":"Home","item":"https:\/\/shop.camac-harps.com\/fr\/homepage\/"},{"@type":"ListItem","position":2,"name":"Accueil","item":"https:\/\/shop.camac-harps.com\/fr\/homepage\/"},{"@type":"ListItem","position":3,"name":"METHENEY Megan : Imaginer"}]},{"@type":"WebSite","@id":"https:\/\/shop.camac-harps.com\/fr\/#website","url":"https:\/\/shop.camac-harps.com\/fr\/","name":"Camac Harps Shop","description":"","potentialAction":[{"@type":"SearchAction","target":{"@type":"EntryPoint","urlTemplate":"https:\/\/shop.camac-harps.com\/fr\/?s={search_term_string}"},"query-input":{"@type":"PropertyValueSpecification","valueRequired":true,"valueName":"search_term_string"}}],"inLanguage":"fr-FR"}]}},"_links":{"self":[{"href":"https:\/\/shop.camac-harps.com\/fr\/wp-json\/wp\/v2\/product\/68237","targetHints":{"allow":["GET"]}}],"collection":[{"href":"https:\/\/shop.camac-harps.com\/fr\/wp-json\/wp\/v2\/product"}],"about":[{"href":"https:\/\/shop.camac-harps.com\/fr\/wp-json\/wp\/v2\/types\/product"}],"replies":[{"embeddable":true,"href":"https:\/\/shop.camac-harps.com\/fr\/wp-json\/wp\/v2\/comments?post=68237"}],"wp:featuredmedia":[{"embeddable":true,"href":"https:\/\/shop.camac-harps.com\/fr\/wp-json\/wp\/v2\/media\/68241"}],"wp:attachment":[{"href":"https:\/\/shop.camac-harps.com\/fr\/wp-json\/wp\/v2\/media?parent=68237"}],"wp:term":[{"taxonomy":"product_brand","embeddable":true,"href":"https:\/\/shop.camac-harps.com\/fr\/wp-json\/wp\/v2\/product_brand?post=68237"},{"taxonomy":"product_cat","embeddable":true,"href":"https:\/\/shop.camac-harps.com\/fr\/wp-json\/wp\/v2\/product_cat?post=68237"},{"taxonomy":"product_tag","embeddable":true,"href":"https:\/\/shop.camac-harps.com\/fr\/wp-json\/wp\/v2\/product_tag?post=68237"}],"curies":[{"name":"wp","href":"https:\/\/api.w.org\/{rel}","templated":true}]}}