{"id":69664,"date":"2025-09-19T14:34:53","date_gmt":"2025-09-19T14:34:53","guid":{"rendered":"https:\/\/shop.camac-harps.com\/?post_type=product&#038;p=69664"},"modified":"2025-09-19T14:34:53","modified_gmt":"2025-09-19T14:34:53","slug":"le-pennec-kevin-les-irlandais-de-bretagne-cd-du-spectacle-sur-limmigration-irlandaise-en-bretagne","status":"publish","type":"product","link":"https:\/\/shop.camac-harps.com\/fr\/produit\/le-pennec-kevin-les-irlandais-de-bretagne-cd-du-spectacle-sur-limmigration-irlandaise-en-bretagne\/","title":{"rendered":"LE PENNEC Kevin : Les irlandais de Bretagne (CD du spectacle sur l&rsquo;immigration irlandaise en Bretagne)"},"content":{"rendered":"","protected":false},"excerpt":{"rendered":"<div>Kevin Le Pennec (harpe), V\u00e9ronique Bourjot (chant), Brewen Favrau (uilleann pipes), Soazig Hamelin (violon)<\/div>\n<div>\n<div>L\u2019immigration irlandaise en Bretagne, un fait historique d\u2019ampleur mais pourtant oubli\u00e9. Des dizaines de milliers d\u2019irlandais \u00e9migr\u00e8rent en Bretagne au cours du 17e et 18e si\u00e8cle, fuyant la pers\u00e9cution des anglais. Pour V\u00e9ronique Bourjot et Brewen Favreau, ce pass\u00e9 a naturellement r\u00e9sonn\u00e9 en eux, de par leur parcours musical ancr\u00e9 dans ces deux esth\u00e9tiques. Cela les a amen\u00e9 \u00e0 proposer une relecture de ces \u00e9v\u00e9nements avec pour fil conducteur la musique et les points de connivence de ces deux styles de musique. Le projet est ax\u00e9 autour du chant et des airs bretons\/irlandais, en imaginant le m\u00e9lange qu\u2019a d\u00fb op\u00e9rer la rencontre entre ces deux cultures distinctes, rendues perm\u00e9ables.<\/div>\n<\/div>\n","protected":false},"featured_media":69648,"comment_status":"open","ping_status":"closed","template":"","meta":{"_acf_changed":false},"product_brand":[],"product_cat":[366,96],"product_tag":[],"class_list":{"0":"post-69664","1":"product","2":"type-product","3":"status-publish","4":"has-post-thumbnail","6":"product_cat-cd","7":"product_cat-cd-dvd-fr","9":"first","10":"instock","11":"taxable","12":"shipping-taxable","13":"purchasable","14":"product-type-simple"},"acf":[],"yoast_head":"<title>LE PENNEC Kevin : Les irlandais de Bretagne (CD du spectacle sur l&#039;immigration irlandaise en Bretagne) - Camac Harps Shop<\/title>\n<meta name=\"robots\" content=\"index, follow, max-snippet:-1, max-image-preview:large, max-video-preview:-1\" \/>\n<link rel=\"canonical\" href=\"https:\/\/shop.camac-harps.com\/fr\/produit\/le-pennec-kevin-les-irlandais-de-bretagne-cd-du-spectacle-sur-limmigration-irlandaise-en-bretagne\/\" \/>\n<meta property=\"og:locale\" content=\"fr_FR\" \/>\n<meta property=\"og:type\" content=\"article\" \/>\n<meta property=\"og:title\" content=\"LE PENNEC Kevin : Les irlandais de Bretagne (CD du spectacle sur l&#039;immigration irlandaise en Bretagne) - Camac Harps Shop\" \/>\n<meta property=\"og:description\" content=\"Kevin Le Pennec (harpe), V\u00e9ronique Bourjot (chant), Brewen Favrau (uilleann pipes), Soazig Hamelin (violon)  L\u2019immigration irlandaise en Bretagne, un fait historique d\u2019ampleur mais pourtant oubli\u00e9. Des dizaines de milliers d\u2019irlandais \u00e9migr\u00e8rent en Bretagne au cours du 17e et 18e si\u00e8cle, fuyant la pers\u00e9cution des anglais. Pour V\u00e9ronique Bourjot et Brewen Favreau, ce pass\u00e9 a naturellement r\u00e9sonn\u00e9 en eux, de par leur parcours musical ancr\u00e9 dans ces deux esth\u00e9tiques. Cela les a amen\u00e9 \u00e0 proposer une relecture de ces \u00e9v\u00e9nements avec pour fil conducteur la musique et les points de connivence de ces deux styles de musique. Le projet est ax\u00e9 autour du chant et des airs bretons\/irlandais, en imaginant le m\u00e9lange qu\u2019a d\u00fb op\u00e9rer la rencontre entre ces deux cultures distinctes, rendues perm\u00e9ables.\" \/>\n<meta property=\"og:url\" content=\"https:\/\/shop.camac-harps.com\/fr\/produit\/le-pennec-kevin-les-irlandais-de-bretagne-cd-du-spectacle-sur-limmigration-irlandaise-en-bretagne\/\" \/>\n<meta property=\"og:site_name\" content=\"Camac Harps Shop\" \/>\n<meta property=\"og:image\" content=\"https:\/\/shop.camac-harps.com\/wp-content\/uploads\/sites\/25\/2025\/09\/cdlck02-1.jpg\" \/>\n\t<meta property=\"og:image:width\" content=\"784\" \/>\n\t<meta property=\"og:image:height\" content=\"706\" \/>\n\t<meta property=\"og:image:type\" content=\"image\/jpeg\" \/>\n<meta name=\"twitter:card\" content=\"summary_large_image\" \/>\n<meta name=\"twitter:label1\" content=\"Dur\u00e9e de lecture estim\u00e9e\" \/>\n\t<meta name=\"twitter:data1\" content=\"1 minute\" \/>\n<script type=\"application\/ld+json\" class=\"yoast-schema-graph\">{\"@context\":\"https:\/\/schema.org\",\"@graph\":[{\"@type\":\"WebPage\",\"@id\":\"https:\/\/shop.camac-harps.com\/fr\/produit\/le-pennec-kevin-les-irlandais-de-bretagne-cd-du-spectacle-sur-limmigration-irlandaise-en-bretagne\/\",\"url\":\"https:\/\/shop.camac-harps.com\/fr\/produit\/le-pennec-kevin-les-irlandais-de-bretagne-cd-du-spectacle-sur-limmigration-irlandaise-en-bretagne\/\",\"name\":\"LE PENNEC Kevin : Les irlandais de Bretagne (CD du spectacle sur l'immigration irlandaise en Bretagne) - Camac Harps Shop\",\"isPartOf\":{\"@id\":\"https:\/\/shop.camac-harps.com\/fr\/#website\"},\"primaryImageOfPage\":{\"@id\":\"https:\/\/shop.camac-harps.com\/fr\/produit\/le-pennec-kevin-les-irlandais-de-bretagne-cd-du-spectacle-sur-limmigration-irlandaise-en-bretagne\/#primaryimage\"},\"image\":{\"@id\":\"https:\/\/shop.camac-harps.com\/fr\/produit\/le-pennec-kevin-les-irlandais-de-bretagne-cd-du-spectacle-sur-limmigration-irlandaise-en-bretagne\/#primaryimage\"},\"thumbnailUrl\":\"https:\/\/shop.camac-harps.com\/wp-content\/uploads\/sites\/25\/2025\/09\/cdlck02-1.jpg\",\"datePublished\":\"2025-09-19T14:34:53+00:00\",\"breadcrumb\":{\"@id\":\"https:\/\/shop.camac-harps.com\/fr\/produit\/le-pennec-kevin-les-irlandais-de-bretagne-cd-du-spectacle-sur-limmigration-irlandaise-en-bretagne\/#breadcrumb\"},\"inLanguage\":\"fr-FR\",\"potentialAction\":[{\"@type\":\"ReadAction\",\"target\":[\"https:\/\/shop.camac-harps.com\/fr\/produit\/le-pennec-kevin-les-irlandais-de-bretagne-cd-du-spectacle-sur-limmigration-irlandaise-en-bretagne\/\"]}]},{\"@type\":\"ImageObject\",\"inLanguage\":\"fr-FR\",\"@id\":\"https:\/\/shop.camac-harps.com\/fr\/produit\/le-pennec-kevin-les-irlandais-de-bretagne-cd-du-spectacle-sur-limmigration-irlandaise-en-bretagne\/#primaryimage\",\"url\":\"https:\/\/shop.camac-harps.com\/wp-content\/uploads\/sites\/25\/2025\/09\/cdlck02-1.jpg\",\"contentUrl\":\"https:\/\/shop.camac-harps.com\/wp-content\/uploads\/sites\/25\/2025\/09\/cdlck02-1.jpg\",\"width\":784,\"height\":706},{\"@type\":\"BreadcrumbList\",\"@id\":\"https:\/\/shop.camac-harps.com\/fr\/produit\/le-pennec-kevin-les-irlandais-de-bretagne-cd-du-spectacle-sur-limmigration-irlandaise-en-bretagne\/#breadcrumb\",\"itemListElement\":[{\"@type\":\"ListItem\",\"position\":1,\"name\":\"Home\",\"item\":\"https:\/\/shop.camac-harps.com\/fr\/homepage\/\"},{\"@type\":\"ListItem\",\"position\":2,\"name\":\"Accueil\",\"item\":\"https:\/\/shop.camac-harps.com\/fr\/homepage\/\"},{\"@type\":\"ListItem\",\"position\":3,\"name\":\"LE PENNEC Kevin : Les irlandais de Bretagne (CD du spectacle sur l&#8217;immigration irlandaise en Bretagne)\"}]},{\"@type\":\"WebSite\",\"@id\":\"https:\/\/shop.camac-harps.com\/fr\/#website\",\"url\":\"https:\/\/shop.camac-harps.com\/fr\/\",\"name\":\"Camac Harps Shop\",\"description\":\"\",\"potentialAction\":[{\"@type\":\"SearchAction\",\"target\":{\"@type\":\"EntryPoint\",\"urlTemplate\":\"https:\/\/shop.camac-harps.com\/fr\/?s={search_term_string}\"},\"query-input\":{\"@type\":\"PropertyValueSpecification\",\"valueRequired\":true,\"valueName\":\"search_term_string\"}}],\"inLanguage\":\"fr-FR\"}]}<\/script>","yoast_head_json":{"title":"LE PENNEC Kevin : Les irlandais de Bretagne (CD du spectacle sur l'immigration irlandaise en Bretagne) - Camac Harps Shop","robots":{"index":"index","follow":"follow","max-snippet":"max-snippet:-1","max-image-preview":"max-image-preview:large","max-video-preview":"max-video-preview:-1"},"canonical":"https:\/\/shop.camac-harps.com\/fr\/produit\/le-pennec-kevin-les-irlandais-de-bretagne-cd-du-spectacle-sur-limmigration-irlandaise-en-bretagne\/","og_locale":"fr_FR","og_type":"article","og_title":"LE PENNEC Kevin : Les irlandais de Bretagne (CD du spectacle sur l'immigration irlandaise en Bretagne) - Camac Harps Shop","og_description":"Kevin Le Pennec (harpe), V\u00e9ronique Bourjot (chant), Brewen Favrau (uilleann pipes), Soazig Hamelin (violon)  L\u2019immigration irlandaise en Bretagne, un fait historique d\u2019ampleur mais pourtant oubli\u00e9. Des dizaines de milliers d\u2019irlandais \u00e9migr\u00e8rent en Bretagne au cours du 17e et 18e si\u00e8cle, fuyant la pers\u00e9cution des anglais. Pour V\u00e9ronique Bourjot et Brewen Favreau, ce pass\u00e9 a naturellement r\u00e9sonn\u00e9 en eux, de par leur parcours musical ancr\u00e9 dans ces deux esth\u00e9tiques. Cela les a amen\u00e9 \u00e0 proposer une relecture de ces \u00e9v\u00e9nements avec pour fil conducteur la musique et les points de connivence de ces deux styles de musique. Le projet est ax\u00e9 autour du chant et des airs bretons\/irlandais, en imaginant le m\u00e9lange qu\u2019a d\u00fb op\u00e9rer la rencontre entre ces deux cultures distinctes, rendues perm\u00e9ables.","og_url":"https:\/\/shop.camac-harps.com\/fr\/produit\/le-pennec-kevin-les-irlandais-de-bretagne-cd-du-spectacle-sur-limmigration-irlandaise-en-bretagne\/","og_site_name":"Camac Harps Shop","og_image":[{"width":784,"height":706,"url":"https:\/\/shop.camac-harps.com\/wp-content\/uploads\/sites\/25\/2025\/09\/cdlck02-1.jpg","type":"image\/jpeg"}],"twitter_card":"summary_large_image","twitter_misc":{"Dur\u00e9e de lecture estim\u00e9e":"1 minute"},"schema":{"@context":"https:\/\/schema.org","@graph":[{"@type":"WebPage","@id":"https:\/\/shop.camac-harps.com\/fr\/produit\/le-pennec-kevin-les-irlandais-de-bretagne-cd-du-spectacle-sur-limmigration-irlandaise-en-bretagne\/","url":"https:\/\/shop.camac-harps.com\/fr\/produit\/le-pennec-kevin-les-irlandais-de-bretagne-cd-du-spectacle-sur-limmigration-irlandaise-en-bretagne\/","name":"LE PENNEC Kevin : Les irlandais de Bretagne (CD du spectacle sur l'immigration irlandaise en Bretagne) - Camac Harps Shop","isPartOf":{"@id":"https:\/\/shop.camac-harps.com\/fr\/#website"},"primaryImageOfPage":{"@id":"https:\/\/shop.camac-harps.com\/fr\/produit\/le-pennec-kevin-les-irlandais-de-bretagne-cd-du-spectacle-sur-limmigration-irlandaise-en-bretagne\/#primaryimage"},"image":{"@id":"https:\/\/shop.camac-harps.com\/fr\/produit\/le-pennec-kevin-les-irlandais-de-bretagne-cd-du-spectacle-sur-limmigration-irlandaise-en-bretagne\/#primaryimage"},"thumbnailUrl":"https:\/\/shop.camac-harps.com\/wp-content\/uploads\/sites\/25\/2025\/09\/cdlck02-1.jpg","datePublished":"2025-09-19T14:34:53+00:00","breadcrumb":{"@id":"https:\/\/shop.camac-harps.com\/fr\/produit\/le-pennec-kevin-les-irlandais-de-bretagne-cd-du-spectacle-sur-limmigration-irlandaise-en-bretagne\/#breadcrumb"},"inLanguage":"fr-FR","potentialAction":[{"@type":"ReadAction","target":["https:\/\/shop.camac-harps.com\/fr\/produit\/le-pennec-kevin-les-irlandais-de-bretagne-cd-du-spectacle-sur-limmigration-irlandaise-en-bretagne\/"]}]},{"@type":"ImageObject","inLanguage":"fr-FR","@id":"https:\/\/shop.camac-harps.com\/fr\/produit\/le-pennec-kevin-les-irlandais-de-bretagne-cd-du-spectacle-sur-limmigration-irlandaise-en-bretagne\/#primaryimage","url":"https:\/\/shop.camac-harps.com\/wp-content\/uploads\/sites\/25\/2025\/09\/cdlck02-1.jpg","contentUrl":"https:\/\/shop.camac-harps.com\/wp-content\/uploads\/sites\/25\/2025\/09\/cdlck02-1.jpg","width":784,"height":706},{"@type":"BreadcrumbList","@id":"https:\/\/shop.camac-harps.com\/fr\/produit\/le-pennec-kevin-les-irlandais-de-bretagne-cd-du-spectacle-sur-limmigration-irlandaise-en-bretagne\/#breadcrumb","itemListElement":[{"@type":"ListItem","position":1,"name":"Home","item":"https:\/\/shop.camac-harps.com\/fr\/homepage\/"},{"@type":"ListItem","position":2,"name":"Accueil","item":"https:\/\/shop.camac-harps.com\/fr\/homepage\/"},{"@type":"ListItem","position":3,"name":"LE PENNEC Kevin : Les irlandais de Bretagne (CD du spectacle sur l&#8217;immigration irlandaise en Bretagne)"}]},{"@type":"WebSite","@id":"https:\/\/shop.camac-harps.com\/fr\/#website","url":"https:\/\/shop.camac-harps.com\/fr\/","name":"Camac Harps Shop","description":"","potentialAction":[{"@type":"SearchAction","target":{"@type":"EntryPoint","urlTemplate":"https:\/\/shop.camac-harps.com\/fr\/?s={search_term_string}"},"query-input":{"@type":"PropertyValueSpecification","valueRequired":true,"valueName":"search_term_string"}}],"inLanguage":"fr-FR"}]}},"_links":{"self":[{"href":"https:\/\/shop.camac-harps.com\/fr\/wp-json\/wp\/v2\/product\/69664","targetHints":{"allow":["GET"]}}],"collection":[{"href":"https:\/\/shop.camac-harps.com\/fr\/wp-json\/wp\/v2\/product"}],"about":[{"href":"https:\/\/shop.camac-harps.com\/fr\/wp-json\/wp\/v2\/types\/product"}],"replies":[{"embeddable":true,"href":"https:\/\/shop.camac-harps.com\/fr\/wp-json\/wp\/v2\/comments?post=69664"}],"wp:featuredmedia":[{"embeddable":true,"href":"https:\/\/shop.camac-harps.com\/fr\/wp-json\/wp\/v2\/media\/69648"}],"wp:attachment":[{"href":"https:\/\/shop.camac-harps.com\/fr\/wp-json\/wp\/v2\/media?parent=69664"}],"wp:term":[{"taxonomy":"product_brand","embeddable":true,"href":"https:\/\/shop.camac-harps.com\/fr\/wp-json\/wp\/v2\/product_brand?post=69664"},{"taxonomy":"product_cat","embeddable":true,"href":"https:\/\/shop.camac-harps.com\/fr\/wp-json\/wp\/v2\/product_cat?post=69664"},{"taxonomy":"product_tag","embeddable":true,"href":"https:\/\/shop.camac-harps.com\/fr\/wp-json\/wp\/v2\/product_tag?post=69664"}],"curies":[{"name":"wp","href":"https:\/\/api.w.org\/{rel}","templated":true}]}}