{"id":69673,"date":"2025-10-01T14:57:24","date_gmt":"2025-10-01T14:57:24","guid":{"rendered":"https:\/\/shop.camac-harps.com\/?post_type=product&#038;p=69673"},"modified":"2025-10-01T15:11:28","modified_gmt":"2025-10-01T15:11:28","slug":"feutre-debeniste-pour-retouche","status":"publish","type":"product","link":"https:\/\/shop.camac-harps.com\/fr\/produit\/feutre-debeniste-pour-retouche\/","title":{"rendered":"Feutre d&rsquo;\u00e9b\u00e9niste pour retouche"},"content":{"rendered":"","protected":false},"excerpt":{"rendered":"<p>Tr\u00e8s utile en cas de petit accroc sur la finition de votre harpe, ces feutres d&rsquo;\u00e9b\u00e9niste \u00e0 pointe fine imitent la teinte du bois et permettent de masquer un choc disgracieux.<\/p>\n<p>&nbsp;<\/p>\n<p>Disponible en 5 finitions :\u00a0<\/p>\n<ul>\n<li>Aulne \/ Naturel<\/li>\n<li>Cherrywood \/ Merisier<\/li>\n<li>Marron \/ Noyer<\/li>\n<li>Mahogany \/ Acajou<\/li>\n<li>Noire \/ Eb\u00e8ne<\/li>\n<\/ul>\n","protected":false},"featured_media":69670,"comment_status":"open","ping_status":"closed","template":"","meta":{"_acf_changed":false},"product_brand":[],"product_cat":[39,547,626,441],"product_tag":[],"class_list":{"0":"post-69673","1":"product","2":"type-product","3":"status-publish","4":"has-post-thumbnail","6":"product_cat-accessoires-housses","7":"product_cat-boutique-en-ligne-odyssee","8":"product_cat-outillage-et-entretien","9":"product_cat-pieces-detachees-et-outillage","11":"first","12":"instock","13":"taxable","14":"shipping-taxable","15":"purchasable","16":"product-type-variable"},"acf":[],"yoast_head":"<title>Feutre d&#039;\u00e9b\u00e9niste pour retouche - Camac Harps Shop<\/title>\n<meta name=\"robots\" content=\"index, follow, max-snippet:-1, max-image-preview:large, max-video-preview:-1\" \/>\n<link rel=\"canonical\" href=\"https:\/\/shop.camac-harps.com\/fr\/produit\/feutre-debeniste-pour-retouche\/\" \/>\n<meta property=\"og:locale\" content=\"fr_FR\" \/>\n<meta property=\"og:type\" content=\"article\" \/>\n<meta property=\"og:title\" content=\"Feutre d&#039;\u00e9b\u00e9niste pour retouche - Camac Harps Shop\" \/>\n<meta property=\"og:description\" content=\"Tr\u00e8s utile en cas de petit accroc sur la finition de votre harpe, ces feutres d&#039;\u00e9b\u00e9niste \u00e0 pointe fine imitent la teinte du bois et permettent de masquer un choc disgracieux. &nbsp; Disponible en 5 finitions :\u00a0   Aulne \/ Naturel  Cherrywood \/ Merisier  Marron \/ Noyer  Mahogany \/ Acajou  Noire \/ Eb\u00e8ne\" \/>\n<meta property=\"og:url\" content=\"https:\/\/shop.camac-harps.com\/fr\/produit\/feutre-debeniste-pour-retouche\/\" \/>\n<meta property=\"og:site_name\" content=\"Camac Harps Shop\" \/>\n<meta property=\"article:modified_time\" content=\"2025-10-01T15:11:28+00:00\" \/>\n<meta property=\"og:image\" content=\"https:\/\/shop.camac-harps.com\/wp-content\/uploads\/sites\/25\/2025\/09\/fr2-1.jpg\" \/>\n\t<meta property=\"og:image:width\" content=\"900\" \/>\n\t<meta property=\"og:image:height\" content=\"600\" \/>\n\t<meta property=\"og:image:type\" content=\"image\/jpeg\" \/>\n<meta name=\"twitter:card\" content=\"summary_large_image\" \/>\n<meta name=\"twitter:label1\" content=\"Dur\u00e9e de lecture estim\u00e9e\" \/>\n\t<meta name=\"twitter:data1\" content=\"1 minute\" \/>\n<script type=\"application\/ld+json\" class=\"yoast-schema-graph\">{\"@context\":\"https:\/\/schema.org\",\"@graph\":[{\"@type\":\"WebPage\",\"@id\":\"https:\/\/shop.camac-harps.com\/fr\/produit\/feutre-debeniste-pour-retouche\/\",\"url\":\"https:\/\/shop.camac-harps.com\/fr\/produit\/feutre-debeniste-pour-retouche\/\",\"name\":\"Feutre d'\u00e9b\u00e9niste pour retouche - Camac Harps Shop\",\"isPartOf\":{\"@id\":\"https:\/\/shop.camac-harps.com\/fr\/#website\"},\"primaryImageOfPage\":{\"@id\":\"https:\/\/shop.camac-harps.com\/fr\/produit\/feutre-debeniste-pour-retouche\/#primaryimage\"},\"image\":{\"@id\":\"https:\/\/shop.camac-harps.com\/fr\/produit\/feutre-debeniste-pour-retouche\/#primaryimage\"},\"thumbnailUrl\":\"https:\/\/shop.camac-harps.com\/wp-content\/uploads\/sites\/25\/2025\/09\/fr2-1.jpg\",\"datePublished\":\"2025-10-01T14:57:24+00:00\",\"dateModified\":\"2025-10-01T15:11:28+00:00\",\"breadcrumb\":{\"@id\":\"https:\/\/shop.camac-harps.com\/fr\/produit\/feutre-debeniste-pour-retouche\/#breadcrumb\"},\"inLanguage\":\"fr-FR\",\"potentialAction\":[{\"@type\":\"ReadAction\",\"target\":[\"https:\/\/shop.camac-harps.com\/fr\/produit\/feutre-debeniste-pour-retouche\/\"]}]},{\"@type\":\"ImageObject\",\"inLanguage\":\"fr-FR\",\"@id\":\"https:\/\/shop.camac-harps.com\/fr\/produit\/feutre-debeniste-pour-retouche\/#primaryimage\",\"url\":\"https:\/\/shop.camac-harps.com\/wp-content\/uploads\/sites\/25\/2025\/09\/fr2-1.jpg\",\"contentUrl\":\"https:\/\/shop.camac-harps.com\/wp-content\/uploads\/sites\/25\/2025\/09\/fr2-1.jpg\",\"width\":900,\"height\":600},{\"@type\":\"BreadcrumbList\",\"@id\":\"https:\/\/shop.camac-harps.com\/fr\/produit\/feutre-debeniste-pour-retouche\/#breadcrumb\",\"itemListElement\":[{\"@type\":\"ListItem\",\"position\":1,\"name\":\"Home\",\"item\":\"https:\/\/shop.camac-harps.com\/fr\/homepage\/\"},{\"@type\":\"ListItem\",\"position\":2,\"name\":\"Accueil\",\"item\":\"https:\/\/shop.camac-harps.com\/fr\/homepage\/\"},{\"@type\":\"ListItem\",\"position\":3,\"name\":\"Feutre d&#8217;\u00e9b\u00e9niste pour retouche\"}]},{\"@type\":\"WebSite\",\"@id\":\"https:\/\/shop.camac-harps.com\/fr\/#website\",\"url\":\"https:\/\/shop.camac-harps.com\/fr\/\",\"name\":\"Camac Harps Shop\",\"description\":\"\",\"potentialAction\":[{\"@type\":\"SearchAction\",\"target\":{\"@type\":\"EntryPoint\",\"urlTemplate\":\"https:\/\/shop.camac-harps.com\/fr\/?s={search_term_string}\"},\"query-input\":{\"@type\":\"PropertyValueSpecification\",\"valueRequired\":true,\"valueName\":\"search_term_string\"}}],\"inLanguage\":\"fr-FR\"}]}<\/script>","yoast_head_json":{"title":"Feutre d'\u00e9b\u00e9niste pour retouche - Camac Harps Shop","robots":{"index":"index","follow":"follow","max-snippet":"max-snippet:-1","max-image-preview":"max-image-preview:large","max-video-preview":"max-video-preview:-1"},"canonical":"https:\/\/shop.camac-harps.com\/fr\/produit\/feutre-debeniste-pour-retouche\/","og_locale":"fr_FR","og_type":"article","og_title":"Feutre d'\u00e9b\u00e9niste pour retouche - Camac Harps Shop","og_description":"Tr\u00e8s utile en cas de petit accroc sur la finition de votre harpe, ces feutres d'\u00e9b\u00e9niste \u00e0 pointe fine imitent la teinte du bois et permettent de masquer un choc disgracieux. &nbsp; Disponible en 5 finitions :\u00a0   Aulne \/ Naturel  Cherrywood \/ Merisier  Marron \/ Noyer  Mahogany \/ Acajou  Noire \/ Eb\u00e8ne","og_url":"https:\/\/shop.camac-harps.com\/fr\/produit\/feutre-debeniste-pour-retouche\/","og_site_name":"Camac Harps Shop","article_modified_time":"2025-10-01T15:11:28+00:00","og_image":[{"width":900,"height":600,"url":"https:\/\/shop.camac-harps.com\/wp-content\/uploads\/sites\/25\/2025\/09\/fr2-1.jpg","type":"image\/jpeg"}],"twitter_card":"summary_large_image","twitter_misc":{"Dur\u00e9e de lecture estim\u00e9e":"1 minute"},"schema":{"@context":"https:\/\/schema.org","@graph":[{"@type":"WebPage","@id":"https:\/\/shop.camac-harps.com\/fr\/produit\/feutre-debeniste-pour-retouche\/","url":"https:\/\/shop.camac-harps.com\/fr\/produit\/feutre-debeniste-pour-retouche\/","name":"Feutre d'\u00e9b\u00e9niste pour retouche - Camac Harps Shop","isPartOf":{"@id":"https:\/\/shop.camac-harps.com\/fr\/#website"},"primaryImageOfPage":{"@id":"https:\/\/shop.camac-harps.com\/fr\/produit\/feutre-debeniste-pour-retouche\/#primaryimage"},"image":{"@id":"https:\/\/shop.camac-harps.com\/fr\/produit\/feutre-debeniste-pour-retouche\/#primaryimage"},"thumbnailUrl":"https:\/\/shop.camac-harps.com\/wp-content\/uploads\/sites\/25\/2025\/09\/fr2-1.jpg","datePublished":"2025-10-01T14:57:24+00:00","dateModified":"2025-10-01T15:11:28+00:00","breadcrumb":{"@id":"https:\/\/shop.camac-harps.com\/fr\/produit\/feutre-debeniste-pour-retouche\/#breadcrumb"},"inLanguage":"fr-FR","potentialAction":[{"@type":"ReadAction","target":["https:\/\/shop.camac-harps.com\/fr\/produit\/feutre-debeniste-pour-retouche\/"]}]},{"@type":"ImageObject","inLanguage":"fr-FR","@id":"https:\/\/shop.camac-harps.com\/fr\/produit\/feutre-debeniste-pour-retouche\/#primaryimage","url":"https:\/\/shop.camac-harps.com\/wp-content\/uploads\/sites\/25\/2025\/09\/fr2-1.jpg","contentUrl":"https:\/\/shop.camac-harps.com\/wp-content\/uploads\/sites\/25\/2025\/09\/fr2-1.jpg","width":900,"height":600},{"@type":"BreadcrumbList","@id":"https:\/\/shop.camac-harps.com\/fr\/produit\/feutre-debeniste-pour-retouche\/#breadcrumb","itemListElement":[{"@type":"ListItem","position":1,"name":"Home","item":"https:\/\/shop.camac-harps.com\/fr\/homepage\/"},{"@type":"ListItem","position":2,"name":"Accueil","item":"https:\/\/shop.camac-harps.com\/fr\/homepage\/"},{"@type":"ListItem","position":3,"name":"Feutre d&#8217;\u00e9b\u00e9niste pour retouche"}]},{"@type":"WebSite","@id":"https:\/\/shop.camac-harps.com\/fr\/#website","url":"https:\/\/shop.camac-harps.com\/fr\/","name":"Camac Harps Shop","description":"","potentialAction":[{"@type":"SearchAction","target":{"@type":"EntryPoint","urlTemplate":"https:\/\/shop.camac-harps.com\/fr\/?s={search_term_string}"},"query-input":{"@type":"PropertyValueSpecification","valueRequired":true,"valueName":"search_term_string"}}],"inLanguage":"fr-FR"}]}},"_links":{"self":[{"href":"https:\/\/shop.camac-harps.com\/fr\/wp-json\/wp\/v2\/product\/69673","targetHints":{"allow":["GET"]}}],"collection":[{"href":"https:\/\/shop.camac-harps.com\/fr\/wp-json\/wp\/v2\/product"}],"about":[{"href":"https:\/\/shop.camac-harps.com\/fr\/wp-json\/wp\/v2\/types\/product"}],"replies":[{"embeddable":true,"href":"https:\/\/shop.camac-harps.com\/fr\/wp-json\/wp\/v2\/comments?post=69673"}],"wp:featuredmedia":[{"embeddable":true,"href":"https:\/\/shop.camac-harps.com\/fr\/wp-json\/wp\/v2\/media\/69670"}],"wp:attachment":[{"href":"https:\/\/shop.camac-harps.com\/fr\/wp-json\/wp\/v2\/media?parent=69673"}],"wp:term":[{"taxonomy":"product_brand","embeddable":true,"href":"https:\/\/shop.camac-harps.com\/fr\/wp-json\/wp\/v2\/product_brand?post=69673"},{"taxonomy":"product_cat","embeddable":true,"href":"https:\/\/shop.camac-harps.com\/fr\/wp-json\/wp\/v2\/product_cat?post=69673"},{"taxonomy":"product_tag","embeddable":true,"href":"https:\/\/shop.camac-harps.com\/fr\/wp-json\/wp\/v2\/product_tag?post=69673"}],"curies":[{"name":"wp","href":"https:\/\/api.w.org\/{rel}","templated":true}]}}